{"id":11385,"date":"2024-10-08T14:41:31","date_gmt":"2024-10-08T11:41:31","guid":{"rendered":"https:\/\/www.xsights.co.uk\/?page_id=11385"},"modified":"2024-10-10T13:26:37","modified_gmt":"2024-10-10T10:26:37","slug":"packaging-test","status":"publish","type":"page","link":"https:\/\/www.xsights.co.uk\/en\/our-areas-of-expertise\/innovation-and-co-creation-acceleration\/packaging-test\/","title":{"rendered":"Packaging Test"},"content":{"rendered":"\n<h3 class=\"wp-block-heading\"><strong>Packaging Testing: Make Your Product Stand Out<\/strong><\/h3>\n\n\n\n<p>Packaging is a critical factor in determining a product&#8217;s visibility on the shelves and its appeal to consumers. In competitive markets, packaging serves as not only a protective layer but also a powerful marketing tool. <strong>XSIGHTS&#8217; Packaging Testing<\/strong> service evaluates the impact of your packaging on product perception, helping your brand connect more deeply with consumers. This service meticulously measures the design, functionality, and overall consumer impression of your packaging, offering you the chance to gain a competitive edge.<\/p>\n\n\n\t\t<div data-elementor-type=\"section\" data-elementor-id=\"11362\" class=\"elementor elementor-11362\" data-elementor-post-type=\"elementor_library\">\n\t\t\t\t\t<section class=\"elementor-section elementor-top-section elementor-element elementor-element-66f474f elementor-section-boxed elementor-section-height-default elementor-section-height-default\" data-id=\"66f474f\" data-element_type=\"section\">\n\t\t\t\t\t\t<div class=\"elementor-container elementor-column-gap-default\">\n\t\t\t\t\t<div class=\"elementor-column elementor-col-100 elementor-top-column elementor-element elementor-element-da4942c\" data-id=\"da4942c\" data-element_type=\"column\">\n\t\t\t<div class=\"elementor-widget-wrap elementor-element-populated\">\n\t\t\t\t\t\t<section class=\"elementor-section elementor-inner-section elementor-element elementor-element-09c73d6 elementor-section-boxed elementor-section-height-default elementor-section-height-default\" data-id=\"09c73d6\" data-element_type=\"section\">\n\t\t\t\t\t\t<div class=\"elementor-container elementor-column-gap-default\">\n\t\t\t\t\t<div class=\"elementor-column elementor-col-100 elementor-inner-column elementor-element elementor-element-dc45441\" data-id=\"dc45441\" data-element_type=\"column\" data-settings=\"{&quot;background_background&quot;:&quot;classic&quot;}\">\n\t\t\t<div class=\"elementor-widget-wrap elementor-element-populated\">\n\t\t\t\t\t\t<div class=\"elementor-element elementor-element-9cf09c9 elementor-widget elementor-widget-heading\" data-id=\"9cf09c9\" data-element_type=\"widget\" data-widget_type=\"heading.default\">\n\t\t\t\t<div class=\"elementor-widget-container\">\n\t\t\t\t\t<h2 class=\"elementor-heading-title elementor-size-default\">Request a Call Back<\/h2>\t\t\t\t<\/div>\n\t\t\t\t<\/div>\n\t\t\t\t<div class=\"elementor-element elementor-element-56d64a2 elementor-widget elementor-widget-shortcode\" data-id=\"56d64a2\" data-element_type=\"widget\" data-widget_type=\"shortcode.default\">\n\t\t\t\t<div class=\"elementor-widget-container\">\n\t\t\t\t\t\t\t<div class=\"elementor-shortcode\"><div class='fluentform ff-default fluentform_wrapper_10 ffs_modern_l_wrap'><form data-form_id=\"10\" id=\"fluentform_10\" class=\"frm-fluent-form fluent_form_10 ff-el-form-top ff_form_instance_10_1 ff-form-loading ffs_modern_l\" data-form_instance=\"ff_form_instance_10_1\" method=\"POST\" ><fieldset  style=\"border: none!important;margin: 0!important;padding: 0!important;background-color: transparent!important;box-shadow: none!important;outline: none!important; min-inline-size: 100%;\">\n                    <legend class=\"ff_screen_reader_title\" style=\"display: block; margin: 0!important;padding: 0!important;height: 0!important;text-indent: -999999px;width: 0!important;overflow:hidden;\">M\u00fc\u015fteri Deneyimi Sayfas\u0131 Formu (EN)<\/legend><input type='hidden' name='__fluent_form_embded_post_id' value='11385' \/><input type=\"hidden\" id=\"_fluentform_10_fluentformnonce\" name=\"_fluentform_10_fluentformnonce\" value=\"5203949bfb\" \/><input type=\"hidden\" name=\"_wp_http_referer\" value=\"\/en\/wp-json\/wp\/v2\/pages\/11385\" \/><div data-name=\"ff_cn_id_1\"  class='ff-t-container ff-column-container ff_columns_total_2  '><div class='ff-t-cell ff-t-column-1' style='flex-basis: 50%;'><div data-type=\"name-element\" data-name=\"ad_ve_soyad\" class=\" ff-field_container ff-name-field-wrapper\" ><div class='ff-t-container'><div class='ff-t-cell '><div class='ff-el-group ff-el-form-top'><div class=\"ff-el-input--label ff-el-is-required asterisk-right\"><label for='ff_10_ad_ve_soyad_first_name_' >Name &amp; Lastname<\/label><\/div><div class='ff-el-input--content'><input type=\"text\" name=\"ad_ve_soyad[first_name]\" id=\"ff_10_ad_ve_soyad_first_name_\" class=\"ff-el-form-control\" aria-invalid=\"false\" aria-required=true><\/div><\/div><\/div><\/div><\/div><\/div><div class='ff-t-cell ff-t-column-2' style='flex-basis: 50%;'><div class='ff-el-group'><div class=\"ff-el-input--label ff-el-is-required asterisk-right\"><label for='ff_10_kurumunuzun_unvani' aria-label=\"Company\">Company<\/label><\/div><div class='ff-el-input--content'><input type=\"text\" name=\"kurumunuzun_unvani\" class=\"ff-el-form-control\" data-name=\"kurumunuzun_unvani\" id=\"ff_10_kurumunuzun_unvani\"  aria-invalid=\"false\" aria-required=true><\/div><\/div><\/div><\/div><div data-name=\"ff_cn_id_2\"  class='ff-t-container ff-column-container ff_columns_total_2  '><div class='ff-t-cell ff-t-column-1' style='flex-basis: 50%;'><div class='ff-el-group'><div class=\"ff-el-input--label ff-el-is-required asterisk-right\"><label for='ff_10_telefon_numaraniz_1' aria-label=\"Phone Number\">Phone Number<\/label><\/div><div class='ff-el-input--content'><input name=\"telefon_numaraniz_1\" class=\"ff-el-form-control ff-el-phone ff_el_with_extended_validation\" type=\"tel\" data-name=\"telefon_numaraniz_1\" id=\"ff_10_telefon_numaraniz_1\" inputmode=\"tel\"  aria-invalid='false' aria-required=true><\/div><\/div><\/div><div class='ff-t-cell ff-t-column-2' style='flex-basis: 50%;'><div class='ff-el-group'><div class=\"ff-el-input--label ff-el-is-required asterisk-right\"><label for='ff_10_email' aria-label=\"Email\">Email<\/label><\/div><div class='ff-el-input--content'><input type=\"email\" name=\"email\" id=\"ff_10_email\" class=\"ff-el-form-control\" data-name=\"email\"  aria-invalid=\"false\" aria-required=true><\/div><\/div><\/div><\/div><div class='ff-el-group ' ><div class='ff-el-input--content'><div data-fluent_id='10' name='g-recaptcha-response'><div\n\t\tdata-sitekey='6LeCN5kkAAAAAD2zFULIiehyPu4P_Dj32EWWONmZ'\n\t\tid='fluentform-recaptcha-10-1'\n\t\tclass='ff-el-recaptcha g-recaptcha'\n\t\tdata-callback='fluentFormrecaptchaSuccessCallback'><\/div><\/div><\/div><\/div><div class='ff-el-group  ff-custom_html ff-hidden loader-wrapper' tabindex='-1' data-name=\"custom_html-10_1\" ><div class=\"lds-ripple\">\n<div>\u00a0<\/div>\n<div>\u00a0<\/div>\n<div>\u00a0<\/div>\n<div>\u00a0<\/div>\n<\/div><\/div><div class='ff-el-group ff-text-left ff_submit_btn_wrapper'><button type=\"submit\" class=\"ff-btn ff-btn-submit ff-btn-lg ff_btn_style wpf_has_custom_css\" >Send Form<\/button><\/div><\/fieldset><\/form><div id='fluentform_10_errors' class='ff-errors-in-stack ff_form_instance_10_1 ff-form-loading_errors ff_form_instance_10_1_errors'><\/div><\/div>        <script type=\"text\/javascript\">\n            window.fluent_form_ff_form_instance_10_1 = {\"id\":\"10\",\"settings\":{\"layout\":{\"labelPlacement\":\"top\",\"helpMessagePlacement\":\"with_label\",\"errorMessagePlacement\":\"inline\",\"cssClassName\":\"\",\"asteriskPlacement\":\"asterisk-right\"},\"restrictions\":{\"denyEmptySubmission\":{\"enabled\":false}}},\"form_instance\":\"ff_form_instance_10_1\",\"form_id_selector\":\"fluentform_10\",\"rules\":{\"ad_ve_soyad[first_name]\":{\"required\":{\"value\":true,\"message\":\"This field is required\",\"global_message\":\"This field is required\",\"global\":true}},\"ad_ve_soyad[middle_name]\":{\"required\":{\"value\":false,\"message\":\"This field is required\",\"global_message\":\"This field is required\",\"global\":true}},\"ad_ve_soyad[last_name]\":{\"required\":{\"value\":true,\"message\":\"Bu alan\\u0131n doldurulmas\\u0131 zorunludur.\",\"global_message\":\"This field is required\",\"global\":false}},\"kurumunuzun_unvani\":{\"required\":{\"value\":true,\"message\":\"This field is required\",\"global_message\":\"This field is required\",\"global\":true}},\"telefon_numaraniz_1\":{\"required\":{\"value\":true,\"global\":true,\"message\":\"This field is required\",\"global_message\":\"This field is required\"},\"valid_phone_number\":{\"value\":true,\"global\":true,\"message\":\"Phone number is not valid\",\"global_message\":\"Phone number is not valid\"}},\"email\":{\"required\":{\"value\":true,\"message\":\"This field is required\",\"global_message\":\"This field is required\",\"global\":true},\"email\":{\"value\":true,\"message\":\"This field must contain a valid email\",\"global_message\":\"This field must contain a valid email\",\"global\":true}},\"g-recaptcha-response\":[]},\"debounce_time\":300};\n                    <\/script>\n        <\/div>\n\t\t\t\t\t\t<\/div>\n\t\t\t\t<\/div>\n\t\t\t\t\t<\/div>\n\t\t<\/div>\n\t\t\t\t\t<\/div>\n\t\t<\/section>\n\t\t\t\t\t<\/div>\n\t\t<\/div>\n\t\t\t\t\t<\/div>\n\t\t<\/section>\n\t\t\t\t<\/div>\n\t\t\n\n\n\n<h3 class=\"wp-block-heading\"><a><\/a><strong>Why Packaging Testing?<\/strong><\/h3>\n\n\n\n<p>Packaging is often the first thing consumers notice about a product. A well-designed package gives consumers cues about the product\u2019s quality, purpose, and your brand\u2019s trustworthiness. However, not every package meets consumer expectations or habits. XSIGHTS\u2019 Packaging Testing helps you understand how your packaging performs both aesthetically and functionally, ensuring it best represents your product in the marketplace.<\/p>\n\n\n\n<h3 class=\"wp-block-heading\"><strong>Key Benefits of Packaging Testing:<\/strong><\/h3>\n\n\n\n<ol start=\"1\" class=\"wp-block-list\">\n<li><strong>Measuring Consumer Preferences:<\/strong> Elements like shape, color, and typography are evaluated to understand what appeals to consumers most and how certain designs influence their purchasing decisions.<\/li>\n\n\n\n<li><strong>Functionality Analysis:<\/strong> Packaging is tested not only for its aesthetics but also for how easy it is to use. Factors such as portability, ease of opening, and practical use are tested directly by consumers.<\/li>\n\n\n\n<li><strong>Strengthening Brand Image and Messaging:<\/strong> We assess how well your packaging communicates your brand\u2019s core messages. It\u2019s crucial to understand what consumers think of your brand when they see your packaging and what information they extract about the product.<\/li>\n\n\n\n<li><strong>Gaining a Competitive Advantage:<\/strong> Packaging plays a key role in differentiating your product from competitors. XSIGHTS provides insights into how your packaging performs against market rivals, allowing you to make strategic improvements where necessary.<\/li>\n<\/ol>\n\n\n\n<h3 class=\"wp-block-heading\"><a><\/a><strong>XSIGHTS Packaging Testing: In-Depth and Consumer-Centric Approach<\/strong><\/h3>\n\n\n\n<p>At XSIGHTS, we understand how crucial packaging is to a product\u2019s sales performance. That\u2019s why our Packaging Testing service goes beyond surface-level evaluation, analyzing how consumers interact with the packaging in real-time. From how consumers perceive the product on the shelf to their first impressions and the tangible value the packaging delivers, we leave no detail unexamined.<\/p>\n\n\n\n<p>Our expert team uses various testing methods to ensure your brand reaches its target audience effectively:<\/p>\n\n\n\n<ul class=\"wp-block-list\">\n<li><strong>Eye-tracking analysis<\/strong> helps you see how well your packaging captures consumer attention by identifying the elements they focus on and those that go unnoticed.<\/li>\n\n\n\n<li><strong>Focus group sessions<\/strong> provide in-depth feedback from consumers, allowing them to share insights on how the packaging impacts their perception of the product and brand, offering key subconscious brand insights.<\/li>\n\n\n\n<li><strong>Comparative testing<\/strong> measures how your packaging performs against competitor products, giving consumers multiple options and analyzing which design attracts the most interest.<\/li>\n<\/ul>\n\n\n\n<h3 class=\"wp-block-heading\"><a><\/a><strong>Designing Packaging That Meets Consumer Expectations<\/strong><\/h3>\n\n\n\n<p>XSIGHTS\u2019 Packaging Testing service allows your brand to develop packaging designs that resonate with your target audience. From understanding the colors consumers prefer, to knowing what product information they expect on the packaging, and ensuring ease of use, these tests help optimize your packaging to be more effective and functional.<\/p>\n\n\n\n<p>In today\u2019s market, sustainability in packaging is as important to consumers as functionality. XSIGHTS also measures the value consumers place on eco-friendly packaging solutions, offering insights into how your brand can leverage this advantage.<\/p>\n\n\n\n<h3 class=\"wp-block-heading\"><a><\/a><strong>XSIGHTS Packaging Testing: Ensuring Your Success<\/strong><\/h3>\n\n\n\n<p>XSIGHTS\u2019 Packaging Testing service provides strategic insights to strengthen your brand\u2019s presence in the market. Packaging is not just a product\u2019s exterior; it\u2019s a reflection of the value your brand offers to consumers. By analyzing the impact of your packaging, XSIGHTS contributes to your brand\u2019s long-term success.<\/p>\n\n\n\n<h3 class=\"wp-block-heading\"><strong>With our packaging tests, you can:<\/strong><\/h3>\n\n\n\n<ul class=\"wp-block-list\">\n<li>Develop attention-grabbing packaging that meets consumer needs.<\/li>\n\n\n\n<li>Boost your product\u2019s competitive edge and increase brand recognition.<\/li>\n\n\n\n<li>Make informed, strategic decisions to improve consumer satisfaction and purchasing intent.<\/li>\n<\/ul>\n\n\n\n<p>Rely on XSIGHTS&#8217; Packaging Testing service to present your products in the best possible way and to help your brand stand out in the marketplace.<\/p>\n","protected":false},"excerpt":{"rendered":"<p>Packaging Testing: Make Your Product Stand Out Packaging is a critical factor in determining a product&#8217;s visibility on the shelves and its appeal to consumers. In competitive markets, packaging serves as not only a protective layer but also a powerful marketing tool. XSIGHTS&#8217; Packaging Testing service evaluates the impact of your packaging on product perception, [&hellip;]<\/p>\n","protected":false},"author":1,"featured_media":7551,"parent":3441,"menu_order":1,"comment_status":"closed","ping_status":"closed","template":"","meta":{"_acf_changed":false,"footnotes":""},"sayfa-kategorisi":[198],"class_list":["post-11385","page","type-page","status-publish","has-post-thumbnail","hentry","sayfa-kategorisi-innovation-and-co-creation"],"acf":[],"_links":{"self":[{"href":"https:\/\/www.xsights.co.uk\/en\/wp-json\/wp\/v2\/pages\/11385","targetHints":{"allow":["GET"]}}],"collection":[{"href":"https:\/\/www.xsights.co.uk\/en\/wp-json\/wp\/v2\/pages"}],"about":[{"href":"https:\/\/www.xsights.co.uk\/en\/wp-json\/wp\/v2\/types\/page"}],"author":[{"embeddable":true,"href":"https:\/\/www.xsights.co.uk\/en\/wp-json\/wp\/v2\/users\/1"}],"replies":[{"embeddable":true,"href":"https:\/\/www.xsights.co.uk\/en\/wp-json\/wp\/v2\/comments?post=11385"}],"version-history":[{"count":1,"href":"https:\/\/www.xsights.co.uk\/en\/wp-json\/wp\/v2\/pages\/11385\/revisions"}],"predecessor-version":[{"id":11386,"href":"https:\/\/www.xsights.co.uk\/en\/wp-json\/wp\/v2\/pages\/11385\/revisions\/11386"}],"up":[{"embeddable":true,"href":"https:\/\/www.xsights.co.uk\/en\/wp-json\/wp\/v2\/pages\/3441"}],"wp:featuredmedia":[{"embeddable":true,"href":"https:\/\/www.xsights.co.uk\/en\/wp-json\/wp\/v2\/media\/7551"}],"wp:attachment":[{"href":"https:\/\/www.xsights.co.uk\/en\/wp-json\/wp\/v2\/media?parent=11385"}],"wp:term":[{"taxonomy":"sayfa-kategorisi","embeddable":true,"href":"https:\/\/www.xsights.co.uk\/en\/wp-json\/wp\/v2\/sayfa-kategorisi?post=11385"}],"curies":[{"name":"wp","href":"https:\/\/api.w.org\/{rel}","templated":true}]}}