{"id":11392,"date":"2024-09-10T21:03:54","date_gmt":"2024-09-10T18:03:54","guid":{"rendered":"https:\/\/www.xsights.co.uk\/?page_id=11392"},"modified":"2024-10-10T13:34:02","modified_gmt":"2024-10-10T10:34:02","slug":"celebrity-testing","status":"publish","type":"page","link":"https:\/\/www.xsights.co.uk\/en\/our-areas-of-expertise\/innovation-and-co-creation-acceleration\/celebrity-testing\/","title":{"rendered":"Celebrity Testing"},"content":{"rendered":"\n<h3 class=\"wp-block-heading\"><strong>Celebrity Testing: Find the Right Brand Ambassador<\/strong><\/h3>\n\n\n\n<p>Selecting the right celebrity or influencer to represent your brand is key to building a strong connection with consumers. XSIGHTS\u2019 Celebrity Testing service helps identify the ideal person to embody your brand values and capture the attention of your target audience. This process ensures that your chosen ambassador resonates with your brand and builds an emotional bond with your customers. Let XSIGHTS guide you to the best face for your brand, driving your campaigns toward success.<\/p>\n\n\n\t\t<div data-elementor-type=\"section\" data-elementor-id=\"11362\" class=\"elementor elementor-11362\" data-elementor-post-type=\"elementor_library\">\n\t\t\t\t\t<section class=\"elementor-section elementor-top-section elementor-element elementor-element-66f474f elementor-section-boxed elementor-section-height-default elementor-section-height-default\" data-id=\"66f474f\" data-element_type=\"section\">\n\t\t\t\t\t\t<div class=\"elementor-container elementor-column-gap-default\">\n\t\t\t\t\t<div class=\"elementor-column elementor-col-100 elementor-top-column elementor-element elementor-element-da4942c\" data-id=\"da4942c\" data-element_type=\"column\">\n\t\t\t<div class=\"elementor-widget-wrap elementor-element-populated\">\n\t\t\t\t\t\t<section class=\"elementor-section elementor-inner-section elementor-element elementor-element-09c73d6 elementor-section-boxed elementor-section-height-default elementor-section-height-default\" data-id=\"09c73d6\" data-element_type=\"section\">\n\t\t\t\t\t\t<div class=\"elementor-container elementor-column-gap-default\">\n\t\t\t\t\t<div class=\"elementor-column elementor-col-100 elementor-inner-column elementor-element elementor-element-dc45441\" data-id=\"dc45441\" data-element_type=\"column\" data-settings=\"{&quot;background_background&quot;:&quot;classic&quot;}\">\n\t\t\t<div class=\"elementor-widget-wrap elementor-element-populated\">\n\t\t\t\t\t\t<div class=\"elementor-element elementor-element-9cf09c9 elementor-widget elementor-widget-heading\" data-id=\"9cf09c9\" data-element_type=\"widget\" data-widget_type=\"heading.default\">\n\t\t\t\t<div class=\"elementor-widget-container\">\n\t\t\t\t\t<h2 class=\"elementor-heading-title elementor-size-default\">Request a Call Back<\/h2>\t\t\t\t<\/div>\n\t\t\t\t<\/div>\n\t\t\t\t<div class=\"elementor-element elementor-element-56d64a2 elementor-widget elementor-widget-shortcode\" data-id=\"56d64a2\" data-element_type=\"widget\" data-widget_type=\"shortcode.default\">\n\t\t\t\t<div class=\"elementor-widget-container\">\n\t\t\t\t\t\t\t<div class=\"elementor-shortcode\"><div class='fluentform ff-default fluentform_wrapper_10 ffs_modern_l_wrap'><form data-form_id=\"10\" id=\"fluentform_10\" class=\"frm-fluent-form fluent_form_10 ff-el-form-top ff_form_instance_10_1 ff-form-loading ffs_modern_l\" data-form_instance=\"ff_form_instance_10_1\" method=\"POST\" ><fieldset  style=\"border: none!important;margin: 0!important;padding: 0!important;background-color: transparent!important;box-shadow: none!important;outline: none!important; min-inline-size: 100%;\">\n                    <legend class=\"ff_screen_reader_title\" style=\"display: block; margin: 0!important;padding: 0!important;height: 0!important;text-indent: -999999px;width: 0!important;overflow:hidden;\">M\u00fc\u015fteri Deneyimi Sayfas\u0131 Formu (EN)<\/legend><input type='hidden' name='__fluent_form_embded_post_id' value='11392' \/><input type=\"hidden\" id=\"_fluentform_10_fluentformnonce\" name=\"_fluentform_10_fluentformnonce\" value=\"172b3a6e49\" \/><input type=\"hidden\" name=\"_wp_http_referer\" value=\"\/en\/wp-json\/wp\/v2\/pages\/11392\" \/><div data-name=\"ff_cn_id_1\"  class='ff-t-container ff-column-container ff_columns_total_2  '><div class='ff-t-cell ff-t-column-1' style='flex-basis: 50%;'><div data-type=\"name-element\" data-name=\"ad_ve_soyad\" class=\" ff-field_container ff-name-field-wrapper\" ><div class='ff-t-container'><div class='ff-t-cell '><div class='ff-el-group ff-el-form-top'><div class=\"ff-el-input--label ff-el-is-required asterisk-right\"><label for='ff_10_ad_ve_soyad_first_name_' >Name &amp; Lastname<\/label><\/div><div class='ff-el-input--content'><input type=\"text\" name=\"ad_ve_soyad[first_name]\" id=\"ff_10_ad_ve_soyad_first_name_\" class=\"ff-el-form-control\" aria-invalid=\"false\" aria-required=true><\/div><\/div><\/div><\/div><\/div><\/div><div class='ff-t-cell ff-t-column-2' style='flex-basis: 50%;'><div class='ff-el-group'><div class=\"ff-el-input--label ff-el-is-required asterisk-right\"><label for='ff_10_kurumunuzun_unvani' aria-label=\"Company\">Company<\/label><\/div><div class='ff-el-input--content'><input type=\"text\" name=\"kurumunuzun_unvani\" class=\"ff-el-form-control\" data-name=\"kurumunuzun_unvani\" id=\"ff_10_kurumunuzun_unvani\"  aria-invalid=\"false\" aria-required=true><\/div><\/div><\/div><\/div><div data-name=\"ff_cn_id_2\"  class='ff-t-container ff-column-container ff_columns_total_2  '><div class='ff-t-cell ff-t-column-1' style='flex-basis: 50%;'><div class='ff-el-group'><div class=\"ff-el-input--label ff-el-is-required asterisk-right\"><label for='ff_10_telefon_numaraniz_1' aria-label=\"Phone Number\">Phone Number<\/label><\/div><div class='ff-el-input--content'><input name=\"telefon_numaraniz_1\" class=\"ff-el-form-control ff-el-phone ff_el_with_extended_validation\" type=\"tel\" data-name=\"telefon_numaraniz_1\" id=\"ff_10_telefon_numaraniz_1\" inputmode=\"tel\"  aria-invalid='false' aria-required=true><\/div><\/div><\/div><div class='ff-t-cell ff-t-column-2' style='flex-basis: 50%;'><div class='ff-el-group'><div class=\"ff-el-input--label ff-el-is-required asterisk-right\"><label for='ff_10_email' aria-label=\"Email\">Email<\/label><\/div><div class='ff-el-input--content'><input type=\"email\" name=\"email\" id=\"ff_10_email\" class=\"ff-el-form-control\" data-name=\"email\"  aria-invalid=\"false\" aria-required=true><\/div><\/div><\/div><\/div><div class='ff-el-group ' ><div class='ff-el-input--content'><div data-fluent_id='10' name='g-recaptcha-response'><div\n\t\tdata-sitekey='6LeCN5kkAAAAAD2zFULIiehyPu4P_Dj32EWWONmZ'\n\t\tid='fluentform-recaptcha-10-1'\n\t\tclass='ff-el-recaptcha g-recaptcha'\n\t\tdata-callback='fluentFormrecaptchaSuccessCallback'><\/div><\/div><\/div><\/div><div class='ff-el-group  ff-custom_html ff-hidden loader-wrapper' tabindex='-1' data-name=\"custom_html-10_1\" ><div class=\"lds-ripple\">\n<div>\u00a0<\/div>\n<div>\u00a0<\/div>\n<div>\u00a0<\/div>\n<div>\u00a0<\/div>\n<\/div><\/div><div class='ff-el-group ff-text-left ff_submit_btn_wrapper'><button type=\"submit\" class=\"ff-btn ff-btn-submit ff-btn-lg ff_btn_style wpf_has_custom_css\" >Send Form<\/button><\/div><\/fieldset><\/form><div id='fluentform_10_errors' class='ff-errors-in-stack ff_form_instance_10_1 ff-form-loading_errors ff_form_instance_10_1_errors'><\/div><\/div>        <script type=\"text\/javascript\">\n            window.fluent_form_ff_form_instance_10_1 = {\"id\":\"10\",\"settings\":{\"layout\":{\"labelPlacement\":\"top\",\"helpMessagePlacement\":\"with_label\",\"errorMessagePlacement\":\"inline\",\"cssClassName\":\"\",\"asteriskPlacement\":\"asterisk-right\"},\"restrictions\":{\"denyEmptySubmission\":{\"enabled\":false}}},\"form_instance\":\"ff_form_instance_10_1\",\"form_id_selector\":\"fluentform_10\",\"rules\":{\"ad_ve_soyad[first_name]\":{\"required\":{\"value\":true,\"message\":\"This field is required\",\"global_message\":\"This field is required\",\"global\":true}},\"ad_ve_soyad[middle_name]\":{\"required\":{\"value\":false,\"message\":\"This field is required\",\"global_message\":\"This field is required\",\"global\":true}},\"ad_ve_soyad[last_name]\":{\"required\":{\"value\":true,\"message\":\"Bu alan\\u0131n doldurulmas\\u0131 zorunludur.\",\"global_message\":\"This field is required\",\"global\":false}},\"kurumunuzun_unvani\":{\"required\":{\"value\":true,\"message\":\"This field is required\",\"global_message\":\"This field is required\",\"global\":true}},\"telefon_numaraniz_1\":{\"required\":{\"value\":true,\"global\":true,\"message\":\"This field is required\",\"global_message\":\"This field is required\"},\"valid_phone_number\":{\"value\":true,\"global\":true,\"message\":\"Phone number is not valid\",\"global_message\":\"Phone number is not valid\"}},\"email\":{\"required\":{\"value\":true,\"message\":\"This field is required\",\"global_message\":\"This field is required\",\"global\":true},\"email\":{\"value\":true,\"message\":\"This field must contain a valid email\",\"global_message\":\"This field must contain a valid email\",\"global\":true}},\"g-recaptcha-response\":[]},\"debounce_time\":300};\n                    <\/script>\n        <\/div>\n\t\t\t\t\t\t<\/div>\n\t\t\t\t<\/div>\n\t\t\t\t\t<\/div>\n\t\t<\/div>\n\t\t\t\t\t<\/div>\n\t\t<\/section>\n\t\t\t\t\t<\/div>\n\t\t<\/div>\n\t\t\t\t\t<\/div>\n\t\t<\/section>\n\t\t\t\t<\/div>\n\t\t\n\n\n\n<h3 class=\"wp-block-heading\"><strong>Importance and Process of Celebrity Testing<\/strong><\/h3>\n\n\n\n<p>Celebrity testing is crucial for determining the most impactful face for your marketing strategy. XSIGHTS analyzes how different celebrity or influencer candidates influence your target audience, evaluating their alignment with your brand values, perception among followers, and effectiveness in delivering your brand message. Social media engagement, past campaign performance, and public reputation are also carefully assessed.<\/p>\n\n\n\n<p>Comprehensive feedback is collected to determine how candidates are perceived by various demographic groups within your target audience. This process ensures that you make an informed decision about your brand ambassador. Additionally, XSIGHTS tests how candidates align with different campaign concepts to ensure the best fit.<\/p>\n\n\n\n<h3 class=\"wp-block-heading\"><strong>Benefits of XSIGHTS Celebrity Testing<\/strong><\/h3>\n\n\n\n<p>XSIGHTS helps you select the ideal face to represent your brand through our Celebrity Testing service. With advanced analytical methods and a broad participant network, we accurately measure each candidate\u2019s impact on your target audience. Our flexible, client-centered approach customizes the testing process to meet your needs, allowing you to choose the celebrity who best reflects your brand values and resonates with your audience.<\/p>\n\n\n\n<h3 class=\"wp-block-heading\"><strong>Conclusion<\/strong><\/h3>\n\n\n\n<p>Celebrity testing is a crucial step in ensuring the success of your marketing campaigns. With XSIGHTS\u2019 comprehensive Celebrity Testing service, you can confidently select the celebrity or influencer who will represent your brand most effectively, allowing you to optimize your marketing strategy accordingly. Trust XSIGHTS\u2019 expertise to secure the future success of your brand.<\/p>\n","protected":false},"excerpt":{"rendered":"<p>Celebrity Testing: Find the Right Brand Ambassador Selecting the right celebrity or influencer to represent your brand is key to building a strong connection with consumers. XSIGHTS\u2019 Celebrity Testing service helps identify the ideal person to embody your brand values and capture the attention of your target audience. This process ensures that your chosen ambassador [&hellip;]<\/p>\n","protected":false},"author":1,"featured_media":7551,"parent":3441,"menu_order":14,"comment_status":"closed","ping_status":"closed","template":"","meta":{"_acf_changed":false,"footnotes":""},"sayfa-kategorisi":[198],"class_list":["post-11392","page","type-page","status-publish","has-post-thumbnail","hentry","sayfa-kategorisi-innovation-and-co-creation"],"acf":[],"_links":{"self":[{"href":"https:\/\/www.xsights.co.uk\/en\/wp-json\/wp\/v2\/pages\/11392","targetHints":{"allow":["GET"]}}],"collection":[{"href":"https:\/\/www.xsights.co.uk\/en\/wp-json\/wp\/v2\/pages"}],"about":[{"href":"https:\/\/www.xsights.co.uk\/en\/wp-json\/wp\/v2\/types\/page"}],"author":[{"embeddable":true,"href":"https:\/\/www.xsights.co.uk\/en\/wp-json\/wp\/v2\/users\/1"}],"replies":[{"embeddable":true,"href":"https:\/\/www.xsights.co.uk\/en\/wp-json\/wp\/v2\/comments?post=11392"}],"version-history":[{"count":2,"href":"https:\/\/www.xsights.co.uk\/en\/wp-json\/wp\/v2\/pages\/11392\/revisions"}],"predecessor-version":[{"id":11394,"href":"https:\/\/www.xsights.co.uk\/en\/wp-json\/wp\/v2\/pages\/11392\/revisions\/11394"}],"up":[{"embeddable":true,"href":"https:\/\/www.xsights.co.uk\/en\/wp-json\/wp\/v2\/pages\/3441"}],"wp:featuredmedia":[{"embeddable":true,"href":"https:\/\/www.xsights.co.uk\/en\/wp-json\/wp\/v2\/media\/7551"}],"wp:attachment":[{"href":"https:\/\/www.xsights.co.uk\/en\/wp-json\/wp\/v2\/media?parent=11392"}],"wp:term":[{"taxonomy":"sayfa-kategorisi","embeddable":true,"href":"https:\/\/www.xsights.co.uk\/en\/wp-json\/wp\/v2\/sayfa-kategorisi?post=11392"}],"curies":[{"name":"wp","href":"https:\/\/api.w.org\/{rel}","templated":true}]}}