{"id":11486,"date":"2024-09-10T22:36:06","date_gmt":"2024-09-10T19:36:06","guid":{"rendered":"https:\/\/www.xsights.co.uk\/?page_id=11486"},"modified":"2024-10-11T09:31:35","modified_gmt":"2024-10-11T06:31:35","slug":"price-sensitivity-surveys","status":"publish","type":"page","link":"https:\/\/www.xsights.co.uk\/en\/our-areas-of-expertise\/strategy-and-market-intelligence\/price-sensitivity-surveys\/","title":{"rendered":"Price Sensitivity Surveys"},"content":{"rendered":"\n<h3 class=\"wp-block-heading\"><strong>Price Sensitivity Surveys: Strategic Insights for Optimal Pricing Strategies<\/strong><\/h3>\n\n\n\n<p><a><\/a>The success of a product or service relies on an effective pricing strategy. XSIGHTS&#8217; Price Sensitivity Surveys provide an in-depth analysis of your target audience&#8217;s price perception and sensitivity, helping you to determine the most suitable price points. This service enables you to optimize pricing, increase market share, and maximize profit margins. XSIGHTS will assist you in understanding price sensitivity accurately and making strategic pricing decisions confidently.<\/p>\n\n\n\t\t<div data-elementor-type=\"section\" data-elementor-id=\"11362\" class=\"elementor elementor-11362\" data-elementor-post-type=\"elementor_library\">\n\t\t\t\t\t<section class=\"elementor-section elementor-top-section elementor-element elementor-element-66f474f elementor-section-boxed elementor-section-height-default elementor-section-height-default\" data-id=\"66f474f\" data-element_type=\"section\">\n\t\t\t\t\t\t<div class=\"elementor-container elementor-column-gap-default\">\n\t\t\t\t\t<div class=\"elementor-column elementor-col-100 elementor-top-column elementor-element elementor-element-da4942c\" data-id=\"da4942c\" data-element_type=\"column\">\n\t\t\t<div class=\"elementor-widget-wrap elementor-element-populated\">\n\t\t\t\t\t\t<section class=\"elementor-section elementor-inner-section elementor-element elementor-element-09c73d6 elementor-section-boxed elementor-section-height-default elementor-section-height-default\" data-id=\"09c73d6\" data-element_type=\"section\">\n\t\t\t\t\t\t<div class=\"elementor-container elementor-column-gap-default\">\n\t\t\t\t\t<div class=\"elementor-column elementor-col-100 elementor-inner-column elementor-element elementor-element-dc45441\" data-id=\"dc45441\" data-element_type=\"column\" data-settings=\"{&quot;background_background&quot;:&quot;classic&quot;}\">\n\t\t\t<div class=\"elementor-widget-wrap elementor-element-populated\">\n\t\t\t\t\t\t<div class=\"elementor-element elementor-element-9cf09c9 elementor-widget elementor-widget-heading\" data-id=\"9cf09c9\" data-element_type=\"widget\" data-widget_type=\"heading.default\">\n\t\t\t\t<div class=\"elementor-widget-container\">\n\t\t\t\t\t<h2 class=\"elementor-heading-title elementor-size-default\">Request a Call Back<\/h2>\t\t\t\t<\/div>\n\t\t\t\t<\/div>\n\t\t\t\t<div class=\"elementor-element elementor-element-56d64a2 elementor-widget elementor-widget-shortcode\" data-id=\"56d64a2\" data-element_type=\"widget\" data-widget_type=\"shortcode.default\">\n\t\t\t\t<div class=\"elementor-widget-container\">\n\t\t\t\t\t\t\t<div class=\"elementor-shortcode\"><div class='fluentform ff-default fluentform_wrapper_10 ffs_modern_l_wrap'><form data-form_id=\"10\" id=\"fluentform_10\" class=\"frm-fluent-form fluent_form_10 ff-el-form-top ff_form_instance_10_1 ff-form-loading ffs_modern_l\" data-form_instance=\"ff_form_instance_10_1\" method=\"POST\" ><fieldset  style=\"border: none!important;margin: 0!important;padding: 0!important;background-color: transparent!important;box-shadow: none!important;outline: none!important; min-inline-size: 100%;\">\n                    <legend class=\"ff_screen_reader_title\" style=\"display: block; margin: 0!important;padding: 0!important;height: 0!important;text-indent: -999999px;width: 0!important;overflow:hidden;\">M\u00fc\u015fteri Deneyimi Sayfas\u0131 Formu (EN)<\/legend><input type='hidden' name='__fluent_form_embded_post_id' value='11486' \/><input type=\"hidden\" id=\"_fluentform_10_fluentformnonce\" name=\"_fluentform_10_fluentformnonce\" value=\"439651fe64\" \/><input type=\"hidden\" name=\"_wp_http_referer\" value=\"\/en\/wp-json\/wp\/v2\/pages\/11486\" \/><div data-name=\"ff_cn_id_1\"  class='ff-t-container ff-column-container ff_columns_total_2  '><div class='ff-t-cell ff-t-column-1' style='flex-basis: 50%;'><div data-type=\"name-element\" data-name=\"ad_ve_soyad\" class=\" ff-field_container ff-name-field-wrapper\" ><div class='ff-t-container'><div class='ff-t-cell '><div class='ff-el-group ff-el-form-top'><div class=\"ff-el-input--label ff-el-is-required asterisk-right\"><label for='ff_10_ad_ve_soyad_first_name_' >Name &amp; Lastname<\/label><\/div><div class='ff-el-input--content'><input type=\"text\" name=\"ad_ve_soyad[first_name]\" id=\"ff_10_ad_ve_soyad_first_name_\" class=\"ff-el-form-control\" aria-invalid=\"false\" aria-required=true><\/div><\/div><\/div><\/div><\/div><\/div><div class='ff-t-cell ff-t-column-2' style='flex-basis: 50%;'><div class='ff-el-group'><div class=\"ff-el-input--label ff-el-is-required asterisk-right\"><label for='ff_10_kurumunuzun_unvani' aria-label=\"Company\">Company<\/label><\/div><div class='ff-el-input--content'><input type=\"text\" name=\"kurumunuzun_unvani\" class=\"ff-el-form-control\" data-name=\"kurumunuzun_unvani\" id=\"ff_10_kurumunuzun_unvani\"  aria-invalid=\"false\" aria-required=true><\/div><\/div><\/div><\/div><div data-name=\"ff_cn_id_2\"  class='ff-t-container ff-column-container ff_columns_total_2  '><div class='ff-t-cell ff-t-column-1' style='flex-basis: 50%;'><div class='ff-el-group'><div class=\"ff-el-input--label ff-el-is-required asterisk-right\"><label for='ff_10_telefon_numaraniz_1' aria-label=\"Phone Number\">Phone Number<\/label><\/div><div class='ff-el-input--content'><input name=\"telefon_numaraniz_1\" class=\"ff-el-form-control ff-el-phone ff_el_with_extended_validation\" type=\"tel\" data-name=\"telefon_numaraniz_1\" id=\"ff_10_telefon_numaraniz_1\" inputmode=\"tel\"  aria-invalid='false' aria-required=true><\/div><\/div><\/div><div class='ff-t-cell ff-t-column-2' style='flex-basis: 50%;'><div class='ff-el-group'><div class=\"ff-el-input--label ff-el-is-required asterisk-right\"><label for='ff_10_email' aria-label=\"Email\">Email<\/label><\/div><div class='ff-el-input--content'><input type=\"email\" name=\"email\" id=\"ff_10_email\" class=\"ff-el-form-control\" data-name=\"email\"  aria-invalid=\"false\" aria-required=true><\/div><\/div><\/div><\/div><div class='ff-el-group ' ><div class='ff-el-input--content'><div data-fluent_id='10' name='g-recaptcha-response'><div\n\t\tdata-sitekey='6LeCN5kkAAAAAD2zFULIiehyPu4P_Dj32EWWONmZ'\n\t\tid='fluentform-recaptcha-10-1'\n\t\tclass='ff-el-recaptcha g-recaptcha'\n\t\tdata-callback='fluentFormrecaptchaSuccessCallback'><\/div><\/div><\/div><\/div><div class='ff-el-group  ff-custom_html ff-hidden loader-wrapper' tabindex='-1' data-name=\"custom_html-10_1\" ><div class=\"lds-ripple\">\n<div>\u00a0<\/div>\n<div>\u00a0<\/div>\n<div>\u00a0<\/div>\n<div>\u00a0<\/div>\n<\/div><\/div><div class='ff-el-group ff-text-left ff_submit_btn_wrapper'><button type=\"submit\" class=\"ff-btn ff-btn-submit ff-btn-lg ff_btn_style wpf_has_custom_css\" >Send Form<\/button><\/div><\/fieldset><\/form><div id='fluentform_10_errors' class='ff-errors-in-stack ff_form_instance_10_1 ff-form-loading_errors ff_form_instance_10_1_errors'><\/div><\/div>        <script type=\"text\/javascript\">\n            window.fluent_form_ff_form_instance_10_1 = {\"id\":\"10\",\"settings\":{\"layout\":{\"labelPlacement\":\"top\",\"helpMessagePlacement\":\"with_label\",\"errorMessagePlacement\":\"inline\",\"cssClassName\":\"\",\"asteriskPlacement\":\"asterisk-right\"},\"restrictions\":{\"denyEmptySubmission\":{\"enabled\":false}}},\"form_instance\":\"ff_form_instance_10_1\",\"form_id_selector\":\"fluentform_10\",\"rules\":{\"ad_ve_soyad[first_name]\":{\"required\":{\"value\":true,\"message\":\"This field is required\",\"global_message\":\"This field is required\",\"global\":true}},\"ad_ve_soyad[middle_name]\":{\"required\":{\"value\":false,\"message\":\"This field is required\",\"global_message\":\"This field is required\",\"global\":true}},\"ad_ve_soyad[last_name]\":{\"required\":{\"value\":true,\"message\":\"Bu alan\\u0131n doldurulmas\\u0131 zorunludur.\",\"global_message\":\"This field is required\",\"global\":false}},\"kurumunuzun_unvani\":{\"required\":{\"value\":true,\"message\":\"This field is required\",\"global_message\":\"This field is required\",\"global\":true}},\"telefon_numaraniz_1\":{\"required\":{\"value\":true,\"global\":true,\"message\":\"This field is required\",\"global_message\":\"This field is required\"},\"valid_phone_number\":{\"value\":true,\"global\":true,\"message\":\"Phone number is not valid\",\"global_message\":\"Phone number is not valid\"}},\"email\":{\"required\":{\"value\":true,\"message\":\"This field is required\",\"global_message\":\"This field is required\",\"global\":true},\"email\":{\"value\":true,\"message\":\"This field must contain a valid email\",\"global_message\":\"This field must contain a valid email\",\"global\":true}},\"g-recaptcha-response\":[]},\"debounce_time\":300};\n                    <\/script>\n        <\/div>\n\t\t\t\t\t\t<\/div>\n\t\t\t\t<\/div>\n\t\t\t\t\t<\/div>\n\t\t<\/div>\n\t\t\t\t\t<\/div>\n\t\t<\/section>\n\t\t\t\t\t<\/div>\n\t\t<\/div>\n\t\t\t\t\t<\/div>\n\t\t<\/section>\n\t\t\t\t<\/div>\n\t\t\n\n\n\n<h3 class=\"wp-block-heading\"><a><\/a><strong>Scope of Price Sensitivity Surveys<\/strong><\/h3>\n\n\n\n<p><a><\/a>XSIGHTS&#8217; Price Sensitivity Surveys identify how consumers respond to price changes, acceptable price levels, and where pricing becomes a barrier. These surveys allow you to test various pricing scenarios by analyzing consumer price sensitivity. This provides essential strategic data for offering your product or service at the right price in the market. The research process evaluates factors such as demographic characteristics, purchasing habits, and market competition to comprehensively assess consumer price perception. These detailed analyses help you shape your pricing strategy and determine the price points where consumers are most likely to make purchases. Additionally, by assessing the market&#8217;s price elasticity, we help predict how price changes may affect demand.<\/p>\n\n\n\n<h3 class=\"wp-block-heading\"><a><\/a><strong>Strategic Pricing and Competitive Advantage<\/strong><\/h3>\n\n\n\n<p><a><\/a>Price sensitivity surveys are a critical tool for making informed pricing decisions. XSIGHTS helps you optimize pricing strategies based on market conditions, consumer expectations, and competitive environments. This service not only helps you understand price sensitivity, but also helps you identify price points that can increase market share and maximize profit margins. XSIGHTS enables you to shape your pricing strategy to gain a competitive advantage.<\/p>\n\n\n\n<p><a><\/a>The surveys also help you understand how consumers react to price changes, assisting you in developing strategies that respond to these reactions. XSIGHTS analyzes price sensitivity in each market segment, helping you offer products and services at the most profitable and competitive prices.<\/p>\n\n\n\n<h3 class=\"wp-block-heading\"><a><\/a><strong>Advantages of XSIGHTS&#8217; Price Sensitivity Surveys<\/strong><\/h3>\n\n\n\n<p><a><\/a>XSIGHTS offers extensive expertise in price sensitivity surveys. Our research process thoroughly analyzes consumer price perception and market elasticity, providing data to support strategic pricing decisions. Our expert team helps you optimize pricing strategies and increase market share. This service is critical for achieving sustainable success in the market and maximizing profit margins.<\/p>\n\n\n\n<p><a><\/a>Our price sensitivity surveys strengthen your business&#8217;s pricing strategies and provide essential strategic guidance for maintaining a competitive position in the market. XSIGHTS delivers insights that strengthen your strategic decisions through price sensitivity analysis.<\/p>\n\n\n\n<h3 class=\"wp-block-heading\"><a><\/a><strong>Conclusion<\/strong><\/h3>\n\n\n\n<p><a><\/a>Price sensitivity surveys are a critical tool for developing effective pricing strategies and gaining a competitive advantage in the market. With XSIGHTS&#8217; comprehensive Price Sensitivity Survey service, you can thoroughly understand consumer price perceptions, develop effective pricing strategies, and maximize profit margins. Rely on XSIGHTS&#8217; expertise to strengthen your strategic pricing decisions and achieve sustainable success in the market.<\/p>\n","protected":false},"excerpt":{"rendered":"<p>Price Sensitivity Surveys: Strategic Insights for Optimal Pricing Strategies The success of a product or service relies on an effective pricing strategy. XSIGHTS&#8217; Price Sensitivity Surveys provide an in-depth analysis of your target audience&#8217;s price perception and sensitivity, helping you to determine the most suitable price points. This service enables you to optimize pricing, increase [&hellip;]<\/p>\n","protected":false},"author":1,"featured_media":7551,"parent":3442,"menu_order":55,"comment_status":"closed","ping_status":"closed","template":"","meta":{"_acf_changed":false,"footnotes":""},"sayfa-kategorisi":[196],"class_list":["post-11486","page","type-page","status-publish","has-post-thumbnail","hentry","sayfa-kategorisi-strategy-and-market-dynamics"],"acf":[],"_links":{"self":[{"href":"https:\/\/www.xsights.co.uk\/en\/wp-json\/wp\/v2\/pages\/11486","targetHints":{"allow":["GET"]}}],"collection":[{"href":"https:\/\/www.xsights.co.uk\/en\/wp-json\/wp\/v2\/pages"}],"about":[{"href":"https:\/\/www.xsights.co.uk\/en\/wp-json\/wp\/v2\/types\/page"}],"author":[{"embeddable":true,"href":"https:\/\/www.xsights.co.uk\/en\/wp-json\/wp\/v2\/users\/1"}],"replies":[{"embeddable":true,"href":"https:\/\/www.xsights.co.uk\/en\/wp-json\/wp\/v2\/comments?post=11486"}],"version-history":[{"count":1,"href":"https:\/\/www.xsights.co.uk\/en\/wp-json\/wp\/v2\/pages\/11486\/revisions"}],"predecessor-version":[{"id":11487,"href":"https:\/\/www.xsights.co.uk\/en\/wp-json\/wp\/v2\/pages\/11486\/revisions\/11487"}],"up":[{"embeddable":true,"href":"https:\/\/www.xsights.co.uk\/en\/wp-json\/wp\/v2\/pages\/3442"}],"wp:featuredmedia":[{"embeddable":true,"href":"https:\/\/www.xsights.co.uk\/en\/wp-json\/wp\/v2\/media\/7551"}],"wp:attachment":[{"href":"https:\/\/www.xsights.co.uk\/en\/wp-json\/wp\/v2\/media?parent=11486"}],"wp:term":[{"taxonomy":"sayfa-kategorisi","embeddable":true,"href":"https:\/\/www.xsights.co.uk\/en\/wp-json\/wp\/v2\/sayfa-kategorisi?post=11486"}],"curies":[{"name":"wp","href":"https:\/\/api.w.org\/{rel}","templated":true}]}}