{"id":12518,"date":"2025-10-03T17:29:57","date_gmt":"2025-10-03T14:29:57","guid":{"rendered":"https:\/\/www.xsights.co.uk\/?page_id=12518"},"modified":"2025-11-18T13:27:53","modified_gmt":"2025-11-18T10:27:53","slug":"when-does-being-a-refugee-end-belonging-identity-and-political-shifts-in-a-changing-world","status":"publish","type":"page","link":"https:\/\/www.xsights.co.uk\/en\/when-does-being-a-refugee-end-belonging-identity-and-political-shifts-in-a-changing-world\/","title":{"rendered":"Webinar: When Does Being a Refugee End? Belonging, Identity, and Political Shifts in a Changing World"},"content":{"rendered":"\t\t<div data-elementor-type=\"wp-page\" data-elementor-id=\"12518\" class=\"elementor elementor-12518\" data-elementor-post-type=\"page\">\n\t\t\t\t\t\t<section class=\"elementor-section elementor-top-section elementor-element elementor-element-c2cc539 elementor-section-full_width elementor-section-height-default elementor-section-height-default\" data-id=\"c2cc539\" data-element_type=\"section\">\n\t\t\t\t\t\t<div class=\"elementor-container elementor-column-gap-no\">\n\t\t\t\t\t<div class=\"elementor-column elementor-col-100 elementor-top-column elementor-element elementor-element-e1d59c5\" data-id=\"e1d59c5\" data-element_type=\"column\">\n\t\t\t<div class=\"elementor-widget-wrap elementor-element-populated\">\n\t\t\t\t\t\t<div class=\"elementor-element elementor-element-6ccf200 elementor-widget elementor-widget-image\" data-id=\"6ccf200\" data-element_type=\"widget\" data-widget_type=\"image.default\">\n\t\t\t\t<div class=\"elementor-widget-container\">\n\t\t\t\t\t\t\t\t\t\t\t\t\t\t\t<img fetchpriority=\"high\" decoding=\"async\" width=\"1895\" height=\"569\" src=\"https:\/\/www.xsights.co.uk\/wp-content\/uploads\/2025\/11\/ABD_Webinar_Linkedin-Kapak2.jpg\" class=\"attachment-full size-full wp-image-12546\" alt=\"\" srcset=\"https:\/\/www.xsights.co.uk\/wp-content\/uploads\/2025\/11\/ABD_Webinar_Linkedin-Kapak2.jpg 1895w, https:\/\/www.xsights.co.uk\/wp-content\/uploads\/2025\/11\/ABD_Webinar_Linkedin-Kapak2-300x90.jpg 300w, https:\/\/www.xsights.co.uk\/wp-content\/uploads\/2025\/11\/ABD_Webinar_Linkedin-Kapak2-1024x307.jpg 1024w, https:\/\/www.xsights.co.uk\/wp-content\/uploads\/2025\/11\/ABD_Webinar_Linkedin-Kapak2-768x231.jpg 768w, https:\/\/www.xsights.co.uk\/wp-content\/uploads\/2025\/11\/ABD_Webinar_Linkedin-Kapak2-1536x461.jpg 1536w\" sizes=\"(max-width: 1895px) 100vw, 1895px\" \/>\t\t\t\t\t\t\t\t\t\t\t\t\t\t\t<\/div>\n\t\t\t\t<\/div>\n\t\t\t\t\t<\/div>\n\t\t<\/div>\n\t\t\t\t\t<\/div>\n\t\t<\/section>\n\t\t\t\t<section class=\"elementor-section elementor-top-section elementor-element elementor-element-fcc22a2 elementor-section-boxed elementor-section-height-default elementor-section-height-default\" data-id=\"fcc22a2\" data-element_type=\"section\">\n\t\t\t\t\t\t<div class=\"elementor-container elementor-column-gap-default\">\n\t\t\t\t\t<div class=\"elementor-column elementor-col-100 elementor-top-column elementor-element elementor-element-1d3ca92\" data-id=\"1d3ca92\" data-element_type=\"column\">\n\t\t\t<div class=\"elementor-widget-wrap elementor-element-populated\">\n\t\t\t\t\t\t<div class=\"elementor-element elementor-element-331ffef elementor-widget elementor-widget-spacer\" data-id=\"331ffef\" data-element_type=\"widget\" data-widget_type=\"spacer.default\">\n\t\t\t\t<div class=\"elementor-widget-container\">\n\t\t\t\t\t\t\t<div class=\"elementor-spacer\">\n\t\t\t<div class=\"elementor-spacer-inner\"><\/div>\n\t\t<\/div>\n\t\t\t\t\t\t<\/div>\n\t\t\t\t<\/div>\n\t\t\t\t<div class=\"elementor-element elementor-element-e20ac2d elementor-widget elementor-widget-text-editor\" data-id=\"e20ac2d\" data-element_type=\"widget\" data-widget_type=\"text-editor.default\">\n\t\t\t\t<div class=\"elementor-widget-container\">\n\t\t\t\t\t\t\t\t\t<p>Refugeehood is not only a legal status, it is also a lived experience tied to identity, belonging, and the perception of the future. From the United States to T\u00fcrkiye, from Europe to the Middle East, governments and communities are grappling with historic levels of migration and the challenges of integration.<\/p>\n<p>This webinar, hosted by XSIGHTS Research &amp; Consultancy, will use the experience of Syrians in T\u00fcrkiye as a case study to spark a global conversation about migration and belonging,one with urgent lessons for the U.S. immigration debate. Drawing on XSIGHTS\u2019 landmark study, \u201cSyrians in T\u00fcrkiye and the New Political Era: Perceptions, Attitudes, and Expectations,\u201d we will explore how identity, settlement, and policy interact in ways that matter far beyond the Middle East.<\/p>\n<p><strong>Key Discussion Questions:<\/strong><br>When does refugeehood end: through legal status, social acceptance, or a sense of belonging?<br>What lessons does T\u00fcrkiye, the world\u2019s largest refugee-hosting country, offer for the US as it faces its own immigration crisis?<br>How do public perceptions of migrants shape policymaking and integration?<br>How are belonging and identity evolving, especially among youth and second-generation immigrants?<br>What do shifting political landscapes mean for the future of migration governance globally?<\/p>\n<p><strong>Event Details:<\/strong><br>Date: November 26, 2025<\/p>\n<p>Time: 12:00 PM &#8211; EST \/ 6:00 PM &#8211; CET&nbsp; \/ 20:00 TRT<\/p>\n<p>Platform: Zoom<\/p>\n<p style=\"font-weight: 400;\">Participation link will be sent one day before the event<\/p>\n<p><strong>Speakers:<\/strong><br>\u00c7i\u011fdem Penn, Founder &amp; Managing Director, XSIGHTS Research &amp; Consultancy (\u00c7i\u011fdem Penn | LinkedIn)<\/p>\n<p><strong>Moderator:<\/strong> Melike Atil<\/p>\n<p>Join us for an insightful discussion on the future of refugeehood, migration, and belonging,from a truly global perspective.<\/p>\n<div class='fluentform ff-default fluentform_wrapper_16 ffs_custom_wrap'><form data-form_id=\"16\" id=\"fluentform_16\" class=\"frm-fluent-form fluent_form_16 ff-el-form-top ff_form_instance_16_1 ff-form-loading ffs_custom\" data-form_instance=\"ff_form_instance_16_1\" method=\"POST\" ><fieldset  style=\"border: none!important;margin: 0!important;padding: 0!important;background-color: transparent!important;box-shadow: none!important;outline: none!important; min-inline-size: 100%;\">\n                    <legend class=\"ff_screen_reader_title\" style=\"display: block; margin: 0!important;padding: 0!important;height: 0!important;text-indent: -999999px;width: 0!important;overflow:hidden;\">Webinar Register Form<\/legend><input type='hidden' name='__fluent_form_embded_post_id' value='12518' \/><input type=\"hidden\" id=\"_fluentform_16_fluentformnonce\" name=\"_fluentform_16_fluentformnonce\" value=\"172b3a6e49\" \/><input type=\"hidden\" name=\"_wp_http_referer\" value=\"\/en\/wp-json\/wp\/v2\/pages\/12518\" \/><div data-type=\"name-element\" data-name=\"names\" class=\" ff-field_container ff-name-field-wrapper\" ><div class='ff-t-container'><div class='ff-t-cell '><div class='ff-el-group ff-el-form-hide_label'><div class=\"ff-el-input--label ff-el-is-required asterisk-right\"><label for='ff_16_names_first_name_' >First Name<\/label><\/div><div class='ff-el-input--content'><input type=\"text\" name=\"names[first_name]\" id=\"ff_16_names_first_name_\" class=\"ff-el-form-control\" placeholder=\"Name\" aria-invalid=\"false\" aria-required=true><\/div><\/div><\/div><div class='ff-t-cell '><div class='ff-el-group ff-el-form-hide_label'><div class=\"ff-el-input--label asterisk-right\"><label for='ff_16_names_last_name_' >Last Name<\/label><\/div><div class='ff-el-input--content'><input type=\"text\" name=\"names[last_name]\" id=\"ff_16_names_last_name_\" class=\"ff-el-form-control\" placeholder=\"Surname\" aria-invalid=\"false\" aria-required=false><\/div><\/div><\/div><\/div><\/div><div class='ff-el-group ff-el-form-hide_label'><div class=\"ff-el-input--label ff-el-is-required asterisk-right\"><label for='ff_16_company_organization' aria-label=\"Company\/Organization\">Company\/Organization<\/label><\/div><div class='ff-el-input--content'><input type=\"text\" name=\"company_organization\" class=\"ff-el-form-control\" placeholder=\"Company\/Organization\" data-name=\"company_organization\" id=\"ff_16_company_organization\"  aria-invalid=\"false\" aria-required=true><\/div><\/div><div class='ff-el-group ff-el-form-hide_label'><div class=\"ff-el-input--label ff-el-is-required asterisk-right\"><label for='ff_16_phone' aria-label=\"Phone\/Mobile\">Phone\/Mobile<\/label><\/div><div class='ff-el-input--content'><input name=\"phone\" class=\"ff-el-form-control ff-el-phone ff_el_with_extended_validation\" type=\"tel\" placeholder=\"Phone Number\" data-name=\"phone\" id=\"ff_16_phone\" inputmode=\"tel\"  aria-invalid='false' aria-required=true><\/div><\/div><div class='ff-el-group ff-el-form-hide_label'><div class=\"ff-el-input--label ff-el-is-required asterisk-right\"><label for='ff_16_email' aria-label=\"Email\">Email<\/label><\/div><div class='ff-el-input--content'><input type=\"email\" name=\"email\" id=\"ff_16_email\" class=\"ff-el-form-control\" placeholder=\"Email Address\" data-name=\"email\"  aria-invalid=\"false\" aria-required=true><\/div><\/div><div class='ff-el-group    ff-el-input--content'><div class='ff-el-form-check ff-el-tc'><label aria-label='By registering for this webinar, I acknowledge and consent to receive relevant communications from Xsights Research &amp; Consultancy, including research updates, event invitations, and newsletters. I understand that my information will be used solely for professional communication purposes, and that I may opt out at any time by following the unsubscribe instructions provided in each message.' class='ff-el-form-check-label ff_tc_label' for=gdpr-agreement_9a90ccd5a586fdaf65354e238d1834ca><span class='ff_tc_checkbox'><input type=\"checkbox\" name=\"gdpr-agreement\" class=\"ff-el-form-check-input ff_gdpr_field\" data-name=\"gdpr-agreement\" id=\"gdpr-agreement_9a90ccd5a586fdaf65354e238d1834ca\"  value='on' aria-invalid='false' aria-required=true><\/span> <div class='ff_t_c'>By registering for this webinar, I acknowledge and consent to receive relevant communications from Xsights Research &amp; Consultancy, including research updates, event invitations, and newsletters. I understand that my information will be used solely for professional communication purposes, and that I may opt out at any time by following the unsubscribe instructions provided in each message.<\/div><\/label><\/div><\/div><div class='ff-el-group ff-text-right ff_submit_btn_wrapper'><button type=\"submit\" class=\"ff-btn ff-btn-submit ff-btn-md ff_btn_style\" >Register Webinar<\/button><\/div><\/fieldset><\/form><div id='fluentform_16_errors' class='ff-errors-in-stack ff_form_instance_16_1 ff-form-loading_errors ff_form_instance_16_1_errors'><\/div><\/div>        <script type=\"text\/javascript\">\n            window.fluent_form_ff_form_instance_16_1 = {\"id\":\"16\",\"settings\":{\"layout\":{\"labelPlacement\":\"top\",\"asteriskPlacement\":\"asterisk-right\",\"helpMessagePlacement\":\"with_label\",\"errorMessagePlacement\":\"inline\",\"cssClassName\":\"\"},\"restrictions\":{\"denyEmptySubmission\":{\"enabled\":false}}},\"form_instance\":\"ff_form_instance_16_1\",\"form_id_selector\":\"fluentform_16\",\"rules\":{\"names[first_name]\":{\"required\":{\"value\":true,\"message\":\"This field is required\",\"global_message\":\"This field is required\",\"global\":true}},\"names[middle_name]\":{\"required\":{\"value\":false,\"message\":\"This field is required\",\"global_message\":\"This field is required\",\"global\":true}},\"names[last_name]\":{\"required\":{\"value\":false,\"message\":\"This field is required\",\"global_message\":\"This field is required\",\"global\":true}},\"company_organization\":{\"required\":{\"value\":true,\"message\":\"This field is required\",\"global_message\":\"This field is required\",\"global\":true}},\"phone\":{\"required\":{\"value\":true,\"global\":true,\"message\":\"This field is required\",\"global_message\":\"This field is required\"},\"valid_phone_number\":{\"value\":true,\"global\":true,\"message\":\"Phone number is not valid\",\"global_message\":\"Phone number is not valid\"}},\"email\":{\"required\":{\"value\":true,\"message\":\"This field is required\",\"global_message\":\"This field is required\",\"global\":true},\"email\":{\"value\":true,\"message\":\"This field must contain a valid email\",\"global_message\":\"This field must contain a valid email\",\"global\":true}},\"gdpr-agreement\":{\"required\":{\"value\":true,\"message\":\"This field is required\",\"global_message\":\"This field is required\",\"global\":true}}},\"debounce_time\":300};\n                    <\/script>\n        \t\t\t\t\t\t\t\t<\/div>\n\t\t\t\t<\/div>\n\t\t\t\t<div class=\"elementor-element elementor-element-06a2ad7 elementor-widget elementor-widget-spacer\" data-id=\"06a2ad7\" data-element_type=\"widget\" data-widget_type=\"spacer.default\">\n\t\t\t\t<div class=\"elementor-widget-container\">\n\t\t\t\t\t\t\t<div class=\"elementor-spacer\">\n\t\t\t<div class=\"elementor-spacer-inner\"><\/div>\n\t\t<\/div>\n\t\t\t\t\t\t<\/div>\n\t\t\t\t<\/div>\n\t\t\t\t\t<\/div>\n\t\t<\/div>\n\t\t\t\t\t<\/div>\n\t\t<\/section>\n\t\t\t\t<\/div>\n\t\t","protected":false},"excerpt":{"rendered":"<p>Refugeehood is not only a legal status, it is also a lived experience tied to identity, belonging, and the perception of the future. From the United States to T\u00fcrkiye, from Europe to the Middle East, governments and communities are grappling with historic levels of migration and the challenges of integration. This webinar, hosted by XSIGHTS [&hellip;]<\/p>\n","protected":false},"author":1,"featured_media":12529,"parent":0,"menu_order":0,"comment_status":"closed","ping_status":"closed","template":"","meta":{"_acf_changed":false,"footnotes":""},"sayfa-kategorisi":[],"class_list":["post-12518","page","type-page","status-publish","has-post-thumbnail","hentry"],"acf":[],"_links":{"self":[{"href":"https:\/\/www.xsights.co.uk\/en\/wp-json\/wp\/v2\/pages\/12518","targetHints":{"allow":["GET"]}}],"collection":[{"href":"https:\/\/www.xsights.co.uk\/en\/wp-json\/wp\/v2\/pages"}],"about":[{"href":"https:\/\/www.xsights.co.uk\/en\/wp-json\/wp\/v2\/types\/page"}],"author":[{"embeddable":true,"href":"https:\/\/www.xsights.co.uk\/en\/wp-json\/wp\/v2\/users\/1"}],"replies":[{"embeddable":true,"href":"https:\/\/www.xsights.co.uk\/en\/wp-json\/wp\/v2\/comments?post=12518"}],"version-history":[{"count":26,"href":"https:\/\/www.xsights.co.uk\/en\/wp-json\/wp\/v2\/pages\/12518\/revisions"}],"predecessor-version":[{"id":12564,"href":"https:\/\/www.xsights.co.uk\/en\/wp-json\/wp\/v2\/pages\/12518\/revisions\/12564"}],"wp:featuredmedia":[{"embeddable":true,"href":"https:\/\/www.xsights.co.uk\/en\/wp-json\/wp\/v2\/media\/12529"}],"wp:attachment":[{"href":"https:\/\/www.xsights.co.uk\/en\/wp-json\/wp\/v2\/media?parent=12518"}],"wp:term":[{"taxonomy":"sayfa-kategorisi","embeddable":true,"href":"https:\/\/www.xsights.co.uk\/en\/wp-json\/wp\/v2\/sayfa-kategorisi?post=12518"}],"curies":[{"name":"wp","href":"https:\/\/api.w.org\/{rel}","templated":true}]}}