{"id":3441,"date":"2023-01-28T20:26:01","date_gmt":"2023-01-28T17:26:01","guid":{"rendered":"https:\/\/www.resulozyurt.com\/xsights-model3\/our-services\/xsights-arastirma\/"},"modified":"2024-09-05T08:02:05","modified_gmt":"2024-09-05T05:02:05","slug":"innovation-and-co-creation-acceleration","status":"publish","type":"page","link":"https:\/\/www.xsights.co.uk\/en\/our-areas-of-expertise\/innovation-and-co-creation-acceleration\/","title":{"rendered":"Innovation and Co-Creation Acceleration"},"content":{"rendered":"\t\t<div data-elementor-type=\"wp-page\" data-elementor-id=\"3441\" class=\"elementor elementor-3441\" data-elementor-post-type=\"page\">\n\t\t\t\t\t\t<section class=\"elementor-section elementor-top-section elementor-element elementor-element-506e2c6 elementor-section-boxed elementor-section-height-default elementor-section-height-default\" data-id=\"506e2c6\" data-element_type=\"section\" data-settings=\"{&quot;background_background&quot;:&quot;classic&quot;}\">\n\t\t\t\t\t\t<div class=\"elementor-container elementor-column-gap-default\">\n\t\t\t\t\t<div class=\"elementor-column elementor-col-100 elementor-top-column elementor-element elementor-element-6fe8f17\" data-id=\"6fe8f17\" data-element_type=\"column\">\n\t\t\t<div class=\"elementor-widget-wrap elementor-element-populated\">\n\t\t\t\t\t\t<div class=\"elementor-element elementor-element-9224895 elementor-widget__width-initial elementor-align-justify elementor-widget elementor-widget-button\" data-id=\"9224895\" data-element_type=\"widget\" data-widget_type=\"button.default\">\n\t\t\t\t<div class=\"elementor-widget-container\">\n\t\t\t\t\t\t\t\t\t<div class=\"elementor-button-wrapper\">\n\t\t\t\t\t<a class=\"elementor-button elementor-button-link elementor-size-xs\" href=\"https:\/\/www.xsights.co.uk\/en\/ask-for-a-proposal\/\">\n\t\t\t\t\t\t<span class=\"elementor-button-content-wrapper\">\n\t\t\t\t\t\t\t\t\t<span class=\"elementor-button-text\">Ask For a Proposal<\/span>\n\t\t\t\t\t<\/span>\n\t\t\t\t\t<\/a>\n\t\t\t\t<\/div>\n\t\t\t\t\t\t\t\t<\/div>\n\t\t\t\t<\/div>\n\t\t\t\t<div class=\"elementor-element elementor-element-9868eac elementor-widget__width-initial elementor-align-justify elementor-widget elementor-widget-button\" data-id=\"9868eac\" data-element_type=\"widget\" data-widget_type=\"button.default\">\n\t\t\t\t<div class=\"elementor-widget-container\">\n\t\t\t\t\t\t\t\t\t<div class=\"elementor-button-wrapper\">\n\t\t\t\t\t<a class=\"elementor-button elementor-button-link elementor-size-xs\" href=\"https:\/\/www.xsights.co.uk\/en\/contact-us\/\">\n\t\t\t\t\t\t<span class=\"elementor-button-content-wrapper\">\n\t\t\t\t\t\t\t\t\t<span class=\"elementor-button-text\">Contact Us<\/span>\n\t\t\t\t\t<\/span>\n\t\t\t\t\t<\/a>\n\t\t\t\t<\/div>\n\t\t\t\t\t\t\t\t<\/div>\n\t\t\t\t<\/div>\n\t\t\t\t\t<\/div>\n\t\t<\/div>\n\t\t\t\t\t<\/div>\n\t\t<\/section>\n\t\t\t\t<section class=\"elementor-section elementor-top-section elementor-element elementor-element-1b5666c elementor-section-boxed elementor-section-height-default elementor-section-height-default\" data-id=\"1b5666c\" data-element_type=\"section\">\n\t\t\t\t\t\t<div class=\"elementor-container elementor-column-gap-default\">\n\t\t\t\t\t<div class=\"elementor-column elementor-col-100 elementor-top-column elementor-element elementor-element-d7582fc\" data-id=\"d7582fc\" data-element_type=\"column\">\n\t\t\t<div class=\"elementor-widget-wrap elementor-element-populated\">\n\t\t\t\t\t\t<div class=\"elementor-element elementor-element-2a4f0a5 elementor-widget elementor-widget-spacer\" data-id=\"2a4f0a5\" data-element_type=\"widget\" data-widget_type=\"spacer.default\">\n\t\t\t\t<div class=\"elementor-widget-container\">\n\t\t\t\t\t\t\t<div class=\"elementor-spacer\">\n\t\t\t<div class=\"elementor-spacer-inner\"><\/div>\n\t\t<\/div>\n\t\t\t\t\t\t<\/div>\n\t\t\t\t<\/div>\n\t\t\t\t<div class=\"elementor-element elementor-element-3b66fb0 elementor-widget elementor-widget-text-editor\" data-id=\"3b66fb0\" data-element_type=\"widget\" data-widget_type=\"text-editor.default\">\n\t\t\t\t<div class=\"elementor-widget-container\">\n\t\t\t\t\t\t\t\t\t<h4><span style=\"color: #69d2c8;\"><strong>New Product Testing<\/strong><\/span><\/h4><p>Innovation is one of the key drivers for our clients. New product testing minimizes the risk associated with a new product while maximizing its uptake among consumers. XSIGHTS uses home tests and diaries for New Product Testing and is very careful in choosing the right-profile consumers. For more information, <a href=\"https:\/\/www.xsights.co.uk\/en\/contact-us\/\"><strong>please contact us.<\/strong><\/a><\/p>\t\t\t\t\t\t\t\t<\/div>\n\t\t\t\t<\/div>\n\t\t\t\t<div class=\"elementor-element elementor-element-3fb2a52 elementor-widget elementor-widget-text-editor\" data-id=\"3fb2a52\" data-element_type=\"widget\" data-widget_type=\"text-editor.default\">\n\t\t\t\t<div class=\"elementor-widget-container\">\n\t\t\t\t\t\t\t\t\t<h4><span style=\"color: #69d2c8;\"><strong>Taste Tests<\/strong><\/span><\/h4><p>New sensations is a great way to appeal to customers. XSIGHTS is very experienced in performing monodic or sequential monadic taste tests in a studio environment. XSIGHTS uses its own protocol for taste tastes. If you are interested in more information about our Taste Tests,\u00a0<a href=\"https:\/\/www.xsights.co.uk\/en\/contact-us\/\"><strong>please contact us.<\/strong><\/a><\/p>\t\t\t\t\t\t\t\t<\/div>\n\t\t\t\t<\/div>\n\t\t\t\t<div class=\"elementor-element elementor-element-803c13d elementor-widget elementor-widget-text-editor\" data-id=\"803c13d\" data-element_type=\"widget\" data-widget_type=\"text-editor.default\">\n\t\t\t\t<div class=\"elementor-widget-container\">\n\t\t\t\t\t\t\t\t\t<h4><span style=\"color: #69d2c8;\"><strong>Packaging Testing<\/strong><\/span><\/h4><p>XSIGHTS supports its customers to identify the right package for the right product. XSIGHTS uses online surveys, home placements, studio testing as well as focus group discussions and ethnographic research in order to ensure packaging design is effective and makes a difference in product selection. For more information, <a href=\"https:\/\/www.xsights.co.uk\/en\/contact-us\/\"><strong>please contact us.<\/strong><\/a><\/p>\t\t\t\t\t\t\t\t<\/div>\n\t\t\t\t<\/div>\n\t\t\t\t<div class=\"elementor-element elementor-element-a975a49 elementor-widget elementor-widget-text-editor\" data-id=\"a975a49\" data-element_type=\"widget\" data-widget_type=\"text-editor.default\">\n\t\t\t\t<div class=\"elementor-widget-container\">\n\t\t\t\t\t\t\t\t\t<h4><span style=\"color: #69d2c8;\"><strong>Concept Testing<\/strong><\/span><\/h4><p>New ideas are more likely to turn into successful business ventures when first tested among the target consumers. XSIGHTS uses focus group discussions, projective techniques and role play to test new concepts.This allows concepts to be enriched with consumer perspectives. XSIGHTS uses its own 3C Model to test new concepts. For more information, <a href=\"https:\/\/www.xsights.co.uk\/en\/contact-us\/\"><strong>please contact us.<\/strong><\/a><\/p>\t\t\t\t\t\t\t\t<\/div>\n\t\t\t\t<\/div>\n\t\t\t\t<div class=\"elementor-element elementor-element-f51d19e elementor-widget elementor-widget-text-editor\" data-id=\"f51d19e\" data-element_type=\"widget\" data-widget_type=\"text-editor.default\">\n\t\t\t\t<div class=\"elementor-widget-container\">\n\t\t\t\t\t\t\t\t\t<h4><span style=\"color: #69d2c8;\"><strong>Name Testing<\/strong><\/span><\/h4><p>XSIGHTS ensures that its clients start their branding journey one step ahead of their competitors by testing the suggested names for new companies, brands or products and determining the one that hits the mark. For more information, <a href=\"https:\/\/www.xsights.co.uk\/en\/contact-us\/\"><strong>please contact us.<\/strong><\/a><\/p>\t\t\t\t\t\t\t\t<\/div>\n\t\t\t\t<\/div>\n\t\t\t\t<div class=\"elementor-element elementor-element-199bb8e elementor-widget elementor-widget-text-editor\" data-id=\"199bb8e\" data-element_type=\"widget\" data-widget_type=\"text-editor.default\">\n\t\t\t\t<div class=\"elementor-widget-container\">\n\t\t\t\t\t\t\t\t\t<h4><span style=\"color: #69d2c8;\"><strong>Celebrity Testing<\/strong><\/span><\/h4><p>It may be a daunting experience to choose the right celebrity or ambassador to represent your brand. XSIGHTS conducts Celebrity Testing among the key consumers via online surveys. Alternative celebrities are rated based on their suitability, their compatibility to the brand as well as their impact on purchase. For more information, <a href=\"https:\/\/www.xsights.co.uk\/en\/contact-us\/\"><strong>please contact us.<\/strong><\/a><\/p>\t\t\t\t\t\t\t\t<\/div>\n\t\t\t\t<\/div>\n\t\t\t\t<div class=\"elementor-element elementor-element-2cfaa27 elementor-widget elementor-widget-text-editor\" data-id=\"2cfaa27\" data-element_type=\"widget\" data-widget_type=\"text-editor.default\">\n\t\t\t\t<div class=\"elementor-widget-container\">\n\t\t\t\t\t\t\t\t\t<h4><span style=\"color: #69d2c8;\"><strong>User Experience (UX)<\/strong><\/span><\/h4><p>User Experience has become a must,\u00a0 especially for e-commerce. XSIGHTS employs experienced UX\u00a0 specialists to come up with useful suggestions to maximize the interface experience of a website, ATM machine or mobile application. For more information, <a href=\"https:\/\/www.xsights.co.uk\/en\/contact-us\/\"><strong>please contact us.<\/strong><\/a><\/p>\t\t\t\t\t\t\t\t<\/div>\n\t\t\t\t<\/div>\n\t\t\t\t<div class=\"elementor-element elementor-element-2035fd3 elementor-widget elementor-widget-text-editor\" data-id=\"2035fd3\" data-element_type=\"widget\" data-widget_type=\"text-editor.default\">\n\t\t\t\t<div class=\"elementor-widget-container\">\n\t\t\t\t\t\t\t\t\t<h4><span style=\"color: #69d2c8;\"><strong>Car Clinics<\/strong><\/span><\/h4><p>XSIGHTS has extensive experience working in the automotive industry,\u00a0through Car Clinics. Car clinics are excellent and unique occasions during which drivers get an opportunity to test new features of a vehicle. These clinics are set in large studios to which drivers are invited to give feedback about both the interior and exterior features of each\u00a0 vehicle. For more information, <a href=\"https:\/\/www.xsights.co.uk\/en\/contact-us\/\"><strong>please contact us.<\/strong><\/a><\/p>\t\t\t\t\t\t\t\t<\/div>\n\t\t\t\t<\/div>\n\t\t\t\t<div class=\"elementor-element elementor-element-1d15e0b elementor-widget elementor-widget-spacer\" data-id=\"1d15e0b\" data-element_type=\"widget\" data-widget_type=\"spacer.default\">\n\t\t\t\t<div class=\"elementor-widget-container\">\n\t\t\t\t\t\t\t<div class=\"elementor-spacer\">\n\t\t\t<div class=\"elementor-spacer-inner\"><\/div>\n\t\t<\/div>\n\t\t\t\t\t\t<\/div>\n\t\t\t\t<\/div>\n\t\t\t\t<section class=\"elementor-section elementor-inner-section elementor-element elementor-element-014f96c elementor-section-boxed elementor-section-height-default elementor-section-height-default\" data-id=\"014f96c\" data-element_type=\"section\">\n\t\t\t\t\t\t<div class=\"elementor-container elementor-column-gap-default\">\n\t\t\t\t\t<div class=\"elementor-column elementor-col-100 elementor-inner-column elementor-element elementor-element-2d32032\" data-id=\"2d32032\" data-element_type=\"column\" data-settings=\"{&quot;background_background&quot;:&quot;classic&quot;}\">\n\t\t\t<div class=\"elementor-widget-wrap elementor-element-populated\">\n\t\t\t\t\t\t<div class=\"elementor-element elementor-element-fe36f3a elementor-widget elementor-widget-heading\" data-id=\"fe36f3a\" data-element_type=\"widget\" data-widget_type=\"heading.default\">\n\t\t\t\t<div class=\"elementor-widget-container\">\n\t\t\t\t\t<h2 class=\"elementor-heading-title elementor-size-default\">Request a Call Back<\/h2>\t\t\t\t<\/div>\n\t\t\t\t<\/div>\n\t\t\t\t<div class=\"elementor-element elementor-element-d686620 elementor-widget elementor-widget-shortcode\" data-id=\"d686620\" data-element_type=\"widget\" data-widget_type=\"shortcode.default\">\n\t\t\t\t<div class=\"elementor-widget-container\">\n\t\t\t\t\t\t\t<div class=\"elementor-shortcode\"><div class='fluentform ff-default fluentform_wrapper_10 ffs_modern_l_wrap'><form data-form_id=\"10\" id=\"fluentform_10\" class=\"frm-fluent-form fluent_form_10 ff-el-form-top ff_form_instance_10_1 ff-form-loading ffs_modern_l\" data-form_instance=\"ff_form_instance_10_1\" method=\"POST\" ><fieldset  style=\"border: none!important;margin: 0!important;padding: 0!important;background-color: transparent!important;box-shadow: none!important;outline: none!important; min-inline-size: 100%;\">\n                    <legend class=\"ff_screen_reader_title\" style=\"display: block; margin: 0!important;padding: 0!important;height: 0!important;text-indent: -999999px;width: 0!important;overflow:hidden;\">M\u00fc\u015fteri Deneyimi Sayfas\u0131 Formu (EN)<\/legend><input type='hidden' name='__fluent_form_embded_post_id' value='3441' \/><input type=\"hidden\" id=\"_fluentform_10_fluentformnonce\" name=\"_fluentform_10_fluentformnonce\" value=\"5203949bfb\" \/><input type=\"hidden\" name=\"_wp_http_referer\" value=\"\/en\/wp-json\/wp\/v2\/pages\/3441\" \/><div data-name=\"ff_cn_id_1\"  class='ff-t-container ff-column-container ff_columns_total_2  '><div class='ff-t-cell ff-t-column-1' style='flex-basis: 50%;'><div data-type=\"name-element\" data-name=\"ad_ve_soyad\" class=\" ff-field_container ff-name-field-wrapper\" ><div class='ff-t-container'><div class='ff-t-cell '><div class='ff-el-group ff-el-form-top'><div class=\"ff-el-input--label ff-el-is-required asterisk-right\"><label for='ff_10_ad_ve_soyad_first_name_' >Name &amp; Lastname<\/label><\/div><div class='ff-el-input--content'><input type=\"text\" name=\"ad_ve_soyad[first_name]\" id=\"ff_10_ad_ve_soyad_first_name_\" class=\"ff-el-form-control\" aria-invalid=\"false\" aria-required=true><\/div><\/div><\/div><\/div><\/div><\/div><div class='ff-t-cell ff-t-column-2' style='flex-basis: 50%;'><div class='ff-el-group'><div class=\"ff-el-input--label ff-el-is-required asterisk-right\"><label for='ff_10_kurumunuzun_unvani' aria-label=\"Company\">Company<\/label><\/div><div class='ff-el-input--content'><input type=\"text\" name=\"kurumunuzun_unvani\" class=\"ff-el-form-control\" data-name=\"kurumunuzun_unvani\" id=\"ff_10_kurumunuzun_unvani\"  aria-invalid=\"false\" aria-required=true><\/div><\/div><\/div><\/div><div data-name=\"ff_cn_id_2\"  class='ff-t-container ff-column-container ff_columns_total_2  '><div class='ff-t-cell ff-t-column-1' style='flex-basis: 50%;'><div class='ff-el-group'><div class=\"ff-el-input--label ff-el-is-required asterisk-right\"><label for='ff_10_telefon_numaraniz_1' aria-label=\"Phone Number\">Phone Number<\/label><\/div><div class='ff-el-input--content'><input name=\"telefon_numaraniz_1\" class=\"ff-el-form-control ff-el-phone ff_el_with_extended_validation\" type=\"tel\" data-name=\"telefon_numaraniz_1\" id=\"ff_10_telefon_numaraniz_1\" inputmode=\"tel\"  aria-invalid='false' aria-required=true><\/div><\/div><\/div><div class='ff-t-cell ff-t-column-2' style='flex-basis: 50%;'><div class='ff-el-group'><div class=\"ff-el-input--label ff-el-is-required asterisk-right\"><label for='ff_10_email' aria-label=\"Email\">Email<\/label><\/div><div class='ff-el-input--content'><input type=\"email\" name=\"email\" id=\"ff_10_email\" class=\"ff-el-form-control\" data-name=\"email\"  aria-invalid=\"false\" aria-required=true><\/div><\/div><\/div><\/div><div class='ff-el-group ' ><div class='ff-el-input--content'><div data-fluent_id='10' name='g-recaptcha-response'><div\n\t\tdata-sitekey='6LeCN5kkAAAAAD2zFULIiehyPu4P_Dj32EWWONmZ'\n\t\tid='fluentform-recaptcha-10-1'\n\t\tclass='ff-el-recaptcha g-recaptcha'\n\t\tdata-callback='fluentFormrecaptchaSuccessCallback'><\/div><\/div><\/div><\/div><div class='ff-el-group  ff-custom_html ff-hidden loader-wrapper' tabindex='-1' data-name=\"custom_html-10_1\" ><div class=\"lds-ripple\">\n<div>\u00a0<\/div>\n<div>\u00a0<\/div>\n<div>\u00a0<\/div>\n<div>\u00a0<\/div>\n<\/div><\/div><div class='ff-el-group ff-text-left ff_submit_btn_wrapper'><button type=\"submit\" class=\"ff-btn ff-btn-submit ff-btn-lg ff_btn_style wpf_has_custom_css\" >Send Form<\/button><\/div><\/fieldset><\/form><div id='fluentform_10_errors' class='ff-errors-in-stack ff_form_instance_10_1 ff-form-loading_errors ff_form_instance_10_1_errors'><\/div><\/div>        <script type=\"text\/javascript\">\n            window.fluent_form_ff_form_instance_10_1 = {\"id\":\"10\",\"settings\":{\"layout\":{\"labelPlacement\":\"top\",\"helpMessagePlacement\":\"with_label\",\"errorMessagePlacement\":\"inline\",\"cssClassName\":\"\",\"asteriskPlacement\":\"asterisk-right\"},\"restrictions\":{\"denyEmptySubmission\":{\"enabled\":false}}},\"form_instance\":\"ff_form_instance_10_1\",\"form_id_selector\":\"fluentform_10\",\"rules\":{\"ad_ve_soyad[first_name]\":{\"required\":{\"value\":true,\"message\":\"This field is required\",\"global_message\":\"This field is required\",\"global\":true}},\"ad_ve_soyad[middle_name]\":{\"required\":{\"value\":false,\"message\":\"This field is required\",\"global_message\":\"This field is required\",\"global\":true}},\"ad_ve_soyad[last_name]\":{\"required\":{\"value\":true,\"message\":\"Bu alan\\u0131n doldurulmas\\u0131 zorunludur.\",\"global_message\":\"This field is required\",\"global\":false}},\"kurumunuzun_unvani\":{\"required\":{\"value\":true,\"message\":\"This field is required\",\"global_message\":\"This field is required\",\"global\":true}},\"telefon_numaraniz_1\":{\"required\":{\"value\":true,\"global\":true,\"message\":\"This field is required\",\"global_message\":\"This field is required\"},\"valid_phone_number\":{\"value\":true,\"global\":true,\"message\":\"Phone number is not valid\",\"global_message\":\"Phone number is not valid\"}},\"email\":{\"required\":{\"value\":true,\"message\":\"This field is required\",\"global_message\":\"This field is required\",\"global\":true},\"email\":{\"value\":true,\"message\":\"This field must contain a valid email\",\"global_message\":\"This field must contain a valid email\",\"global\":true}},\"g-recaptcha-response\":[]},\"debounce_time\":300};\n                    <\/script>\n        <\/div>\n\t\t\t\t\t\t<\/div>\n\t\t\t\t<\/div>\n\t\t\t\t\t<\/div>\n\t\t<\/div>\n\t\t\t\t\t<\/div>\n\t\t<\/section>\n\t\t\t\t<div class=\"elementor-element elementor-element-6b2c897 elementor-widget elementor-widget-spacer\" data-id=\"6b2c897\" data-element_type=\"widget\" data-widget_type=\"spacer.default\">\n\t\t\t\t<div class=\"elementor-widget-container\">\n\t\t\t\t\t\t\t<div class=\"elementor-spacer\">\n\t\t\t<div class=\"elementor-spacer-inner\"><\/div>\n\t\t<\/div>\n\t\t\t\t\t\t<\/div>\n\t\t\t\t<\/div>\n\t\t\t\t\t<\/div>\n\t\t<\/div>\n\t\t\t\t\t<\/div>\n\t\t<\/section>\n\t\t\t\t<\/div>\n\t\t","protected":false},"excerpt":{"rendered":"<p>Ask For a Proposal Contact Us New Product Testing Innovation is one of the key drivers for our clients. New product testing minimizes the risk associated with a new product while maximizing its uptake among consumers. XSIGHTS uses home tests and diaries for New Product Testing and is very careful in choosing the right-profile consumers. [&hellip;]<\/p>\n","protected":false},"author":1,"featured_media":7551,"parent":3386,"menu_order":2,"comment_status":"closed","ping_status":"closed","template":"","meta":{"_acf_changed":false,"footnotes":""},"sayfa-kategorisi":[],"class_list":["post-3441","page","type-page","status-publish","has-post-thumbnail","hentry"],"acf":[],"_links":{"self":[{"href":"https:\/\/www.xsights.co.uk\/en\/wp-json\/wp\/v2\/pages\/3441","targetHints":{"allow":["GET"]}}],"collection":[{"href":"https:\/\/www.xsights.co.uk\/en\/wp-json\/wp\/v2\/pages"}],"about":[{"href":"https:\/\/www.xsights.co.uk\/en\/wp-json\/wp\/v2\/types\/page"}],"author":[{"embeddable":true,"href":"https:\/\/www.xsights.co.uk\/en\/wp-json\/wp\/v2\/users\/1"}],"replies":[{"embeddable":true,"href":"https:\/\/www.xsights.co.uk\/en\/wp-json\/wp\/v2\/comments?post=3441"}],"version-history":[{"count":7,"href":"https:\/\/www.xsights.co.uk\/en\/wp-json\/wp\/v2\/pages\/3441\/revisions"}],"predecessor-version":[{"id":11098,"href":"https:\/\/www.xsights.co.uk\/en\/wp-json\/wp\/v2\/pages\/3441\/revisions\/11098"}],"up":[{"embeddable":true,"href":"https:\/\/www.xsights.co.uk\/en\/wp-json\/wp\/v2\/pages\/3386"}],"wp:featuredmedia":[{"embeddable":true,"href":"https:\/\/www.xsights.co.uk\/en\/wp-json\/wp\/v2\/media\/7551"}],"wp:attachment":[{"href":"https:\/\/www.xsights.co.uk\/en\/wp-json\/wp\/v2\/media?parent=3441"}],"wp:term":[{"taxonomy":"sayfa-kategorisi","embeddable":true,"href":"https:\/\/www.xsights.co.uk\/en\/wp-json\/wp\/v2\/sayfa-kategorisi?post=3441"}],"curies":[{"name":"wp","href":"https:\/\/api.w.org\/{rel}","templated":true}]}}