{"id":9169,"date":"2023-05-02T21:08:12","date_gmt":"2023-05-02T18:08:12","guid":{"rendered":"https:\/\/www.xsights.co.uk\/ozel-sektor\/"},"modified":"2023-11-09T20:40:57","modified_gmt":"2023-11-09T17:40:57","slug":"private-sector","status":"publish","type":"page","link":"https:\/\/www.xsights.co.uk\/en\/our-work\/private-sector\/","title":{"rendered":"Private Sector"},"content":{"rendered":"\t\t<div data-elementor-type=\"wp-page\" data-elementor-id=\"9169\" class=\"elementor elementor-9169 elementor-9038\" data-elementor-post-type=\"page\">\n\t\t\t\t\t\t<section class=\"elementor-section elementor-top-section elementor-element elementor-element-b221d06 elementor-section-boxed elementor-section-height-default elementor-section-height-default\" data-id=\"b221d06\" data-element_type=\"section\">\n\t\t\t\t\t\t<div class=\"elementor-container elementor-column-gap-default\">\n\t\t\t\t\t<div class=\"elementor-column elementor-col-100 elementor-top-column elementor-element elementor-element-34c60f0\" data-id=\"34c60f0\" data-element_type=\"column\">\n\t\t\t<div class=\"elementor-widget-wrap elementor-element-populated\">\n\t\t\t\t\t\t<div class=\"elementor-element elementor-element-cd02069 elementor-widget elementor-widget-spacer\" data-id=\"cd02069\" data-element_type=\"widget\" data-widget_type=\"spacer.default\">\n\t\t\t\t<div class=\"elementor-widget-container\">\n\t\t\t\t\t\t\t<div class=\"elementor-spacer\">\n\t\t\t<div class=\"elementor-spacer-inner\"><\/div>\n\t\t<\/div>\n\t\t\t\t\t\t<\/div>\n\t\t\t\t<\/div>\n\t\t\t\t<div class=\"elementor-element elementor-element-af11e6a elementor-widget elementor-widget-ucaddon_posts_search_filter\" data-id=\"af11e6a\" data-element_type=\"widget\" data-widget_type=\"ucaddon_posts_search_filter.default\">\n\t\t\t\t<div class=\"elementor-widget-container\">\n\t\t\t\t\t\n<!-- start Search Filter -->\n\t\t<link id='font-awesome-css' href='https:\/\/www.xsights.co.uk\/wp-content\/plugins\/unlimited-elements-for-elementor-premium\/assets_libraries\/font-awesome6\/fontawesome-all.min.css' type='text\/css' rel='stylesheet' >\n\t\t<link id='font-awesome-4-shim-css' href='https:\/\/www.xsights.co.uk\/wp-content\/plugins\/unlimited-elements-for-elementor-premium\/assets_libraries\/font-awesome6\/fontawesome-v4-shims.min.css' type='text\/css' rel='stylesheet' >\n\n<style>\/* widget: Search Filter *\/\n\n#uc_posts_search_filter_elementor_af11e6a-wrapper\n{\n  display:flex;\n}\n\n#uc_posts_search_filter_elementor_af11e6a\n{\n  width:100%;\n}\n#uc_posts_search_filter_elementor_af11e6a .uc-search-filter__input\n{\n  width:100%;\n  flex-grow:1;\n}\n\n#uc_posts_search_filter_elementor_af11e6a .uc-search-filter-btn\n{\n  display:flex;\n  align-items:center;\n  flex-grow:0;\n  flex-shrink:0;\n}\n\n#uc_posts_search_filter_elementor_af11e6a .uc-search-filter-input-wrapper\n{\n  display:flex;\n  align-items:center;\n}\n\n\n#uc_posts_search_filter_elementor_af11e6a .uc-search-filter-btn .ue-btn-icon\n{\n  line-height:1em;\n}\n\n\n\n#uc_posts_search_filter_elementor_af11e6a .uc-search-filter-btn .ue-btn-icon svg\n{\n  height:1em;\n  width:1em;\n}\n\n#uc_posts_search_filter_elementor_af11e6a ::-webkit-input-placeholder { \/* Edge *\/\n  color: #7D7D7D;\n}\n\n#uc_posts_search_filter_elementor_af11e6a :-ms-input-placeholder { \/* Internet Explorer 10-11 *\/\n  color: #7D7D7D;\n}\n\n#uc_posts_search_filter_elementor_af11e6a ::placeholder {\n  color: #7D7D7D;\n}\n\n<\/style>\n\n<div class=\"uc-search-filter-wrapper\" id=\"uc_posts_search_filter_elementor_af11e6a-wrapper\" >\n<div id=\"uc_posts_search_filter_elementor_af11e6a\" class=\"uc-search-filter uc-grid-filter\" data-filtertype=\"search\"> \n  \n \t  \n  \t<div class=\"uc-search-filter-input-wrapper\">\n  \n    <input type=\"text\" class=\"uc-search-filter__input\" placeholder=\"Search\">\n  \t      \n    \t\n      \n    <\/div>\n  \n<\/div>\n<\/div>\n<!-- end Search Filter -->\t\t\t\t<\/div>\n\t\t\t\t<\/div>\n\t\t\t\t<div class=\"elementor-element elementor-element-3f3022b elementor-widget elementor-widget-spacer\" data-id=\"3f3022b\" data-element_type=\"widget\" data-widget_type=\"spacer.default\">\n\t\t\t\t<div class=\"elementor-widget-container\">\n\t\t\t\t\t\t\t<div class=\"elementor-spacer\">\n\t\t\t<div class=\"elementor-spacer-inner\"><\/div>\n\t\t<\/div>\n\t\t\t\t\t\t<\/div>\n\t\t\t\t<\/div>\n\t\t\t\t<div class=\"elementor-element elementor-element-827dea2 elementor-widget elementor-widget-ucaddon_post_blocks\" data-id=\"827dea2\" data-element_type=\"widget\" data-widget_type=\"ucaddon_post_blocks.default\">\n\t\t\t\t<div class=\"elementor-widget-container\">\n\t\t\t\t\t\n<!-- start Post Blocks -->\n\n<style>\/* widget: Post Blocks *\/\n\n#uc_post_blocks_elementor_827dea2 {\n    display:grid;\n}\n#uc_post_blocks_elementor_827dea2 .ue_post_blocks_box\n{\n  overflow:hidden;\n}\n\n#uc_post_blocks_elementor_827dea2 .ue_post_blocks_image\n{\n  overflow:hidden;\n}\n#uc_post_blocks_elementor_827dea2 .ue_post_blocks_image img\n{\n  object-fit: cover;\n  object-position:center center;\n  width:100%;\n  display:block;\n}\n#uc_post_blocks_elementor_827dea2 .ue_post_blocks_link a\n{\n  display:inline-block;\n  text-decoration:none;\n  text-align:center;\n}\n\n #uc_post_blocks_elementor_827dea2 .ue_post_blocks_box img\n{\n  transition:0.5s;\n}\n #uc_post_blocks_elementor_827dea2 .ue_post_blocks_box:hover img\n{\n  transform:scale(1.1,1.1);\n}\n\n\n\n\n#uc_post_blocks_elementor_827dea2 .ue-grid-item-meta-data\n{\n  display:inlin-flex;\n  flex-wrap: wrap;\n}\n\n.ue-grid-item-meta-data\n{\n  font-size:12px;\n}\n\n#uc_post_blocks_elementor_827dea2 .ue-grid-item-meta-data-icon\n{\n  line-height:1em;\n}\n\n#uc_post_blocks_elementor_827dea2 .ue-grid-item-meta-data-icon svg\n{\n  width:1em;\n  height:1em;\n}\n\n\n.ue-grid-item-category a\n{\n  display:inline-block;\n  font-size:10px;\n  text-transform:uppercase;\n}\n\n<\/style>\n\n<div id=\"uc_post_blocks_elementor_827dea2\" class=\"ue_post_blocks uc-items-wrapper uc-filterable-grid\"  data-ajax='true'  data-filterbehave='ajax'  querydata='{&quot;count_posts&quot;:5,&quot;total_posts&quot;:5,&quot;page&quot;:1,&quot;num_pages&quot;:1,&quot;orderby&quot;:&quot;title&quot;,&quot;orderdir&quot;:&quot;asc&quot;}'>\n    <div class=\"ue_post_blocks_box\">\n    <div class=\"ue_post_blocks_image\">\n    <a href=\"https:\/\/www.xsights.co.uk\/en\/works\/customer-experience-and-mystery-shopping\/\" style=\"display:block;\"><img fetchpriority=\"high\" decoding=\"async\" src=\"https:\/\/www.xsights.co.uk\/wp-content\/uploads\/2023\/11\/musteri-deneyimi-gizli-musteri-cover.jpg\"  src=\"https:\/\/www.xsights.co.uk\/wp-content\/uploads\/2023\/11\/musteri-deneyimi-gizli-musteri-cover.jpg\" alt=\"musteri-deneyimi-gizli-musteri-cover\" width=\"2160\" height=\"900\"><\/a>\n  <\/div>\n    <div class=\"ue_post_blocks_content\">\n      \n     \n         \n    <div class=\"ue_post_blocks_title\"><a href=\"https:\/\/www.xsights.co.uk\/en\/works\/customer-experience-and-mystery-shopping\/\">Customer Experience and Mystery Shopping<\/a><\/div>    \n        \n    \n    <div class=\"ue_post_blocks_text\">Parents and Students Satisfaction Surveys The private education sector is becoming more and more competitive...<\/div>    <div class=\"ue_post_blocks_link\"><a href=\"https:\/\/www.xsights.co.uk\/en\/works\/customer-experience-and-mystery-shopping\/\" class=\"\">Details<\/a><\/div>  <\/div>\n<\/div>\n<div class=\"ue_post_blocks_box\">\n    <div class=\"ue_post_blocks_image\">\n    <a href=\"https:\/\/www.xsights.co.uk\/en\/works\/market-entry-and-feasibility\/\" style=\"display:block;\"><img decoding=\"async\" src=\"https:\/\/www.xsights.co.uk\/wp-content\/uploads\/2023\/05\/pazara-giris-fizibilite.jpg\"  src=\"https:\/\/www.xsights.co.uk\/wp-content\/uploads\/2023\/05\/pazara-giris-fizibilite.jpg\" alt=\"pazara-giris-fizibilite\" width=\"2160\" height=\"900\"><\/a>\n  <\/div>\n    <div class=\"ue_post_blocks_content\">\n      \n     \n         \n    <div class=\"ue_post_blocks_title\"><a href=\"https:\/\/www.xsights.co.uk\/en\/works\/market-entry-and-feasibility\/\">Market Entry and Feasibility<\/a><\/div>    \n        \n    \n    <div class=\"ue_post_blocks_text\">Research on Sale of Washington Apples A British marketing company that represents several F&amp;B (Food...<\/div>    <div class=\"ue_post_blocks_link\"><a href=\"https:\/\/www.xsights.co.uk\/en\/works\/market-entry-and-feasibility\/\" class=\"\">Details<\/a><\/div>  <\/div>\n<\/div>\n<div class=\"ue_post_blocks_box\">\n    <div class=\"ue_post_blocks_image\">\n    <a href=\"https:\/\/www.xsights.co.uk\/en\/works\/marketing-and-communications\/\" style=\"display:block;\"><img decoding=\"async\" src=\"https:\/\/www.xsights.co.uk\/wp-content\/uploads\/2023\/05\/pazarlama-iletisim-cover.jpg\"  src=\"https:\/\/www.xsights.co.uk\/wp-content\/uploads\/2023\/05\/pazarlama-iletisim-cover.jpg\" alt=\"pazarlama-iletisim-cover\" width=\"2160\" height=\"900\"><\/a>\n  <\/div>\n    <div class=\"ue_post_blocks_content\">\n      \n     \n         \n    <div class=\"ue_post_blocks_title\"><a href=\"https:\/\/www.xsights.co.uk\/en\/works\/marketing-and-communications\/\">Marketing and Communications<\/a><\/div>    \n        \n    \n    <div class=\"ue_post_blocks_text\">Brand Perception and Positioning Study A lead Japanese copier and printer company commissioned XSIGHTS...<\/div>    <div class=\"ue_post_blocks_link\"><a href=\"https:\/\/www.xsights.co.uk\/en\/works\/marketing-and-communications\/\" class=\"\">Details<\/a><\/div>  <\/div>\n<\/div>\n<div class=\"ue_post_blocks_box\">\n    <div class=\"ue_post_blocks_image\">\n    <a href=\"https:\/\/www.xsights.co.uk\/en\/works\/pharma-performance-assessments\/\" style=\"display:block;\"><img loading=\"lazy\" decoding=\"async\" src=\"https:\/\/www.xsights.co.uk\/wp-content\/uploads\/2023\/05\/pharma-performans-arastirmalari.jpg\"  src=\"https:\/\/www.xsights.co.uk\/wp-content\/uploads\/2023\/05\/pharma-performans-arastirmalari.jpg\" alt=\"pharma-performans-arastirmalari\" width=\"2160\" height=\"900\"><\/a>\n  <\/div>\n    <div class=\"ue_post_blocks_content\">\n      \n     \n         \n    <div class=\"ue_post_blocks_title\"><a href=\"https:\/\/www.xsights.co.uk\/en\/works\/pharma-performance-assessments\/\">Pharma Performance Assessments \u00a0<\/a><\/div>    \n        \n    \n    <div class=\"ue_post_blocks_text\">OTC Positioning Prior to market entry, XSIGHTS was commissioned to carry out a survey on the over-the-counter...<\/div>    <div class=\"ue_post_blocks_link\"><a href=\"https:\/\/www.xsights.co.uk\/en\/works\/pharma-performance-assessments\/\" class=\"\">Details<\/a><\/div>  <\/div>\n<\/div>\n<div class=\"ue_post_blocks_box\">\n    <div class=\"ue_post_blocks_image\">\n    <a href=\"https:\/\/www.xsights.co.uk\/en\/works\/product-and-service-design\/\" style=\"display:block;\"><img loading=\"lazy\" decoding=\"async\" src=\"https:\/\/www.xsights.co.uk\/wp-content\/uploads\/2023\/05\/urun-hizmet-inovasyonu.jpg\"  src=\"https:\/\/www.xsights.co.uk\/wp-content\/uploads\/2023\/05\/urun-hizmet-inovasyonu.jpg\" alt=\"urun-hizmet-inovasyonu\" width=\"2160\" height=\"900\"><\/a>\n  <\/div>\n    <div class=\"ue_post_blocks_content\">\n      \n     \n         \n    <div class=\"ue_post_blocks_title\"><a href=\"https:\/\/www.xsights.co.uk\/en\/works\/product-and-service-design\/\">Product and Service Design<\/a><\/div>    \n        \n    \n    <div class=\"ue_post_blocks_text\">Sensory Taste Tests with Children XSIGHTS routinely conducts taste tests with children for products such...<\/div>    <div class=\"ue_post_blocks_link\"><a href=\"https:\/\/www.xsights.co.uk\/en\/works\/product-and-service-design\/\" class=\"\">Details<\/a><\/div>  <\/div>\n<\/div>\n\n<\/div>\n<!-- end Post Blocks -->\t\t\t\t<\/div>\n\t\t\t\t<\/div>\n\t\t\t\t<div class=\"elementor-element elementor-element-c112b8f elementor-widget elementor-widget-spacer\" data-id=\"c112b8f\" data-element_type=\"widget\" data-widget_type=\"spacer.default\">\n\t\t\t\t<div class=\"elementor-widget-container\">\n\t\t\t\t\t\t\t<div class=\"elementor-spacer\">\n\t\t\t<div class=\"elementor-spacer-inner\"><\/div>\n\t\t<\/div>\n\t\t\t\t\t\t<\/div>\n\t\t\t\t<\/div>\n\t\t\t\t\t<\/div>\n\t\t<\/div>\n\t\t\t\t\t<\/div>\n\t\t<\/section>\n\t\t\t\t<\/div>\n\t\t","protected":false},"excerpt":{"rendered":"<p>M\u00fc\u015fteri Deneyimi ve Gizli M\u00fc\u015fteri M\u00fc\u015fteri Deneyiminde Pazar Ara\u015ft\u0131rmas\u0131 E\u011fitimi XSIGHTS, T\u00fcrk Hava Yollar\u0131 M\u00fc\u015fteri Deneyimi Ekibi&#8217;ne&#8230; Details Pazara Giri\u015f ve Fizibilite Ara\u015ft\u0131rmalar\u0131 Su Filtreleme Fizibilite Ara\u015ft\u0131rmas\u0131 Filtreleme, tarlalar\u0131 sulamak i\u00e7in \u00e7ok \u00f6nemlidir ve su kayna\u011f\u0131na&#8230; Details Pazarlama ve \u0130leti\u015fim Marka Alg\u0131s\u0131 ve Konumland\u0131rma \u00c7al\u0131\u015fmas\u0131 \u00d6nde gelen bir Japon fotokopi ve yaz\u0131c\u0131 \u015firketi, XSIGHTS&#8217;\u0131&#8230; Details [&hellip;]<\/p>\n","protected":false},"author":1,"featured_media":10006,"parent":3438,"menu_order":2,"comment_status":"closed","ping_status":"closed","template":"","meta":{"_acf_changed":false,"footnotes":""},"sayfa-kategorisi":[],"class_list":["post-9169","page","type-page","status-publish","has-post-thumbnail","hentry"],"acf":[],"_links":{"self":[{"href":"https:\/\/www.xsights.co.uk\/en\/wp-json\/wp\/v2\/pages\/9169","targetHints":{"allow":["GET"]}}],"collection":[{"href":"https:\/\/www.xsights.co.uk\/en\/wp-json\/wp\/v2\/pages"}],"about":[{"href":"https:\/\/www.xsights.co.uk\/en\/wp-json\/wp\/v2\/types\/page"}],"author":[{"embeddable":true,"href":"https:\/\/www.xsights.co.uk\/en\/wp-json\/wp\/v2\/users\/1"}],"replies":[{"embeddable":true,"href":"https:\/\/www.xsights.co.uk\/en\/wp-json\/wp\/v2\/comments?post=9169"}],"version-history":[{"count":0,"href":"https:\/\/www.xsights.co.uk\/en\/wp-json\/wp\/v2\/pages\/9169\/revisions"}],"up":[{"embeddable":true,"href":"https:\/\/www.xsights.co.uk\/en\/wp-json\/wp\/v2\/pages\/3438"}],"wp:featuredmedia":[{"embeddable":true,"href":"https:\/\/www.xsights.co.uk\/en\/wp-json\/wp\/v2\/media\/10006"}],"wp:attachment":[{"href":"https:\/\/www.xsights.co.uk\/en\/wp-json\/wp\/v2\/media?parent=9169"}],"wp:term":[{"taxonomy":"sayfa-kategorisi","embeddable":true,"href":"https:\/\/www.xsights.co.uk\/en\/wp-json\/wp\/v2\/sayfa-kategorisi?post=9169"}],"curies":[{"name":"wp","href":"https:\/\/api.w.org\/{rel}","templated":true}]}}