{"id":11123,"date":"2024-09-10T20:47:19","date_gmt":"2024-09-10T17:47:19","guid":{"rendered":"https:\/\/www.xsights.co.uk\/?page_id=11123"},"modified":"2025-05-21T18:37:19","modified_gmt":"2025-05-21T15:37:19","slug":"urun-testi","status":"publish","type":"page","link":"https:\/\/www.xsights.co.uk\/tr\/uzmanlik-alanlarimiz\/urun-testi\/","title":{"rendered":"\u00dcr\u00fcn Testi"},"content":{"rendered":"\n<h3 class=\"wp-block-heading\"><strong>Yeni \u00dcr\u00fcn Testi: Ba\u015far\u0131y\u0131 Garanti Alt\u0131na Al\u0131n<\/strong><\/h3>\n\n\n\n<p>Yeni bir \u00fcr\u00fcn geli\u015ftirmenin heyecan\u0131, beraberinde b\u00fcy\u00fck riskler de getirir. XSIGHTS, yeni \u00fcr\u00fcn\u00fcn\u00fcz\u00fcn piyasada nas\u0131l bir etki yarataca\u011f\u0131n\u0131 \u00f6nceden \u00f6l\u00e7menizi sa\u011flamaktad\u0131r. \u00dcr\u00fcn testi hizmetimizle, hedef kitlenizin tepkilerini daha lansman a\u015famas\u0131nda \u00f6\u011frenerek, stratejinizi en do\u011fru \u015fekilde \u015fekillendirmek m\u00fcmk\u00fcnd\u00fcr. Bu s\u00fcre\u00e7te, \u00fcr\u00fcn\u00fcn\u00fcz\u00fcn g\u00fc\u00e7l\u00fc ve zay\u0131f y\u00f6nlerini tespit ederek, lansman ba\u015far\u0131n\u0131z\u0131 art\u0131racak de\u011ferli geri bildirimler toplar\u0131z. \u0130\u015f d\u00fcnyas\u0131nda bir ad\u0131m \u00f6nde olmak i\u00e7in, \u00fcr\u00fcn\u00fcn\u00fcz\u00fcn performans\u0131n\u0131 bilimsel ve titiz y\u00f6ntemlerle test etmek kritik \u00f6neme sahiptir.<\/p>\n\n\n\t\t<div data-elementor-type=\"section\" data-elementor-id=\"11127\" class=\"elementor elementor-11127\" data-elementor-post-type=\"elementor_library\">\n\t\t\t\t\t<section class=\"elementor-section elementor-top-section elementor-element elementor-element-a8421f2 elementor-section-boxed elementor-section-height-default elementor-section-height-default\" data-id=\"a8421f2\" data-element_type=\"section\">\n\t\t\t\t\t\t<div class=\"elementor-container elementor-column-gap-default\">\n\t\t\t\t\t<div class=\"elementor-column elementor-col-100 elementor-top-column elementor-element elementor-element-c889dca\" data-id=\"c889dca\" data-element_type=\"column\">\n\t\t\t<div class=\"elementor-widget-wrap elementor-element-populated\">\n\t\t\t\t\t\t<section class=\"elementor-section elementor-inner-section elementor-element elementor-element-e7d8e63 elementor-section-boxed elementor-section-height-default elementor-section-height-default\" data-id=\"e7d8e63\" data-element_type=\"section\">\n\t\t\t\t\t\t<div class=\"elementor-container elementor-column-gap-default\">\n\t\t\t\t\t<div class=\"elementor-column elementor-col-100 elementor-inner-column elementor-element elementor-element-5980280\" data-id=\"5980280\" data-element_type=\"column\" data-settings=\"{&quot;background_background&quot;:&quot;classic&quot;}\">\n\t\t\t<div class=\"elementor-widget-wrap elementor-element-populated\">\n\t\t\t\t\t\t<div class=\"elementor-element elementor-element-44068bf elementor-widget elementor-widget-heading\" data-id=\"44068bf\" data-element_type=\"widget\" data-widget_type=\"heading.default\">\n\t\t\t\t<div class=\"elementor-widget-container\">\n\t\t\t\t\t<h2 class=\"elementor-heading-title elementor-size-default\">Sizi Arayal\u0131m<\/h2>\t\t\t\t<\/div>\n\t\t\t\t<\/div>\n\t\t\t\t<div class=\"elementor-element elementor-element-c24b19b elementor-widget elementor-widget-shortcode\" data-id=\"c24b19b\" data-element_type=\"widget\" data-widget_type=\"shortcode.default\">\n\t\t\t\t<div class=\"elementor-widget-container\">\n\t\t\t\t\t\t\t<div class=\"elementor-shortcode\"><div class='fluentform ff-default fluentform_wrapper_9 ffs_modern_l_wrap'><form data-form_id=\"9\" id=\"fluentform_9\" class=\"frm-fluent-form fluent_form_9 ff-el-form-top ff_form_instance_9_1 ff-form-loading ffs_modern_l\" data-form_instance=\"ff_form_instance_9_1\" method=\"POST\" ><fieldset  style=\"border: none!important;margin: 0!important;padding: 0!important;background-color: transparent!important;box-shadow: none!important;outline: none!important; min-inline-size: 100%;\">\n                    <legend class=\"ff_screen_reader_title\" style=\"display: block; margin: 0!important;padding: 0!important;height: 0!important;text-indent: -999999px;width: 0!important;overflow:hidden;\">M\u00fc\u015fteri Deneyimi Sayfas\u0131 Formu (TR)<\/legend><input type='hidden' name='__fluent_form_embded_post_id' value='11123' \/><input type=\"hidden\" id=\"_fluentform_9_fluentformnonce\" name=\"_fluentform_9_fluentformnonce\" value=\"97eaf5c791\" \/><input type=\"hidden\" name=\"_wp_http_referer\" value=\"\/tr\/wp-json\/wp\/v2\/pages\/11123\" \/><div data-name=\"ff_cn_id_1\"  class='ff-t-container ff-column-container ff_columns_total_2  '><div class='ff-t-cell ff-t-column-1' style='flex-basis: 50%;'><div data-type=\"name-element\" data-name=\"ad_ve_soyad\" class=\" ff-field_container ff-name-field-wrapper\" ><div class='ff-t-container'><div class='ff-t-cell '><div class='ff-el-group ff-el-form-top'><div class=\"ff-el-input--label ff-el-is-required asterisk-right\"><label for='ff_9_ad_ve_soyad_first_name_' >Ad\u0131n\u0131z ve Soyad\u0131n\u0131z<\/label><\/div><div class='ff-el-input--content'><input type=\"text\" name=\"ad_ve_soyad[first_name]\" id=\"ff_9_ad_ve_soyad_first_name_\" class=\"ff-el-form-control\" aria-invalid=\"false\" aria-required=true><\/div><\/div><\/div><\/div><\/div><\/div><div class='ff-t-cell ff-t-column-2' style='flex-basis: 50%;'><div class='ff-el-group'><div class=\"ff-el-input--label ff-el-is-required asterisk-right\"><label for='ff_9_kurumunuzun_unvani' aria-label=\"Firma\">Firma<\/label><\/div><div class='ff-el-input--content'><input type=\"text\" name=\"kurumunuzun_unvani\" class=\"ff-el-form-control\" data-name=\"kurumunuzun_unvani\" id=\"ff_9_kurumunuzun_unvani\"  aria-invalid=\"false\" aria-required=true><\/div><\/div><\/div><\/div><div data-name=\"ff_cn_id_2\"  class='ff-t-container ff-column-container ff_columns_total_2  '><div class='ff-t-cell ff-t-column-1' style='flex-basis: 50%;'><div class='ff-el-group'><div class=\"ff-el-input--label ff-el-is-required asterisk-right\"><label for='ff_9_telefon_numaraniz_1' aria-label=\"Telefon Numaran\u0131z\">Telefon Numaran\u0131z<\/label><\/div><div class='ff-el-input--content'><input name=\"telefon_numaraniz_1\" class=\"ff-el-form-control ff-el-phone ff_el_with_extended_validation\" type=\"tel\" data-name=\"telefon_numaraniz_1\" id=\"ff_9_telefon_numaraniz_1\" inputmode=\"tel\"  aria-invalid='false' aria-required=true><\/div><\/div><\/div><div class='ff-t-cell ff-t-column-2' style='flex-basis: 50%;'><div class='ff-el-group'><div class=\"ff-el-input--label ff-el-is-required asterisk-right\"><label for='ff_9_email' aria-label=\"Email Adresiniz\">Email Adresiniz<\/label><\/div><div class='ff-el-input--content'><input type=\"email\" name=\"email\" id=\"ff_9_email\" class=\"ff-el-form-control\" data-name=\"email\"  aria-invalid=\"false\" aria-required=true><\/div><\/div><\/div><\/div><div class='ff-el-group ' ><div class='ff-el-input--content'><div data-fluent_id='9' name='g-recaptcha-response'><div\n\t\tdata-sitekey='6LeCN5kkAAAAAD2zFULIiehyPu4P_Dj32EWWONmZ'\n\t\tid='fluentform-recaptcha-9-1'\n\t\tclass='ff-el-recaptcha g-recaptcha'\n\t\tdata-callback='fluentFormrecaptchaSuccessCallback'><\/div><\/div><\/div><\/div><div class='ff-el-group  ff-custom_html ff-hidden loader-wrapper' tabindex='-1' data-name=\"custom_html-9_1\" ><div class=\"lds-ripple\"><div><\/div><div><\/div><div><\/div><div><\/div><\/div><\/div><div class='ff-el-group ff-text-left ff_submit_btn_wrapper'><button type=\"submit\" class=\"ff-btn ff-btn-submit ff-btn-lg ff_btn_style wpf_has_custom_css\" >Formu G\u00f6nder<\/button><\/div><\/fieldset><\/form><div id='fluentform_9_errors' class='ff-errors-in-stack ff_form_instance_9_1 ff-form-loading_errors ff_form_instance_9_1_errors'><\/div><\/div>        <script type=\"text\/javascript\">\n            window.fluent_form_ff_form_instance_9_1 = {\"id\":\"9\",\"settings\":{\"layout\":{\"labelPlacement\":\"top\",\"helpMessagePlacement\":\"with_label\",\"errorMessagePlacement\":\"inline\",\"cssClassName\":\"\",\"asteriskPlacement\":\"asterisk-right\"},\"restrictions\":{\"denyEmptySubmission\":{\"enabled\":false}}},\"form_instance\":\"ff_form_instance_9_1\",\"form_id_selector\":\"fluentform_9\",\"rules\":{\"ad_ve_soyad[first_name]\":{\"required\":{\"value\":true,\"message\":\"Bu alan\\u0131n doldurulmas\\u0131 zorunludur.\",\"global_message\":\"This field is required\",\"global\":false}},\"ad_ve_soyad[middle_name]\":{\"required\":{\"value\":false,\"message\":\"This field is required\",\"global_message\":\"This field is required\",\"global\":true}},\"ad_ve_soyad[last_name]\":{\"required\":{\"value\":true,\"message\":\"Bu alan\\u0131n doldurulmas\\u0131 zorunludur.\",\"global_message\":\"This field is required\",\"global\":false}},\"kurumunuzun_unvani\":{\"required\":{\"value\":true,\"message\":\"Teklif iletilebilmesi i\\u00e7in bu alan\\u0131 doldurman\\u0131z gerekmektedir.\",\"global_message\":\"This field is required\",\"global\":false}},\"telefon_numaraniz_1\":{\"required\":{\"value\":true,\"global\":false,\"message\":\"Teklif detaylar\\u0131 ile ilgili ileti\\u015fime kurabilmemiz i\\u00e7in bu alan\\u0131 doldurman\\u0131z gerekmektedir.\",\"global_message\":\"This field is required\"},\"valid_phone_number\":{\"value\":true,\"global\":true,\"message\":\"Phone number is not valid\",\"global_message\":\"Phone number is not valid\"}},\"email\":{\"required\":{\"value\":true,\"message\":\"This field is required\",\"global_message\":\"This field is required\",\"global\":true},\"email\":{\"value\":true,\"message\":\"This field must contain a valid email\",\"global_message\":\"This field must contain a valid email\",\"global\":true}},\"g-recaptcha-response\":[]},\"debounce_time\":300};\n                    <\/script>\n        <\/div>\n\t\t\t\t\t\t<\/div>\n\t\t\t\t<\/div>\n\t\t\t\t\t<\/div>\n\t\t<\/div>\n\t\t\t\t\t<\/div>\n\t\t<\/section>\n\t\t\t\t\t<\/div>\n\t\t<\/div>\n\t\t\t\t\t<\/div>\n\t\t<\/section>\n\t\t\t\t<\/div>\n\t\t\n\n\n\n<h3 class=\"wp-block-heading\"><strong>\u00dcr\u00fcn Testinin \u00d6nemi ve Kapsam\u0131<\/strong><\/h3>\n\n\n\n<p>Yeni \u00fcr\u00fcn testi, sadece bir pazar ara\u015ft\u0131rmas\u0131 de\u011fil, \u00fcr\u00fcn\u00fcn\u00fcz\u00fcn ger\u00e7ek d\u00fcnya ko\u015fullar\u0131nda nas\u0131l bir performans g\u00f6sterece\u011fini \u00f6ng\u00f6rmenin en g\u00fcvenilir yoludur. XSIGHTS olarak, m\u00fc\u015fterilerimizin \u00fcr\u00fcnlerini potansiyel kullan\u0131c\u0131larla bulu\u015fturmak vas\u0131tas\u0131yla, onlar\u0131n do\u011fal tepkileri \u00f6l\u00e7\u00fclmektedir. Bu s\u00fcre\u00e7te, \u00fcr\u00fcn\u00fcn tasar\u0131m\u0131, fonksiyonelli\u011fi, fiyatland\u0131rmas\u0131 ve genel kullan\u0131c\u0131 deneyimi gibi kritik fakt\u00f6rler \u00fczerinde derinlemesine analizler yap\u0131lmaktad\u0131r. XSIGHTS, Kat\u0131l\u0131mc\u0131lar\u0131n geri bildirimlerini detayl\u0131 raporlar halinde sunarak, \u00fcr\u00fcn\u00fcn\u00fcz\u00fcn pazardaki rekabet g\u00fcc\u00fcn\u00fc art\u0131racak \u00f6nerilerde bulunmaktad\u0131r.<\/p>\n\n\n\n<p>\u00dcr\u00fcn testi, ayn\u0131 zamanda lansman \u00f6ncesinde yap\u0131lacak iyile\u015ftirmeler i\u00e7in de hayati bir rol oynamaktad\u0131r. \u00dcr\u00fcn\u00fcn\u00fcz\u00fcn sadece kullan\u0131c\u0131lar\u0131n beklentilerini kar\u015f\u0131lamas\u0131 de\u011fil, ayn\u0131 zamanda onlar\u0131 a\u015fmas\u0131 hedeflenmektedir. Bu s\u00fcre\u00e7te, farkl\u0131 demografik gruplar\u0131n \u00fcr\u00fcn\u00fcn\u00fczle nas\u0131l etkile\u015fim kurdu\u011funu analiz ederek, hedef kitlenizin geni\u015fli\u011fini art\u0131rmak m\u00fcmk\u00fcnd\u00fcr. Ayr\u0131ca, \u00fcr\u00fcn\u00fcn\u00fcz\u00fcn hangi pazarlarda ve hangi m\u00fc\u015fteri segmentlerinde daha g\u00fc\u00e7l\u00fc performans g\u00f6sterebilece\u011fini belirlemek i\u00e7in ayr\u0131nt\u0131l\u0131 segmentasyon analizler yap\u0131lmaktad\u0131r. B\u00f6ylece, \u00fcr\u00fcn\u00fcn\u00fcz\u00fcn her bir pazar diliminde en y\u00fcksek performans\u0131 g\u00f6stermesi i\u00e7in bir \u00f6ng\u00f6r\u00fc payla\u015f\u0131lmaktad\u0131r.<\/p>\n\n\n\n<p>\u00dcr\u00fcn testi s\u00fcreci, yaln\u0131zca \u00fcr\u00fcn\u00fcn kullan\u0131c\u0131 beklentilerini ne derece kar\u015f\u0131lad\u0131\u011f\u0131n\u0131 \u00f6l\u00e7mekle kalmaz, ayn\u0131 zamanda \u00fcr\u00fcn\u00fcn pazardaki benzersiz de\u011fer \u00f6nerisinin nas\u0131l alg\u0131land\u0131\u011f\u0131n\u0131 da anlamam\u0131za olanak tan\u0131maktad\u0131r. M\u00fc\u015fterilerinizin, \u00fcr\u00fcn\u00fcn\u00fcz\u00fc rakiplerinizin \u00fcr\u00fcnleriyle nas\u0131l k\u0131yaslad\u0131\u011f\u0131n\u0131 ve hangi \u00f6zelliklerin \u00f6ne \u00e7\u0131kt\u0131\u011f\u0131n\u0131 bilmek, pazarlama stratejinizi daha etkili bir \u015fekilde \u015fekillendirmenize yard\u0131mc\u0131 olmaktad\u0131r. Ayr\u0131ca, \u00fcr\u00fcn\u00fcn hangi \u00f6zelliklerinin kullan\u0131c\u0131 memnuniyetini art\u0131rd\u0131\u011f\u0131n\u0131 ve hangi y\u00f6nlerinin geli\u015ftirilmesi gerekti\u011fini belirlemek i\u00e7in kapsaml\u0131 memnuniyet \u00f6l\u00e7\u00fcmleri yap\u0131lmaktad\u0131r.<\/p>\n\n\n\n<h3 class=\"wp-block-heading\"><strong>XSIGHTS&#8217;\u0131n Avantajlar\u0131<\/strong><\/h3>\n\n\n\n<p>XSIGHT, yeni \u00fcr\u00fcn testi hizmetinde yaln\u0131zca veriler toplamakla kalmaz, bu verileri anlamland\u0131rarak stratejik kararlar alman\u0131za yard\u0131mc\u0131 olmaktad\u0131r. Geli\u015fmi\u015f analitik y\u00f6ntemler ve geni\u015f kat\u0131l\u0131mc\u0131 a\u011f\u0131m\u0131z sayesinde, \u00fcr\u00fcn\u00fcn\u00fcz\u00fcn piyasada nas\u0131l bir yer edinece\u011fine dair net ve g\u00fcvenilir bir \u00f6ng\u00f6r\u00fc sunmaktad\u0131r. Ayr\u0131ca, esnek ve m\u00fc\u015fteri odakl\u0131 yakla\u015f\u0131m\u0131m\u0131zla, test s\u00fcrecini tamamen sizin ihtiya\u00e7lar\u0131n\u0131za g\u00f6re \u00f6zelle\u015ftirmektedir. Bu sayede, \u00fcr\u00fcn\u00fcn\u00fcz\u00fcn ba\u015far\u0131ya ula\u015fmas\u0131 i\u00e7in gerekli t\u00fcm ad\u0131mlar\u0131 titizlikle planlam\u0131\u015f olursunuz. XSIGHTS ile \u00e7al\u0131\u015farak, piyasaya s\u00fcrd\u00fc\u011f\u00fcn\u00fcz her yeni \u00fcr\u00fcn\u00fcn arkas\u0131nda sa\u011flam ve bilimsel bir temel olmas\u0131n\u0131 sa\u011flars\u0131n\u0131z.<\/p>\n\n\n\n<h3 class=\"wp-block-heading\"><strong>Sonu\u00e7<\/strong><\/h3>\n\n\n\n<p>Yeni \u00fcr\u00fcn testi, bir \u00fcr\u00fcn\u00fcn ba\u015far\u0131s\u0131zl\u0131k riskini minimize etmenin ve piyasa ba\u015far\u0131s\u0131n\u0131 maksimize etmenin en etkin yoludur. XSIGHTS&#8217;\u0131n sundu\u011fu kapsaml\u0131 \u00fcr\u00fcn testi hizmeti sayesinde, hedef kitlenizin beklentilerini kar\u015f\u0131layacak, hatta a\u015facak bir \u00fcr\u00fcn sunma f\u0131rsat\u0131n\u0131 yakalay\u0131n. Bilimsel temelli analizlerimiz ve sekt\u00f6rel deneyimimizle, \u00fcr\u00fcn\u00fcn\u00fcz\u00fcn piyasada g\u00fc\u00e7l\u00fc bir yer edinmesini garanti alt\u0131na alabilirsiniz. \u00dcr\u00fcn lansman\u0131n\u0131z\u0131 g\u00fcvence alt\u0131na almak ve ba\u015far\u0131ya giden yolda sa\u011flam ad\u0131mlar atmak i\u00e7in XSIGHTS&#8217;\u0131n uzmanl\u0131\u011f\u0131na g\u00fcvenin.<\/p>\n\n\n\n<script src=\"https:\/\/js.hsforms.net\/forms\/embed\/49517809.js\" defer><\/script>\n<div class=\"hs-form-frame\" data-region=\"na1\" data-form-id=\"937881e2-bd6c-447c-a620-3a7e01bf514d\" data-portal-id=\"49517809\"><\/div>\n\n\n\n<p><\/p>\n","protected":false},"excerpt":{"rendered":"<p>Yeni \u00dcr\u00fcn Testi: Ba\u015far\u0131y\u0131 Garanti Alt\u0131na Al\u0131n Yeni bir \u00fcr\u00fcn geli\u015ftirmenin heyecan\u0131, beraberinde b\u00fcy\u00fck riskler de getirir. XSIGHTS, yeni \u00fcr\u00fcn\u00fcn\u00fcz\u00fcn piyasada nas\u0131l bir etki yarataca\u011f\u0131n\u0131 \u00f6nceden \u00f6l\u00e7menizi sa\u011flamaktad\u0131r. \u00dcr\u00fcn testi hizmetimizle, hedef kitlenizin tepkilerini daha lansman a\u015famas\u0131nda \u00f6\u011frenerek, stratejinizi en do\u011fru \u015fekilde \u015fekillendirmek m\u00fcmk\u00fcnd\u00fcr. Bu s\u00fcre\u00e7te, \u00fcr\u00fcn\u00fcn\u00fcz\u00fcn g\u00fc\u00e7l\u00fc ve zay\u0131f y\u00f6nlerini tespit ederek, lansman ba\u015far\u0131n\u0131z\u0131 [&hellip;]<\/p>\n","protected":false},"author":1,"featured_media":7552,"parent":8277,"menu_order":10,"comment_status":"closed","ping_status":"closed","template":"","meta":{"_acf_changed":false,"footnotes":""},"sayfa-kategorisi":[178],"class_list":["post-11123","page","type-page","status-publish","has-post-thumbnail","hentry","sayfa-kategorisi-inovasyon-ve-birlikte-yaratma"],"acf":[],"_links":{"self":[{"href":"https:\/\/www.xsights.co.uk\/tr\/wp-json\/wp\/v2\/pages\/11123","targetHints":{"allow":["GET"]}}],"collection":[{"href":"https:\/\/www.xsights.co.uk\/tr\/wp-json\/wp\/v2\/pages"}],"about":[{"href":"https:\/\/www.xsights.co.uk\/tr\/wp-json\/wp\/v2\/types\/page"}],"author":[{"embeddable":true,"href":"https:\/\/www.xsights.co.uk\/tr\/wp-json\/wp\/v2\/users\/1"}],"replies":[{"embeddable":true,"href":"https:\/\/www.xsights.co.uk\/tr\/wp-json\/wp\/v2\/comments?post=11123"}],"version-history":[{"count":4,"href":"https:\/\/www.xsights.co.uk\/tr\/wp-json\/wp\/v2\/pages\/11123\/revisions"}],"predecessor-version":[{"id":12265,"href":"https:\/\/www.xsights.co.uk\/tr\/wp-json\/wp\/v2\/pages\/11123\/revisions\/12265"}],"up":[{"embeddable":true,"href":"https:\/\/www.xsights.co.uk\/tr\/wp-json\/wp\/v2\/pages\/8277"}],"wp:featuredmedia":[{"embeddable":true,"href":"https:\/\/www.xsights.co.uk\/tr\/wp-json\/wp\/v2\/media\/7552"}],"wp:attachment":[{"href":"https:\/\/www.xsights.co.uk\/tr\/wp-json\/wp\/v2\/media?parent=11123"}],"wp:term":[{"taxonomy":"sayfa-kategorisi","embeddable":true,"href":"https:\/\/www.xsights.co.uk\/tr\/wp-json\/wp\/v2\/sayfa-kategorisi?post=11123"}],"curies":[{"name":"wp","href":"https:\/\/api.w.org\/{rel}","templated":true}]}}