{"id":11141,"date":"2024-09-10T21:03:54","date_gmt":"2024-09-10T18:03:54","guid":{"rendered":"https:\/\/www.xsights.co.uk\/?page_id=11141"},"modified":"2025-05-21T18:37:28","modified_gmt":"2025-05-21T15:37:28","slug":"unlu-testi","status":"publish","type":"page","link":"https:\/\/www.xsights.co.uk\/tr\/uzmanlik-alanlarimiz\/unlu-testi\/","title":{"rendered":"\u00dcnl\u00fc Testi"},"content":{"rendered":"\n<h3 class=\"wp-block-heading\"><strong>\u00dcnl\u00fc Testi: Do\u011fru Marka El\u00e7isini Bulun<\/strong><\/h3>\n\n\n\n<p>Markan\u0131z\u0131 temsil edecek \u00fcnl\u00fc veya influencer se\u00e7imi, t\u00fcketicilerle kuraca\u011f\u0131n\u0131z ba\u011f\u0131n g\u00fcc\u00fcn\u00fc belirlemektedir. XSIGHTS, \u00fcnl\u00fc testi \u00e7\u00f6z\u00fcm\u00fc ile markan\u0131z i\u00e7in en uygun \u00fcnl\u00fcy\u00fc veya influencer&#8217;\u0131 bulman\u0131za yard\u0131mc\u0131 olmaktad\u0131r. \u00dcnl\u00fc testi, markan\u0131z\u0131n de\u011ferleri ile uyumlu, hedef kitlenizin dikkatini \u00e7ekecek ve onlarla duygusal bir ba\u011f kuracak ki\u015fi veya ki\u015filerle \u00e7al\u0131\u015fman\u0131z\u0131 sa\u011flamaktad\u0131r. XSIGHTS ile, markan\u0131z\u0131 en do\u011fru \u015fekilde temsil edecek y\u00fcz\u00fc belirleyin ve kampanyalar\u0131n\u0131z\u0131 ba\u015far\u0131ya ta\u015f\u0131y\u0131n.<\/p>\n\n\n\t\t<div data-elementor-type=\"section\" data-elementor-id=\"11127\" class=\"elementor elementor-11127\" data-elementor-post-type=\"elementor_library\">\n\t\t\t\t\t<section class=\"elementor-section elementor-top-section elementor-element elementor-element-a8421f2 elementor-section-boxed elementor-section-height-default elementor-section-height-default\" data-id=\"a8421f2\" data-element_type=\"section\">\n\t\t\t\t\t\t<div class=\"elementor-container elementor-column-gap-default\">\n\t\t\t\t\t<div class=\"elementor-column elementor-col-100 elementor-top-column elementor-element elementor-element-c889dca\" data-id=\"c889dca\" data-element_type=\"column\">\n\t\t\t<div class=\"elementor-widget-wrap elementor-element-populated\">\n\t\t\t\t\t\t<section class=\"elementor-section elementor-inner-section elementor-element elementor-element-e7d8e63 elementor-section-boxed elementor-section-height-default elementor-section-height-default\" data-id=\"e7d8e63\" data-element_type=\"section\">\n\t\t\t\t\t\t<div class=\"elementor-container elementor-column-gap-default\">\n\t\t\t\t\t<div class=\"elementor-column elementor-col-100 elementor-inner-column elementor-element elementor-element-5980280\" data-id=\"5980280\" data-element_type=\"column\" data-settings=\"{&quot;background_background&quot;:&quot;classic&quot;}\">\n\t\t\t<div class=\"elementor-widget-wrap elementor-element-populated\">\n\t\t\t\t\t\t<div class=\"elementor-element elementor-element-44068bf elementor-widget elementor-widget-heading\" data-id=\"44068bf\" data-element_type=\"widget\" data-widget_type=\"heading.default\">\n\t\t\t\t<div class=\"elementor-widget-container\">\n\t\t\t\t\t<h2 class=\"elementor-heading-title elementor-size-default\">Sizi Arayal\u0131m<\/h2>\t\t\t\t<\/div>\n\t\t\t\t<\/div>\n\t\t\t\t<div class=\"elementor-element elementor-element-c24b19b elementor-widget elementor-widget-shortcode\" data-id=\"c24b19b\" data-element_type=\"widget\" data-widget_type=\"shortcode.default\">\n\t\t\t\t<div class=\"elementor-widget-container\">\n\t\t\t\t\t\t\t<div class=\"elementor-shortcode\"><div class='fluentform ff-default fluentform_wrapper_9 ffs_modern_l_wrap'><form data-form_id=\"9\" id=\"fluentform_9\" class=\"frm-fluent-form fluent_form_9 ff-el-form-top ff_form_instance_9_1 ff-form-loading ffs_modern_l\" data-form_instance=\"ff_form_instance_9_1\" method=\"POST\" ><fieldset  style=\"border: none!important;margin: 0!important;padding: 0!important;background-color: transparent!important;box-shadow: none!important;outline: none!important; min-inline-size: 100%;\">\n                    <legend class=\"ff_screen_reader_title\" style=\"display: block; margin: 0!important;padding: 0!important;height: 0!important;text-indent: -999999px;width: 0!important;overflow:hidden;\">M\u00fc\u015fteri Deneyimi Sayfas\u0131 Formu (TR)<\/legend><input type='hidden' name='__fluent_form_embded_post_id' value='11141' \/><input type=\"hidden\" id=\"_fluentform_9_fluentformnonce\" name=\"_fluentform_9_fluentformnonce\" value=\"c17d75ca52\" \/><input type=\"hidden\" name=\"_wp_http_referer\" value=\"\/tr\/wp-json\/wp\/v2\/pages\/11141\" \/><div data-name=\"ff_cn_id_1\"  class='ff-t-container ff-column-container ff_columns_total_2  '><div class='ff-t-cell ff-t-column-1' style='flex-basis: 50%;'><div data-type=\"name-element\" data-name=\"ad_ve_soyad\" class=\" ff-field_container ff-name-field-wrapper\" ><div class='ff-t-container'><div class='ff-t-cell '><div class='ff-el-group ff-el-form-top'><div class=\"ff-el-input--label ff-el-is-required asterisk-right\"><label for='ff_9_ad_ve_soyad_first_name_' >Ad\u0131n\u0131z ve Soyad\u0131n\u0131z<\/label><\/div><div class='ff-el-input--content'><input type=\"text\" name=\"ad_ve_soyad[first_name]\" id=\"ff_9_ad_ve_soyad_first_name_\" class=\"ff-el-form-control\" aria-invalid=\"false\" aria-required=true><\/div><\/div><\/div><\/div><\/div><\/div><div class='ff-t-cell ff-t-column-2' style='flex-basis: 50%;'><div class='ff-el-group'><div class=\"ff-el-input--label ff-el-is-required asterisk-right\"><label for='ff_9_kurumunuzun_unvani' aria-label=\"Firma\">Firma<\/label><\/div><div class='ff-el-input--content'><input type=\"text\" name=\"kurumunuzun_unvani\" class=\"ff-el-form-control\" data-name=\"kurumunuzun_unvani\" id=\"ff_9_kurumunuzun_unvani\"  aria-invalid=\"false\" aria-required=true><\/div><\/div><\/div><\/div><div data-name=\"ff_cn_id_2\"  class='ff-t-container ff-column-container ff_columns_total_2  '><div class='ff-t-cell ff-t-column-1' style='flex-basis: 50%;'><div class='ff-el-group'><div class=\"ff-el-input--label ff-el-is-required asterisk-right\"><label for='ff_9_telefon_numaraniz_1' aria-label=\"Telefon Numaran\u0131z\">Telefon Numaran\u0131z<\/label><\/div><div class='ff-el-input--content'><input name=\"telefon_numaraniz_1\" class=\"ff-el-form-control ff-el-phone ff_el_with_extended_validation\" type=\"tel\" data-name=\"telefon_numaraniz_1\" id=\"ff_9_telefon_numaraniz_1\" inputmode=\"tel\"  aria-invalid='false' aria-required=true><\/div><\/div><\/div><div class='ff-t-cell ff-t-column-2' style='flex-basis: 50%;'><div class='ff-el-group'><div class=\"ff-el-input--label ff-el-is-required asterisk-right\"><label for='ff_9_email' aria-label=\"Email Adresiniz\">Email Adresiniz<\/label><\/div><div class='ff-el-input--content'><input type=\"email\" name=\"email\" id=\"ff_9_email\" class=\"ff-el-form-control\" data-name=\"email\"  aria-invalid=\"false\" aria-required=true><\/div><\/div><\/div><\/div><div class='ff-el-group ' ><div class='ff-el-input--content'><div data-fluent_id='9' name='g-recaptcha-response'><div\n\t\tdata-sitekey='6LeCN5kkAAAAAD2zFULIiehyPu4P_Dj32EWWONmZ'\n\t\tid='fluentform-recaptcha-9-1'\n\t\tclass='ff-el-recaptcha g-recaptcha'\n\t\tdata-callback='fluentFormrecaptchaSuccessCallback'><\/div><\/div><\/div><\/div><div class='ff-el-group  ff-custom_html ff-hidden loader-wrapper' tabindex='-1' data-name=\"custom_html-9_1\" ><div class=\"lds-ripple\"><div><\/div><div><\/div><div><\/div><div><\/div><\/div><\/div><div class='ff-el-group ff-text-left ff_submit_btn_wrapper'><button type=\"submit\" class=\"ff-btn ff-btn-submit ff-btn-lg ff_btn_style wpf_has_custom_css\" >Formu G\u00f6nder<\/button><\/div><\/fieldset><\/form><div id='fluentform_9_errors' class='ff-errors-in-stack ff_form_instance_9_1 ff-form-loading_errors ff_form_instance_9_1_errors'><\/div><\/div>        <script type=\"text\/javascript\">\n            window.fluent_form_ff_form_instance_9_1 = {\"id\":\"9\",\"settings\":{\"layout\":{\"labelPlacement\":\"top\",\"helpMessagePlacement\":\"with_label\",\"errorMessagePlacement\":\"inline\",\"cssClassName\":\"\",\"asteriskPlacement\":\"asterisk-right\"},\"restrictions\":{\"denyEmptySubmission\":{\"enabled\":false}}},\"form_instance\":\"ff_form_instance_9_1\",\"form_id_selector\":\"fluentform_9\",\"rules\":{\"ad_ve_soyad[first_name]\":{\"required\":{\"value\":true,\"message\":\"Bu alan\\u0131n doldurulmas\\u0131 zorunludur.\",\"global_message\":\"This field is required\",\"global\":false}},\"ad_ve_soyad[middle_name]\":{\"required\":{\"value\":false,\"message\":\"This field is required\",\"global_message\":\"This field is required\",\"global\":true}},\"ad_ve_soyad[last_name]\":{\"required\":{\"value\":true,\"message\":\"Bu alan\\u0131n doldurulmas\\u0131 zorunludur.\",\"global_message\":\"This field is required\",\"global\":false}},\"kurumunuzun_unvani\":{\"required\":{\"value\":true,\"message\":\"Teklif iletilebilmesi i\\u00e7in bu alan\\u0131 doldurman\\u0131z gerekmektedir.\",\"global_message\":\"This field is required\",\"global\":false}},\"telefon_numaraniz_1\":{\"required\":{\"value\":true,\"global\":false,\"message\":\"Teklif detaylar\\u0131 ile ilgili ileti\\u015fime kurabilmemiz i\\u00e7in bu alan\\u0131 doldurman\\u0131z gerekmektedir.\",\"global_message\":\"This field is required\"},\"valid_phone_number\":{\"value\":true,\"global\":true,\"message\":\"Phone number is not valid\",\"global_message\":\"Phone number is not valid\"}},\"email\":{\"required\":{\"value\":true,\"message\":\"This field is required\",\"global_message\":\"This field is required\",\"global\":true},\"email\":{\"value\":true,\"message\":\"This field must contain a valid email\",\"global_message\":\"This field must contain a valid email\",\"global\":true}},\"g-recaptcha-response\":[]},\"debounce_time\":300};\n                    <\/script>\n        <\/div>\n\t\t\t\t\t\t<\/div>\n\t\t\t\t<\/div>\n\t\t\t\t\t<\/div>\n\t\t<\/div>\n\t\t\t\t\t<\/div>\n\t\t<\/section>\n\t\t\t\t\t<\/div>\n\t\t<\/div>\n\t\t\t\t\t<\/div>\n\t\t<\/section>\n\t\t\t\t<\/div>\n\t\t\n\n\n\n<h3 class=\"wp-block-heading\"><strong>\u00dcnl\u00fc Testlerinin \u00d6nemi ve S\u00fcreci<\/strong><\/h3>\n\n\n\n<p>\u00dcnl\u00fc testi, markan\u0131z\u0131n pazarlama stratejisinde en etkili y\u00fcz\u00fc belirlemek i\u00e7in kritik bir ad\u0131md\u0131r. XSIGHTS, farkl\u0131 \u00fcnl\u00fc veya influencer adaylar\u0131n\u0131n hedef kitleniz \u00fczerindeki etkisini analiz etmektedir. Bu s\u00fcre\u00e7te, adaylar\u0131n marka de\u011ferleriyle ne kadar uyumlu oldu\u011fu, onlar\u0131n takip\u00e7ileri aras\u0131nda nas\u0131l alg\u0131land\u0131\u011f\u0131 ve markan\u0131z\u0131n mesaj\u0131n\u0131 ne derece etkili bir \u015fekilde iletebilece\u011fi detayl\u0131 bir \u015fekilde incelenmektedir. Ayr\u0131ca, adaylar\u0131n sosyal medya etkile\u015fimleri, ge\u00e7mi\u015f kampanya performanslar\u0131 ve halk aras\u0131ndaki itibarlar\u0131 da de\u011ferlendirilmektedir.<\/p>\n\n\n\n<p>\u00dcnl\u00fc testlerinde, hedef kitlenizin demografik \u00f6zelliklerine g\u00f6re farkl\u0131 adaylar\u0131n nas\u0131l alg\u0131land\u0131\u011f\u0131na dair kapsaml\u0131 geri bildirimler toplanmaktad\u0131r. Bu geri bildirimler, do\u011fru \u00fcnl\u00fc veya influencer se\u00e7imini yapman\u0131z\u0131 sa\u011flamaktad\u0131r. XSIGHTS olarak, bu s\u00fcre\u00e7te size derinlemesine analizler sunar, marka el\u00e7inizin markan\u0131z \u00fczerinde en olumlu etkiyi yaratmas\u0131n\u0131 yard\u0131mc\u0131 olur. Ayr\u0131ca, farkl\u0131 kampanya konseptleriyle hangi adaylar\u0131n daha uyumlu olabilece\u011fi de test edilmektedir.<\/p>\n\n\n\n<h3 class=\"wp-block-heading\"><strong>XSIGHTS&#8217;\u0131n \u00dcnl\u00fc Testi ile Sa\u011flad\u0131\u011f\u0131 Avantajlar<\/strong><\/h3>\n\n\n\n<p>XSIGHTS, \u00fcnl\u00fc testi hizmetimizle markan\u0131z\u0131 en iyi \u015fekilde temsil edecek y\u00fcz\u00fc bulman\u0131z\u0131 sa\u011flamaktad\u0131r. Geli\u015fmi\u015f analiz y\u00f6ntemlerimiz ve geni\u015f kat\u0131l\u0131mc\u0131 a\u011f\u0131m\u0131z sayesinde, adaylar\u0131n hedef kitleniz \u00fczerindeki etkisini en do\u011fru \u015fekilde \u00f6l\u00e7mektedir. Esnek ve m\u00fc\u015fteri odakl\u0131 yakla\u015f\u0131m\u0131m\u0131z, test s\u00fcrecini tamamen sizin ihtiya\u00e7lar\u0131n\u0131za g\u00f6re \u00f6zelle\u015ftirmemizi sa\u011flamaktad\u0131r. Bu sayede, markan\u0131z\u0131n de\u011ferlerini en iyi yans\u0131tan ve hedef kitlenizle g\u00fc\u00e7l\u00fc bir ba\u011f kuracak \u00fcnl\u00fcy\u00fc se\u00e7menizi m\u00fcmk\u00fcn k\u0131lmaktad\u0131r.<\/p>\n\n\n\n<h3 class=\"wp-block-heading\"><strong>Sonu\u00e7<\/strong><\/h3>\n\n\n\n<p>\u00dcnl\u00fc testi, markan\u0131z\u0131n pazarlama kampanyalar\u0131n\u0131n ba\u015far\u0131s\u0131n\u0131 garanti alt\u0131na alacak en \u00f6nemli ad\u0131mlardan biridir. XSIGHTS\u2019\u0131n sundu\u011fu kapsaml\u0131 \u00fcnl\u00fc testi hizmeti ile, markan\u0131z\u0131 en do\u011fru \u015fekilde temsil edecek \u00fcnl\u00fc veya influencer&#8217;\u0131 se\u00e7ebilir ve pazarlama stratejinizi bu do\u011frultuda optimize edebilirsiniz. Markan\u0131z\u0131n gelece\u011fini g\u00fcvence alt\u0131na almak i\u00e7in XSIGHTS\u2019\u0131n uzmanl\u0131\u011f\u0131na g\u00fcvenin.<\/p>\n\n\n\n<script src=\"https:\/\/js.hsforms.net\/forms\/embed\/49517809.js\" defer><\/script>\n<div class=\"hs-form-frame\" data-region=\"na1\" data-form-id=\"937881e2-bd6c-447c-a620-3a7e01bf514d\" data-portal-id=\"49517809\"><\/div>\n","protected":false},"excerpt":{"rendered":"<p>\u00dcnl\u00fc Testi: Do\u011fru Marka El\u00e7isini Bulun Markan\u0131z\u0131 temsil edecek \u00fcnl\u00fc veya influencer se\u00e7imi, t\u00fcketicilerle kuraca\u011f\u0131n\u0131z ba\u011f\u0131n g\u00fcc\u00fcn\u00fc belirlemektedir. XSIGHTS, \u00fcnl\u00fc testi \u00e7\u00f6z\u00fcm\u00fc ile markan\u0131z i\u00e7in en uygun \u00fcnl\u00fcy\u00fc veya influencer&#8217;\u0131 bulman\u0131za yard\u0131mc\u0131 olmaktad\u0131r. \u00dcnl\u00fc testi, markan\u0131z\u0131n de\u011ferleri ile uyumlu, hedef kitlenizin dikkatini \u00e7ekecek ve onlarla duygusal bir ba\u011f kuracak ki\u015fi veya ki\u015filerle \u00e7al\u0131\u015fman\u0131z\u0131 sa\u011flamaktad\u0131r. XSIGHTS [&hellip;]<\/p>\n","protected":false},"author":1,"featured_media":7552,"parent":8277,"menu_order":14,"comment_status":"closed","ping_status":"closed","template":"","meta":{"_acf_changed":false,"footnotes":""},"sayfa-kategorisi":[178],"class_list":["post-11141","page","type-page","status-publish","has-post-thumbnail","hentry","sayfa-kategorisi-inovasyon-ve-birlikte-yaratma"],"acf":[],"_links":{"self":[{"href":"https:\/\/www.xsights.co.uk\/tr\/wp-json\/wp\/v2\/pages\/11141","targetHints":{"allow":["GET"]}}],"collection":[{"href":"https:\/\/www.xsights.co.uk\/tr\/wp-json\/wp\/v2\/pages"}],"about":[{"href":"https:\/\/www.xsights.co.uk\/tr\/wp-json\/wp\/v2\/types\/page"}],"author":[{"embeddable":true,"href":"https:\/\/www.xsights.co.uk\/tr\/wp-json\/wp\/v2\/users\/1"}],"replies":[{"embeddable":true,"href":"https:\/\/www.xsights.co.uk\/tr\/wp-json\/wp\/v2\/comments?post=11141"}],"version-history":[{"count":3,"href":"https:\/\/www.xsights.co.uk\/tr\/wp-json\/wp\/v2\/pages\/11141\/revisions"}],"predecessor-version":[{"id":12269,"href":"https:\/\/www.xsights.co.uk\/tr\/wp-json\/wp\/v2\/pages\/11141\/revisions\/12269"}],"up":[{"embeddable":true,"href":"https:\/\/www.xsights.co.uk\/tr\/wp-json\/wp\/v2\/pages\/8277"}],"wp:featuredmedia":[{"embeddable":true,"href":"https:\/\/www.xsights.co.uk\/tr\/wp-json\/wp\/v2\/media\/7552"}],"wp:attachment":[{"href":"https:\/\/www.xsights.co.uk\/tr\/wp-json\/wp\/v2\/media?parent=11141"}],"wp:term":[{"taxonomy":"sayfa-kategorisi","embeddable":true,"href":"https:\/\/www.xsights.co.uk\/tr\/wp-json\/wp\/v2\/sayfa-kategorisi?post=11141"}],"curies":[{"name":"wp","href":"https:\/\/api.w.org\/{rel}","templated":true}]}}