{"id":11151,"date":"2024-09-10T21:15:25","date_gmt":"2024-09-10T18:15:25","guid":{"rendered":"https:\/\/www.xsights.co.uk\/?page_id=11151"},"modified":"2025-05-21T18:43:30","modified_gmt":"2025-05-21T15:43:30","slug":"izleme-ve-degerlendirme-sistem-tasarimi","status":"publish","type":"page","link":"https:\/\/www.xsights.co.uk\/tr\/uzmanlik-alanlarimiz\/izleme-ve-degerlendirme-sistem-tasarimi\/","title":{"rendered":"\u0130zleme ve De\u011ferlendirme Sistem Tasar\u0131m\u0131"},"content":{"rendered":"\n<h3 class=\"wp-block-heading\"><strong>\u0130zleme ve De\u011ferlendirme Sistemi Tasar\u0131m\u0131: Ba\u015far\u0131ya Giden Yolunuzu Tasarlayal\u0131m<\/strong><\/h3>\n\n\n\n<p>Ba\u015far\u0131l\u0131 projelerin ard\u0131nda, etkili izleme ve de\u011ferlendirme sistemlerinin varl\u0131\u011f\u0131 yatmaktad\u0131r. XSIGHTS\u2019\u0131n sundu\u011fu \u0130zleme ve De\u011ferlendirme Sistemi Tasar\u0131m\u0131 hizmeti, projelerinizin her a\u015famas\u0131n\u0131 titizlikle izleyip de\u011ferlendirebilece\u011finiz \u00f6zelle\u015ftirilmi\u015f sistemler olu\u015fturmaktad\u0131r. Bu sistemler, projelerinizin ilerleyi\u015fini takip etmenizi, hedeflerinize ula\u015f\u0131p ula\u015fmad\u0131\u011f\u0131n\u0131z\u0131 de\u011ferlendirmenizi ve stratejik kararlar alman\u0131z\u0131 sa\u011flamaktad\u0131r. XSIGHTS ile, projelerinizin ba\u015far\u0131s\u0131n\u0131 g\u00fcvence alt\u0131na alacak etkili izleme ve de\u011ferlendirme sistemleri tasarlay\u0131n.<\/p>\n\n\n\t\t<div data-elementor-type=\"section\" data-elementor-id=\"11127\" class=\"elementor elementor-11127\" data-elementor-post-type=\"elementor_library\">\n\t\t\t\t\t<section class=\"elementor-section elementor-top-section elementor-element elementor-element-a8421f2 elementor-section-boxed elementor-section-height-default elementor-section-height-default\" data-id=\"a8421f2\" data-element_type=\"section\">\n\t\t\t\t\t\t<div class=\"elementor-container elementor-column-gap-default\">\n\t\t\t\t\t<div class=\"elementor-column elementor-col-100 elementor-top-column elementor-element elementor-element-c889dca\" data-id=\"c889dca\" data-element_type=\"column\">\n\t\t\t<div class=\"elementor-widget-wrap elementor-element-populated\">\n\t\t\t\t\t\t<section class=\"elementor-section elementor-inner-section elementor-element elementor-element-e7d8e63 elementor-section-boxed elementor-section-height-default elementor-section-height-default\" data-id=\"e7d8e63\" data-element_type=\"section\">\n\t\t\t\t\t\t<div class=\"elementor-container elementor-column-gap-default\">\n\t\t\t\t\t<div class=\"elementor-column elementor-col-100 elementor-inner-column elementor-element elementor-element-5980280\" data-id=\"5980280\" data-element_type=\"column\" data-settings=\"{&quot;background_background&quot;:&quot;classic&quot;}\">\n\t\t\t<div class=\"elementor-widget-wrap elementor-element-populated\">\n\t\t\t\t\t\t<div class=\"elementor-element elementor-element-44068bf elementor-widget elementor-widget-heading\" data-id=\"44068bf\" data-element_type=\"widget\" data-widget_type=\"heading.default\">\n\t\t\t\t<div class=\"elementor-widget-container\">\n\t\t\t\t\t<h2 class=\"elementor-heading-title elementor-size-default\">Sizi Arayal\u0131m<\/h2>\t\t\t\t<\/div>\n\t\t\t\t<\/div>\n\t\t\t\t<div class=\"elementor-element elementor-element-c24b19b elementor-widget elementor-widget-shortcode\" data-id=\"c24b19b\" data-element_type=\"widget\" data-widget_type=\"shortcode.default\">\n\t\t\t\t<div class=\"elementor-widget-container\">\n\t\t\t\t\t\t\t<div class=\"elementor-shortcode\"><div class='fluentform ff-default fluentform_wrapper_9 ffs_modern_l_wrap'><form data-form_id=\"9\" id=\"fluentform_9\" class=\"frm-fluent-form fluent_form_9 ff-el-form-top ff_form_instance_9_1 ff-form-loading ffs_modern_l\" data-form_instance=\"ff_form_instance_9_1\" method=\"POST\" ><fieldset  style=\"border: none!important;margin: 0!important;padding: 0!important;background-color: transparent!important;box-shadow: none!important;outline: none!important; min-inline-size: 100%;\">\n                    <legend class=\"ff_screen_reader_title\" style=\"display: block; margin: 0!important;padding: 0!important;height: 0!important;text-indent: -999999px;width: 0!important;overflow:hidden;\">M\u00fc\u015fteri Deneyimi Sayfas\u0131 Formu (TR)<\/legend><input type='hidden' name='__fluent_form_embded_post_id' value='11151' \/><input type=\"hidden\" id=\"_fluentform_9_fluentformnonce\" name=\"_fluentform_9_fluentformnonce\" value=\"7c0165e7cd\" \/><input type=\"hidden\" name=\"_wp_http_referer\" value=\"\/tr\/wp-json\/wp\/v2\/pages\/11151\" \/><div data-name=\"ff_cn_id_1\"  class='ff-t-container ff-column-container ff_columns_total_2  '><div class='ff-t-cell ff-t-column-1' style='flex-basis: 50%;'><div data-type=\"name-element\" data-name=\"ad_ve_soyad\" class=\" ff-field_container ff-name-field-wrapper\" ><div class='ff-t-container'><div class='ff-t-cell '><div class='ff-el-group ff-el-form-top'><div class=\"ff-el-input--label ff-el-is-required asterisk-right\"><label for='ff_9_ad_ve_soyad_first_name_' >Ad\u0131n\u0131z ve Soyad\u0131n\u0131z<\/label><\/div><div class='ff-el-input--content'><input type=\"text\" name=\"ad_ve_soyad[first_name]\" id=\"ff_9_ad_ve_soyad_first_name_\" class=\"ff-el-form-control\" aria-invalid=\"false\" aria-required=true><\/div><\/div><\/div><\/div><\/div><\/div><div class='ff-t-cell ff-t-column-2' style='flex-basis: 50%;'><div class='ff-el-group'><div class=\"ff-el-input--label ff-el-is-required asterisk-right\"><label for='ff_9_kurumunuzun_unvani' aria-label=\"Firma\">Firma<\/label><\/div><div class='ff-el-input--content'><input type=\"text\" name=\"kurumunuzun_unvani\" class=\"ff-el-form-control\" data-name=\"kurumunuzun_unvani\" id=\"ff_9_kurumunuzun_unvani\"  aria-invalid=\"false\" aria-required=true><\/div><\/div><\/div><\/div><div data-name=\"ff_cn_id_2\"  class='ff-t-container ff-column-container ff_columns_total_2  '><div class='ff-t-cell ff-t-column-1' style='flex-basis: 50%;'><div class='ff-el-group'><div class=\"ff-el-input--label ff-el-is-required asterisk-right\"><label for='ff_9_telefon_numaraniz_1' aria-label=\"Telefon Numaran\u0131z\">Telefon Numaran\u0131z<\/label><\/div><div class='ff-el-input--content'><input name=\"telefon_numaraniz_1\" class=\"ff-el-form-control ff-el-phone ff_el_with_extended_validation\" type=\"tel\" data-name=\"telefon_numaraniz_1\" id=\"ff_9_telefon_numaraniz_1\" inputmode=\"tel\"  aria-invalid='false' aria-required=true><\/div><\/div><\/div><div class='ff-t-cell ff-t-column-2' style='flex-basis: 50%;'><div class='ff-el-group'><div class=\"ff-el-input--label ff-el-is-required asterisk-right\"><label for='ff_9_email' aria-label=\"Email Adresiniz\">Email Adresiniz<\/label><\/div><div class='ff-el-input--content'><input type=\"email\" name=\"email\" id=\"ff_9_email\" class=\"ff-el-form-control\" data-name=\"email\"  aria-invalid=\"false\" aria-required=true><\/div><\/div><\/div><\/div><div class='ff-el-group ' ><div class='ff-el-input--content'><div data-fluent_id='9' name='g-recaptcha-response'><div\n\t\tdata-sitekey='6LeCN5kkAAAAAD2zFULIiehyPu4P_Dj32EWWONmZ'\n\t\tid='fluentform-recaptcha-9-1'\n\t\tclass='ff-el-recaptcha g-recaptcha'\n\t\tdata-callback='fluentFormrecaptchaSuccessCallback'><\/div><\/div><\/div><\/div><div class='ff-el-group  ff-custom_html ff-hidden loader-wrapper' tabindex='-1' data-name=\"custom_html-9_1\" ><div class=\"lds-ripple\"><div><\/div><div><\/div><div><\/div><div><\/div><\/div><\/div><div class='ff-el-group ff-text-left ff_submit_btn_wrapper'><button type=\"submit\" class=\"ff-btn ff-btn-submit ff-btn-lg ff_btn_style wpf_has_custom_css\" >Formu G\u00f6nder<\/button><\/div><\/fieldset><\/form><div id='fluentform_9_errors' class='ff-errors-in-stack ff_form_instance_9_1 ff-form-loading_errors ff_form_instance_9_1_errors'><\/div><\/div>        <script type=\"text\/javascript\">\n            window.fluent_form_ff_form_instance_9_1 = {\"id\":\"9\",\"settings\":{\"layout\":{\"labelPlacement\":\"top\",\"helpMessagePlacement\":\"with_label\",\"errorMessagePlacement\":\"inline\",\"cssClassName\":\"\",\"asteriskPlacement\":\"asterisk-right\"},\"restrictions\":{\"denyEmptySubmission\":{\"enabled\":false}}},\"form_instance\":\"ff_form_instance_9_1\",\"form_id_selector\":\"fluentform_9\",\"rules\":{\"ad_ve_soyad[first_name]\":{\"required\":{\"value\":true,\"message\":\"Bu alan\\u0131n doldurulmas\\u0131 zorunludur.\",\"global_message\":\"This field is required\",\"global\":false}},\"ad_ve_soyad[middle_name]\":{\"required\":{\"value\":false,\"message\":\"This field is required\",\"global_message\":\"This field is required\",\"global\":true}},\"ad_ve_soyad[last_name]\":{\"required\":{\"value\":true,\"message\":\"Bu alan\\u0131n doldurulmas\\u0131 zorunludur.\",\"global_message\":\"This field is required\",\"global\":false}},\"kurumunuzun_unvani\":{\"required\":{\"value\":true,\"message\":\"Teklif iletilebilmesi i\\u00e7in bu alan\\u0131 doldurman\\u0131z gerekmektedir.\",\"global_message\":\"This field is required\",\"global\":false}},\"telefon_numaraniz_1\":{\"required\":{\"value\":true,\"global\":false,\"message\":\"Teklif detaylar\\u0131 ile ilgili ileti\\u015fime kurabilmemiz i\\u00e7in bu alan\\u0131 doldurman\\u0131z gerekmektedir.\",\"global_message\":\"This field is required\"},\"valid_phone_number\":{\"value\":true,\"global\":true,\"message\":\"Phone number is not valid\",\"global_message\":\"Phone number is not valid\"}},\"email\":{\"required\":{\"value\":true,\"message\":\"This field is required\",\"global_message\":\"This field is required\",\"global\":true},\"email\":{\"value\":true,\"message\":\"This field must contain a valid email\",\"global_message\":\"This field must contain a valid email\",\"global\":true}},\"g-recaptcha-response\":[]},\"debounce_time\":300};\n                    <\/script>\n        <\/div>\n\t\t\t\t\t\t<\/div>\n\t\t\t\t<\/div>\n\t\t\t\t\t<\/div>\n\t\t<\/div>\n\t\t\t\t\t<\/div>\n\t\t<\/section>\n\t\t\t\t\t<\/div>\n\t\t<\/div>\n\t\t\t\t\t<\/div>\n\t\t<\/section>\n\t\t\t\t<\/div>\n\t\t\n\n\n\n<h3 class=\"wp-block-heading\"><strong>\u0130zleme ve De\u011ferlendirme Sisteminin \u00d6nemi ve S\u00fcreci<\/strong><\/h3>\n\n\n\n<p>\u0130zleme ve de\u011ferlendirme sistemi, projelerinizin performans\u0131n\u0131 s\u00fcrekli olarak izlemek ve de\u011ferlendirmek i\u00e7in kritik bir ara\u00e7t\u0131r. XSIGHTS, bu sistemleri kurumunuzun ihtiya\u00e7lar\u0131na \u00f6zel olarak tasarlamaktad\u0131r. Bu s\u00fcre\u00e7te, projenizin ba\u015flang\u0131c\u0131ndan sonuna kadar her a\u015famada verilerin toplanmas\u0131, analiz edilmesi ve raporlanmas\u0131 i\u00e7in gerekli yap\u0131lar olu\u015fturulmaktad\u0131r. Bu yap\u0131lar, projelerinizin planland\u0131\u011f\u0131 gibi ilerleyip ilerlemedi\u011fini anlaman\u0131z\u0131 sa\u011flamakta ve gerekti\u011finde stratejik d\u00fczeltmeler yapman\u0131za olanak tan\u0131maktad\u0131r.<\/p>\n\n\n\n<p>Bir izleme ve de\u011ferlendirme sistemi, sadece projelerin ba\u015far\u0131s\u0131n\u0131 de\u011ferlendirmekle kalmamakta ayn\u0131 zamanda gelecekteki projeler i\u00e7in de de\u011ferli i\u00e7g\u00f6r\u00fcler sunmaktad\u0131r. XSIGHTS, bu sistemleri geli\u015ftirirken, projenizin ba\u015far\u0131s\u0131n\u0131 etkileyebilecek t\u00fcm fakt\u00f6rleri dikkate almaktad\u0131r. Sistem tasar\u0131m\u0131, veri toplama mekanizmalar\u0131, performans g\u00f6stergeleri ve raporlama s\u00fcre\u00e7lerini i\u00e7ermektedir. Bu sayede, projelerinizin etkinli\u011fi artmakta, riskler minimize edilmekte ve ba\u015far\u0131 oran\u0131 y\u00fckselmektedir.<\/p>\n\n\n\n<p>\u0130zleme ve de\u011ferlendirme sistemleri, projelerin her a\u015famas\u0131nda elde edilen verilerin d\u00fczenli olarak g\u00f6zden ge\u00e7irilmesini ve raporlanmas\u0131n\u0131 sa\u011flamaktad\u0131r. XSIGHTS, bu s\u00fcre\u00e7te sizi destekleyerek, projenizin her ad\u0131m\u0131nda en g\u00fcncel ve do\u011fru bilgilere sahip olman\u0131z\u0131 sa\u011flamaktad\u0131r. Bu veriler, sadece mevcut projenizin ba\u015far\u0131s\u0131n\u0131 de\u011fil, ayn\u0131 zamanda gelecekteki projelerinizin planlanmas\u0131 i\u00e7in de yol g\u00f6sterici olmaktad\u0131r.<\/p>\n\n\n\n<h3 class=\"wp-block-heading\"><strong>XSIGHTS&#8217;\u0131n \u0130zleme ve De\u011ferlendirme Sistemi Tasar\u0131m\u0131 ile Sa\u011flad\u0131\u011f\u0131 Avantajlar<\/strong><\/h3>\n\n\n\n<p>XSIGHTS, izleme ve de\u011ferlendirme sistemi tasar\u0131m\u0131 hizmetimizle projelerinizin ba\u015far\u0131s\u0131n\u0131 g\u00fcvence alt\u0131na alman\u0131za yard\u0131mc\u0131 olmaktad\u0131r. Uzman kadromuz, bu alandaki en g\u00fcncel yakla\u015f\u0131mlar\u0131 ve analiz y\u00f6ntemlerini kullanarak, ihtiya\u00e7lar\u0131n\u0131za \u00f6zel sistemler geli\u015ftirmektedir. De\u011ferlendirme s\u00fcrecini tamamen sizin projelerinize g\u00f6re \u00f6zelle\u015ftirilmekte, b\u00f6ylece projelerinizin hedeflerine ula\u015fmas\u0131n\u0131 ve s\u00fcrd\u00fcr\u00fclebilirli\u011fini sa\u011flamaktad\u0131r. Ayr\u0131ca, bu sistemler sayesinde projelerinizin her ad\u0131m\u0131nda stratejik kararlar alman\u0131z kolayla\u015fmaktad\u0131r.<\/p>\n\n\n\n<h3 class=\"wp-block-heading\"><strong>Sonu\u00e7<\/strong><\/h3>\n\n\n\n<p>\u0130zleme ve de\u011ferlendirme sistemi tasar\u0131m\u0131, projelerinizin ba\u015far\u0131s\u0131n\u0131 garanti alt\u0131na almak i\u00e7in hayati bir ad\u0131md\u0131r. XSIGHTS\u2019\u0131n sundu\u011fu kapsaml\u0131 izleme ve de\u011ferlendirme sistemi tasar\u0131m\u0131 hizmeti ile, projelerinizin her a\u015famas\u0131n\u0131 titizlikle izleyebilir, de\u011ferlendirip optimize edebilirsiniz. Projelerinizin ba\u015far\u0131ya ula\u015fmas\u0131 ve s\u00fcrd\u00fcr\u00fclebilir olmas\u0131 i\u00e7in XSIGHTS\u2019\u0131n uzmanl\u0131\u011f\u0131na g\u00fcvenin.<\/p>\n\n\n\n<script src=\"https:\/\/js.hsforms.net\/forms\/embed\/49517809.js\" defer><\/script>\n<div class=\"hs-form-frame\" data-region=\"na1\" data-form-id=\"937881e2-bd6c-447c-a620-3a7e01bf514d\" data-portal-id=\"49517809\"><\/div>\n","protected":false},"excerpt":{"rendered":"<p>\u0130zleme ve De\u011ferlendirme Sistemi Tasar\u0131m\u0131: Ba\u015far\u0131ya Giden Yolunuzu Tasarlayal\u0131m Ba\u015far\u0131l\u0131 projelerin ard\u0131nda, etkili izleme ve de\u011ferlendirme sistemlerinin varl\u0131\u011f\u0131 yatmaktad\u0131r. XSIGHTS\u2019\u0131n sundu\u011fu \u0130zleme ve De\u011ferlendirme Sistemi Tasar\u0131m\u0131 hizmeti, projelerinizin her a\u015famas\u0131n\u0131 titizlikle izleyip de\u011ferlendirebilece\u011finiz \u00f6zelle\u015ftirilmi\u015f sistemler olu\u015fturmaktad\u0131r. Bu sistemler, projelerinizin ilerleyi\u015fini takip etmenizi, hedeflerinize ula\u015f\u0131p ula\u015fmad\u0131\u011f\u0131n\u0131z\u0131 de\u011ferlendirmenizi ve stratejik kararlar alman\u0131z\u0131 sa\u011flamaktad\u0131r. XSIGHTS ile, projelerinizin ba\u015far\u0131s\u0131n\u0131 [&hellip;]<\/p>\n","protected":false},"author":1,"featured_media":7552,"parent":8277,"menu_order":21,"comment_status":"closed","ping_status":"closed","template":"","meta":{"_acf_changed":false,"footnotes":""},"sayfa-kategorisi":[179],"class_list":["post-11151","page","type-page","status-publish","has-post-thumbnail","hentry","sayfa-kategorisi-izleme-degerlendirme-ve-ogrenme"],"acf":[],"_links":{"self":[{"href":"https:\/\/www.xsights.co.uk\/tr\/wp-json\/wp\/v2\/pages\/11151","targetHints":{"allow":["GET"]}}],"collection":[{"href":"https:\/\/www.xsights.co.uk\/tr\/wp-json\/wp\/v2\/pages"}],"about":[{"href":"https:\/\/www.xsights.co.uk\/tr\/wp-json\/wp\/v2\/types\/page"}],"author":[{"embeddable":true,"href":"https:\/\/www.xsights.co.uk\/tr\/wp-json\/wp\/v2\/users\/1"}],"replies":[{"embeddable":true,"href":"https:\/\/www.xsights.co.uk\/tr\/wp-json\/wp\/v2\/comments?post=11151"}],"version-history":[{"count":3,"href":"https:\/\/www.xsights.co.uk\/tr\/wp-json\/wp\/v2\/pages\/11151\/revisions"}],"predecessor-version":[{"id":12284,"href":"https:\/\/www.xsights.co.uk\/tr\/wp-json\/wp\/v2\/pages\/11151\/revisions\/12284"}],"up":[{"embeddable":true,"href":"https:\/\/www.xsights.co.uk\/tr\/wp-json\/wp\/v2\/pages\/8277"}],"wp:featuredmedia":[{"embeddable":true,"href":"https:\/\/www.xsights.co.uk\/tr\/wp-json\/wp\/v2\/media\/7552"}],"wp:attachment":[{"href":"https:\/\/www.xsights.co.uk\/tr\/wp-json\/wp\/v2\/media?parent=11151"}],"wp:term":[{"taxonomy":"sayfa-kategorisi","embeddable":true,"href":"https:\/\/www.xsights.co.uk\/tr\/wp-json\/wp\/v2\/sayfa-kategorisi?post=11151"}],"curies":[{"name":"wp","href":"https:\/\/api.w.org\/{rel}","templated":true}]}}