{"id":11153,"date":"2024-09-10T21:17:37","date_gmt":"2024-09-10T18:17:37","guid":{"rendered":"https:\/\/www.xsights.co.uk\/?page_id=11153"},"modified":"2025-05-21T18:45:49","modified_gmt":"2025-05-21T15:45:49","slug":"kapasite-gelistirme-egitimleri","status":"publish","type":"page","link":"https:\/\/www.xsights.co.uk\/tr\/uzmanlik-alanlarimiz\/kapasite-gelistirme-egitimleri\/","title":{"rendered":"Kapasite Geli\u015ftirme E\u011fitimleri"},"content":{"rendered":"\n<h3 class=\"wp-block-heading\"><strong>Kapasite Geli\u015ftirme E\u011fitimleri: Organizasyonunuzu Gelece\u011fe Haz\u0131rlay\u0131n<\/strong><\/h3>\n\n\n\n<p>G\u00fcn\u00fcm\u00fcz\u00fcn h\u0131zla de\u011fi\u015fen i\u015f d\u00fcnyas\u0131nda, organizasyonlar\u0131n rekabet\u00e7i kalabilmesi i\u00e7in \u00e7al\u0131\u015fanlar\u0131n\u0131n yetkinliklerini s\u00fcrekli olarak geli\u015ftirmesi gerekmektedir. XSIGHTS\u2019\u0131n sundu\u011fu Kapasite Geli\u015ftirme E\u011fitimleri, \u00e7al\u0131\u015fanlar\u0131n\u0131z\u0131n ve y\u00f6neticilerinizin bilgi, beceri ve yetkinliklerini en \u00fcst d\u00fczeye \u00e7\u0131karmak i\u00e7in \u00f6zel olarak tasarlanmaktad\u0131r. Bu e\u011fitimler, organizasyonunuzun mevcut ve gelecekteki ihtiya\u00e7lar\u0131na cevap verecek \u015fekilde yap\u0131land\u0131r\u0131lmaktad\u0131r. XSIGHTS ile \u00e7al\u0131\u015fanlar\u0131n\u0131z\u0131 g\u00fc\u00e7lendirin, organizasyonunuzu gelece\u011fe haz\u0131rlay\u0131n.<\/p>\n\n\n\t\t<div data-elementor-type=\"section\" data-elementor-id=\"11127\" class=\"elementor elementor-11127\" data-elementor-post-type=\"elementor_library\">\n\t\t\t\t\t<section class=\"elementor-section elementor-top-section elementor-element elementor-element-a8421f2 elementor-section-boxed elementor-section-height-default elementor-section-height-default\" data-id=\"a8421f2\" data-element_type=\"section\">\n\t\t\t\t\t\t<div class=\"elementor-container elementor-column-gap-default\">\n\t\t\t\t\t<div class=\"elementor-column elementor-col-100 elementor-top-column elementor-element elementor-element-c889dca\" data-id=\"c889dca\" data-element_type=\"column\">\n\t\t\t<div class=\"elementor-widget-wrap elementor-element-populated\">\n\t\t\t\t\t\t<section class=\"elementor-section elementor-inner-section elementor-element elementor-element-e7d8e63 elementor-section-boxed elementor-section-height-default elementor-section-height-default\" data-id=\"e7d8e63\" data-element_type=\"section\">\n\t\t\t\t\t\t<div class=\"elementor-container elementor-column-gap-default\">\n\t\t\t\t\t<div class=\"elementor-column elementor-col-100 elementor-inner-column elementor-element elementor-element-5980280\" data-id=\"5980280\" data-element_type=\"column\" data-settings=\"{&quot;background_background&quot;:&quot;classic&quot;}\">\n\t\t\t<div class=\"elementor-widget-wrap elementor-element-populated\">\n\t\t\t\t\t\t<div class=\"elementor-element elementor-element-44068bf elementor-widget elementor-widget-heading\" data-id=\"44068bf\" data-element_type=\"widget\" data-widget_type=\"heading.default\">\n\t\t\t\t<div class=\"elementor-widget-container\">\n\t\t\t\t\t<h2 class=\"elementor-heading-title elementor-size-default\">Sizi Arayal\u0131m<\/h2>\t\t\t\t<\/div>\n\t\t\t\t<\/div>\n\t\t\t\t<div class=\"elementor-element elementor-element-c24b19b elementor-widget elementor-widget-shortcode\" data-id=\"c24b19b\" data-element_type=\"widget\" data-widget_type=\"shortcode.default\">\n\t\t\t\t<div class=\"elementor-widget-container\">\n\t\t\t\t\t\t\t<div class=\"elementor-shortcode\"><div class='fluentform ff-default fluentform_wrapper_9 ffs_modern_l_wrap'><form data-form_id=\"9\" id=\"fluentform_9\" class=\"frm-fluent-form fluent_form_9 ff-el-form-top ff_form_instance_9_1 ff-form-loading ffs_modern_l\" data-form_instance=\"ff_form_instance_9_1\" method=\"POST\" ><fieldset  style=\"border: none!important;margin: 0!important;padding: 0!important;background-color: transparent!important;box-shadow: none!important;outline: none!important; min-inline-size: 100%;\">\n                    <legend class=\"ff_screen_reader_title\" style=\"display: block; margin: 0!important;padding: 0!important;height: 0!important;text-indent: -999999px;width: 0!important;overflow:hidden;\">M\u00fc\u015fteri Deneyimi Sayfas\u0131 Formu (TR)<\/legend><input type='hidden' name='__fluent_form_embded_post_id' value='11153' \/><input type=\"hidden\" id=\"_fluentform_9_fluentformnonce\" name=\"_fluentform_9_fluentformnonce\" value=\"83ad069d66\" \/><input type=\"hidden\" name=\"_wp_http_referer\" value=\"\/tr\/wp-json\/wp\/v2\/pages\/11153\" \/><div data-name=\"ff_cn_id_1\"  class='ff-t-container ff-column-container ff_columns_total_2  '><div class='ff-t-cell ff-t-column-1' style='flex-basis: 50%;'><div data-type=\"name-element\" data-name=\"ad_ve_soyad\" class=\" ff-field_container ff-name-field-wrapper\" ><div class='ff-t-container'><div class='ff-t-cell '><div class='ff-el-group ff-el-form-top'><div class=\"ff-el-input--label ff-el-is-required asterisk-right\"><label for='ff_9_ad_ve_soyad_first_name_' >Ad\u0131n\u0131z ve Soyad\u0131n\u0131z<\/label><\/div><div class='ff-el-input--content'><input type=\"text\" name=\"ad_ve_soyad[first_name]\" id=\"ff_9_ad_ve_soyad_first_name_\" class=\"ff-el-form-control\" aria-invalid=\"false\" aria-required=true><\/div><\/div><\/div><\/div><\/div><\/div><div class='ff-t-cell ff-t-column-2' style='flex-basis: 50%;'><div class='ff-el-group'><div class=\"ff-el-input--label ff-el-is-required asterisk-right\"><label for='ff_9_kurumunuzun_unvani' aria-label=\"Firma\">Firma<\/label><\/div><div class='ff-el-input--content'><input type=\"text\" name=\"kurumunuzun_unvani\" class=\"ff-el-form-control\" data-name=\"kurumunuzun_unvani\" id=\"ff_9_kurumunuzun_unvani\"  aria-invalid=\"false\" aria-required=true><\/div><\/div><\/div><\/div><div data-name=\"ff_cn_id_2\"  class='ff-t-container ff-column-container ff_columns_total_2  '><div class='ff-t-cell ff-t-column-1' style='flex-basis: 50%;'><div class='ff-el-group'><div class=\"ff-el-input--label ff-el-is-required asterisk-right\"><label for='ff_9_telefon_numaraniz_1' aria-label=\"Telefon Numaran\u0131z\">Telefon Numaran\u0131z<\/label><\/div><div class='ff-el-input--content'><input name=\"telefon_numaraniz_1\" class=\"ff-el-form-control ff-el-phone ff_el_with_extended_validation\" type=\"tel\" data-name=\"telefon_numaraniz_1\" id=\"ff_9_telefon_numaraniz_1\" inputmode=\"tel\"  aria-invalid='false' aria-required=true><\/div><\/div><\/div><div class='ff-t-cell ff-t-column-2' style='flex-basis: 50%;'><div class='ff-el-group'><div class=\"ff-el-input--label ff-el-is-required asterisk-right\"><label for='ff_9_email' aria-label=\"Email Adresiniz\">Email Adresiniz<\/label><\/div><div class='ff-el-input--content'><input type=\"email\" name=\"email\" id=\"ff_9_email\" class=\"ff-el-form-control\" data-name=\"email\"  aria-invalid=\"false\" aria-required=true><\/div><\/div><\/div><\/div><div class='ff-el-group ' ><div class='ff-el-input--content'><div data-fluent_id='9' name='g-recaptcha-response'><div\n\t\tdata-sitekey='6LeCN5kkAAAAAD2zFULIiehyPu4P_Dj32EWWONmZ'\n\t\tid='fluentform-recaptcha-9-1'\n\t\tclass='ff-el-recaptcha g-recaptcha'\n\t\tdata-callback='fluentFormrecaptchaSuccessCallback'><\/div><\/div><\/div><\/div><div class='ff-el-group  ff-custom_html ff-hidden loader-wrapper' tabindex='-1' data-name=\"custom_html-9_1\" ><div class=\"lds-ripple\"><div><\/div><div><\/div><div><\/div><div><\/div><\/div><\/div><div class='ff-el-group ff-text-left ff_submit_btn_wrapper'><button type=\"submit\" class=\"ff-btn ff-btn-submit ff-btn-lg ff_btn_style wpf_has_custom_css\" >Formu G\u00f6nder<\/button><\/div><\/fieldset><\/form><div id='fluentform_9_errors' class='ff-errors-in-stack ff_form_instance_9_1 ff-form-loading_errors ff_form_instance_9_1_errors'><\/div><\/div>        <script type=\"text\/javascript\">\n            window.fluent_form_ff_form_instance_9_1 = {\"id\":\"9\",\"settings\":{\"layout\":{\"labelPlacement\":\"top\",\"helpMessagePlacement\":\"with_label\",\"errorMessagePlacement\":\"inline\",\"cssClassName\":\"\",\"asteriskPlacement\":\"asterisk-right\"},\"restrictions\":{\"denyEmptySubmission\":{\"enabled\":false}}},\"form_instance\":\"ff_form_instance_9_1\",\"form_id_selector\":\"fluentform_9\",\"rules\":{\"ad_ve_soyad[first_name]\":{\"required\":{\"value\":true,\"message\":\"Bu alan\\u0131n doldurulmas\\u0131 zorunludur.\",\"global_message\":\"This field is required\",\"global\":false}},\"ad_ve_soyad[middle_name]\":{\"required\":{\"value\":false,\"message\":\"This field is required\",\"global_message\":\"This field is required\",\"global\":true}},\"ad_ve_soyad[last_name]\":{\"required\":{\"value\":true,\"message\":\"Bu alan\\u0131n doldurulmas\\u0131 zorunludur.\",\"global_message\":\"This field is required\",\"global\":false}},\"kurumunuzun_unvani\":{\"required\":{\"value\":true,\"message\":\"Teklif iletilebilmesi i\\u00e7in bu alan\\u0131 doldurman\\u0131z gerekmektedir.\",\"global_message\":\"This field is required\",\"global\":false}},\"telefon_numaraniz_1\":{\"required\":{\"value\":true,\"global\":false,\"message\":\"Teklif detaylar\\u0131 ile ilgili ileti\\u015fime kurabilmemiz i\\u00e7in bu alan\\u0131 doldurman\\u0131z gerekmektedir.\",\"global_message\":\"This field is required\"},\"valid_phone_number\":{\"value\":true,\"global\":true,\"message\":\"Phone number is not valid\",\"global_message\":\"Phone number is not valid\"}},\"email\":{\"required\":{\"value\":true,\"message\":\"This field is required\",\"global_message\":\"This field is required\",\"global\":true},\"email\":{\"value\":true,\"message\":\"This field must contain a valid email\",\"global_message\":\"This field must contain a valid email\",\"global\":true}},\"g-recaptcha-response\":[]},\"debounce_time\":300};\n                    <\/script>\n        <\/div>\n\t\t\t\t\t\t<\/div>\n\t\t\t\t<\/div>\n\t\t\t\t\t<\/div>\n\t\t<\/div>\n\t\t\t\t\t<\/div>\n\t\t<\/section>\n\t\t\t\t\t<\/div>\n\t\t<\/div>\n\t\t\t\t\t<\/div>\n\t\t<\/section>\n\t\t\t\t<\/div>\n\t\t\n\n\n\n<h3 class=\"wp-block-heading\"><strong>Kapasite Geli\u015ftirme E\u011fitimlerinin \u00d6nemi ve S\u00fcreci<\/strong><\/h3>\n\n\n\n<p>Kapasite geli\u015ftirme e\u011fitimleri, organizasyonlar\u0131n i\u015f s\u00fcre\u00e7lerini optimize etmeleri, \u00e7al\u0131\u015fanlar\u0131n\u0131n yetkinliklerini art\u0131rmalar\u0131 ve kurumsal hedeflerine ula\u015fmalar\u0131 i\u00e7in kritik bir rol oynamaktad\u0131r. XSIGHTS, bu e\u011fitimleri organizasyonunuzun ihtiya\u00e7lar\u0131na g\u00f6re \u00f6zelle\u015ftirmektedir. E\u011fitim s\u00fcrecinde, \u00e7al\u0131\u015fanlar\u0131n\u0131z\u0131n mevcut beceri d\u00fczeyleri ve geli\u015fim alanlar\u0131 analiz edilerek, en uygun e\u011fitim mod\u00fclleri tasarlanmaktad\u0131r. Bu e\u011fitimler, hem bireysel hem de kurumsal performans\u0131 artt\u0131rmaya y\u00f6nelik stratejiler i\u00e7ermektedir.<\/p>\n\n\n\n<p>XSIGHTS\u2019\u0131n kapasite geli\u015ftirme e\u011fitimleri, sadece teknik becerilerin geli\u015ftirilmesine odaklanmamakta, ayn\u0131 zamanda liderlik, ileti\u015fim, problem \u00e7\u00f6zme ve inovasyon gibi kritik yetkinliklerin de g\u00fc\u00e7lendirilmesini sa\u011flamaktad\u0131r. E\u011fitim s\u00fcreci boyunca, kat\u0131l\u0131mc\u0131lar\u0131n performans\u0131 s\u00fcrekli olarak izlenir ve geri bildirimler do\u011frultusunda e\u011fitim i\u00e7erikleri dinamik bir \u015fekilde g\u00fcncellenmektedir. Bu sayede, \u00e7al\u0131\u015fanlar\u0131n\u0131z\u0131n e\u011fitimlerden maksimum fayda sa\u011flamas\u0131 ve \u00f6\u011frendiklerini i\u015f yerinde etkin bir \u015fekilde uygulamas\u0131 sa\u011flanmaktad\u0131r.<\/p>\n\n\n\n<p>E\u011fitimlerin sonunda, kat\u0131l\u0131mc\u0131lar sadece yeni beceriler kazanmakla kalmaz, ayn\u0131 zamanda organizasyon i\u00e7inde daha etkin ve verimli bir \u015fekilde \u00e7al\u0131\u015fabilme yetene\u011fine de sahip olmaktad\u0131rlar. XSIGHTS, bu e\u011fitimlerin sonu\u00e7lar\u0131n\u0131 \u00f6l\u00e7\u00fcmleyerek, organizasyonunuzun performans\u0131nda somut iyile\u015fmeler sa\u011flayacak \u00f6neriler sunmaktad\u0131r.<\/p>\n\n\n\n<h3 class=\"wp-block-heading\"><strong>XSIGHTS&#8217;\u0131n Kapasite Geli\u015ftirme E\u011fitimleri ile Sa\u011flad\u0131\u011f\u0131 Avantajlar<\/strong><\/h3>\n\n\n\n<p>XSIGHTS olarak, kapasite geli\u015ftirme e\u011fitimleri hizmetimizle organizasyonunuzun b\u00fcy\u00fcme ve geli\u015fme potansiyelini en \u00fcst d\u00fczeye \u00e7\u0131karman\u0131za yard\u0131mc\u0131 oluruz. Geli\u015fmi\u015f e\u011fitim y\u00f6ntemlerimiz ve uzman kadromuz sayesinde, \u00e7al\u0131\u015fanlar\u0131n\u0131z\u0131n bilgi ve beceri d\u00fczeylerini h\u0131zla art\u0131r\u0131r\u0131z. Esnek ve m\u00fc\u015fteri odakl\u0131 yakla\u015f\u0131m\u0131m\u0131z, e\u011fitim s\u00fcrecini tamamen sizin ihtiya\u00e7lar\u0131n\u0131za g\u00f6re \u00f6zelle\u015ftirmemizi sa\u011flar. Bu sayede, organizasyonunuzun t\u00fcm d\u00fczeylerinde y\u00fcksek performans elde edilmesini garanti alt\u0131na al\u0131r\u0131z.<\/p>\n\n\n\n<h3 class=\"wp-block-heading\"><strong>Sonu\u00e7<\/strong><\/h3>\n\n\n\n<p>Kapasite geli\u015ftirme e\u011fitimleri, organizasyonunuzun s\u00fcrd\u00fcr\u00fclebilir ba\u015far\u0131s\u0131 i\u00e7in at\u0131lacak en stratejik ad\u0131mlardan biridir. XSIGHTS\u2019\u0131n sundu\u011fu kapsaml\u0131 kapasite geli\u015ftirme e\u011fitimleri ile, \u00e7al\u0131\u015fanlar\u0131n\u0131z\u0131n yetkinliklerini art\u0131rabilir, kurumsal hedeflerinize daha h\u0131zl\u0131 ula\u015fabilir ve organizasyonunuzu gelece\u011fe haz\u0131rlayabilirsiniz. Ba\u015far\u0131l\u0131 bir e\u011fitim stratejisi olu\u015fturmak ve rekabet g\u00fcc\u00fcn\u00fcz\u00fc artt\u0131rmak i\u00e7in XSIGHTS\u2019\u0131n uzmanl\u0131\u011f\u0131na g\u00fcvenin.<\/p>\n\n\n\n<script src=\"https:\/\/js.hsforms.net\/forms\/embed\/49517809.js\" defer><\/script>\n<div class=\"hs-form-frame\" data-region=\"na1\" data-form-id=\"937881e2-bd6c-447c-a620-3a7e01bf514d\" data-portal-id=\"49517809\"><\/div>\n","protected":false},"excerpt":{"rendered":"<p>Kapasite Geli\u015ftirme E\u011fitimleri: Organizasyonunuzu Gelece\u011fe Haz\u0131rlay\u0131n G\u00fcn\u00fcm\u00fcz\u00fcn h\u0131zla de\u011fi\u015fen i\u015f d\u00fcnyas\u0131nda, organizasyonlar\u0131n rekabet\u00e7i kalabilmesi i\u00e7in \u00e7al\u0131\u015fanlar\u0131n\u0131n yetkinliklerini s\u00fcrekli olarak geli\u015ftirmesi gerekmektedir. XSIGHTS\u2019\u0131n sundu\u011fu Kapasite Geli\u015ftirme E\u011fitimleri, \u00e7al\u0131\u015fanlar\u0131n\u0131z\u0131n ve y\u00f6neticilerinizin bilgi, beceri ve yetkinliklerini en \u00fcst d\u00fczeye \u00e7\u0131karmak i\u00e7in \u00f6zel olarak tasarlanmaktad\u0131r. Bu e\u011fitimler, organizasyonunuzun mevcut ve gelecekteki ihtiya\u00e7lar\u0131na cevap verecek \u015fekilde yap\u0131land\u0131r\u0131lmaktad\u0131r. XSIGHTS ile \u00e7al\u0131\u015fanlar\u0131n\u0131z\u0131 [&hellip;]<\/p>\n","protected":false},"author":1,"featured_media":7552,"parent":8277,"menu_order":22,"comment_status":"closed","ping_status":"closed","template":"","meta":{"_acf_changed":false,"footnotes":""},"sayfa-kategorisi":[180],"class_list":["post-11153","page","type-page","status-publish","has-post-thumbnail","hentry","sayfa-kategorisi-kapasite-gelistirme-ve-teknik-destek"],"acf":[],"_links":{"self":[{"href":"https:\/\/www.xsights.co.uk\/tr\/wp-json\/wp\/v2\/pages\/11153","targetHints":{"allow":["GET"]}}],"collection":[{"href":"https:\/\/www.xsights.co.uk\/tr\/wp-json\/wp\/v2\/pages"}],"about":[{"href":"https:\/\/www.xsights.co.uk\/tr\/wp-json\/wp\/v2\/types\/page"}],"author":[{"embeddable":true,"href":"https:\/\/www.xsights.co.uk\/tr\/wp-json\/wp\/v2\/users\/1"}],"replies":[{"embeddable":true,"href":"https:\/\/www.xsights.co.uk\/tr\/wp-json\/wp\/v2\/comments?post=11153"}],"version-history":[{"count":3,"href":"https:\/\/www.xsights.co.uk\/tr\/wp-json\/wp\/v2\/pages\/11153\/revisions"}],"predecessor-version":[{"id":12295,"href":"https:\/\/www.xsights.co.uk\/tr\/wp-json\/wp\/v2\/pages\/11153\/revisions\/12295"}],"up":[{"embeddable":true,"href":"https:\/\/www.xsights.co.uk\/tr\/wp-json\/wp\/v2\/pages\/8277"}],"wp:featuredmedia":[{"embeddable":true,"href":"https:\/\/www.xsights.co.uk\/tr\/wp-json\/wp\/v2\/media\/7552"}],"wp:attachment":[{"href":"https:\/\/www.xsights.co.uk\/tr\/wp-json\/wp\/v2\/media?parent=11153"}],"wp:term":[{"taxonomy":"sayfa-kategorisi","embeddable":true,"href":"https:\/\/www.xsights.co.uk\/tr\/wp-json\/wp\/v2\/sayfa-kategorisi?post=11153"}],"curies":[{"name":"wp","href":"https:\/\/api.w.org\/{rel}","templated":true}]}}