{"id":11160,"date":"2024-09-10T21:26:15","date_gmt":"2024-09-10T18:26:15","guid":{"rendered":"https:\/\/www.xsights.co.uk\/?page_id=11160"},"modified":"2026-03-22T14:09:00","modified_gmt":"2026-03-22T11:09:00","slug":"turquality-arastirmalari","status":"publish","type":"page","link":"https:\/\/www.xsights.co.uk\/tr\/uzmanlik-alanlarimiz\/turquality-arastirmalari\/","title":{"rendered":"Turquality Ara\u015ft\u0131rma"},"content":{"rendered":"\r\n<h3 class=\"wp-block-heading\"><strong>Turquality Ara\u015ft\u0131rmas\u0131: Markan\u0131z\u0131 K\u00fcresel Arenada G\u00fc\u00e7lendirin<\/strong><\/h3>\r\n\r\n\r\n\r\n<p><strong>Turquality ara\u015ft\u0131rmas\u0131<\/strong>, T\u00fcrkiye\u2019den \u00e7\u0131kan markalar\u0131n global arenada rekabet edebilmesi i\u00e7in olu\u015fturulmu\u015f kapsaml\u0131 bir destek program\u0131d\u0131r. XSIGHTS, Turquality Ara\u015ft\u0131rmalar\u0131 hizmeti ile markalar\u0131n bu prestijli programa uygunlu\u011funu belirlemek ve uluslararas\u0131 pazarlarda g\u00fc\u00e7l\u00fc bir konum elde etmelerine yard\u0131mc\u0131 olmak i\u00e7in \u00f6zelle\u015ftirilmi\u015f ara\u015ft\u0131rmalar sunmaktad\u0131r. Bu ara\u015ft\u0131rmalar, markan\u0131z\u0131n k\u00fcresel pazarlarda nas\u0131l alg\u0131land\u0131\u011f\u0131n\u0131, rekabet g\u00fcc\u00fcn\u00fc ve marka de\u011ferinizi art\u0131racak stratejileri ortaya \u00e7\u0131karmaktad\u0131r. XSIGHTS ile markan\u0131z\u0131 k\u00fcresel ba\u015far\u0131ya ta\u015f\u0131y\u0131n.<\/p>\r\n\r\n\r\n\t\t<div data-elementor-type=\"section\" data-elementor-id=\"11127\" class=\"elementor elementor-11127\" data-elementor-post-type=\"elementor_library\">\n\t\t\t\t\t<section class=\"elementor-section elementor-top-section elementor-element elementor-element-a8421f2 elementor-section-boxed elementor-section-height-default elementor-section-height-default\" data-id=\"a8421f2\" data-element_type=\"section\">\n\t\t\t\t\t\t<div class=\"elementor-container elementor-column-gap-default\">\n\t\t\t\t\t<div class=\"elementor-column elementor-col-100 elementor-top-column elementor-element elementor-element-c889dca\" data-id=\"c889dca\" data-element_type=\"column\">\n\t\t\t<div class=\"elementor-widget-wrap elementor-element-populated\">\n\t\t\t\t\t\t<section class=\"elementor-section elementor-inner-section elementor-element elementor-element-e7d8e63 elementor-section-boxed elementor-section-height-default elementor-section-height-default\" data-id=\"e7d8e63\" data-element_type=\"section\">\n\t\t\t\t\t\t<div class=\"elementor-container elementor-column-gap-default\">\n\t\t\t\t\t<div class=\"elementor-column elementor-col-100 elementor-inner-column elementor-element elementor-element-5980280\" data-id=\"5980280\" data-element_type=\"column\" data-settings=\"{&quot;background_background&quot;:&quot;classic&quot;}\">\n\t\t\t<div class=\"elementor-widget-wrap elementor-element-populated\">\n\t\t\t\t\t\t<div class=\"elementor-element elementor-element-44068bf elementor-widget elementor-widget-heading\" data-id=\"44068bf\" data-element_type=\"widget\" data-widget_type=\"heading.default\">\n\t\t\t\t<div class=\"elementor-widget-container\">\n\t\t\t\t\t<h2 class=\"elementor-heading-title elementor-size-default\">Sizi Arayal\u0131m<\/h2>\t\t\t\t<\/div>\n\t\t\t\t<\/div>\n\t\t\t\t<div class=\"elementor-element elementor-element-c24b19b elementor-widget elementor-widget-shortcode\" data-id=\"c24b19b\" data-element_type=\"widget\" data-widget_type=\"shortcode.default\">\n\t\t\t\t<div class=\"elementor-widget-container\">\n\t\t\t\t\t\t\t<div class=\"elementor-shortcode\"><div class='fluentform ff-default fluentform_wrapper_9 ffs_modern_l_wrap'><form data-form_id=\"9\" id=\"fluentform_9\" class=\"frm-fluent-form fluent_form_9 ff-el-form-top ff_form_instance_9_1 ff-form-loading ffs_modern_l\" data-form_instance=\"ff_form_instance_9_1\" method=\"POST\" ><fieldset  style=\"border: none!important;margin: 0!important;padding: 0!important;background-color: transparent!important;box-shadow: none!important;outline: none!important; min-inline-size: 100%;\">\n                    <legend class=\"ff_screen_reader_title\" style=\"display: block; margin: 0!important;padding: 0!important;height: 0!important;text-indent: -999999px;width: 0!important;overflow:hidden;\">M\u00fc\u015fteri Deneyimi Sayfas\u0131 Formu (TR)<\/legend><input type='hidden' name='__fluent_form_embded_post_id' value='11160' \/><input type=\"hidden\" id=\"_fluentform_9_fluentformnonce\" name=\"_fluentform_9_fluentformnonce\" value=\"7c0165e7cd\" \/><input type=\"hidden\" name=\"_wp_http_referer\" value=\"\/tr\/wp-json\/wp\/v2\/pages\/11160\" \/><div data-name=\"ff_cn_id_1\"  class='ff-t-container ff-column-container ff_columns_total_2  '><div class='ff-t-cell ff-t-column-1' style='flex-basis: 50%;'><div data-type=\"name-element\" data-name=\"ad_ve_soyad\" class=\" ff-field_container ff-name-field-wrapper\" ><div class='ff-t-container'><div class='ff-t-cell '><div class='ff-el-group ff-el-form-top'><div class=\"ff-el-input--label ff-el-is-required asterisk-right\"><label for='ff_9_ad_ve_soyad_first_name_' >Ad\u0131n\u0131z ve Soyad\u0131n\u0131z<\/label><\/div><div class='ff-el-input--content'><input type=\"text\" name=\"ad_ve_soyad[first_name]\" id=\"ff_9_ad_ve_soyad_first_name_\" class=\"ff-el-form-control\" aria-invalid=\"false\" aria-required=true><\/div><\/div><\/div><\/div><\/div><\/div><div class='ff-t-cell ff-t-column-2' style='flex-basis: 50%;'><div class='ff-el-group'><div class=\"ff-el-input--label ff-el-is-required asterisk-right\"><label for='ff_9_kurumunuzun_unvani' aria-label=\"Firma\">Firma<\/label><\/div><div class='ff-el-input--content'><input type=\"text\" name=\"kurumunuzun_unvani\" class=\"ff-el-form-control\" data-name=\"kurumunuzun_unvani\" id=\"ff_9_kurumunuzun_unvani\"  aria-invalid=\"false\" aria-required=true><\/div><\/div><\/div><\/div><div data-name=\"ff_cn_id_2\"  class='ff-t-container ff-column-container ff_columns_total_2  '><div class='ff-t-cell ff-t-column-1' style='flex-basis: 50%;'><div class='ff-el-group'><div class=\"ff-el-input--label ff-el-is-required asterisk-right\"><label for='ff_9_telefon_numaraniz_1' aria-label=\"Telefon Numaran\u0131z\">Telefon Numaran\u0131z<\/label><\/div><div class='ff-el-input--content'><input name=\"telefon_numaraniz_1\" class=\"ff-el-form-control ff-el-phone ff_el_with_extended_validation\" type=\"tel\" data-name=\"telefon_numaraniz_1\" id=\"ff_9_telefon_numaraniz_1\" inputmode=\"tel\"  aria-invalid='false' aria-required=true><\/div><\/div><\/div><div class='ff-t-cell ff-t-column-2' style='flex-basis: 50%;'><div class='ff-el-group'><div class=\"ff-el-input--label ff-el-is-required asterisk-right\"><label for='ff_9_email' aria-label=\"Email Adresiniz\">Email Adresiniz<\/label><\/div><div class='ff-el-input--content'><input type=\"email\" name=\"email\" id=\"ff_9_email\" class=\"ff-el-form-control\" data-name=\"email\"  aria-invalid=\"false\" aria-required=true><\/div><\/div><\/div><\/div><div class='ff-el-group ' ><div class='ff-el-input--content'><div data-fluent_id='9' name='g-recaptcha-response'><div\n\t\tdata-sitekey='6LeCN5kkAAAAAD2zFULIiehyPu4P_Dj32EWWONmZ'\n\t\tid='fluentform-recaptcha-9-1'\n\t\tclass='ff-el-recaptcha g-recaptcha'\n\t\tdata-callback='fluentFormrecaptchaSuccessCallback'><\/div><\/div><\/div><\/div><div class='ff-el-group  ff-custom_html ff-hidden loader-wrapper' tabindex='-1' data-name=\"custom_html-9_1\" ><div class=\"lds-ripple\"><div><\/div><div><\/div><div><\/div><div><\/div><\/div><\/div><div class='ff-el-group ff-text-left ff_submit_btn_wrapper'><button type=\"submit\" class=\"ff-btn ff-btn-submit ff-btn-lg ff_btn_style wpf_has_custom_css\" >Formu G\u00f6nder<\/button><\/div><\/fieldset><\/form><div id='fluentform_9_errors' class='ff-errors-in-stack ff_form_instance_9_1 ff-form-loading_errors ff_form_instance_9_1_errors'><\/div><\/div>        <script type=\"text\/javascript\">\n            window.fluent_form_ff_form_instance_9_1 = {\"id\":\"9\",\"settings\":{\"layout\":{\"labelPlacement\":\"top\",\"helpMessagePlacement\":\"with_label\",\"errorMessagePlacement\":\"inline\",\"cssClassName\":\"\",\"asteriskPlacement\":\"asterisk-right\"},\"restrictions\":{\"denyEmptySubmission\":{\"enabled\":false}}},\"form_instance\":\"ff_form_instance_9_1\",\"form_id_selector\":\"fluentform_9\",\"rules\":{\"ad_ve_soyad[first_name]\":{\"required\":{\"value\":true,\"message\":\"Bu alan\\u0131n doldurulmas\\u0131 zorunludur.\",\"global_message\":\"This field is required\",\"global\":false}},\"ad_ve_soyad[middle_name]\":{\"required\":{\"value\":false,\"message\":\"This field is required\",\"global_message\":\"This field is required\",\"global\":true}},\"ad_ve_soyad[last_name]\":{\"required\":{\"value\":true,\"message\":\"Bu alan\\u0131n doldurulmas\\u0131 zorunludur.\",\"global_message\":\"This field is required\",\"global\":false}},\"kurumunuzun_unvani\":{\"required\":{\"value\":true,\"message\":\"Teklif iletilebilmesi i\\u00e7in bu alan\\u0131 doldurman\\u0131z gerekmektedir.\",\"global_message\":\"This field is required\",\"global\":false}},\"telefon_numaraniz_1\":{\"required\":{\"value\":true,\"global\":false,\"message\":\"Teklif detaylar\\u0131 ile ilgili ileti\\u015fime kurabilmemiz i\\u00e7in bu alan\\u0131 doldurman\\u0131z gerekmektedir.\",\"global_message\":\"This field is required\"},\"valid_phone_number\":{\"value\":true,\"global\":true,\"message\":\"Phone number is not valid\",\"global_message\":\"Phone number is not valid\"}},\"email\":{\"required\":{\"value\":true,\"message\":\"This field is required\",\"global_message\":\"This field is required\",\"global\":true},\"email\":{\"value\":true,\"message\":\"This field must contain a valid email\",\"global_message\":\"This field must contain a valid email\",\"global\":true}},\"g-recaptcha-response\":[]},\"debounce_time\":300};\n                    <\/script>\n        <\/div>\n\t\t\t\t\t\t<\/div>\n\t\t\t\t<\/div>\n\t\t\t\t\t<\/div>\n\t\t<\/div>\n\t\t\t\t\t<\/div>\n\t\t<\/section>\n\t\t\t\t\t<\/div>\n\t\t<\/div>\n\t\t\t\t\t<\/div>\n\t\t<\/section>\n\t\t\t\t<\/div>\n\t\t\n\r\n\r\n\r\n<h3 class=\"wp-block-heading\"><strong>Turquality Ara\u015ft\u0131rmalar\u0131n\u0131n Kapsam\u0131<\/strong><\/h3>\r\n\r\n\r\n\r\n<p>Turquality, markalar\u0131n uluslararas\u0131 pazarlarda daha g\u00fc\u00e7l\u00fc ve rekabet\u00e7i olabilmesi i\u00e7in kapsaml\u0131 bir destek sunmaktad\u0131r. XSIGHTS, bu s\u00fcrecin temelinde yer alarak, markan\u0131z\u0131n Turquality program\u0131na uygunlu\u011funu ve ba\u015far\u0131s\u0131n\u0131 art\u0131rmak i\u00e7in derinlemesine ara\u015ft\u0131rmalar ger\u00e7ekle\u015ftirmektedir. Ara\u015ft\u0131rmalar\u0131m\u0131z, markan\u0131z\u0131n uluslararas\u0131 pazarlardaki mevcut konumunu anlamakla ba\u015flar. Bu s\u00fcre\u00e7te, pazar dinamikleri, t\u00fcketici davran\u0131\u015flar\u0131, k\u00fclt\u00fcrel farkl\u0131l\u0131klar ve rakip analizleri gibi kritik fakt\u00f6rler g\u00f6z \u00f6n\u00fcnde bulundurulmaktad\u0131r.<\/p>\r\n\r\n\r\n\r\n<p>Turquality Ara\u015ft\u0131rmas\u0131, markan\u0131z\u0131n k\u00fcresel arenadaki alg\u0131s\u0131n\u0131 detayl\u0131 bir \u015fekilde analiz etmektedir. \u0130lk ad\u0131mda, markan\u0131z\u0131n bilinirlik d\u00fczeyini \u00f6l\u00e7er ve uluslararas\u0131 pazarlardaki hedef kitlenizin markan\u0131z\u0131 nas\u0131l alg\u0131lad\u0131\u011f\u0131n\u0131 belirlenmektedir. Bu, markan\u0131z\u0131n g\u00fc\u00e7l\u00fc y\u00f6nlerini peki\u015ftirmek ve zay\u0131f y\u00f6nlerini geli\u015ftirmek i\u00e7in stratejik bir yol haritas\u0131 olu\u015fturman\u0131z\u0131 sa\u011flamaktad\u0131r.<\/p>\r\n\r\n\r\n\r\n<p>Bunun yan\u0131 s\u0131ra, XSIGHTS, markan\u0131z\u0131n rekabet g\u00fcc\u00fcn\u00fc art\u0131rmak i\u00e7in rakiplerinizle olan pozisyonunuzu kar\u015f\u0131la\u015ft\u0131rmaktad\u0131r. Bu analiz, markan\u0131z\u0131n pazardaki yerini g\u00fc\u00e7lendirmek i\u00e7in gerekli ad\u0131mlar\u0131n at\u0131lmas\u0131na olanak tan\u0131maktad\u0131r. \u00d6zellikle fiyatland\u0131rma, \u00fcr\u00fcn\/hizmet kalitesi, marka imaj\u0131 ve m\u00fc\u015fteri deneyimi gibi alanlarda markan\u0131z\u0131n nas\u0131l farkl\u0131la\u015ft\u0131\u011f\u0131n\u0131 anlamak i\u00e7in detayl\u0131 \u00e7al\u0131\u015fmalar yap\u0131lmaktad\u0131r.<\/p>\r\n\r\n\r\n\r\n<p>Ara\u015ft\u0131rmalar\u0131m\u0131z ayr\u0131ca, markan\u0131z\u0131n pazardaki potansiyel f\u0131rsatlar\u0131n\u0131 ve tehditlerini de analiz etmektedir. Yeni pazarlara giri\u015f stratejileri, pazar geni\u015fleme f\u0131rsatlar\u0131 ve hedef kitlenizin de\u011fi\u015fen beklentileri gibi konular \u00fczerinde derinlemesine \u00e7al\u0131\u015fmalar yap\u0131lmaktad\u0131r.\u00a0<\/p>\r\n\r\n\r\n\r\n<p>XSIGHTS\u2019\u0131n Turquality Ara\u015ft\u0131rmas\u0131 hizmeti, markan\u0131z\u0131n yaln\u0131zca mevcut durumunu analiz etmekle kalmaz, ayn\u0131 zamanda gelecekteki b\u00fcy\u00fcme ve geni\u015fleme stratejilerini de desteklemektedir. Bu, markan\u0131z\u0131n uluslararas\u0131 arenada s\u00fcrd\u00fcr\u00fclebilir bir ba\u015far\u0131 elde etmesi i\u00e7in hayati \u00f6neme sahiptir. XSIGHTS olarak, ara\u015ft\u0131rmalar\u0131m\u0131z\u0131 markan\u0131z\u0131n ihtiya\u00e7lar\u0131na g\u00f6re \u00f6zelle\u015ftirir, b\u00f6ylece Turquality program\u0131 kapsam\u0131nda verilen desteklerden en y\u00fcksek verimi alman\u0131z sa\u011flanmaktad\u0131r.<\/p>\r\n\r\n\r\n\r\n<h3 class=\"wp-block-heading\"><strong>XSIGHTS&#8217;\u0131n Turquality Ara\u015ft\u0131rmalar\u0131 ile Sa\u011flad\u0131\u011f\u0131 Avantajlar<\/strong><\/h3>\r\n\r\n\r\n\r\n<p>XSIGHTS olarak, Turquality Ara\u015ft\u0131rmas\u0131 hizmetimizle markan\u0131z\u0131 k\u00fcresel rekabete haz\u0131rlaman\u0131za yard\u0131mc\u0131 oluruz. Uzman kadromuz ve geli\u015fmi\u015f analiz y\u00f6ntemlerimiz sayesinde, markan\u0131z\u0131n uluslararas\u0131 pazarlardaki g\u00fcc\u00fcn\u00fc ve potansiyelini en do\u011fru \u015fekilde \u00f6l\u00e7eriz. Ara\u015ft\u0131rma s\u00fcrecini tamamen sizin ihtiya\u00e7lar\u0131n\u0131za g\u00f6re \u00f6zelle\u015ftirilir, b\u00f6ylece markan\u0131z\u0131n Turquality program\u0131na uyumunu art\u0131rabilir ve k\u00fcresel pazarlarda ba\u015far\u0131l\u0131 olmas\u0131n\u0131 sa\u011flayabilirsiniz.<\/p>\r\n\r\n\r\n\r\n<p>XSIGHTS, markan\u0131z\u0131n k\u00fcresel pazarlardaki performans\u0131n\u0131 art\u0131rmak i\u00e7in stratejik \u00f6neriler sunar. Bu \u00f6neriler, markan\u0131z\u0131n uluslararas\u0131 pazarlarda fark yaratmas\u0131n\u0131 sa\u011flayacak, rekabet g\u00fcc\u00fcn\u00fc art\u0131racak ve Turquality program\u0131 kapsam\u0131nda verilen desteklerden maksimum fayda elde etmenizi sa\u011flayacak \u015fekilde tasarlan\u0131r.<\/p>\r\n\r\n\r\n\r\n\r\n\r\n<p>Turquality Ara\u015ft\u0131rmas\u0131, markan\u0131z\u0131n k\u00fcresel pazarlarda ba\u015far\u0131l\u0131 olmas\u0131n\u0131 sa\u011flamak ve Turquality program\u0131 kapsam\u0131nda rekabet g\u00fcc\u00fcn\u00fcz\u00fc art\u0131rmak i\u00e7in kritik bir ad\u0131md\u0131r. XSIGHTS\u2019\u0131n sundu\u011fu kapsaml\u0131 Turquality Ara\u015ft\u0131rmalar\u0131 hizmeti ile, markan\u0131z\u0131n uluslararas\u0131 arenada nas\u0131l alg\u0131land\u0131\u011f\u0131n\u0131 anlayabilir, bu do\u011frultuda etkili stratejiler geli\u015ftirebilir ve k\u00fcresel ba\u015far\u0131ya ula\u015fabilirsiniz. Markan\u0131z\u0131 uluslararas\u0131 pazarlarda bir ad\u0131m \u00f6ne \u00e7\u0131karmak i\u00e7in XSIGHTS\u2019\u0131n uzmanl\u0131\u011f\u0131na g\u00fcvenin.<\/p>\r\n\r\n\r\n\r\n<p><\/p>\r\n<div class=\"hs-form-frame\" data-region=\"na1\" data-form-id=\"937881e2-bd6c-447c-a620-3a7e01bf514d\" data-portal-id=\"49517809\">\u00a0<\/div>\r\n","protected":false},"excerpt":{"rendered":"<p>Turquality Ara\u015ft\u0131rmas\u0131: Markan\u0131z\u0131 K\u00fcresel Arenada G\u00fc\u00e7lendirin Turquality ara\u015ft\u0131rmas\u0131, T\u00fcrkiye\u2019den \u00e7\u0131kan markalar\u0131n global arenada rekabet edebilmesi i\u00e7in olu\u015fturulmu\u015f kapsaml\u0131 bir destek program\u0131d\u0131r. XSIGHTS, Turquality Ara\u015ft\u0131rmalar\u0131 hizmeti ile markalar\u0131n bu prestijli programa uygunlu\u011funu belirlemek ve uluslararas\u0131 pazarlarda g\u00fc\u00e7l\u00fc bir konum elde etmelerine yard\u0131mc\u0131 olmak i\u00e7in \u00f6zelle\u015ftirilmi\u015f ara\u015ft\u0131rmalar sunmaktad\u0131r. Bu ara\u015ft\u0131rmalar, markan\u0131z\u0131n k\u00fcresel pazarlarda nas\u0131l alg\u0131land\u0131\u011f\u0131n\u0131, rekabet g\u00fcc\u00fcn\u00fc [&hellip;]<\/p>\n","protected":false},"author":1,"featured_media":7552,"parent":8277,"menu_order":26,"comment_status":"closed","ping_status":"closed","template":"","meta":{"_acf_changed":false,"footnotes":""},"sayfa-kategorisi":[181],"class_list":["post-11160","page","type-page","status-publish","has-post-thumbnail","hentry","sayfa-kategorisi-marka-ve-iletisim-yatirimlari-performansi"],"acf":[],"_links":{"self":[{"href":"https:\/\/www.xsights.co.uk\/tr\/wp-json\/wp\/v2\/pages\/11160","targetHints":{"allow":["GET"]}}],"collection":[{"href":"https:\/\/www.xsights.co.uk\/tr\/wp-json\/wp\/v2\/pages"}],"about":[{"href":"https:\/\/www.xsights.co.uk\/tr\/wp-json\/wp\/v2\/types\/page"}],"author":[{"embeddable":true,"href":"https:\/\/www.xsights.co.uk\/tr\/wp-json\/wp\/v2\/users\/1"}],"replies":[{"embeddable":true,"href":"https:\/\/www.xsights.co.uk\/tr\/wp-json\/wp\/v2\/comments?post=11160"}],"version-history":[{"count":5,"href":"https:\/\/www.xsights.co.uk\/tr\/wp-json\/wp\/v2\/pages\/11160\/revisions"}],"predecessor-version":[{"id":12614,"href":"https:\/\/www.xsights.co.uk\/tr\/wp-json\/wp\/v2\/pages\/11160\/revisions\/12614"}],"up":[{"embeddable":true,"href":"https:\/\/www.xsights.co.uk\/tr\/wp-json\/wp\/v2\/pages\/8277"}],"wp:featuredmedia":[{"embeddable":true,"href":"https:\/\/www.xsights.co.uk\/tr\/wp-json\/wp\/v2\/media\/7552"}],"wp:attachment":[{"href":"https:\/\/www.xsights.co.uk\/tr\/wp-json\/wp\/v2\/media?parent=11160"}],"wp:term":[{"taxonomy":"sayfa-kategorisi","embeddable":true,"href":"https:\/\/www.xsights.co.uk\/tr\/wp-json\/wp\/v2\/sayfa-kategorisi?post=11160"}],"curies":[{"name":"wp","href":"https:\/\/api.w.org\/{rel}","templated":true}]}}