{"id":11162,"date":"2024-09-10T21:27:42","date_gmt":"2024-09-10T18:27:42","guid":{"rendered":"https:\/\/www.xsights.co.uk\/?page_id=11162"},"modified":"2025-05-21T18:46:23","modified_gmt":"2025-05-21T15:46:23","slug":"reklam-testi","status":"publish","type":"page","link":"https:\/\/www.xsights.co.uk\/tr\/uzmanlik-alanlarimiz\/reklam-testi\/","title":{"rendered":"Reklam Testi"},"content":{"rendered":"\n<h3 class=\"wp-block-heading\"><strong>Reklam Testi: Reklamlar\u0131n\u0131z\u0131n G\u00fcc\u00fcn\u00fc \u00d6l\u00e7\u00fcn ve Etkisini Art\u0131r\u0131n<\/strong><\/h3>\n\n\n\n<p>Ba\u015far\u0131l\u0131 bir reklam kampanyas\u0131, yarat\u0131c\u0131 fikirlerin \u00f6tesine ge\u00e7er ve do\u011fru mesaj\u0131n do\u011fru kitleye etkili bir \u015fekilde iletilmesini gerektirir. XSIGHTS\u2019\u0131n Reklam Testi hizmeti, hem lansman \u00f6ncesi hem de lansman sonras\u0131 analizlerle reklamlar\u0131n\u0131z\u0131n etkinli\u011fini de\u011ferlendirmek i\u00e7in kapsaml\u0131 bir \u00e7\u00f6z\u00fcm sunar. Reklamlar\u0131n\u0131z\u0131n hedef kitlede nas\u0131l yank\u0131 buldu\u011funu anlamak, mesaj\u0131n\u0131z\u0131n g\u00fcc\u00fcn\u00fc ve etkisini art\u0131rman\u0131n temel ad\u0131mlar\u0131ndan biridir. XSIGHTS, reklamlar\u0131n\u0131z\u0131n performans\u0131n\u0131 art\u0131rmak i\u00e7in gereken stratejik i\u00e7g\u00f6r\u00fcleri sa\u011flar.<\/p>\n\n\n\t\t<div data-elementor-type=\"section\" data-elementor-id=\"11127\" class=\"elementor elementor-11127\" data-elementor-post-type=\"elementor_library\">\n\t\t\t\t\t<section class=\"elementor-section elementor-top-section elementor-element elementor-element-a8421f2 elementor-section-boxed elementor-section-height-default elementor-section-height-default\" data-id=\"a8421f2\" data-element_type=\"section\">\n\t\t\t\t\t\t<div class=\"elementor-container elementor-column-gap-default\">\n\t\t\t\t\t<div class=\"elementor-column elementor-col-100 elementor-top-column elementor-element elementor-element-c889dca\" data-id=\"c889dca\" data-element_type=\"column\">\n\t\t\t<div class=\"elementor-widget-wrap elementor-element-populated\">\n\t\t\t\t\t\t<section class=\"elementor-section elementor-inner-section elementor-element elementor-element-e7d8e63 elementor-section-boxed elementor-section-height-default elementor-section-height-default\" data-id=\"e7d8e63\" data-element_type=\"section\">\n\t\t\t\t\t\t<div class=\"elementor-container elementor-column-gap-default\">\n\t\t\t\t\t<div class=\"elementor-column elementor-col-100 elementor-inner-column elementor-element elementor-element-5980280\" data-id=\"5980280\" data-element_type=\"column\" data-settings=\"{&quot;background_background&quot;:&quot;classic&quot;}\">\n\t\t\t<div class=\"elementor-widget-wrap elementor-element-populated\">\n\t\t\t\t\t\t<div class=\"elementor-element elementor-element-44068bf elementor-widget elementor-widget-heading\" data-id=\"44068bf\" data-element_type=\"widget\" data-widget_type=\"heading.default\">\n\t\t\t\t<div class=\"elementor-widget-container\">\n\t\t\t\t\t<h2 class=\"elementor-heading-title elementor-size-default\">Sizi Arayal\u0131m<\/h2>\t\t\t\t<\/div>\n\t\t\t\t<\/div>\n\t\t\t\t<div class=\"elementor-element elementor-element-c24b19b elementor-widget elementor-widget-shortcode\" data-id=\"c24b19b\" data-element_type=\"widget\" data-widget_type=\"shortcode.default\">\n\t\t\t\t<div class=\"elementor-widget-container\">\n\t\t\t\t\t\t\t<div class=\"elementor-shortcode\"><div class='fluentform ff-default fluentform_wrapper_9 ffs_modern_l_wrap'><form data-form_id=\"9\" id=\"fluentform_9\" class=\"frm-fluent-form fluent_form_9 ff-el-form-top ff_form_instance_9_1 ff-form-loading ffs_modern_l\" data-form_instance=\"ff_form_instance_9_1\" method=\"POST\" ><fieldset  style=\"border: none!important;margin: 0!important;padding: 0!important;background-color: transparent!important;box-shadow: none!important;outline: none!important; min-inline-size: 100%;\">\n                    <legend class=\"ff_screen_reader_title\" style=\"display: block; margin: 0!important;padding: 0!important;height: 0!important;text-indent: -999999px;width: 0!important;overflow:hidden;\">M\u00fc\u015fteri Deneyimi Sayfas\u0131 Formu (TR)<\/legend><input type='hidden' name='__fluent_form_embded_post_id' value='11162' \/><input type=\"hidden\" id=\"_fluentform_9_fluentformnonce\" name=\"_fluentform_9_fluentformnonce\" value=\"97eaf5c791\" \/><input type=\"hidden\" name=\"_wp_http_referer\" value=\"\/tr\/wp-json\/wp\/v2\/pages\/11162\" \/><div data-name=\"ff_cn_id_1\"  class='ff-t-container ff-column-container ff_columns_total_2  '><div class='ff-t-cell ff-t-column-1' style='flex-basis: 50%;'><div data-type=\"name-element\" data-name=\"ad_ve_soyad\" class=\" ff-field_container ff-name-field-wrapper\" ><div class='ff-t-container'><div class='ff-t-cell '><div class='ff-el-group ff-el-form-top'><div class=\"ff-el-input--label ff-el-is-required asterisk-right\"><label for='ff_9_ad_ve_soyad_first_name_' >Ad\u0131n\u0131z ve Soyad\u0131n\u0131z<\/label><\/div><div class='ff-el-input--content'><input type=\"text\" name=\"ad_ve_soyad[first_name]\" id=\"ff_9_ad_ve_soyad_first_name_\" class=\"ff-el-form-control\" aria-invalid=\"false\" aria-required=true><\/div><\/div><\/div><\/div><\/div><\/div><div class='ff-t-cell ff-t-column-2' style='flex-basis: 50%;'><div class='ff-el-group'><div class=\"ff-el-input--label ff-el-is-required asterisk-right\"><label for='ff_9_kurumunuzun_unvani' aria-label=\"Firma\">Firma<\/label><\/div><div class='ff-el-input--content'><input type=\"text\" name=\"kurumunuzun_unvani\" class=\"ff-el-form-control\" data-name=\"kurumunuzun_unvani\" id=\"ff_9_kurumunuzun_unvani\"  aria-invalid=\"false\" aria-required=true><\/div><\/div><\/div><\/div><div data-name=\"ff_cn_id_2\"  class='ff-t-container ff-column-container ff_columns_total_2  '><div class='ff-t-cell ff-t-column-1' style='flex-basis: 50%;'><div class='ff-el-group'><div class=\"ff-el-input--label ff-el-is-required asterisk-right\"><label for='ff_9_telefon_numaraniz_1' aria-label=\"Telefon Numaran\u0131z\">Telefon Numaran\u0131z<\/label><\/div><div class='ff-el-input--content'><input name=\"telefon_numaraniz_1\" class=\"ff-el-form-control ff-el-phone ff_el_with_extended_validation\" type=\"tel\" data-name=\"telefon_numaraniz_1\" id=\"ff_9_telefon_numaraniz_1\" inputmode=\"tel\"  aria-invalid='false' aria-required=true><\/div><\/div><\/div><div class='ff-t-cell ff-t-column-2' style='flex-basis: 50%;'><div class='ff-el-group'><div class=\"ff-el-input--label ff-el-is-required asterisk-right\"><label for='ff_9_email' aria-label=\"Email Adresiniz\">Email Adresiniz<\/label><\/div><div class='ff-el-input--content'><input type=\"email\" name=\"email\" id=\"ff_9_email\" class=\"ff-el-form-control\" data-name=\"email\"  aria-invalid=\"false\" aria-required=true><\/div><\/div><\/div><\/div><div class='ff-el-group ' ><div class='ff-el-input--content'><div data-fluent_id='9' name='g-recaptcha-response'><div\n\t\tdata-sitekey='6LeCN5kkAAAAAD2zFULIiehyPu4P_Dj32EWWONmZ'\n\t\tid='fluentform-recaptcha-9-1'\n\t\tclass='ff-el-recaptcha g-recaptcha'\n\t\tdata-callback='fluentFormrecaptchaSuccessCallback'><\/div><\/div><\/div><\/div><div class='ff-el-group  ff-custom_html ff-hidden loader-wrapper' tabindex='-1' data-name=\"custom_html-9_1\" ><div class=\"lds-ripple\"><div><\/div><div><\/div><div><\/div><div><\/div><\/div><\/div><div class='ff-el-group ff-text-left ff_submit_btn_wrapper'><button type=\"submit\" class=\"ff-btn ff-btn-submit ff-btn-lg ff_btn_style wpf_has_custom_css\" >Formu G\u00f6nder<\/button><\/div><\/fieldset><\/form><div id='fluentform_9_errors' class='ff-errors-in-stack ff_form_instance_9_1 ff-form-loading_errors ff_form_instance_9_1_errors'><\/div><\/div>        <script type=\"text\/javascript\">\n            window.fluent_form_ff_form_instance_9_1 = {\"id\":\"9\",\"settings\":{\"layout\":{\"labelPlacement\":\"top\",\"helpMessagePlacement\":\"with_label\",\"errorMessagePlacement\":\"inline\",\"cssClassName\":\"\",\"asteriskPlacement\":\"asterisk-right\"},\"restrictions\":{\"denyEmptySubmission\":{\"enabled\":false}}},\"form_instance\":\"ff_form_instance_9_1\",\"form_id_selector\":\"fluentform_9\",\"rules\":{\"ad_ve_soyad[first_name]\":{\"required\":{\"value\":true,\"message\":\"Bu alan\\u0131n doldurulmas\\u0131 zorunludur.\",\"global_message\":\"This field is required\",\"global\":false}},\"ad_ve_soyad[middle_name]\":{\"required\":{\"value\":false,\"message\":\"This field is required\",\"global_message\":\"This field is required\",\"global\":true}},\"ad_ve_soyad[last_name]\":{\"required\":{\"value\":true,\"message\":\"Bu alan\\u0131n doldurulmas\\u0131 zorunludur.\",\"global_message\":\"This field is required\",\"global\":false}},\"kurumunuzun_unvani\":{\"required\":{\"value\":true,\"message\":\"Teklif iletilebilmesi i\\u00e7in bu alan\\u0131 doldurman\\u0131z gerekmektedir.\",\"global_message\":\"This field is required\",\"global\":false}},\"telefon_numaraniz_1\":{\"required\":{\"value\":true,\"global\":false,\"message\":\"Teklif detaylar\\u0131 ile ilgili ileti\\u015fime kurabilmemiz i\\u00e7in bu alan\\u0131 doldurman\\u0131z gerekmektedir.\",\"global_message\":\"This field is required\"},\"valid_phone_number\":{\"value\":true,\"global\":true,\"message\":\"Phone number is not valid\",\"global_message\":\"Phone number is not valid\"}},\"email\":{\"required\":{\"value\":true,\"message\":\"This field is required\",\"global_message\":\"This field is required\",\"global\":true},\"email\":{\"value\":true,\"message\":\"This field must contain a valid email\",\"global_message\":\"This field must contain a valid email\",\"global\":true}},\"g-recaptcha-response\":[]},\"debounce_time\":300};\n                    <\/script>\n        <\/div>\n\t\t\t\t\t\t<\/div>\n\t\t\t\t<\/div>\n\t\t\t\t\t<\/div>\n\t\t<\/div>\n\t\t\t\t\t<\/div>\n\t\t<\/section>\n\t\t\t\t\t<\/div>\n\t\t<\/div>\n\t\t\t\t\t<\/div>\n\t\t<\/section>\n\t\t\t\t<\/div>\n\t\t\n\n\n\n<h3 class=\"wp-block-heading\"><strong>Lansman \u00d6ncesi Testler<\/strong><\/h3>\n\n\n\n<p>Reklamlar\u0131n yay\u0131na girmeden \u00f6nce yap\u0131lan \u00f6n testler, mesaj\u0131n hedef kitle taraf\u0131ndan do\u011fru \u015fekilde alg\u0131lan\u0131p alg\u0131lanmad\u0131\u011f\u0131n\u0131 belirler. XSIGHTS, hedef kitle \u00fczerinde etkili olacak reklam mesajlar\u0131 olu\u015fturman\u0131za yard\u0131mc\u0131 olur. Bu \u00f6n testler sayesinde, reklamlar\u0131n lansman \u00f6ncesi stratejik revizyonlar yap\u0131larak performanslar\u0131n\u0131n art\u0131r\u0131lmas\u0131 sa\u011flan\u0131r. Reklam\u0131n mesaj\u0131 do\u011fru iletip iletmedi\u011fi ve hedef kitlede beklenen etkiyi yarat\u0131p yaratmad\u0131\u011f\u0131 analiz edilerek, ba\u015far\u0131l\u0131 bir lansman i\u00e7in zemin haz\u0131rlan\u0131r.<\/p>\n\n\n\n<h3 class=\"wp-block-heading\"><strong>Lansman Sonras\u0131 Testler<\/strong><\/h3>\n\n\n\n<p>Reklam yay\u0131nland\u0131ktan sonra XSIGHTS, reklam\u0131n etkinli\u011fini \u00f6l\u00e7en son testler ger\u00e7ekle\u015ftirir. Bu testler, reklam\u0131n marka bilinirli\u011fi, marka imaj\u0131 ve sat\u0131n alma davran\u0131\u015flar\u0131 \u00fczerindeki etkisini de\u011ferlendirir. Lansman sonras\u0131 testler, reklam\u0131n hedef kitlenin zihninde nas\u0131l bir iz b\u0131rakt\u0131\u011f\u0131n\u0131 ve sat\u0131n alma kararlar\u0131n\u0131 nas\u0131l etkiledi\u011fini anlaman\u0131za olanak tan\u0131r. XSIGHTS, bu testlerle kampanyalar\u0131n\u0131z\u0131 s\u00fcrekli iyile\u015ftirmek ve hedef kitlenizle daha g\u00fc\u00e7l\u00fc bir ba\u011f kurman\u0131z i\u00e7in stratejik \u00f6neriler sunar.<\/p>\n\n\n\n<h3 class=\"wp-block-heading\"><strong>XSIGHTS\u2019\u0131n X-AD Modeli<\/strong><\/h3>\n\n\n\n<p>XSIGHTS, Reklam Testi hizmetinde sekt\u00f6rel k\u0131yaslama de\u011ferlerini kullanarak geli\u015ftirdi\u011fi X-AD Modeli\u2019ni uygular. Bu model, sekizden fazla farkl\u0131 sekt\u00f6r i\u00e7in belirlenmi\u015f k\u0131yaslama verileri ile reklamlar\u0131n\u0131z\u0131 kar\u015f\u0131la\u015ft\u0131rman\u0131za ve sekt\u00f6rde nas\u0131l konumland\u0131\u011f\u0131n\u0131z\u0131 g\u00f6rmenize olanak tan\u0131r. X-AD Modeli, reklamlar\u0131n\u0131z\u0131n ne kadar etkili oldu\u011funu ve hangi alanlarda geli\u015ftirilmesi gerekti\u011fini net bir \u015fekilde ortaya koyar. Reklamlar\u0131n\u0131z\u0131n, mesaj g\u00fcc\u00fcn\u00fc ve hedef kitlenizdeki etkisini \u00f6l\u00e7mek i\u00e7in bu model stratejik bir ara\u00e7t\u0131r.<\/p>\n\n\n\n<h3 class=\"wp-block-heading\"><strong>XSIGHTS&#8217;\u0131n Reklam Testi ile Sa\u011flad\u0131\u011f\u0131 Avantajlar<\/strong><\/h3>\n\n\n\n<p>XSIGHTS\u2019\u0131n Reklam Testi hizmeti, kampanyalar\u0131n\u0131z\u0131n etkisini maksimize etmenizi sa\u011flayan stratejik \u00e7\u00f6z\u00fcmler sunar. Reklamlar\u0131n\u0131z\u0131n mesaj g\u00fcc\u00fcn\u00fc ve hedef kitlenizdeki yank\u0131s\u0131n\u0131 net bir \u015fekilde \u00f6l\u00e7erek, reklam performans\u0131n\u0131z\u0131 art\u0131rman\u0131za yard\u0131mc\u0131 olur. Reklam testleri, kampanyalar\u0131n\u0131z\u0131n marka bilinirli\u011fi, sat\u0131n alma davran\u0131\u015flar\u0131 ve marka imaj\u0131 \u00fczerindeki etkisini \u00f6l\u00e7er. Bu veriler, sadece mevcut kampanyalar\u0131n\u0131z\u0131 optimize etmekle kalmaz, gelecekteki reklam stratejilerinizi de \u015fekillendirir.<\/p>\n\n\n\n<p>X-AD Modeli sayesinde, reklamlar\u0131n\u0131z\u0131 sekt\u00f6rdeki en iyi uygulamalarla k\u0131yaslayabilir ve bu do\u011frultuda stratejik iyile\u015ftirmeler yapabilirsiniz. XSIGHTS, hem lansman \u00f6ncesi hem de lansman sonras\u0131 analizlerle reklamlar\u0131n\u0131z\u0131 her a\u015famada g\u00fc\u00e7lendirir. Marka bilinirli\u011fi ve sat\u0131n alma \u00fczerindeki etkileri net bir \u015fekilde anlayarak, hedef kitlenize en do\u011fru mesaj\u0131 iletmenize olanak tan\u0131r.<\/p>\n\n\n\n<h3 class=\"wp-block-heading\"><strong>Sonu\u00e7<\/strong><\/h3>\n\n\n\n<p>Reklam testi, marka mesaj\u0131n\u0131z\u0131 do\u011fru \u015fekilde iletmek ve hedef kitlenizde yank\u0131 uyand\u0131rmak i\u00e7in vazge\u00e7ilmez bir s\u00fcre\u00e7tir. XSIGHTS\u2019\u0131n sundu\u011fu kapsaml\u0131 Reklam Testi hizmeti ile, reklamlar\u0131n\u0131z\u0131n etkinli\u011fini \u00f6l\u00e7ebilir, stratejik d\u00fczeltmeler yapabilir ve kampanyalar\u0131n\u0131z\u0131n ba\u015far\u0131s\u0131n\u0131 garanti alt\u0131na alabilirsiniz. Reklamlar\u0131n\u0131z\u0131n performans\u0131n\u0131 en \u00fcst seviyeye \u00e7\u0131karmak ve pazardaki yerinizi g\u00fc\u00e7lendirmek i\u00e7in XSIGHTS\u2019\u0131n uzmanl\u0131\u011f\u0131na g\u00fcvenin.<\/p>\n\n\n\n<script src=\"https:\/\/js.hsforms.net\/forms\/embed\/49517809.js\" defer><\/script>\n<div class=\"hs-form-frame\" data-region=\"na1\" data-form-id=\"937881e2-bd6c-447c-a620-3a7e01bf514d\" data-portal-id=\"49517809\"><\/div>\n","protected":false},"excerpt":{"rendered":"<p>Reklam Testi: Reklamlar\u0131n\u0131z\u0131n G\u00fcc\u00fcn\u00fc \u00d6l\u00e7\u00fcn ve Etkisini Art\u0131r\u0131n Ba\u015far\u0131l\u0131 bir reklam kampanyas\u0131, yarat\u0131c\u0131 fikirlerin \u00f6tesine ge\u00e7er ve do\u011fru mesaj\u0131n do\u011fru kitleye etkili bir \u015fekilde iletilmesini gerektirir. XSIGHTS\u2019\u0131n Reklam Testi hizmeti, hem lansman \u00f6ncesi hem de lansman sonras\u0131 analizlerle reklamlar\u0131n\u0131z\u0131n etkinli\u011fini de\u011ferlendirmek i\u00e7in kapsaml\u0131 bir \u00e7\u00f6z\u00fcm sunar. Reklamlar\u0131n\u0131z\u0131n hedef kitlede nas\u0131l yank\u0131 buldu\u011funu anlamak, mesaj\u0131n\u0131z\u0131n g\u00fcc\u00fcn\u00fc [&hellip;]<\/p>\n","protected":false},"author":1,"featured_media":7552,"parent":8277,"menu_order":27,"comment_status":"closed","ping_status":"closed","template":"","meta":{"_acf_changed":false,"footnotes":""},"sayfa-kategorisi":[181],"class_list":["post-11162","page","type-page","status-publish","has-post-thumbnail","hentry","sayfa-kategorisi-marka-ve-iletisim-yatirimlari-performansi"],"acf":[],"_links":{"self":[{"href":"https:\/\/www.xsights.co.uk\/tr\/wp-json\/wp\/v2\/pages\/11162","targetHints":{"allow":["GET"]}}],"collection":[{"href":"https:\/\/www.xsights.co.uk\/tr\/wp-json\/wp\/v2\/pages"}],"about":[{"href":"https:\/\/www.xsights.co.uk\/tr\/wp-json\/wp\/v2\/types\/page"}],"author":[{"embeddable":true,"href":"https:\/\/www.xsights.co.uk\/tr\/wp-json\/wp\/v2\/users\/1"}],"replies":[{"embeddable":true,"href":"https:\/\/www.xsights.co.uk\/tr\/wp-json\/wp\/v2\/comments?post=11162"}],"version-history":[{"count":3,"href":"https:\/\/www.xsights.co.uk\/tr\/wp-json\/wp\/v2\/pages\/11162\/revisions"}],"predecessor-version":[{"id":12299,"href":"https:\/\/www.xsights.co.uk\/tr\/wp-json\/wp\/v2\/pages\/11162\/revisions\/12299"}],"up":[{"embeddable":true,"href":"https:\/\/www.xsights.co.uk\/tr\/wp-json\/wp\/v2\/pages\/8277"}],"wp:featuredmedia":[{"embeddable":true,"href":"https:\/\/www.xsights.co.uk\/tr\/wp-json\/wp\/v2\/media\/7552"}],"wp:attachment":[{"href":"https:\/\/www.xsights.co.uk\/tr\/wp-json\/wp\/v2\/media?parent=11162"}],"wp:term":[{"taxonomy":"sayfa-kategorisi","embeddable":true,"href":"https:\/\/www.xsights.co.uk\/tr\/wp-json\/wp\/v2\/sayfa-kategorisi?post=11162"}],"curies":[{"name":"wp","href":"https:\/\/api.w.org\/{rel}","templated":true}]}}