{"id":11166,"date":"2024-09-10T21:31:31","date_gmt":"2024-09-10T18:31:31","guid":{"rendered":"https:\/\/www.xsights.co.uk\/?page_id=11166"},"modified":"2025-05-21T18:55:45","modified_gmt":"2025-05-21T15:55:45","slug":"gundem-arastirmalari","status":"publish","type":"page","link":"https:\/\/www.xsights.co.uk\/tr\/uzmanlik-alanlarimiz\/gundem-arastirmalari\/","title":{"rendered":"G\u00fcndem Ara\u015ft\u0131rmalar\u0131"},"content":{"rendered":"\n<h3 class=\"wp-block-heading\"><strong>G\u00fcndem Ara\u015ft\u0131rmalar\u0131: Kamuoyunun Nabz\u0131n\u0131 Tutun<\/strong><\/h3>\n\n\n\n<p>G\u00fcndem h\u0131zla de\u011fi\u015fir ve kamuoyunun hangi konulara odakland\u0131\u011f\u0131n\u0131 anlamak, stratejik kararlar alman\u0131n anahtar\u0131d\u0131r. XSIGHTS\u2019\u0131n G\u00fcndem Ara\u015ft\u0131rmalar\u0131 hizmeti, toplumun g\u00fcncel konular hakk\u0131ndaki d\u00fc\u015f\u00fcncelerini, kayg\u0131lar\u0131n\u0131 ve beklentilerini derinlemesine analiz etmektedir. Bu hizmet, markalar\u0131n ve kurulu\u015flar\u0131n, g\u00fcndemdeki konulara nas\u0131l yan\u0131t vermesi gerekti\u011fini, kamuoyundaki alg\u0131y\u0131 nas\u0131l y\u00f6nlendirebilece\u011fini ve stratejilerini nas\u0131l \u015fekillendirebilece\u011fini anlamalar\u0131na yard\u0131mc\u0131 olmaktad\u0131r. XSIGHTS ile kamuoyunun nabz\u0131n\u0131 tutun ve stratejik kararlar\u0131n\u0131z\u0131 veriye dayal\u0131 hale getirin.<\/p>\n\n\n\t\t<div data-elementor-type=\"section\" data-elementor-id=\"11127\" class=\"elementor elementor-11127\" data-elementor-post-type=\"elementor_library\">\n\t\t\t\t\t<section class=\"elementor-section elementor-top-section elementor-element elementor-element-a8421f2 elementor-section-boxed elementor-section-height-default elementor-section-height-default\" data-id=\"a8421f2\" data-element_type=\"section\">\n\t\t\t\t\t\t<div class=\"elementor-container elementor-column-gap-default\">\n\t\t\t\t\t<div class=\"elementor-column elementor-col-100 elementor-top-column elementor-element elementor-element-c889dca\" data-id=\"c889dca\" data-element_type=\"column\">\n\t\t\t<div class=\"elementor-widget-wrap elementor-element-populated\">\n\t\t\t\t\t\t<section class=\"elementor-section elementor-inner-section elementor-element elementor-element-e7d8e63 elementor-section-boxed elementor-section-height-default elementor-section-height-default\" data-id=\"e7d8e63\" data-element_type=\"section\">\n\t\t\t\t\t\t<div class=\"elementor-container elementor-column-gap-default\">\n\t\t\t\t\t<div class=\"elementor-column elementor-col-100 elementor-inner-column elementor-element elementor-element-5980280\" data-id=\"5980280\" data-element_type=\"column\" data-settings=\"{&quot;background_background&quot;:&quot;classic&quot;}\">\n\t\t\t<div class=\"elementor-widget-wrap elementor-element-populated\">\n\t\t\t\t\t\t<div class=\"elementor-element elementor-element-44068bf elementor-widget elementor-widget-heading\" data-id=\"44068bf\" data-element_type=\"widget\" data-widget_type=\"heading.default\">\n\t\t\t\t<div class=\"elementor-widget-container\">\n\t\t\t\t\t<h2 class=\"elementor-heading-title elementor-size-default\">Sizi Arayal\u0131m<\/h2>\t\t\t\t<\/div>\n\t\t\t\t<\/div>\n\t\t\t\t<div class=\"elementor-element elementor-element-c24b19b elementor-widget elementor-widget-shortcode\" data-id=\"c24b19b\" data-element_type=\"widget\" data-widget_type=\"shortcode.default\">\n\t\t\t\t<div class=\"elementor-widget-container\">\n\t\t\t\t\t\t\t<div class=\"elementor-shortcode\"><div class='fluentform ff-default fluentform_wrapper_9 ffs_modern_l_wrap'><form data-form_id=\"9\" id=\"fluentform_9\" class=\"frm-fluent-form fluent_form_9 ff-el-form-top ff_form_instance_9_1 ff-form-loading ffs_modern_l\" data-form_instance=\"ff_form_instance_9_1\" method=\"POST\" ><fieldset  style=\"border: none!important;margin: 0!important;padding: 0!important;background-color: transparent!important;box-shadow: none!important;outline: none!important; min-inline-size: 100%;\">\n                    <legend class=\"ff_screen_reader_title\" style=\"display: block; margin: 0!important;padding: 0!important;height: 0!important;text-indent: -999999px;width: 0!important;overflow:hidden;\">M\u00fc\u015fteri Deneyimi Sayfas\u0131 Formu (TR)<\/legend><input type='hidden' name='__fluent_form_embded_post_id' value='11166' \/><input type=\"hidden\" id=\"_fluentform_9_fluentformnonce\" name=\"_fluentform_9_fluentformnonce\" value=\"063dd30450\" \/><input type=\"hidden\" name=\"_wp_http_referer\" value=\"\/tr\/wp-json\/wp\/v2\/pages\/11166\" \/><div data-name=\"ff_cn_id_1\"  class='ff-t-container ff-column-container ff_columns_total_2  '><div class='ff-t-cell ff-t-column-1' style='flex-basis: 50%;'><div data-type=\"name-element\" data-name=\"ad_ve_soyad\" class=\" ff-field_container ff-name-field-wrapper\" ><div class='ff-t-container'><div class='ff-t-cell '><div class='ff-el-group ff-el-form-top'><div class=\"ff-el-input--label ff-el-is-required asterisk-right\"><label for='ff_9_ad_ve_soyad_first_name_' >Ad\u0131n\u0131z ve Soyad\u0131n\u0131z<\/label><\/div><div class='ff-el-input--content'><input type=\"text\" name=\"ad_ve_soyad[first_name]\" id=\"ff_9_ad_ve_soyad_first_name_\" class=\"ff-el-form-control\" aria-invalid=\"false\" aria-required=true><\/div><\/div><\/div><\/div><\/div><\/div><div class='ff-t-cell ff-t-column-2' style='flex-basis: 50%;'><div class='ff-el-group'><div class=\"ff-el-input--label ff-el-is-required asterisk-right\"><label for='ff_9_kurumunuzun_unvani' aria-label=\"Firma\">Firma<\/label><\/div><div class='ff-el-input--content'><input type=\"text\" name=\"kurumunuzun_unvani\" class=\"ff-el-form-control\" data-name=\"kurumunuzun_unvani\" id=\"ff_9_kurumunuzun_unvani\"  aria-invalid=\"false\" aria-required=true><\/div><\/div><\/div><\/div><div data-name=\"ff_cn_id_2\"  class='ff-t-container ff-column-container ff_columns_total_2  '><div class='ff-t-cell ff-t-column-1' style='flex-basis: 50%;'><div class='ff-el-group'><div class=\"ff-el-input--label ff-el-is-required asterisk-right\"><label for='ff_9_telefon_numaraniz_1' aria-label=\"Telefon Numaran\u0131z\">Telefon Numaran\u0131z<\/label><\/div><div class='ff-el-input--content'><input name=\"telefon_numaraniz_1\" class=\"ff-el-form-control ff-el-phone ff_el_with_extended_validation\" type=\"tel\" data-name=\"telefon_numaraniz_1\" id=\"ff_9_telefon_numaraniz_1\" inputmode=\"tel\"  aria-invalid='false' aria-required=true><\/div><\/div><\/div><div class='ff-t-cell ff-t-column-2' style='flex-basis: 50%;'><div class='ff-el-group'><div class=\"ff-el-input--label ff-el-is-required asterisk-right\"><label for='ff_9_email' aria-label=\"Email Adresiniz\">Email Adresiniz<\/label><\/div><div class='ff-el-input--content'><input type=\"email\" name=\"email\" id=\"ff_9_email\" class=\"ff-el-form-control\" data-name=\"email\"  aria-invalid=\"false\" aria-required=true><\/div><\/div><\/div><\/div><div class='ff-el-group ' ><div class='ff-el-input--content'><div data-fluent_id='9' name='g-recaptcha-response'><div\n\t\tdata-sitekey='6LeCN5kkAAAAAD2zFULIiehyPu4P_Dj32EWWONmZ'\n\t\tid='fluentform-recaptcha-9-1'\n\t\tclass='ff-el-recaptcha g-recaptcha'\n\t\tdata-callback='fluentFormrecaptchaSuccessCallback'><\/div><\/div><\/div><\/div><div class='ff-el-group  ff-custom_html ff-hidden loader-wrapper' tabindex='-1' data-name=\"custom_html-9_1\" ><div class=\"lds-ripple\"><div><\/div><div><\/div><div><\/div><div><\/div><\/div><\/div><div class='ff-el-group ff-text-left ff_submit_btn_wrapper'><button type=\"submit\" class=\"ff-btn ff-btn-submit ff-btn-lg ff_btn_style wpf_has_custom_css\" >Formu G\u00f6nder<\/button><\/div><\/fieldset><\/form><div id='fluentform_9_errors' class='ff-errors-in-stack ff_form_instance_9_1 ff-form-loading_errors ff_form_instance_9_1_errors'><\/div><\/div>        <script type=\"text\/javascript\">\n            window.fluent_form_ff_form_instance_9_1 = {\"id\":\"9\",\"settings\":{\"layout\":{\"labelPlacement\":\"top\",\"helpMessagePlacement\":\"with_label\",\"errorMessagePlacement\":\"inline\",\"cssClassName\":\"\",\"asteriskPlacement\":\"asterisk-right\"},\"restrictions\":{\"denyEmptySubmission\":{\"enabled\":false}}},\"form_instance\":\"ff_form_instance_9_1\",\"form_id_selector\":\"fluentform_9\",\"rules\":{\"ad_ve_soyad[first_name]\":{\"required\":{\"value\":true,\"message\":\"Bu alan\\u0131n doldurulmas\\u0131 zorunludur.\",\"global_message\":\"This field is required\",\"global\":false}},\"ad_ve_soyad[middle_name]\":{\"required\":{\"value\":false,\"message\":\"This field is required\",\"global_message\":\"This field is required\",\"global\":true}},\"ad_ve_soyad[last_name]\":{\"required\":{\"value\":true,\"message\":\"Bu alan\\u0131n doldurulmas\\u0131 zorunludur.\",\"global_message\":\"This field is required\",\"global\":false}},\"kurumunuzun_unvani\":{\"required\":{\"value\":true,\"message\":\"Teklif iletilebilmesi i\\u00e7in bu alan\\u0131 doldurman\\u0131z gerekmektedir.\",\"global_message\":\"This field is required\",\"global\":false}},\"telefon_numaraniz_1\":{\"required\":{\"value\":true,\"global\":false,\"message\":\"Teklif detaylar\\u0131 ile ilgili ileti\\u015fime kurabilmemiz i\\u00e7in bu alan\\u0131 doldurman\\u0131z gerekmektedir.\",\"global_message\":\"This field is required\"},\"valid_phone_number\":{\"value\":true,\"global\":true,\"message\":\"Phone number is not valid\",\"global_message\":\"Phone number is not valid\"}},\"email\":{\"required\":{\"value\":true,\"message\":\"This field is required\",\"global_message\":\"This field is required\",\"global\":true},\"email\":{\"value\":true,\"message\":\"This field must contain a valid email\",\"global_message\":\"This field must contain a valid email\",\"global\":true}},\"g-recaptcha-response\":[]},\"debounce_time\":300};\n                    <\/script>\n        <\/div>\n\t\t\t\t\t\t<\/div>\n\t\t\t\t<\/div>\n\t\t\t\t\t<\/div>\n\t\t<\/div>\n\t\t\t\t\t<\/div>\n\t\t<\/section>\n\t\t\t\t\t<\/div>\n\t\t<\/div>\n\t\t\t\t\t<\/div>\n\t\t<\/section>\n\t\t\t\t<\/div>\n\t\t\n\n\n\n<h3 class=\"wp-block-heading\"><strong>G\u00fcndem Ara\u015ft\u0131rmalar\u0131n\u0131n Kapsam\u0131<\/strong><\/h3>\n\n\n\n<p>G\u00fcndem ara\u015ft\u0131rmalar\u0131, toplumun belirli konular hakk\u0131ndaki d\u00fc\u015f\u00fcncelerini, duygular\u0131n\u0131 ve tepkilerini \u00f6l\u00e7en kapsaml\u0131 bir analiz s\u00fcrecidir. XSIGHTS olarak, bu ara\u015ft\u0131rmalarla kamuoyundaki de\u011fi\u015fimleri anl\u0131k olarak takip eder ve g\u00fcncel olaylar\u0131n, krizlerin veya f\u0131rsatlar\u0131n markan\u0131z \u00fczerindeki etkisini de\u011ferlendiririz. Bu s\u00fcre\u00e7te, anketler, odak grup \u00e7al\u0131\u015fmalar\u0131, sosyal medya analizleri ve medya taramalar\u0131 gibi \u00e7e\u015fitli y\u00f6ntemler kullan\u0131larak kamuoyunun alg\u0131s\u0131 detayl\u0131 bir \u015fekilde incelenmektedir.<\/p>\n\n\n\n<p>G\u00fcndem ara\u015ft\u0131rmalar\u0131, markan\u0131z\u0131n veya kurulu\u015funuzun g\u00fcndemdeki konulara nas\u0131l yan\u0131t vermesi gerekti\u011fi konusunda stratejik i\u00e7g\u00f6r\u00fcler sunmaktad\u0131r. \u00d6zellikle kriz anlar\u0131nda, kamuoyunun tepkilerini ve beklentilerini anlamak, do\u011fru ileti\u015fim stratejileri geli\u015ftirmenize yard\u0131mc\u0131 olmaktad\u0131r. Bu ara\u015ft\u0131rmalar, markan\u0131z\u0131n kamuoyunda nas\u0131l alg\u0131land\u0131\u011f\u0131n\u0131, mevcut g\u00fcndem konular\u0131n\u0131n markan\u0131z \u00fczerindeki etkisini ve bu etkilerin nas\u0131l y\u00f6netilebilece\u011fini belirlemenize olanak tan\u0131maktad\u0131r.<\/p>\n\n\n\n<p>XSIGHTS\u2019\u0131n g\u00fcndem ara\u015ft\u0131rmalar\u0131, ayn\u0131 zamanda uzun vadeli stratejilerinizi \u015fekillendirmenize de yard\u0131mc\u0131 olmaktad\u0131r. Kamuoyundaki de\u011fi\u015fimlerin ve trendlerin izlenmesi, markan\u0131z\u0131n gelecekteki planlar\u0131n\u0131 ve stratejik hedeflerini olu\u015ftururken kritik bir rol oynamaktad\u0131r. G\u00fcndemdeki konular\u0131n markan\u0131z\u0131n imaj\u0131na, m\u00fc\u015fteri sadakatine ve pazarlama etkinliklerine nas\u0131l yans\u0131yaca\u011f\u0131n\u0131 \u00f6ng\u00f6rmek, ba\u015far\u0131l\u0131 bir strateji olu\u015fturman\u0131n temelidir.<\/p>\n\n\n\n<h3 class=\"wp-block-heading\"><strong>XSIGHTS&#8217;\u0131n G\u00fcndem Ara\u015ft\u0131rmalar\u0131 ile Sa\u011flad\u0131\u011f\u0131 Avantajlar<\/strong><\/h3>\n\n\n\n<p>XSIGHTS olarak, g\u00fcndem ara\u015ft\u0131rmalar\u0131 hizmetimizle markan\u0131z\u0131n kamuoyundaki alg\u0131s\u0131n\u0131 y\u00f6netmenize ve stratejik kararlar alman\u0131za yard\u0131mc\u0131 oluruz. Uzman kadromuz, g\u00fcndemdeki konular\u0131n markan\u0131z \u00fczerindeki etkisini analiz eder ve bu do\u011frultuda size \u00f6zel stratejik \u00f6neriler sunar. Ara\u015ft\u0131rma s\u00fcrecimizi tamamen markan\u0131z\u0131n ihtiya\u00e7lar\u0131na g\u00f6re \u00f6zelle\u015ftiririz, b\u00f6ylece sonu\u00e7lar do\u011frudan sizin i\u015f hedeflerinize hizmet eder.<\/p>\n\n\n\n<p>G\u00fcndem ara\u015ft\u0131rmalar\u0131m\u0131z, markan\u0131z\u0131n kriz anlar\u0131nda do\u011fru ad\u0131mlar atmas\u0131n\u0131, f\u0131rsatlar\u0131 de\u011ferlendirmesini ve kamuoyundaki de\u011fi\u015fimlere h\u0131zl\u0131 yan\u0131t vermesini sa\u011flar. Bu, markan\u0131z\u0131n uzun vadeli ba\u015far\u0131s\u0131n\u0131 g\u00fcvence alt\u0131na alman\u0131n ve rekabet avantaj\u0131 elde etmenin en etkili yollar\u0131ndan biridir.<\/p>\n\n\n\n<h3 class=\"wp-block-heading\"><strong>Sonu\u00e7<\/strong><\/h3>\n\n\n\n<p>G\u00fcndem ara\u015ft\u0131rmalar\u0131, markan\u0131z\u0131n kamuoyundaki alg\u0131s\u0131n\u0131 y\u00f6netmek ve stratejik kararlar almak i\u00e7in vazge\u00e7ilmez bir ara\u00e7t\u0131r. XSIGHTS\u2019\u0131n sundu\u011fu kapsaml\u0131 g\u00fcndem ara\u015ft\u0131rmalar\u0131 hizmeti ile, kamuoyunun nabz\u0131n\u0131 tutabilir, bu do\u011frultuda etkili stratejiler geli\u015ftirebilir ve markan\u0131z\u0131 g\u00fcndemdeki olaylara uyumlu hale getirebilirsiniz. Stratejik kararlar\u0131n\u0131z\u0131 g\u00fc\u00e7lendirmek ve markan\u0131z\u0131 g\u00fcndemde tutmak i\u00e7in XSIGHTS\u2019\u0131n uzmanl\u0131\u011f\u0131na g\u00fcvenin.<\/p>\n\n\n\n<script src=\"https:\/\/js.hsforms.net\/forms\/embed\/49517809.js\" defer><\/script>\n<div class=\"hs-form-frame\" data-region=\"na1\" data-form-id=\"937881e2-bd6c-447c-a620-3a7e01bf514d\" data-portal-id=\"49517809\"><\/div>\n","protected":false},"excerpt":{"rendered":"<p>G\u00fcndem Ara\u015ft\u0131rmalar\u0131: Kamuoyunun Nabz\u0131n\u0131 Tutun G\u00fcndem h\u0131zla de\u011fi\u015fir ve kamuoyunun hangi konulara odakland\u0131\u011f\u0131n\u0131 anlamak, stratejik kararlar alman\u0131n anahtar\u0131d\u0131r. XSIGHTS\u2019\u0131n G\u00fcndem Ara\u015ft\u0131rmalar\u0131 hizmeti, toplumun g\u00fcncel konular hakk\u0131ndaki d\u00fc\u015f\u00fcncelerini, kayg\u0131lar\u0131n\u0131 ve beklentilerini derinlemesine analiz etmektedir. Bu hizmet, markalar\u0131n ve kurulu\u015flar\u0131n, g\u00fcndemdeki konulara nas\u0131l yan\u0131t vermesi gerekti\u011fini, kamuoyundaki alg\u0131y\u0131 nas\u0131l y\u00f6nlendirebilece\u011fini ve stratejilerini nas\u0131l \u015fekillendirebilece\u011fini anlamalar\u0131na yard\u0131mc\u0131 olmaktad\u0131r. [&hellip;]<\/p>\n","protected":false},"author":1,"featured_media":7552,"parent":8277,"menu_order":29,"comment_status":"closed","ping_status":"closed","template":"","meta":{"_acf_changed":false,"footnotes":""},"sayfa-kategorisi":[181],"class_list":["post-11166","page","type-page","status-publish","has-post-thumbnail","hentry","sayfa-kategorisi-marka-ve-iletisim-yatirimlari-performansi"],"acf":[],"_links":{"self":[{"href":"https:\/\/www.xsights.co.uk\/tr\/wp-json\/wp\/v2\/pages\/11166","targetHints":{"allow":["GET"]}}],"collection":[{"href":"https:\/\/www.xsights.co.uk\/tr\/wp-json\/wp\/v2\/pages"}],"about":[{"href":"https:\/\/www.xsights.co.uk\/tr\/wp-json\/wp\/v2\/types\/page"}],"author":[{"embeddable":true,"href":"https:\/\/www.xsights.co.uk\/tr\/wp-json\/wp\/v2\/users\/1"}],"replies":[{"embeddable":true,"href":"https:\/\/www.xsights.co.uk\/tr\/wp-json\/wp\/v2\/comments?post=11166"}],"version-history":[{"count":3,"href":"https:\/\/www.xsights.co.uk\/tr\/wp-json\/wp\/v2\/pages\/11166\/revisions"}],"predecessor-version":[{"id":12301,"href":"https:\/\/www.xsights.co.uk\/tr\/wp-json\/wp\/v2\/pages\/11166\/revisions\/12301"}],"up":[{"embeddable":true,"href":"https:\/\/www.xsights.co.uk\/tr\/wp-json\/wp\/v2\/pages\/8277"}],"wp:featuredmedia":[{"embeddable":true,"href":"https:\/\/www.xsights.co.uk\/tr\/wp-json\/wp\/v2\/media\/7552"}],"wp:attachment":[{"href":"https:\/\/www.xsights.co.uk\/tr\/wp-json\/wp\/v2\/media?parent=11166"}],"wp:term":[{"taxonomy":"sayfa-kategorisi","embeddable":true,"href":"https:\/\/www.xsights.co.uk\/tr\/wp-json\/wp\/v2\/sayfa-kategorisi?post=11166"}],"curies":[{"name":"wp","href":"https:\/\/api.w.org\/{rel}","templated":true}]}}