{"id":11174,"date":"2024-09-10T21:37:53","date_gmt":"2024-09-10T18:37:53","guid":{"rendered":"https:\/\/www.xsights.co.uk\/?page_id=11174"},"modified":"2026-03-22T13:47:42","modified_gmt":"2026-03-22T10:47:42","slug":"net-tavsiye-skoru-nps-nedir","status":"publish","type":"page","link":"https:\/\/www.xsights.co.uk\/tr\/uzmanlik-alanlarimiz\/net-tavsiye-skoru-nps-nedir\/","title":{"rendered":"NPS ara\u015ft\u0131rmas\u0131"},"content":{"rendered":"\r\n<h3 class=\"wp-block-heading\"><strong>NPS Ara\u015ft\u0131rmas\u0131 (Net Tavsiye Skoru): M\u00fc\u015fteri Sadakatini ve Deneyimini Anlay\u0131n<\/strong><\/h3>\r\n\r\n\r\n\r\n<p>NPS Nedir diye sorulacak olursa, <strong>Net Promoter Score<\/strong>&#8216;un k\u0131saltmas\u0131d\u0131r ve m\u00fc\u015fteri memnuniyetini ve sadakatini \u00f6l\u00e7mek i\u00e7in kullan\u0131lan bir endekstir. <strong>NPS Ara\u015ft\u0131rmas\u0131<\/strong>, bir \u015firketin \u00fcr\u00fcn veya hizmetlerini ba\u015fkalar\u0131na tavsiye etme olas\u0131l\u0131\u011f\u0131n\u0131 de\u011ferlendiren basit ve etkili bir y\u00f6ntemdir.<\/p>\r\n\r\n\r\n\r\n<figure class=\"wp-block-image size-large\"><img fetchpriority=\"high\" decoding=\"async\" width=\"1024\" height=\"678\" class=\"wp-image-12137\" src=\"https:\/\/www.xsights.co.uk\/wp-content\/uploads\/2025\/04\/nps-nedir-1024x678.jpg\" alt=\"Net Tavsiye Skoru\" srcset=\"https:\/\/www.xsights.co.uk\/wp-content\/uploads\/2025\/04\/nps-nedir-1024x678.jpg 1024w, https:\/\/www.xsights.co.uk\/wp-content\/uploads\/2025\/04\/nps-nedir-300x199.jpg 300w, https:\/\/www.xsights.co.uk\/wp-content\/uploads\/2025\/04\/nps-nedir-768x509.jpg 768w, https:\/\/www.xsights.co.uk\/wp-content\/uploads\/2025\/04\/nps-nedir.jpg 1280w\" sizes=\"(max-width: 1024px) 100vw, 1024px\" \/><\/figure>\r\n\r\n\r\n\r\n<p>M\u00fc\u015fteri memnuniyeti ve sadakati, bir markan\u0131n uzun vadeli ba\u015far\u0131s\u0131 i\u00e7in kritik \u00f6neme sahiptir. XSIGHTS\u2019\u0131n Net Tavsiye Skoru (NPS) hizmeti, m\u00fc\u015fterilerinizin markan\u0131z hakk\u0131ndaki genel tutumunu ve tavsiye etme e\u011filimlerini \u00f6l\u00e7erek, m\u00fc\u015fteri memnuniyetini derinlemesine analiz etmektedir. NPS, m\u00fc\u015fterilerinize markan\u0131z\u0131 ba\u015fkalar\u0131na tavsiye etme olas\u0131l\u0131klar\u0131n\u0131 sorarak, g\u00fc\u00e7l\u00fc bir m\u00fc\u015fteri ba\u011fl\u0131l\u0131\u011f\u0131 yaratmak ve olas\u0131 sorunlar\u0131 tespit etmek i\u00e7in \u00f6nemli bir yol haritas\u0131 sunmaktad\u0131r. XSIGHTS ile m\u00fc\u015fteri deneyimini optimize edin ve sad\u0131k m\u00fc\u015fteri kitlesi olu\u015fturun.<\/p>\r\n\r\n\r\n\t\t<div data-elementor-type=\"section\" data-elementor-id=\"11127\" class=\"elementor elementor-11127\" data-elementor-post-type=\"elementor_library\">\n\t\t\t\t\t<section class=\"elementor-section elementor-top-section elementor-element elementor-element-a8421f2 elementor-section-boxed elementor-section-height-default elementor-section-height-default\" data-id=\"a8421f2\" data-element_type=\"section\">\n\t\t\t\t\t\t<div class=\"elementor-container elementor-column-gap-default\">\n\t\t\t\t\t<div class=\"elementor-column elementor-col-100 elementor-top-column elementor-element elementor-element-c889dca\" data-id=\"c889dca\" data-element_type=\"column\">\n\t\t\t<div class=\"elementor-widget-wrap elementor-element-populated\">\n\t\t\t\t\t\t<section class=\"elementor-section elementor-inner-section elementor-element elementor-element-e7d8e63 elementor-section-boxed elementor-section-height-default elementor-section-height-default\" data-id=\"e7d8e63\" data-element_type=\"section\">\n\t\t\t\t\t\t<div class=\"elementor-container elementor-column-gap-default\">\n\t\t\t\t\t<div class=\"elementor-column elementor-col-100 elementor-inner-column elementor-element elementor-element-5980280\" data-id=\"5980280\" data-element_type=\"column\" data-settings=\"{&quot;background_background&quot;:&quot;classic&quot;}\">\n\t\t\t<div class=\"elementor-widget-wrap elementor-element-populated\">\n\t\t\t\t\t\t<div class=\"elementor-element elementor-element-44068bf elementor-widget elementor-widget-heading\" data-id=\"44068bf\" data-element_type=\"widget\" data-widget_type=\"heading.default\">\n\t\t\t\t<div class=\"elementor-widget-container\">\n\t\t\t\t\t<h2 class=\"elementor-heading-title elementor-size-default\">Sizi Arayal\u0131m<\/h2>\t\t\t\t<\/div>\n\t\t\t\t<\/div>\n\t\t\t\t<div class=\"elementor-element elementor-element-c24b19b elementor-widget elementor-widget-shortcode\" data-id=\"c24b19b\" data-element_type=\"widget\" data-widget_type=\"shortcode.default\">\n\t\t\t\t<div class=\"elementor-widget-container\">\n\t\t\t\t\t\t\t<div class=\"elementor-shortcode\"><div class='fluentform ff-default fluentform_wrapper_9 ffs_modern_l_wrap'><form data-form_id=\"9\" id=\"fluentform_9\" class=\"frm-fluent-form fluent_form_9 ff-el-form-top ff_form_instance_9_1 ff-form-loading ffs_modern_l\" data-form_instance=\"ff_form_instance_9_1\" method=\"POST\" ><fieldset  style=\"border: none!important;margin: 0!important;padding: 0!important;background-color: transparent!important;box-shadow: none!important;outline: none!important; min-inline-size: 100%;\">\n                    <legend class=\"ff_screen_reader_title\" style=\"display: block; margin: 0!important;padding: 0!important;height: 0!important;text-indent: -999999px;width: 0!important;overflow:hidden;\">M\u00fc\u015fteri Deneyimi Sayfas\u0131 Formu (TR)<\/legend><input type='hidden' name='__fluent_form_embded_post_id' value='11174' \/><input type=\"hidden\" id=\"_fluentform_9_fluentformnonce\" name=\"_fluentform_9_fluentformnonce\" value=\"439651fe64\" \/><input type=\"hidden\" name=\"_wp_http_referer\" value=\"\/tr\/wp-json\/wp\/v2\/pages\/11174\" \/><div data-name=\"ff_cn_id_1\"  class='ff-t-container ff-column-container ff_columns_total_2  '><div class='ff-t-cell ff-t-column-1' style='flex-basis: 50%;'><div data-type=\"name-element\" data-name=\"ad_ve_soyad\" class=\" ff-field_container ff-name-field-wrapper\" ><div class='ff-t-container'><div class='ff-t-cell '><div class='ff-el-group ff-el-form-top'><div class=\"ff-el-input--label ff-el-is-required asterisk-right\"><label for='ff_9_ad_ve_soyad_first_name_' >Ad\u0131n\u0131z ve Soyad\u0131n\u0131z<\/label><\/div><div class='ff-el-input--content'><input type=\"text\" name=\"ad_ve_soyad[first_name]\" id=\"ff_9_ad_ve_soyad_first_name_\" class=\"ff-el-form-control\" aria-invalid=\"false\" aria-required=true><\/div><\/div><\/div><\/div><\/div><\/div><div class='ff-t-cell ff-t-column-2' style='flex-basis: 50%;'><div class='ff-el-group'><div class=\"ff-el-input--label ff-el-is-required asterisk-right\"><label for='ff_9_kurumunuzun_unvani' aria-label=\"Firma\">Firma<\/label><\/div><div class='ff-el-input--content'><input type=\"text\" name=\"kurumunuzun_unvani\" class=\"ff-el-form-control\" data-name=\"kurumunuzun_unvani\" id=\"ff_9_kurumunuzun_unvani\"  aria-invalid=\"false\" aria-required=true><\/div><\/div><\/div><\/div><div data-name=\"ff_cn_id_2\"  class='ff-t-container ff-column-container ff_columns_total_2  '><div class='ff-t-cell ff-t-column-1' style='flex-basis: 50%;'><div class='ff-el-group'><div class=\"ff-el-input--label ff-el-is-required asterisk-right\"><label for='ff_9_telefon_numaraniz_1' aria-label=\"Telefon Numaran\u0131z\">Telefon Numaran\u0131z<\/label><\/div><div class='ff-el-input--content'><input name=\"telefon_numaraniz_1\" class=\"ff-el-form-control ff-el-phone ff_el_with_extended_validation\" type=\"tel\" data-name=\"telefon_numaraniz_1\" id=\"ff_9_telefon_numaraniz_1\" inputmode=\"tel\"  aria-invalid='false' aria-required=true><\/div><\/div><\/div><div class='ff-t-cell ff-t-column-2' style='flex-basis: 50%;'><div class='ff-el-group'><div class=\"ff-el-input--label ff-el-is-required asterisk-right\"><label for='ff_9_email' aria-label=\"Email Adresiniz\">Email Adresiniz<\/label><\/div><div class='ff-el-input--content'><input type=\"email\" name=\"email\" id=\"ff_9_email\" class=\"ff-el-form-control\" data-name=\"email\"  aria-invalid=\"false\" aria-required=true><\/div><\/div><\/div><\/div><div class='ff-el-group ' ><div class='ff-el-input--content'><div data-fluent_id='9' name='g-recaptcha-response'><div\n\t\tdata-sitekey='6LeCN5kkAAAAAD2zFULIiehyPu4P_Dj32EWWONmZ'\n\t\tid='fluentform-recaptcha-9-1'\n\t\tclass='ff-el-recaptcha g-recaptcha'\n\t\tdata-callback='fluentFormrecaptchaSuccessCallback'><\/div><\/div><\/div><\/div><div class='ff-el-group  ff-custom_html ff-hidden loader-wrapper' tabindex='-1' data-name=\"custom_html-9_1\" ><div class=\"lds-ripple\"><div><\/div><div><\/div><div><\/div><div><\/div><\/div><\/div><div class='ff-el-group ff-text-left ff_submit_btn_wrapper'><button type=\"submit\" class=\"ff-btn ff-btn-submit ff-btn-lg ff_btn_style wpf_has_custom_css\" >Formu G\u00f6nder<\/button><\/div><\/fieldset><\/form><div id='fluentform_9_errors' class='ff-errors-in-stack ff_form_instance_9_1 ff-form-loading_errors ff_form_instance_9_1_errors'><\/div><\/div>        <script type=\"text\/javascript\">\n            window.fluent_form_ff_form_instance_9_1 = {\"id\":\"9\",\"settings\":{\"layout\":{\"labelPlacement\":\"top\",\"helpMessagePlacement\":\"with_label\",\"errorMessagePlacement\":\"inline\",\"cssClassName\":\"\",\"asteriskPlacement\":\"asterisk-right\"},\"restrictions\":{\"denyEmptySubmission\":{\"enabled\":false}}},\"form_instance\":\"ff_form_instance_9_1\",\"form_id_selector\":\"fluentform_9\",\"rules\":{\"ad_ve_soyad[first_name]\":{\"required\":{\"value\":true,\"message\":\"Bu alan\\u0131n doldurulmas\\u0131 zorunludur.\",\"global_message\":\"This field is required\",\"global\":false}},\"ad_ve_soyad[middle_name]\":{\"required\":{\"value\":false,\"message\":\"This field is required\",\"global_message\":\"This field is required\",\"global\":true}},\"ad_ve_soyad[last_name]\":{\"required\":{\"value\":true,\"message\":\"Bu alan\\u0131n doldurulmas\\u0131 zorunludur.\",\"global_message\":\"This field is required\",\"global\":false}},\"kurumunuzun_unvani\":{\"required\":{\"value\":true,\"message\":\"Teklif iletilebilmesi i\\u00e7in bu alan\\u0131 doldurman\\u0131z gerekmektedir.\",\"global_message\":\"This field is required\",\"global\":false}},\"telefon_numaraniz_1\":{\"required\":{\"value\":true,\"global\":false,\"message\":\"Teklif detaylar\\u0131 ile ilgili ileti\\u015fime kurabilmemiz i\\u00e7in bu alan\\u0131 doldurman\\u0131z gerekmektedir.\",\"global_message\":\"This field is required\"},\"valid_phone_number\":{\"value\":true,\"global\":true,\"message\":\"Phone number is not valid\",\"global_message\":\"Phone number is not valid\"}},\"email\":{\"required\":{\"value\":true,\"message\":\"This field is required\",\"global_message\":\"This field is required\",\"global\":true},\"email\":{\"value\":true,\"message\":\"This field must contain a valid email\",\"global_message\":\"This field must contain a valid email\",\"global\":true}},\"g-recaptcha-response\":[]},\"debounce_time\":300};\n                    <\/script>\n        <\/div>\n\t\t\t\t\t\t<\/div>\n\t\t\t\t<\/div>\n\t\t\t\t\t<\/div>\n\t\t<\/div>\n\t\t\t\t\t<\/div>\n\t\t<\/section>\n\t\t\t\t\t<\/div>\n\t\t<\/div>\n\t\t\t\t\t<\/div>\n\t\t<\/section>\n\t\t\t\t<\/div>\n\t\t\n\r\n\r\n\r\n<h3 class=\"wp-block-heading\"><strong>NPS Ara\u015ft\u0131rmas\u0131 Kapsam\u0131<\/strong><\/h3>\r\n\r\n\r\n\r\n<p>XSIGHTS, Net Tavsiye Skoru \u00f6l\u00e7\u00fcm\u00fcnde, m\u00fc\u015fterilerinizi markan\u0131z\u0131 tavsiye etme olas\u0131l\u0131klar\u0131na g\u00f6re Promot\u00f6rler, Pasifler ve K\u00f6t\u00fcleyenler olarak s\u0131n\u0131fland\u0131rmaktad\u0131r. Bu gruplar\u0131n her birinin markan\u0131z hakk\u0131ndaki d\u00fc\u015f\u00fcncelerini ve deneyimlerini analiz ederek, sad\u0131k m\u00fc\u015fterilerinizi nas\u0131l elde tutabilece\u011finizi ve olumsuz geri bildirimleri nas\u0131l f\u0131rsata \u00e7evirebilece\u011finizi belirleriz. NPS, m\u00fc\u015fterilerinizin markan\u0131z hakk\u0131ndaki alg\u0131lar\u0131n\u0131 net bir \u015fekilde anlaman\u0131za ve bu do\u011frultuda stratejiler geli\u015ftirmenize yard\u0131mc\u0131 olmaktad\u0131r.<\/p>\r\n\r\n\r\n\r\n<p>NPS \u00f6l\u00e7\u00fcmleri, m\u00fc\u015fteri deneyimini iyile\u015ftirmek ve m\u00fc\u015fteri ba\u011fl\u0131l\u0131\u011f\u0131n\u0131 art\u0131rmak i\u00e7in gereken i\u00e7 g\u00f6r\u00fcleri sa\u011flamaktad\u0131r. M\u00fc\u015fterilerinizin hangi noktada markan\u0131z\u0131 tavsiye etme e\u011filiminde oldu\u011funu ve hangi a\u015famada memnuniyetsizlik ya\u015fad\u0131klar\u0131n\u0131 tespit etmek, gelecekteki m\u00fc\u015fteri deneyimi stratejilerinizi belirlemenize olanak tan\u0131maktad\u0131r. XSIGHTS, m\u00fc\u015fteri geri bildirimlerini analiz ederek, i\u015fletmenizin hangi alanlarda iyile\u015ftirme yapmas\u0131 gerekti\u011fini belirlemenizi sa\u011flamaktad\u0131r.<\/p>\r\n\r\n\r\n\r\n<h3 class=\"wp-block-heading\"><strong>Stratejik Kararlar \u0130\u00e7in NPS Verileri<\/strong><\/h3>\r\n\r\n\r\n\r\n<p>XSIGHTS, NPS verilerini stratejik bir bak\u0131\u015f a\u00e7\u0131s\u0131yla analiz ederek, markan\u0131z\u0131n m\u00fc\u015fteri sadakatini ve memnuniyetini artt\u0131rman\u0131za yard\u0131mc\u0131 olmaktad\u0131r. Promot\u00f6rler olarak adland\u0131r\u0131lan m\u00fc\u015fteriler, markan\u0131z\u0131n g\u00fc\u00e7l\u00fc savunucular\u0131 olurken, K\u00f6t\u00fcleyenler ise geli\u015ftirilmesi gereken alanlar\u0131 net bir \u015fekilde ortaya koymaktad\u0131r. XSIGHTS, bu veriler \u0131\u015f\u0131\u011f\u0131nda hangi m\u00fc\u015fteri segmentlerinin sadakatinin art\u0131r\u0131labilece\u011fini ve hangi alanlarda iyile\u015ftirme yap\u0131lmas\u0131 gerekti\u011fini belirlemenize yard\u0131mc\u0131 olmaktad\u0131r. M\u00fc\u015fterilerinizi sad\u0131k markavokatlar\u0131na d\u00f6n\u00fc\u015ft\u00fcrmek, NPS verilerini stratejik kararlar\u0131n\u0131za entegre ederek m\u00fcmk\u00fcn olmaktad\u0131r.<\/p>\r\n\r\n\r\n\r\n<h3 class=\"wp-block-heading\"><strong>E-Ticarette Net Tavsiye Skoru Kullan\u0131m\u0131<\/strong><\/h3>\r\n\r\n\r\n\r\n<p>E-ticaret sekt\u00f6r\u00fcnde m\u00fc\u015fteri deneyimi, rekabet avantaj\u0131 elde edilmesinde \u00f6nemli bir rol oynamaktad\u0131r. Bu nedenle, m\u00fc\u015fteri memnuniyetinin \u00f6l\u00e7\u00fclmesinde s\u0131kl\u0131kla <strong>Net Tavsiye Skoru (NPS)<\/strong> kullan\u0131lmaktad\u0131r. NPS ara\u015ft\u0131rmas\u0131 ile m\u00fc\u015fterilere, markay\u0131 ba\u015fkalar\u0131na \u00f6nerme olas\u0131l\u0131klar\u0131 sorulmakta ve bu sayede memnuniyet d\u00fczeyleri say\u0131sal olarak de\u011ferlendirilebilmektedir.<\/p>\r\n\r\n\r\n\r\n<p>Bu y\u00f6ntemle elde edilen skorlar, \u00fcr\u00fcn kalitesinden teslimat s\u00fcrecine kadar bir\u00e7ok s\u00fcrecin g\u00f6zden ge\u00e7irilmesini sa\u011flamaktad\u0131r. Ayn\u0131 zamanda, m\u00fc\u015fteri sadakati konusunda hangi ad\u0131mlar\u0131n at\u0131lmas\u0131 gerekti\u011fi hakk\u0131nda i\u015fletmelere \u00f6nemli ipu\u00e7lar\u0131 verilmektedir. Elde edilen verilerle segmentasyon yap\u0131lmakta ve ki\u015fiselle\u015ftirilmi\u015f kampanyalar geli\u015ftirilebilmektedir. B\u00f6ylece m\u00fc\u015fterilere daha uygun deneyimler sunularak memnuniyetin art\u0131r\u0131lmas\u0131 hedeflenmektedir.<\/p>\r\n\r\n\r\n\r\n<p>E-ticarette NPS ara\u015ft\u0131rmas\u0131 sayesinde, sadece anl\u0131k memnuniyet de\u011fil, uzun vadeli m\u00fc\u015fteri ba\u011fl\u0131l\u0131\u011f\u0131 da \u00f6l\u00e7\u00fclmektedir. Bu nedenle, dijital platformlarda faaliyet g\u00f6steren firmalar taraf\u0131ndan NPS&#8217;in d\u00fczenli olarak uygulanmas\u0131 \u00f6nerilmektedir.<\/p>\r\n\r\n\r\n\r\n<h3 class=\"wp-block-heading\"><strong>Hizmet Sekt\u00f6r\u00fcnde NPS \u00d6l\u00e7\u00fcm\u00fcn\u00fcn \u00d6nemi<\/strong><\/h3>\r\n\r\n\r\n\r\n<p>Hizmet sekt\u00f6r\u00fcnde m\u00fc\u015fteri ile do\u011frudan temas kurulmakta ve bu temas\u0131n kalitesi, marka alg\u0131s\u0131n\u0131n \u015fekillendirilmesinde b\u00fcy\u00fck rol oynamaktad\u0131r. Bu nedenle, <strong>Net Tavsiye Skoru (NPS)<\/strong>, hizmet kalitesinin \u00f6l\u00e7\u00fclmesinde yayg\u0131n olarak kullan\u0131lmaktad\u0131r.<\/p>\r\n\r\n\r\n\r\n<p>NPS ara\u015ft\u0131rmas\u0131 y\u00f6ntemiyle, m\u00fc\u015fterilerin hizmeti ba\u015fkalar\u0131na \u00f6nerip \u00f6nermeyecekleri de\u011ferlendirilmekte ve memnuniyet d\u00fczeyi analiz edilmektedir. Hizmet sunumunda ya\u015fanan aksakl\u0131klar, m\u00fc\u015fteri yorumlar\u0131 \u00fczerinden belirlenebilmekte ve gerekli d\u00fczeltici \u00f6nlemler al\u0131nabilmektedir. Bu sayede, olumsuz deneyimler azalt\u0131lmakta ve m\u00fc\u015fteri sadakati g\u00fc\u00e7lendirilmektedir.<\/p>\r\n\r\n\r\n\r\n<p>NPS ara\u015ft\u0131rmas\u0131 sonu\u00e7lar\u0131n\u0131n d\u00fczenli olarak takip edilmesiyle \u00e7al\u0131\u015fan performans\u0131 da dolayl\u0131 olarak denetlenebilmektedir. M\u00fc\u015fteri geri bildirimlerinin organizasyonel s\u00fcre\u00e7lere entegre edilmesiyle hizmet kalitesinde s\u00fcrd\u00fcr\u00fclebilir iyile\u015ftirmeler sa\u011flanmaktad\u0131r. Bu ba\u011flamda, hizmet sekt\u00f6r\u00fcnde faaliyet g\u00f6steren kurulu\u015flar i\u00e7in NPS, sadece bir anket arac\u0131 de\u011fil, stratejik bir geli\u015fim rehberi olarak g\u00f6r\u00fclmektedir.<\/p>\r\n\r\n\r\n\r\n<h3 class=\"wp-block-heading\"><strong>B2B \u015eirketlerde NPS Uygulamalar\u0131<\/strong><\/h3>\r\n\r\n\r\n\r\n<p>B2B \u015firketlerde m\u00fc\u015fteri ili\u015fkileri genellikle uzun vadeli i\u015f ortakl\u0131klar\u0131na dayanmaktad\u0131r. Bu nedenle, i\u015f ortaklar\u0131n\u0131n memnuniyet d\u00fczeylerinin d\u00fczenli olarak \u00f6l\u00e7\u00fclmesi b\u00fcy\u00fck \u00f6nem ta\u015f\u0131maktad\u0131r. Bu \u00f6l\u00e7\u00fcmde s\u0131kl\u0131kla <strong>Net Tavsiye Skoru (NPS)<\/strong> y\u00f6ntemi tercih edilmektedir.<\/p>\r\n\r\n\r\n\r\n<p>NPS ara\u015ft\u0131rmas\u0131 ile i\u015f ortaklar\u0131na, firman\u0131n \u00fcr\u00fcn veya hizmetlerini ba\u015fkalar\u0131na \u00f6nerip \u00f6nermeyecekleri sorulmakta ve elde edilen sonu\u00e7lar analiz edilmektedir. Bu analizler arac\u0131l\u0131\u011f\u0131yla m\u00fc\u015fteriyle ili\u015fkili s\u00fcre\u00e7ler de\u011ferlendirilebilmekte, eksik y\u00f6nler ortaya \u00e7\u0131kar\u0131labilmekte ve geli\u015ftirici stratejiler olu\u015fturulabilmektedir.<\/p>\r\n\r\n\r\n\r\n<p>\u00d6zellikle kurumsal m\u00fc\u015fterilerde, memnuniyetsizlik durumlar\u0131 erken a\u015famada tespit edilebilmekte ve m\u00fc\u015fteri kay\u0131plar\u0131 \u00f6nlenebilmektedir. Ayr\u0131ca, olumlu geri bildirimler kullan\u0131larak yeni i\u015f f\u0131rsatlar\u0131n\u0131n yarat\u0131lmas\u0131 da m\u00fcmk\u00fcn hale getirilmektedir. B2B firmalar taraf\u0131ndan NPS skorlar\u0131n\u0131n periyodik olarak izlenmesi, m\u00fc\u015fteriyle kurulan g\u00fcvenin korunmas\u0131na katk\u0131 sa\u011flamaktad\u0131r.<\/p>\r\n\r\n\r\n\r\n<p>NPS ara\u015ft\u0131rmas\u0131 sayesinde B2B sekt\u00f6rdeki rekabet avantaj\u0131 art\u0131r\u0131lmakta, m\u00fc\u015fteri ili\u015fkileri derinle\u015ftirilmekte ve marka de\u011feri g\u00fc\u00e7lendirilmektedir.<\/p>\r\n\r\n\r\n\r\n<h3>NPS Testi<\/h3>\r\n\r\n\r\n\r\n<p>NPS testi (Net Promoter Score), m\u00fc\u015fteri memnuniyetini \u00f6l\u00e7mek ve bir markaya olan ba\u011fl\u0131l\u0131k d\u00fczeyini de\u011ferlendirmek i\u00e7in kullan\u0131lan etkili bir y\u00f6ntemdir. Bu test, genellikle bir m\u00fc\u015fteriye &#8220;Bu markay\u0131 arkada\u015flar\u0131n\u0131za ya da i\u015f arkada\u015flar\u0131n\u0131za ne kadar tavsiye edersiniz?&#8221; \u015feklinde bir soru sorarak yap\u0131l\u0131r. Cevaplar, 0 ile 10 aras\u0131nda bir puanla al\u0131n\u0131r ve ard\u0131ndan bu puanlar, m\u00fc\u015fteri sadakati hakk\u0131nda de\u011ferli bilgiler sa\u011flar. NPS testi, markalar\u0131n m\u00fc\u015fteri memnuniyetini anl\u0131k olarak \u00f6l\u00e7melerine ve hedef kitlelerinin marka hakk\u0131nda nas\u0131l hissettiklerini \u00f6\u011frenmelerine olanak tan\u0131r. Anketin basit yap\u0131s\u0131, y\u00fcksek cevap oranlar\u0131 sa\u011flar ve h\u0131zl\u0131 veri toplama imkan\u0131 sunar.<\/p>\r\n\r\n\r\n\r\n<p>NPS testi sonu\u00e7lar\u0131, firmalar\u0131n m\u00fc\u015fteri deneyimini iyile\u015ftirmeleri i\u00e7in \u00f6nemli bir kaynak olu\u015fturur. M\u00fc\u015fteriler, yaln\u0131zca markay\u0131 tavsiye edip etmediklerini de\u011fil, ayn\u0131 zamanda marka ile ilgili genel memnuniyet d\u00fczeylerini de yans\u0131tmaktad\u0131r. Bu veriler, markalar\u0131n g\u00fc\u00e7l\u00fc y\u00f6nlerini daha da geli\u015ftirmelerine, zay\u0131f y\u00f6nlerini ise iyile\u015ftirmelerine yard\u0131mc\u0131 olmaktad\u0131r. Y\u00fcksek NPS puanlar\u0131, m\u00fc\u015fterilerin markaya olan sadakatini ve g\u00fcvenini i\u015faret ederken, d\u00fc\u015f\u00fck puanlar ise m\u00fc\u015fteri \u015fikayetlerinin ve geli\u015ftirilmesi gereken alanlar\u0131n belirlenmesinde rehberlik eder. B\u00f6ylece, i\u015fletmelerin m\u00fc\u015fteri odakl\u0131 stratejiler geli\u015ftirmesi sa\u011flan\u0131r ve uzun vadeli ba\u015far\u0131lar\u0131 desteklenmi\u015f olur.<\/p>\r\n\r\n\r\n\r\n<h3 class=\"wp-block-heading\"><strong>XSIGHTS&#8217;\u0131n Net Tavsiye Skoru ile Sa\u011flad\u0131\u011f\u0131 Avantajlar<\/strong><\/h3>\r\n\r\n\r\n\r\n<p>XSIGHTS, Net Tavsiye Skoru \u00f6l\u00e7\u00fcmlerinde derinlemesine uzmanl\u0131k sunmaktad\u0131r. Uzman ekibimiz, m\u00fc\u015fterilerinizin markan\u0131z hakk\u0131ndaki d\u00fc\u015f\u00fcncelerini detayl\u0131 bir \u015fekilde analiz ederek, m\u00fc\u015fteri memnuniyetini ve sadakatini art\u0131rman\u0131z i\u00e7in stratejik i\u00e7g\u00f6r\u00fcler sunmaktad\u0131r. NPS ara\u015ft\u0131rmas\u0131, m\u00fc\u015fteri geri bildirimlerini \u00f6l\u00e7menin \u00f6tesine ge\u00e7mekte; ayn\u0131 zamanda, markan\u0131z\u0131n gelecekteki stratejik ba\u015far\u0131lar\u0131n\u0131 g\u00fc\u00e7lendirmek i\u00e7in bir rehber niteli\u011fi ta\u015f\u0131maktad\u0131r.<\/p>\r\n\r\n\r\n\r\n<p>NPS ara\u015ft\u0131rmas\u0131, m\u00fc\u015fteri deneyimini optimize etmenizi, marka sadakatini artt\u0131rman\u0131z\u0131 ve m\u00fc\u015fteri memnuniyetsizli\u011fini f\u0131rsata \u00e7evirmenizi sa\u011flamaktad\u0131r. XSIGHTS, NPS analizleri ile markan\u0131z\u0131n m\u00fc\u015fteri ili\u015fkilerini g\u00fc\u00e7lendirmekte ve m\u00fc\u015fteri deneyimini iyile\u015ftirmektedir.<\/p>\r\n\r\n\r\n\r\n<p>Net Tavsiye Skoru (NPS), m\u00fc\u015fteri sadakatini ve memnuniyetini \u00f6l\u00e7mek ve stratejik kararlar almak i\u00e7in kritik bir ara\u00e7t\u0131r. XSIGHTS\u2019\u0131n sundu\u011fu kapsaml\u0131 NPS hizmeti ile, m\u00fc\u015fterilerinizin markan\u0131z hakk\u0131ndaki geri bildirimlerini derinlemesine analiz etmekte, bu do\u011frultuda stratejik iyile\u015ftirmeler yapabilir ve marka sadakatinizi art\u0131rman\u0131z yard\u0131mc\u0131 olmaktad\u0131r.<\/p>\r\n\r\n\r\n\r\n<p>&nbsp;<\/p>\r\n<div class=\"hs-form-frame\" data-region=\"na1\" data-form-id=\"937881e2-bd6c-447c-a620-3a7e01bf514d\" data-portal-id=\"49517809\">\u00a0<\/div>\r\n","protected":false},"excerpt":{"rendered":"<p>NPS Ara\u015ft\u0131rmas\u0131 (Net Tavsiye Skoru): M\u00fc\u015fteri Sadakatini ve Deneyimini Anlay\u0131n NPS Nedir diye sorulacak olursa, Net Promoter Score&#8216;un k\u0131saltmas\u0131d\u0131r ve m\u00fc\u015fteri memnuniyetini ve sadakatini \u00f6l\u00e7mek i\u00e7in kullan\u0131lan bir endekstir. NPS Ara\u015ft\u0131rmas\u0131, bir \u015firketin \u00fcr\u00fcn veya hizmetlerini ba\u015fkalar\u0131na tavsiye etme olas\u0131l\u0131\u011f\u0131n\u0131 de\u011ferlendiren basit ve etkili bir y\u00f6ntemdir. M\u00fc\u015fteri memnuniyeti ve sadakati, bir markan\u0131n uzun vadeli ba\u015far\u0131s\u0131 [&hellip;]<\/p>\n","protected":false},"author":1,"featured_media":7552,"parent":8277,"menu_order":33,"comment_status":"closed","ping_status":"closed","template":"","meta":{"_acf_changed":false,"footnotes":""},"sayfa-kategorisi":[182],"class_list":["post-11174","page","type-page","status-publish","has-post-thumbnail","hentry","sayfa-kategorisi-musteri-deneyimi-ve-gizli-musteri"],"acf":[],"_links":{"self":[{"href":"https:\/\/www.xsights.co.uk\/tr\/wp-json\/wp\/v2\/pages\/11174","targetHints":{"allow":["GET"]}}],"collection":[{"href":"https:\/\/www.xsights.co.uk\/tr\/wp-json\/wp\/v2\/pages"}],"about":[{"href":"https:\/\/www.xsights.co.uk\/tr\/wp-json\/wp\/v2\/types\/page"}],"author":[{"embeddable":true,"href":"https:\/\/www.xsights.co.uk\/tr\/wp-json\/wp\/v2\/users\/1"}],"replies":[{"embeddable":true,"href":"https:\/\/www.xsights.co.uk\/tr\/wp-json\/wp\/v2\/comments?post=11174"}],"version-history":[{"count":10,"href":"https:\/\/www.xsights.co.uk\/tr\/wp-json\/wp\/v2\/pages\/11174\/revisions"}],"predecessor-version":[{"id":12602,"href":"https:\/\/www.xsights.co.uk\/tr\/wp-json\/wp\/v2\/pages\/11174\/revisions\/12602"}],"up":[{"embeddable":true,"href":"https:\/\/www.xsights.co.uk\/tr\/wp-json\/wp\/v2\/pages\/8277"}],"wp:featuredmedia":[{"embeddable":true,"href":"https:\/\/www.xsights.co.uk\/tr\/wp-json\/wp\/v2\/media\/7552"}],"wp:attachment":[{"href":"https:\/\/www.xsights.co.uk\/tr\/wp-json\/wp\/v2\/media?parent=11174"}],"wp:term":[{"taxonomy":"sayfa-kategorisi","embeddable":true,"href":"https:\/\/www.xsights.co.uk\/tr\/wp-json\/wp\/v2\/sayfa-kategorisi?post=11174"}],"curies":[{"name":"wp","href":"https:\/\/api.w.org\/{rel}","templated":true}]}}