{"id":11634,"date":"2024-10-17T10:15:21","date_gmt":"2024-10-17T07:15:21","guid":{"rendered":"https:\/\/www.xsights.co.uk\/?page_id=11634"},"modified":"2025-05-21T18:43:23","modified_gmt":"2025-05-21T15:43:23","slug":"performans-degerlendirmesi","status":"publish","type":"page","link":"https:\/\/www.xsights.co.uk\/tr\/uzmanlik-alanlarimiz\/performans-degerlendirmesi\/","title":{"rendered":"Performans De\u011ferlendirmesi"},"content":{"rendered":"\n<h3 class=\"wp-block-heading\"><strong>Performans De\u011ferlendirmesi: Kurumsal Ba\u015far\u0131n\u0131z\u0131 De\u011ferlendirin ve \u0130yile\u015ftirin<\/strong><\/h3>\n\n\n\n<p>XSIGHTS\u2019\u0131n sundu\u011fu <strong>Performans De\u011ferlendirmesi<\/strong> hizmeti, i\u015fletmelerin ba\u015far\u0131lar\u0131n\u0131 s\u00fcrd\u00fcr\u00fclebilir k\u0131lmak i\u00e7in kapsaml\u0131 bir analiz s\u00fcreci sunar. XSIGHTS, OECD Kalk\u0131nma Yard\u0131m\u0131 Komitesi (OECD\/DAC) kriterlerine dayal\u0131 ba\u011f\u0131ms\u0131z d\u0131\u015f performans de\u011ferlendirmeleri ger\u00e7ekle\u015ftirir ve ayn\u0131 zamanda ihtiya\u00e7lar\u0131n\u0131za uygun \u00f6zel de\u011ferlendirme \u00e7\u00f6z\u00fcmleri tasarlar. Bu de\u011ferlendirmeler, i\u015f s\u00fcre\u00e7lerinizdeki iyile\u015ftirme alanlar\u0131n\u0131, en iyi uygulamalar\u0131 ve potansiyel finansman ihtiya\u00e7lar\u0131n\u0131 belirlemenize yard\u0131mc\u0131 olur. XSIGHTS, i\u015f stratejinizi g\u00fc\u00e7lendiren \u00f6neriler sunar ve s\u00fcrekli geli\u015fim sa\u011flayan bir yakla\u015f\u0131m benimser.<\/p>\n\n\n\t\t<div data-elementor-type=\"section\" data-elementor-id=\"11127\" class=\"elementor elementor-11127\" data-elementor-post-type=\"elementor_library\">\n\t\t\t\t\t<section class=\"elementor-section elementor-top-section elementor-element elementor-element-a8421f2 elementor-section-boxed elementor-section-height-default elementor-section-height-default\" data-id=\"a8421f2\" data-element_type=\"section\">\n\t\t\t\t\t\t<div class=\"elementor-container elementor-column-gap-default\">\n\t\t\t\t\t<div class=\"elementor-column elementor-col-100 elementor-top-column elementor-element elementor-element-c889dca\" data-id=\"c889dca\" data-element_type=\"column\">\n\t\t\t<div class=\"elementor-widget-wrap elementor-element-populated\">\n\t\t\t\t\t\t<section class=\"elementor-section elementor-inner-section elementor-element elementor-element-e7d8e63 elementor-section-boxed elementor-section-height-default elementor-section-height-default\" data-id=\"e7d8e63\" data-element_type=\"section\">\n\t\t\t\t\t\t<div class=\"elementor-container elementor-column-gap-default\">\n\t\t\t\t\t<div class=\"elementor-column elementor-col-100 elementor-inner-column elementor-element elementor-element-5980280\" data-id=\"5980280\" data-element_type=\"column\" data-settings=\"{&quot;background_background&quot;:&quot;classic&quot;}\">\n\t\t\t<div class=\"elementor-widget-wrap elementor-element-populated\">\n\t\t\t\t\t\t<div class=\"elementor-element elementor-element-44068bf elementor-widget elementor-widget-heading\" data-id=\"44068bf\" data-element_type=\"widget\" data-widget_type=\"heading.default\">\n\t\t\t\t<div class=\"elementor-widget-container\">\n\t\t\t\t\t<h2 class=\"elementor-heading-title elementor-size-default\">Sizi Arayal\u0131m<\/h2>\t\t\t\t<\/div>\n\t\t\t\t<\/div>\n\t\t\t\t<div class=\"elementor-element elementor-element-c24b19b elementor-widget elementor-widget-shortcode\" data-id=\"c24b19b\" data-element_type=\"widget\" data-widget_type=\"shortcode.default\">\n\t\t\t\t<div class=\"elementor-widget-container\">\n\t\t\t\t\t\t\t<div class=\"elementor-shortcode\"><div class='fluentform ff-default fluentform_wrapper_9 ffs_modern_l_wrap'><form data-form_id=\"9\" id=\"fluentform_9\" class=\"frm-fluent-form fluent_form_9 ff-el-form-top ff_form_instance_9_1 ff-form-loading ffs_modern_l\" data-form_instance=\"ff_form_instance_9_1\" method=\"POST\" ><fieldset  style=\"border: none!important;margin: 0!important;padding: 0!important;background-color: transparent!important;box-shadow: none!important;outline: none!important; min-inline-size: 100%;\">\n                    <legend class=\"ff_screen_reader_title\" style=\"display: block; margin: 0!important;padding: 0!important;height: 0!important;text-indent: -999999px;width: 0!important;overflow:hidden;\">M\u00fc\u015fteri Deneyimi Sayfas\u0131 Formu (TR)<\/legend><input type='hidden' name='__fluent_form_embded_post_id' value='11634' \/><input type=\"hidden\" id=\"_fluentform_9_fluentformnonce\" name=\"_fluentform_9_fluentformnonce\" value=\"f5b89b1e43\" \/><input type=\"hidden\" name=\"_wp_http_referer\" value=\"\/tr\/wp-json\/wp\/v2\/pages\/11634\" \/><div data-name=\"ff_cn_id_1\"  class='ff-t-container ff-column-container ff_columns_total_2  '><div class='ff-t-cell ff-t-column-1' style='flex-basis: 50%;'><div data-type=\"name-element\" data-name=\"ad_ve_soyad\" class=\" ff-field_container ff-name-field-wrapper\" ><div class='ff-t-container'><div class='ff-t-cell '><div class='ff-el-group ff-el-form-top'><div class=\"ff-el-input--label ff-el-is-required asterisk-right\"><label for='ff_9_ad_ve_soyad_first_name_' >Ad\u0131n\u0131z ve Soyad\u0131n\u0131z<\/label><\/div><div class='ff-el-input--content'><input type=\"text\" name=\"ad_ve_soyad[first_name]\" id=\"ff_9_ad_ve_soyad_first_name_\" class=\"ff-el-form-control\" aria-invalid=\"false\" aria-required=true><\/div><\/div><\/div><\/div><\/div><\/div><div class='ff-t-cell ff-t-column-2' style='flex-basis: 50%;'><div class='ff-el-group'><div class=\"ff-el-input--label ff-el-is-required asterisk-right\"><label for='ff_9_kurumunuzun_unvani' aria-label=\"Firma\">Firma<\/label><\/div><div class='ff-el-input--content'><input type=\"text\" name=\"kurumunuzun_unvani\" class=\"ff-el-form-control\" data-name=\"kurumunuzun_unvani\" id=\"ff_9_kurumunuzun_unvani\"  aria-invalid=\"false\" aria-required=true><\/div><\/div><\/div><\/div><div data-name=\"ff_cn_id_2\"  class='ff-t-container ff-column-container ff_columns_total_2  '><div class='ff-t-cell ff-t-column-1' style='flex-basis: 50%;'><div class='ff-el-group'><div class=\"ff-el-input--label ff-el-is-required asterisk-right\"><label for='ff_9_telefon_numaraniz_1' aria-label=\"Telefon Numaran\u0131z\">Telefon Numaran\u0131z<\/label><\/div><div class='ff-el-input--content'><input name=\"telefon_numaraniz_1\" class=\"ff-el-form-control ff-el-phone ff_el_with_extended_validation\" type=\"tel\" data-name=\"telefon_numaraniz_1\" id=\"ff_9_telefon_numaraniz_1\" inputmode=\"tel\"  aria-invalid='false' aria-required=true><\/div><\/div><\/div><div class='ff-t-cell ff-t-column-2' style='flex-basis: 50%;'><div class='ff-el-group'><div class=\"ff-el-input--label ff-el-is-required asterisk-right\"><label for='ff_9_email' aria-label=\"Email Adresiniz\">Email Adresiniz<\/label><\/div><div class='ff-el-input--content'><input type=\"email\" name=\"email\" id=\"ff_9_email\" class=\"ff-el-form-control\" data-name=\"email\"  aria-invalid=\"false\" aria-required=true><\/div><\/div><\/div><\/div><div class='ff-el-group ' ><div class='ff-el-input--content'><div data-fluent_id='9' name='g-recaptcha-response'><div\n\t\tdata-sitekey='6LeCN5kkAAAAAD2zFULIiehyPu4P_Dj32EWWONmZ'\n\t\tid='fluentform-recaptcha-9-1'\n\t\tclass='ff-el-recaptcha g-recaptcha'\n\t\tdata-callback='fluentFormrecaptchaSuccessCallback'><\/div><\/div><\/div><\/div><div class='ff-el-group  ff-custom_html ff-hidden loader-wrapper' tabindex='-1' data-name=\"custom_html-9_1\" ><div class=\"lds-ripple\"><div><\/div><div><\/div><div><\/div><div><\/div><\/div><\/div><div class='ff-el-group ff-text-left ff_submit_btn_wrapper'><button type=\"submit\" class=\"ff-btn ff-btn-submit ff-btn-lg ff_btn_style wpf_has_custom_css\" >Formu G\u00f6nder<\/button><\/div><\/fieldset><\/form><div id='fluentform_9_errors' class='ff-errors-in-stack ff_form_instance_9_1 ff-form-loading_errors ff_form_instance_9_1_errors'><\/div><\/div>        <script type=\"text\/javascript\">\n            window.fluent_form_ff_form_instance_9_1 = {\"id\":\"9\",\"settings\":{\"layout\":{\"labelPlacement\":\"top\",\"helpMessagePlacement\":\"with_label\",\"errorMessagePlacement\":\"inline\",\"cssClassName\":\"\",\"asteriskPlacement\":\"asterisk-right\"},\"restrictions\":{\"denyEmptySubmission\":{\"enabled\":false}}},\"form_instance\":\"ff_form_instance_9_1\",\"form_id_selector\":\"fluentform_9\",\"rules\":{\"ad_ve_soyad[first_name]\":{\"required\":{\"value\":true,\"message\":\"Bu alan\\u0131n doldurulmas\\u0131 zorunludur.\",\"global_message\":\"This field is required\",\"global\":false}},\"ad_ve_soyad[middle_name]\":{\"required\":{\"value\":false,\"message\":\"This field is required\",\"global_message\":\"This field is required\",\"global\":true}},\"ad_ve_soyad[last_name]\":{\"required\":{\"value\":true,\"message\":\"Bu alan\\u0131n doldurulmas\\u0131 zorunludur.\",\"global_message\":\"This field is required\",\"global\":false}},\"kurumunuzun_unvani\":{\"required\":{\"value\":true,\"message\":\"Teklif iletilebilmesi i\\u00e7in bu alan\\u0131 doldurman\\u0131z gerekmektedir.\",\"global_message\":\"This field is required\",\"global\":false}},\"telefon_numaraniz_1\":{\"required\":{\"value\":true,\"global\":false,\"message\":\"Teklif detaylar\\u0131 ile ilgili ileti\\u015fime kurabilmemiz i\\u00e7in bu alan\\u0131 doldurman\\u0131z gerekmektedir.\",\"global_message\":\"This field is required\"},\"valid_phone_number\":{\"value\":true,\"global\":true,\"message\":\"Phone number is not valid\",\"global_message\":\"Phone number is not valid\"}},\"email\":{\"required\":{\"value\":true,\"message\":\"This field is required\",\"global_message\":\"This field is required\",\"global\":true},\"email\":{\"value\":true,\"message\":\"This field must contain a valid email\",\"global_message\":\"This field must contain a valid email\",\"global\":true}},\"g-recaptcha-response\":[]},\"debounce_time\":300};\n                    <\/script>\n        <\/div>\n\t\t\t\t\t\t<\/div>\n\t\t\t\t<\/div>\n\t\t\t\t\t<\/div>\n\t\t<\/div>\n\t\t\t\t\t<\/div>\n\t\t<\/section>\n\t\t\t\t\t<\/div>\n\t\t<\/div>\n\t\t\t\t\t<\/div>\n\t\t<\/section>\n\t\t\t\t<\/div>\n\t\t\n\n\n\n<h3 class=\"wp-block-heading\"><strong>D\u0131\u015f Performans De\u011ferlendirmesi: Stratejik \u0130\u00e7g\u00f6r\u00fcler<\/strong><\/h3>\n\n\n\n<p>XSIGHTS, ba\u011f\u0131ms\u0131z d\u0131\u015f performans de\u011ferlendirmeleri ile i\u015fletmenizin projelerinin ve s\u00fcre\u00e7lerinin ba\u015far\u0131 d\u00fczeyini objektif bir \u015fekilde \u00f6l\u00e7er. Bu de\u011ferlendirmeler, XSIGHTS\u2019\u0131n alan\u0131nda uzman bir ekip taraf\u0131ndan ger\u00e7ekle\u015ftirilir ve i\u015fletmenizin g\u00fc\u00e7l\u00fc ve zay\u0131f y\u00f6nlerini belirlemek i\u00e7in derinlemesine bir analiz yap\u0131l\u0131r. \u0130yile\u015ftirme alanlar\u0131n\u0131, en iyi uygulamalar\u0131 ve gerekirse ek finansman ihtiya\u00e7lar\u0131n\u0131 belirleyerek, i\u015fletmenizin performans\u0131n\u0131 art\u0131rmak i\u00e7in somut veriler sunar.<\/p>\n\n\n\n<p>OECD\/DAC kriterlerine dayal\u0131 olarak ger\u00e7ekle\u015ftirilen de\u011ferlendirmeler, uluslararas\u0131 standartlara uygun bir analiz sa\u011flayarak, i\u015f s\u00fcre\u00e7lerinizin global \u00f6l\u00e7ekte nas\u0131l performans g\u00f6sterdi\u011fini anlaman\u0131z\u0131 sa\u011flar. XSIGHTS, bu s\u00fcre\u00e7te geni\u015f bir deneyime sahip ara\u015ft\u0131rmac\u0131lar ve kilit uzmanlarla birlikte \u00e7al\u0131\u015farak, do\u011fru stratejik kararlar alman\u0131z i\u00e7in kapsaml\u0131 raporlar sunar.<\/p>\n\n\n\n<h3 class=\"wp-block-heading\"><strong>Performans De\u011ferlendirmesi ile S\u00fcrekli Geli\u015fim<\/strong><\/h3>\n\n\n\n<p>Performans de\u011ferlendirmesi, i\u015f d\u00fcnyas\u0131nda ba\u015far\u0131y\u0131 s\u00fcrd\u00fcr\u00fclebilir k\u0131lmak i\u00e7in kritik bir ara\u00e7t\u0131r. XSIGHTS, bu de\u011ferlendirmeleri sadece mevcut performans\u0131n\u0131z\u0131 analiz etmek i\u00e7in de\u011fil, ayn\u0131 zamanda \u015firketinizin gelecekteki ba\u015far\u0131s\u0131n\u0131 art\u0131rmak amac\u0131yla da kullan\u0131r. De\u011ferlendirmeler sonucunda elde edilen veriler, i\u015f s\u00fcre\u00e7lerinizdeki iyile\u015ftirme alanlar\u0131n\u0131 belirlemenize yard\u0131mc\u0131 olur ve s\u00fcrekli geli\u015fim sa\u011flayacak stratejik \u00f6neriler sunar.<\/p>\n\n\n\n<p>XSIGHTS\u2019\u0131n performans de\u011ferlendirmesi, i\u015fletmenizin t\u00fcm y\u00f6nlerini kapsaml\u0131 bir \u015fekilde analiz eder. Proje ilerlemesi, veri toplama ve analiz s\u00fcre\u00e7leri gibi i\u015finizin her a\u015famas\u0131 detayl\u0131 bir \u015fekilde incelenir. Bu s\u00fcre\u00e7te XSIGHTS\u2019\u0131n uzman ekibi, i\u015fletmenizin rekabet avantaj\u0131n\u0131 art\u0131racak, operasyonel verimlili\u011fi iyile\u015ftirecek ve ekiplerinizin performans\u0131n\u0131 art\u0131racak \u00f6neriler geli\u015ftirir.<\/p>\n\n\n\n<h3 class=\"wp-block-heading\"><strong>XSIGHTS\u2019\u0131n Performans De\u011ferlendirmesi ile Sa\u011flad\u0131\u011f\u0131 Avantajlar<\/strong><\/h3>\n\n\n\n<p>XSIGHTS, performans de\u011ferlendirmesi alan\u0131ndaki geni\u015f deneyimiyle i\u015fletmenizin ba\u015far\u0131ya giden yolunu a\u00e7ar. Her de\u011ferlendirme, projenizin belirli a\u015famalar\u0131na odaklanarak s\u00fcre\u00e7leri detayl\u0131 bir \u015fekilde analiz eder ve iyile\u015ftirme f\u0131rsatlar\u0131 sunar. XSIGHTS\u2019\u0131n sundu\u011fu avantajlar \u015funlard\u0131r:<\/p>\n\n\n\n<ul class=\"wp-block-list\">\n<li><strong>Ba\u011f\u0131ms\u0131z ve Objektif De\u011ferlendirme:<\/strong> OECD\/DAC kriterlerine uygun olarak yap\u0131lan de\u011ferlendirmeler, i\u015fletmenizin performans\u0131n\u0131 objektif bir bak\u0131\u015f a\u00e7\u0131s\u0131yla \u00f6l\u00e7er.<\/li>\n\n\n\n<li><strong>Uzman Ekip:<\/strong> XSIGHTS, alan\u0131ndaki deneyimli ara\u015ft\u0131rmac\u0131lar ve kilit uzmanlardan olu\u015fan bir ekiple \u00e7al\u0131\u015farak stratejik \u00e7\u00f6z\u00fcmler sunar.<\/li>\n\n\n\n<li><strong>S\u00fcrekli Geli\u015fim ve \u0130yile\u015ftirme:<\/strong> De\u011ferlendirme sonu\u00e7lar\u0131na dayal\u0131 olarak, i\u015fletmenizin s\u00fcre\u00e7lerini s\u00fcrekli olarak iyile\u015ftirecek ve rekabet avantaj\u0131n\u0131 art\u0131racak \u00f6neriler sunulur.<\/li>\n<\/ul>\n\n\n\n<h3 class=\"wp-block-heading\"><strong>Performans De\u011ferlendirmesi: Liderlik Geli\u015fimi ve Stratejik B\u00fcy\u00fcme<\/strong><\/h3>\n\n\n\n<p>XSIGHTS\u2019\u0131n performans de\u011ferlendirmesi hizmeti, yaln\u0131zca ekiplerin ve i\u015f s\u00fcre\u00e7lerinin performans\u0131n\u0131 \u00f6l\u00e7mekle kalmaz, ayn\u0131 zamanda liderlik geli\u015fimi i\u00e7in de kritik i\u00e7g\u00f6r\u00fcler sunar. Y\u00f6neticilerin liderlik yetkinlikleri objektif kriterlere g\u00f6re de\u011ferlendirilir ve ekiplerin daha iyi y\u00f6netilmesine katk\u0131da bulunacak stratejiler geli\u015ftirilir. Bu s\u00fcre\u00e7, i\u015fletmenizin t\u00fcm seviyelerinde stratejik b\u00fcy\u00fcmeyi destekler.<\/p>\n\n\n\n<p>Liderlik geli\u015fimi, uzun vadeli ba\u015far\u0131y\u0131 sa\u011flamak i\u00e7in hayati \u00f6neme sahiptir. XSIGHTS, bu de\u011ferlendirmeleri liderlik geli\u015fimine y\u00f6nelik somut \u00f6nerilerle birle\u015ftirir ve \u015firketinizin y\u00f6neticilerinin daha etkili olmas\u0131n\u0131 sa\u011flar.<\/p>\n\n\n\n<h3 class=\"wp-block-heading\"><strong>Sonu\u00e7<\/strong><\/h3>\n\n\n\n<p>XSIGHTS\u2019\u0131n sundu\u011fu <strong>Performans De\u011ferlendirmesi<\/strong> hizmeti, i\u015fletmenizin stratejik hedeflerine ula\u015fmas\u0131 ve i\u015f s\u00fcre\u00e7lerini optimize etmesi i\u00e7in gerekli analizleri sunar. Ba\u011f\u0131ms\u0131z d\u0131\u015f de\u011ferlendirmeler ve alan\u0131nda uzman ekiplerin y\u00f6nlendirmesi ile i\u015finizin performans\u0131n\u0131 en iyi \u015fekilde \u00f6l\u00e7ebilir, iyile\u015ftirme f\u0131rsatlar\u0131n\u0131 belirleyebilir ve s\u00fcrekli geli\u015fim sa\u011flayabilirsiniz. \u0130\u015f s\u00fcre\u00e7lerinizi g\u00fc\u00e7lendirmek ve liderlik yetkinliklerinizi art\u0131rmak i\u00e7in XSIGHTS\u2019\u0131n uzmanl\u0131\u011f\u0131na g\u00fcvenin.<\/p>\n\n\n\n<script src=\"https:\/\/js.hsforms.net\/forms\/embed\/49517809.js\" defer><\/script>\n<div class=\"hs-form-frame\" data-region=\"na1\" data-form-id=\"937881e2-bd6c-447c-a620-3a7e01bf514d\" data-portal-id=\"49517809\"><\/div>\n","protected":false},"excerpt":{"rendered":"<p>Performans De\u011ferlendirmesi: Kurumsal Ba\u015far\u0131n\u0131z\u0131 De\u011ferlendirin ve \u0130yile\u015ftirin XSIGHTS\u2019\u0131n sundu\u011fu Performans De\u011ferlendirmesi hizmeti, i\u015fletmelerin ba\u015far\u0131lar\u0131n\u0131 s\u00fcrd\u00fcr\u00fclebilir k\u0131lmak i\u00e7in kapsaml\u0131 bir analiz s\u00fcreci sunar. XSIGHTS, OECD Kalk\u0131nma Yard\u0131m\u0131 Komitesi (OECD\/DAC) kriterlerine dayal\u0131 ba\u011f\u0131ms\u0131z d\u0131\u015f performans de\u011ferlendirmeleri ger\u00e7ekle\u015ftirir ve ayn\u0131 zamanda ihtiya\u00e7lar\u0131n\u0131za uygun \u00f6zel de\u011ferlendirme \u00e7\u00f6z\u00fcmleri tasarlar. Bu de\u011ferlendirmeler, i\u015f s\u00fcre\u00e7lerinizdeki iyile\u015ftirme alanlar\u0131n\u0131, en iyi uygulamalar\u0131 ve potansiyel [&hellip;]<\/p>\n","protected":false},"author":1,"featured_media":7552,"parent":8277,"menu_order":21,"comment_status":"closed","ping_status":"closed","template":"","meta":{"_acf_changed":false,"footnotes":""},"sayfa-kategorisi":[179],"class_list":["post-11634","page","type-page","status-publish","has-post-thumbnail","hentry","sayfa-kategorisi-izleme-degerlendirme-ve-ogrenme"],"acf":[],"_links":{"self":[{"href":"https:\/\/www.xsights.co.uk\/tr\/wp-json\/wp\/v2\/pages\/11634","targetHints":{"allow":["GET"]}}],"collection":[{"href":"https:\/\/www.xsights.co.uk\/tr\/wp-json\/wp\/v2\/pages"}],"about":[{"href":"https:\/\/www.xsights.co.uk\/tr\/wp-json\/wp\/v2\/types\/page"}],"author":[{"embeddable":true,"href":"https:\/\/www.xsights.co.uk\/tr\/wp-json\/wp\/v2\/users\/1"}],"replies":[{"embeddable":true,"href":"https:\/\/www.xsights.co.uk\/tr\/wp-json\/wp\/v2\/comments?post=11634"}],"version-history":[{"count":2,"href":"https:\/\/www.xsights.co.uk\/tr\/wp-json\/wp\/v2\/pages\/11634\/revisions"}],"predecessor-version":[{"id":12280,"href":"https:\/\/www.xsights.co.uk\/tr\/wp-json\/wp\/v2\/pages\/11634\/revisions\/12280"}],"up":[{"embeddable":true,"href":"https:\/\/www.xsights.co.uk\/tr\/wp-json\/wp\/v2\/pages\/8277"}],"wp:featuredmedia":[{"embeddable":true,"href":"https:\/\/www.xsights.co.uk\/tr\/wp-json\/wp\/v2\/media\/7552"}],"wp:attachment":[{"href":"https:\/\/www.xsights.co.uk\/tr\/wp-json\/wp\/v2\/media?parent=11634"}],"wp:term":[{"taxonomy":"sayfa-kategorisi","embeddable":true,"href":"https:\/\/www.xsights.co.uk\/tr\/wp-json\/wp\/v2\/sayfa-kategorisi?post=11634"}],"curies":[{"name":"wp","href":"https:\/\/api.w.org\/{rel}","templated":true}]}}