{"id":11693,"date":"2024-10-21T16:56:37","date_gmt":"2024-10-21T13:56:37","guid":{"rendered":"https:\/\/www.xsights.co.uk\/?page_id=11693"},"modified":"2026-03-22T13:35:35","modified_gmt":"2026-03-22T10:35:35","slug":"hedef-pazar-arastirmasi","status":"publish","type":"page","link":"https:\/\/www.xsights.co.uk\/tr\/uzmanlik-alanlarimiz\/strateji-ve-pazar-dinamikleri\/hedef-pazar-arastirmasi\/","title":{"rendered":"Hedef Pazar Ara\u015ft\u0131rmas\u0131"},"content":{"rendered":"\r\n<h3 class=\"wp-block-heading\"><strong>Hedef Pazar Ara\u015ft\u0131rmas\u0131: Stratejik Hedeflerinizi Do\u011fru Belirleyin<\/strong><\/h3>\r\n\r\n\r\n\r\n<p>Pazarda do\u011fru hedef kitleye ula\u015fmak, ba\u015far\u0131l\u0131 bir i\u015f stratejisinin temel ta\u015flar\u0131ndan biridir. XSIGHTS\u2019\u0131n sundu\u011fu <strong>Hedef Pazar Ara\u015ft\u0131rmas\u0131<\/strong> hizmeti, i\u015fletmenizin do\u011fru m\u00fc\u015fteri kitlesini belirlemesine ve bu kitlenin ihtiya\u00e7lar\u0131n\u0131 daha iyi anlamas\u0131na yard\u0131mc\u0131 olur. Bu hizmet, hedef pazar\u0131n\u0131z\u0131 derinlemesine analiz ederek, hangi segmentlere odaklanman\u0131z gerekti\u011fini, pazar\u0131n f\u0131rsatlar\u0131n\u0131 ve tehditlerini ortaya \u00e7\u0131kar\u0131r. XSIGHTS, do\u011fru pazarlama stratejileri olu\u015fturman\u0131z i\u00e7in size yol g\u00f6sterir.<\/p>\r\n\r\n\r\n\t\t<div data-elementor-type=\"section\" data-elementor-id=\"11127\" class=\"elementor elementor-11127\" data-elementor-post-type=\"elementor_library\">\n\t\t\t\t\t<section class=\"elementor-section elementor-top-section elementor-element elementor-element-a8421f2 elementor-section-boxed elementor-section-height-default elementor-section-height-default\" data-id=\"a8421f2\" data-element_type=\"section\">\n\t\t\t\t\t\t<div class=\"elementor-container elementor-column-gap-default\">\n\t\t\t\t\t<div class=\"elementor-column elementor-col-100 elementor-top-column elementor-element elementor-element-c889dca\" data-id=\"c889dca\" data-element_type=\"column\">\n\t\t\t<div class=\"elementor-widget-wrap elementor-element-populated\">\n\t\t\t\t\t\t<section class=\"elementor-section elementor-inner-section elementor-element elementor-element-e7d8e63 elementor-section-boxed elementor-section-height-default elementor-section-height-default\" data-id=\"e7d8e63\" data-element_type=\"section\">\n\t\t\t\t\t\t<div class=\"elementor-container elementor-column-gap-default\">\n\t\t\t\t\t<div class=\"elementor-column elementor-col-100 elementor-inner-column elementor-element elementor-element-5980280\" data-id=\"5980280\" data-element_type=\"column\" data-settings=\"{&quot;background_background&quot;:&quot;classic&quot;}\">\n\t\t\t<div class=\"elementor-widget-wrap elementor-element-populated\">\n\t\t\t\t\t\t<div class=\"elementor-element elementor-element-44068bf elementor-widget elementor-widget-heading\" data-id=\"44068bf\" data-element_type=\"widget\" data-widget_type=\"heading.default\">\n\t\t\t\t<div class=\"elementor-widget-container\">\n\t\t\t\t\t<h2 class=\"elementor-heading-title elementor-size-default\">Sizi Arayal\u0131m<\/h2>\t\t\t\t<\/div>\n\t\t\t\t<\/div>\n\t\t\t\t<div class=\"elementor-element elementor-element-c24b19b elementor-widget elementor-widget-shortcode\" data-id=\"c24b19b\" data-element_type=\"widget\" data-widget_type=\"shortcode.default\">\n\t\t\t\t<div class=\"elementor-widget-container\">\n\t\t\t\t\t\t\t<div class=\"elementor-shortcode\"><div class='fluentform ff-default fluentform_wrapper_9 ffs_modern_l_wrap'><form data-form_id=\"9\" id=\"fluentform_9\" class=\"frm-fluent-form fluent_form_9 ff-el-form-top ff_form_instance_9_1 ff-form-loading ffs_modern_l\" data-form_instance=\"ff_form_instance_9_1\" method=\"POST\" ><fieldset  style=\"border: none!important;margin: 0!important;padding: 0!important;background-color: transparent!important;box-shadow: none!important;outline: none!important; min-inline-size: 100%;\">\n                    <legend class=\"ff_screen_reader_title\" style=\"display: block; margin: 0!important;padding: 0!important;height: 0!important;text-indent: -999999px;width: 0!important;overflow:hidden;\">M\u00fc\u015fteri Deneyimi Sayfas\u0131 Formu (TR)<\/legend><input type='hidden' name='__fluent_form_embded_post_id' value='11693' \/><input type=\"hidden\" id=\"_fluentform_9_fluentformnonce\" name=\"_fluentform_9_fluentformnonce\" value=\"f5b89b1e43\" \/><input type=\"hidden\" name=\"_wp_http_referer\" value=\"\/tr\/wp-json\/wp\/v2\/pages\/11693\" \/><div data-name=\"ff_cn_id_1\"  class='ff-t-container ff-column-container ff_columns_total_2  '><div class='ff-t-cell ff-t-column-1' style='flex-basis: 50%;'><div data-type=\"name-element\" data-name=\"ad_ve_soyad\" class=\" ff-field_container ff-name-field-wrapper\" ><div class='ff-t-container'><div class='ff-t-cell '><div class='ff-el-group ff-el-form-top'><div class=\"ff-el-input--label ff-el-is-required asterisk-right\"><label for='ff_9_ad_ve_soyad_first_name_' >Ad\u0131n\u0131z ve Soyad\u0131n\u0131z<\/label><\/div><div class='ff-el-input--content'><input type=\"text\" name=\"ad_ve_soyad[first_name]\" id=\"ff_9_ad_ve_soyad_first_name_\" class=\"ff-el-form-control\" aria-invalid=\"false\" aria-required=true><\/div><\/div><\/div><\/div><\/div><\/div><div class='ff-t-cell ff-t-column-2' style='flex-basis: 50%;'><div class='ff-el-group'><div class=\"ff-el-input--label ff-el-is-required asterisk-right\"><label for='ff_9_kurumunuzun_unvani' aria-label=\"Firma\">Firma<\/label><\/div><div class='ff-el-input--content'><input type=\"text\" name=\"kurumunuzun_unvani\" class=\"ff-el-form-control\" data-name=\"kurumunuzun_unvani\" id=\"ff_9_kurumunuzun_unvani\"  aria-invalid=\"false\" aria-required=true><\/div><\/div><\/div><\/div><div data-name=\"ff_cn_id_2\"  class='ff-t-container ff-column-container ff_columns_total_2  '><div class='ff-t-cell ff-t-column-1' style='flex-basis: 50%;'><div class='ff-el-group'><div class=\"ff-el-input--label ff-el-is-required asterisk-right\"><label for='ff_9_telefon_numaraniz_1' aria-label=\"Telefon Numaran\u0131z\">Telefon Numaran\u0131z<\/label><\/div><div class='ff-el-input--content'><input name=\"telefon_numaraniz_1\" class=\"ff-el-form-control ff-el-phone ff_el_with_extended_validation\" type=\"tel\" data-name=\"telefon_numaraniz_1\" id=\"ff_9_telefon_numaraniz_1\" inputmode=\"tel\"  aria-invalid='false' aria-required=true><\/div><\/div><\/div><div class='ff-t-cell ff-t-column-2' style='flex-basis: 50%;'><div class='ff-el-group'><div class=\"ff-el-input--label ff-el-is-required asterisk-right\"><label for='ff_9_email' aria-label=\"Email Adresiniz\">Email Adresiniz<\/label><\/div><div class='ff-el-input--content'><input type=\"email\" name=\"email\" id=\"ff_9_email\" class=\"ff-el-form-control\" data-name=\"email\"  aria-invalid=\"false\" aria-required=true><\/div><\/div><\/div><\/div><div class='ff-el-group ' ><div class='ff-el-input--content'><div data-fluent_id='9' name='g-recaptcha-response'><div\n\t\tdata-sitekey='6LeCN5kkAAAAAD2zFULIiehyPu4P_Dj32EWWONmZ'\n\t\tid='fluentform-recaptcha-9-1'\n\t\tclass='ff-el-recaptcha g-recaptcha'\n\t\tdata-callback='fluentFormrecaptchaSuccessCallback'><\/div><\/div><\/div><\/div><div class='ff-el-group  ff-custom_html ff-hidden loader-wrapper' tabindex='-1' data-name=\"custom_html-9_1\" ><div class=\"lds-ripple\"><div><\/div><div><\/div><div><\/div><div><\/div><\/div><\/div><div class='ff-el-group ff-text-left ff_submit_btn_wrapper'><button type=\"submit\" class=\"ff-btn ff-btn-submit ff-btn-lg ff_btn_style wpf_has_custom_css\" >Formu G\u00f6nder<\/button><\/div><\/fieldset><\/form><div id='fluentform_9_errors' class='ff-errors-in-stack ff_form_instance_9_1 ff-form-loading_errors ff_form_instance_9_1_errors'><\/div><\/div>        <script type=\"text\/javascript\">\n            window.fluent_form_ff_form_instance_9_1 = {\"id\":\"9\",\"settings\":{\"layout\":{\"labelPlacement\":\"top\",\"helpMessagePlacement\":\"with_label\",\"errorMessagePlacement\":\"inline\",\"cssClassName\":\"\",\"asteriskPlacement\":\"asterisk-right\"},\"restrictions\":{\"denyEmptySubmission\":{\"enabled\":false}}},\"form_instance\":\"ff_form_instance_9_1\",\"form_id_selector\":\"fluentform_9\",\"rules\":{\"ad_ve_soyad[first_name]\":{\"required\":{\"value\":true,\"message\":\"Bu alan\\u0131n doldurulmas\\u0131 zorunludur.\",\"global_message\":\"This field is required\",\"global\":false}},\"ad_ve_soyad[middle_name]\":{\"required\":{\"value\":false,\"message\":\"This field is required\",\"global_message\":\"This field is required\",\"global\":true}},\"ad_ve_soyad[last_name]\":{\"required\":{\"value\":true,\"message\":\"Bu alan\\u0131n doldurulmas\\u0131 zorunludur.\",\"global_message\":\"This field is required\",\"global\":false}},\"kurumunuzun_unvani\":{\"required\":{\"value\":true,\"message\":\"Teklif iletilebilmesi i\\u00e7in bu alan\\u0131 doldurman\\u0131z gerekmektedir.\",\"global_message\":\"This field is required\",\"global\":false}},\"telefon_numaraniz_1\":{\"required\":{\"value\":true,\"global\":false,\"message\":\"Teklif detaylar\\u0131 ile ilgili ileti\\u015fime kurabilmemiz i\\u00e7in bu alan\\u0131 doldurman\\u0131z gerekmektedir.\",\"global_message\":\"This field is required\"},\"valid_phone_number\":{\"value\":true,\"global\":true,\"message\":\"Phone number is not valid\",\"global_message\":\"Phone number is not valid\"}},\"email\":{\"required\":{\"value\":true,\"message\":\"This field is required\",\"global_message\":\"This field is required\",\"global\":true},\"email\":{\"value\":true,\"message\":\"This field must contain a valid email\",\"global_message\":\"This field must contain a valid email\",\"global\":true}},\"g-recaptcha-response\":[]},\"debounce_time\":300};\n                    <\/script>\n        <\/div>\n\t\t\t\t\t\t<\/div>\n\t\t\t\t<\/div>\n\t\t\t\t\t<\/div>\n\t\t<\/div>\n\t\t\t\t\t<\/div>\n\t\t<\/section>\n\t\t\t\t\t<\/div>\n\t\t<\/div>\n\t\t\t\t\t<\/div>\n\t\t<\/section>\n\t\t\t\t<\/div>\n\t\t\n\r\n\r\n\r\n<h3 class=\"wp-block-heading\"><strong>Hedef Pazar Ara\u015ft\u0131rmas\u0131 Kapsam\u0131<\/strong><\/h3>\r\n\r\n\r\n\r\n<p>XSIGHTS, hedef pazar ara\u015ft\u0131rmas\u0131 do\u011frultusunda kapsaml\u0131 bir analiz s\u00fcreci sunar. Bu s\u00fcre\u00e7, potansiyel m\u00fc\u015fteri segmentlerini demografik, co\u011frafi, psikografik ve davran\u0131\u015fsal \u00f6zelliklere g\u00f6re analiz eder. Hedef kitlenizin kim oldu\u011funu, ne istedi\u011fini ve hangi fakt\u00f6rlerin sat\u0131n alma kararlar\u0131n\u0131 etkiledi\u011fini anlamak, pazarda ba\u015far\u0131l\u0131 olman\u0131n ilk ad\u0131m\u0131d\u0131r. XSIGHTS, bu kapsaml\u0131 analizlerle hangi m\u00fc\u015fteri segmentlerinin markan\u0131z i\u00e7in en y\u00fcksek potansiyele sahip oldu\u011funu belirlemenize yard\u0131mc\u0131 olur.<\/p>\r\n\r\n\r\n\r\n<p>Hedef pazar analizi, pazardaki b\u00fcy\u00fcme f\u0131rsatlar\u0131n\u0131 belirlemenizi sa\u011flar. XSIGHTS, pazar b\u00fcy\u00fckl\u00fc\u011f\u00fc, rekabet ortam\u0131, t\u00fcketici tercihleri ve ekonomik trendleri analiz ederek, \u00fcr\u00fcn veya hizmetinizin hangi alanlarda ba\u015far\u0131l\u0131 olabilece\u011fini \u00f6ng\u00f6r\u00fcr. Bu stratejik i\u00e7g\u00f6r\u00fcler, i\u015fletmenizin kaynaklar\u0131n\u0131 do\u011fru segmentlere odaklamas\u0131n\u0131 ve hedef kitleye en uygun \u00fcr\u00fcn veya hizmet sunmas\u0131n\u0131 sa\u011flar.<\/p>\r\n\r\n\r\n\r\n<h3 class=\"wp-block-heading\"><strong>Stratejik \u0130\u00e7g\u00f6r\u00fclerle Hedef Pazar\u0131n\u0131z\u0131 Geni\u015fletin<\/strong><\/h3>\r\n\r\n\r\n\r\n<p>XSIGHTS\u2019\u0131n hedef pazar ara\u015ft\u0131rmas\u0131, \u015firketlerin mevcut m\u00fc\u015fteri tabanlar\u0131n\u0131 geni\u015fletmelerine ve yeni f\u0131rsatlar\u0131 de\u011ferlendirmelerine olanak tan\u0131r. Do\u011fru hedef pazar\u0131 belirlemek, markan\u0131z\u0131n daha etkili pazarlama stratejileri geli\u015ftirmesini ve pazar pay\u0131n\u0131 art\u0131rmas\u0131n\u0131 sa\u011flar. XSIGHTS, rekabet avantaj\u0131 kazanman\u0131z i\u00e7in stratejik i\u00e7g\u00f6r\u00fcler sunar, b\u00f6ylece markan\u0131z\u0131n en do\u011fru hedef kitleye ula\u015fmas\u0131n\u0131 sa\u011flar.<\/p>\r\n\r\n\r\n\r\n<p>Hedef pazar ara\u015ft\u0131rmalar\u0131, sadece mevcut pazarlara odaklanmakla kalmaz, ayn\u0131 zamanda potansiyel b\u00fcy\u00fcme alanlar\u0131n\u0131 da ke\u015ffetmenize yard\u0131mc\u0131 olur. Bu s\u00fcre\u00e7, yeni pazarlara giri\u015f stratejilerinizi planlarken, \u00fcr\u00fcn ve hizmetlerinizin hangi pazarlarda en fazla ba\u015far\u0131y\u0131 elde edebilece\u011fini \u00f6ng\u00f6rmenizi sa\u011flar. XSIGHTS, bu ara\u015ft\u0131rmalarla \u015firketinizin rekabet\u00e7i konumunu g\u00fc\u00e7lendirmenize ve stratejik b\u00fcy\u00fcme f\u0131rsatlar\u0131n\u0131 yakalaman\u0131za yard\u0131mc\u0131 olur.<\/p>\r\n\r\n\r\n\r\n<h3 class=\"wp-block-heading\"><strong>XSIGHTS\u2019\u0131n Hedef Pazar Ara\u015ft\u0131rmas\u0131 ile Sa\u011flad\u0131\u011f\u0131 Avantajlar<\/strong><\/h3>\r\n\r\n\r\n\r\n<p>XSIGHTS, hedef pazar ara\u015ft\u0131rmalar\u0131nda derinlemesine uzmanl\u0131k sunar. Ara\u015ft\u0131rma s\u00fcre\u00e7lerimiz, \u015firketlerin hedef kitlelerini daha iyi anlamalar\u0131n\u0131 ve bu kitlelerin ihtiya\u00e7lar\u0131na uygun stratejiler geli\u015ftirmelerini sa\u011flar. Hedef pazar analizi, i\u015fletmenizin pazarlama b\u00fct\u00e7esini en verimli \u015fekilde kullanman\u0131za yard\u0131mc\u0131 olur. Bu sayede, en y\u00fcksek potansiyele sahip m\u00fc\u015fteri segmentlerine odaklanarak, sat\u0131\u015flar\u0131n\u0131z\u0131 ve karl\u0131l\u0131\u011f\u0131n\u0131z\u0131 art\u0131rabilirsiniz.<\/p>\r\n\r\n\r\n\r\n<p>XSIGHTS, her pazar\u0131n ve m\u00fc\u015fteri segmentinin farkl\u0131 oldu\u011funu g\u00f6z \u00f6n\u00fcnde bulundurarak, size \u00f6zel \u00e7\u00f6z\u00fcmler sunar. Her hedef kitlenin beklentileri, sat\u0131n alma al\u0131\u015fkanl\u0131klar\u0131 ve marka sadakati farkl\u0131d\u0131r. Bu farkl\u0131l\u0131klar\u0131 anlamak, \u00fcr\u00fcn ve hizmetlerinizin m\u00fc\u015fterilerle nas\u0131l daha etkili bir \u015fekilde etkile\u015fim kurabilece\u011fini anlaman\u0131za yard\u0131mc\u0131 olur. XSIGHTS, hedef pazar\u0131n\u0131z\u0131 en iyi \u015fekilde tan\u0131man\u0131z\u0131 sa\u011flayarak pazarlama stratejilerinizi g\u00fc\u00e7lendirir.<\/p>\r\n\r\n\r\n\r\n<h3 class=\"wp-block-heading\"><strong>Hedef Pazar\u0131n\u0131z\u0131 Daha \u0130yi Tan\u0131y\u0131n ve Stratejik F\u0131rsatlar\u0131 De\u011ferlendirin<\/strong><\/h3>\r\n\r\n\r\n\r\n<p>XSIGHTS\u2019\u0131n hedef pazar ara\u015ft\u0131rmalar\u0131, \u015firketlerin yaln\u0131zca mevcut m\u00fc\u015fteri kitlesini daha iyi anlamalar\u0131na yard\u0131mc\u0131 olmakla kalmaz, ayn\u0131 zamanda potansiyel yeni m\u00fc\u015fterilere nas\u0131l ula\u015fabileceklerini de g\u00f6sterir. Hedef pazar\u0131n\u0131z\u0131 tan\u0131mak, markan\u0131z\u0131 do\u011fru bir \u015fekilde konumland\u0131rmak ve rekabet avantaj\u0131 elde etmek i\u00e7in vazge\u00e7ilmezdir. XSIGHTS, pazar dinamiklerini derinlemesine analiz ederek, \u00fcr\u00fcn ve hizmetlerinizi en uygun kitleye nas\u0131l sunabilece\u011finizi g\u00f6sterir.<\/p>\r\n\r\n\r\n\r\n<p>Hedef pazar\u0131n\u0131z\u0131 do\u011fru bir \u015fekilde belirlemek, markan\u0131z\u0131n gelecekteki b\u00fcy\u00fcme potansiyelini art\u0131r\u0131r. XSIGHTS, pazar\u0131n talep ve trendlerini anlaman\u0131za yard\u0131mc\u0131 olarak, markan\u0131z\u0131n uzun vadede ba\u015far\u0131l\u0131 olmas\u0131n\u0131 sa\u011flar. Hedef kitle analizleri, pazara giri\u015f stratejileri ve pazar\u0131n f\u0131rsatlar\u0131n\u0131 ke\u015ffetmek i\u00e7in stratejik rehberlik sunar.<\/p>\r\n\r\n\r\n\r\n<h3 class=\"wp-block-heading\"><strong>Sonu\u00e7<\/strong><\/h3>\r\n\r\n\r\n\r\n<p>Hedef pazar ara\u015ft\u0131rmalar\u0131, markalar\u0131n do\u011fru m\u00fc\u015fteri kitlesine ula\u015fmas\u0131 ve pazardaki f\u0131rsatlar\u0131 de\u011ferlendirmesi i\u00e7in kritik bir ad\u0131md\u0131r. XSIGHTS\u2019\u0131n sundu\u011fu <strong>Hedef Pazar Ara\u015ft\u0131rmas\u0131<\/strong> hizmeti ile hedef kitlenizi derinlemesine analiz edebilir, bu do\u011frultuda stratejik kararlar alarak pazarlama ve \u00fcr\u00fcn geli\u015ftirme s\u00fcre\u00e7lerinizi optimize edebilirsiniz. Markan\u0131z\u0131n b\u00fcy\u00fcme potansiyelini art\u0131rmak ve pazarda s\u00fcrd\u00fcr\u00fclebilir bir ba\u015far\u0131 elde etmek i\u00e7in XSIGHTS\u2019\u0131n uzmanl\u0131\u011f\u0131na g\u00fcvenin.<\/p>\r\n\r\n\r\n\r\n<p><\/p>\r\n<div class=\"hs-form-frame\" data-region=\"na1\" data-form-id=\"937881e2-bd6c-447c-a620-3a7e01bf514d\" data-portal-id=\"49517809\">\u00a0<\/div>\r\n","protected":false},"excerpt":{"rendered":"<p>Hedef Pazar Ara\u015ft\u0131rmas\u0131: Stratejik Hedeflerinizi Do\u011fru Belirleyin Pazarda do\u011fru hedef kitleye ula\u015fmak, ba\u015far\u0131l\u0131 bir i\u015f stratejisinin temel ta\u015flar\u0131ndan biridir. XSIGHTS\u2019\u0131n sundu\u011fu Hedef Pazar Ara\u015ft\u0131rmas\u0131 hizmeti, i\u015fletmenizin do\u011fru m\u00fc\u015fteri kitlesini belirlemesine ve bu kitlenin ihtiya\u00e7lar\u0131n\u0131 daha iyi anlamas\u0131na yard\u0131mc\u0131 olur. Bu hizmet, hedef pazar\u0131n\u0131z\u0131 derinlemesine analiz ederek, hangi segmentlere odaklanman\u0131z gerekti\u011fini, pazar\u0131n f\u0131rsatlar\u0131n\u0131 ve tehditlerini ortaya [&hellip;]<\/p>\n","protected":false},"author":1,"featured_media":7552,"parent":8286,"menu_order":0,"comment_status":"closed","ping_status":"closed","template":"","meta":{"_acf_changed":false,"footnotes":""},"sayfa-kategorisi":[185],"class_list":["post-11693","page","type-page","status-publish","has-post-thumbnail","hentry","sayfa-kategorisi-strateji-ve-pazar-dinamikleri"],"acf":[],"_links":{"self":[{"href":"https:\/\/www.xsights.co.uk\/tr\/wp-json\/wp\/v2\/pages\/11693","targetHints":{"allow":["GET"]}}],"collection":[{"href":"https:\/\/www.xsights.co.uk\/tr\/wp-json\/wp\/v2\/pages"}],"about":[{"href":"https:\/\/www.xsights.co.uk\/tr\/wp-json\/wp\/v2\/types\/page"}],"author":[{"embeddable":true,"href":"https:\/\/www.xsights.co.uk\/tr\/wp-json\/wp\/v2\/users\/1"}],"replies":[{"embeddable":true,"href":"https:\/\/www.xsights.co.uk\/tr\/wp-json\/wp\/v2\/comments?post=11693"}],"version-history":[{"count":4,"href":"https:\/\/www.xsights.co.uk\/tr\/wp-json\/wp\/v2\/pages\/11693\/revisions"}],"predecessor-version":[{"id":12597,"href":"https:\/\/www.xsights.co.uk\/tr\/wp-json\/wp\/v2\/pages\/11693\/revisions\/12597"}],"up":[{"embeddable":true,"href":"https:\/\/www.xsights.co.uk\/tr\/wp-json\/wp\/v2\/pages\/8286"}],"wp:featuredmedia":[{"embeddable":true,"href":"https:\/\/www.xsights.co.uk\/tr\/wp-json\/wp\/v2\/media\/7552"}],"wp:attachment":[{"href":"https:\/\/www.xsights.co.uk\/tr\/wp-json\/wp\/v2\/media?parent=11693"}],"wp:term":[{"taxonomy":"sayfa-kategorisi","embeddable":true,"href":"https:\/\/www.xsights.co.uk\/tr\/wp-json\/wp\/v2\/sayfa-kategorisi?post=11693"}],"curies":[{"name":"wp","href":"https:\/\/api.w.org\/{rel}","templated":true}]}}