{"id":1887,"date":"2023-01-28T15:51:50","date_gmt":"2023-01-28T12:51:50","guid":{"rendered":"https:\/\/www.resulozyurt.com\/xsights-model3\/?page_id=1887"},"modified":"2023-11-10T09:21:04","modified_gmt":"2023-11-10T06:21:04","slug":"ne-yapiyoruz","status":"publish","type":"page","link":"https:\/\/www.xsights.co.uk\/tr\/hakkimizda\/ne-yapiyoruz\/","title":{"rendered":"Ne Yap\u0131yoruz?"},"content":{"rendered":"\t\t<div data-elementor-type=\"wp-page\" data-elementor-id=\"1887\" class=\"elementor elementor-1887\" data-elementor-post-type=\"page\">\n\t\t\t\t\t\t<section class=\"elementor-section elementor-top-section elementor-element elementor-element-498d2b6 elementor-section-boxed elementor-section-height-default elementor-section-height-default\" data-id=\"498d2b6\" data-element_type=\"section\">\n\t\t\t\t\t\t<div class=\"elementor-container elementor-column-gap-default\">\n\t\t\t\t\t<div class=\"elementor-column elementor-col-100 elementor-top-column elementor-element elementor-element-6320cf4\" data-id=\"6320cf4\" data-element_type=\"column\">\n\t\t\t<div class=\"elementor-widget-wrap elementor-element-populated\">\n\t\t\t\t\t\t<div class=\"elementor-element elementor-element-84fb519 elementor-widget elementor-widget-spacer\" data-id=\"84fb519\" data-element_type=\"widget\" data-widget_type=\"spacer.default\">\n\t\t\t\t<div class=\"elementor-widget-container\">\n\t\t\t\t\t\t\t<div class=\"elementor-spacer\">\n\t\t\t<div class=\"elementor-spacer-inner\"><\/div>\n\t\t<\/div>\n\t\t\t\t\t\t<\/div>\n\t\t\t\t<\/div>\n\t\t\t\t<div class=\"elementor-element elementor-element-37938b2 elementor-widget elementor-widget-text-editor\" data-id=\"37938b2\" data-element_type=\"widget\" data-widget_type=\"text-editor.default\">\n\t\t\t\t<div class=\"elementor-widget-container\">\n\t\t\t\t\t\t\t\t\t<p>Biz, <strong>fark yaratan<\/strong> ara\u015ft\u0131rmalar sunuyoruz.<\/p><p>Bizler ba\u011f\u0131ms\u0131z ara\u015ft\u0131rmac\u0131lar olarak m\u00fc\u015fterilerimizin i\u00e7lerinde bulunduklar\u0131 ko\u015fullar\u0131 analiz edip, onlara i\u00e7 g\u00f6r\u00fc sunmak ve ba\u015far\u0131ya giden en g\u00fcvenilir yolu g\u00f6stermek ile sorumluyuzdur.\u00a0 M\u00fc\u015fterilerimizin i\u00e7inde bulunduklar\u0131 genellikle kaotik durumlardan anlam \u00e7\u0131karmak, kaoslar\u0131n\u0131n i\u00e7indeki d\u00fczeni g\u00f6rebilmeyi gerektiren bir i\u015ftir bizimkisi&#8230; Merakl\u0131, esnek, \u00e7al\u0131\u015fkan ve kararl\u0131 olmadan, bunu yapabilmek pek m\u00fcmk\u00fcn de\u011fildir. Hem ak\u0131l hem de g\u00f6n\u00fcl g\u00f6z\u00fcn\u00fcz\u00fcn a\u00e7\u0131k olmas\u0131 gerekir, ba\u015fka t\u00fcrl\u00fcs\u00fc hep eksik kal\u0131r\u2026<\/p><p>Bizler ara\u015ft\u0131rmac\u0131lar olarak, tarihe not d\u00fc\u015fmekle y\u00fck\u00fcml\u00fcy\u00fczd\u00fcr, iyi bir ara\u015ft\u0131rmac\u0131n\u0131n haf\u0131zas\u0131 kuvvetli, antenleri hep a\u00e7\u0131kt\u0131r. \u00a0D\u00fcnyada olan bitene duyars\u0131z birinden iyi bir ara\u015ft\u0131rmac\u0131 olmaz \u00f6te yandan trend g\u00f6rmeyi seven, bir sonraki geli\u015fmeyi \u00f6n g\u00f6rebilenler zaten do\u011fu\u015ftan ara\u015ft\u0131rmac\u0131lard\u0131r.<\/p><p>Ara\u015ft\u0131rmac\u0131 olmak hi\u00e7 yoktan de\u011fer \u00fcretebilmeyi gerektirir. Elle tutulmaz, g\u00f6zle g\u00f6r\u00fclmez alg\u0131lar\u0131n, inan\u00e7lar\u0131n, tutumlar\u0131n b\u00fck\u00fcc\u00fcs\u00fc gibidir ara\u015ft\u0131rmac\u0131, insanlar\u0131n akl\u0131nda olanlar\u0131 maddeye, onlarca sayfal\u0131k raporlara d\u00f6n\u00fc\u015ft\u00fcr\u00fcr. O raporlar, fikir olur, fikirler proje, projeler ger\u00e7e\u011fe d\u00f6n\u00fc\u015f\u00fcr; hayaller b\u00f6ylelikle ger\u00e7ek olur, o y\u00fczden her hayal bir ara\u015ft\u0131rmaya ihtiya\u00e7 duyar.<\/p><p>Ara\u015ft\u0131rmac\u0131 olmak liderlik gerektirir, insan\u0131 sevmeyi ister ak\u0131l ister emek ister, \u2026 Kar\u015f\u0131l\u0131\u011f\u0131nda da ara\u015ft\u0131rmac\u0131l\u0131k bir kariyer olarak m\u00fcthi\u015f zevklidir, her g\u00fcn yeni bir \u015feyler \u00f6\u011frenir, her g\u00fcn geli\u015firsiniz. Vizyonunuz geni\u015fler, kalbiniz \u0131s\u0131n\u0131r ve beyniniz geli\u015fir. Her ge\u00e7en g\u00fcn daha az \u015fa\u015f\u0131r\u0131r, daha \u00e7ok bilgele\u015firsiniz.<\/p><p>Biz XSIGHTS\u2019 da i\u015fini severek yapan ba\u011f\u0131ms\u0131z ara\u015ft\u0131rmac\u0131lar\u0131z. Bize kat\u0131lman\u0131n \u00e7ok yolu var, m\u00fc\u015fterimiz, ekip arkada\u015f\u0131m\u0131z ya da payda\u015f\u0131m\u0131z olarak bizimle birlikte y\u00fcr\u00fcyebilirsiniz. \u00a0Hadi gelin, yol \u00e7ok g\u00fczel, beraber ke\u015ffedelim.<\/p><p><a href=\"https:\/\/www.xsights.co.uk\/tr\/gundem\/\">G\u00fcndem | XSIGHTS<\/a><\/p><h3><span style=\"color: #69d2c8;\"><strong>\u00dcyeliklerimiz<\/strong><\/span><\/h3><p>D\u00fcnya \u00e7ap\u0131nda pazar ara\u015ft\u0131rma sekt\u00f6r\u00fcn\u00fcn geli\u015fimine katk\u0131 sa\u011flayan ESOMAR&#8217;\u0131n bir t\u00fczel \u00fcyesiyiz ve ESOMAR\u2019\u0131n Etik Kurallar\u0131na ba\u011fl\u0131y\u0131z.<\/p><p><a href=\"https:\/\/esomar.org\/\" rel=\"nofollow noopener\" target=\"_blank\">Anasayfa (esomar.org)<\/a><\/p><p>\u00dclkemizde pazar ara\u015ft\u0131rmas\u0131 sekt\u00f6r\u00fcn\u00fc temsil eden T\u00fcrkiye Ara\u015ft\u0131rmac\u0131lar Derne\u011fi\u2019ne t\u00fczel \u00fcyeyiz.\u00a0<\/p><p><a href=\"https:\/\/tuad.org.tr\/\" rel=\"nofollow noopener\" target=\"_blank\">https:\/\/tuad.org.tr\/<\/a><\/p>\t\t\t\t\t\t\t\t<\/div>\n\t\t\t\t<\/div>\n\t\t\t\t<div class=\"elementor-element elementor-element-eb52d3e elementor-widget elementor-widget-spacer\" data-id=\"eb52d3e\" data-element_type=\"widget\" data-widget_type=\"spacer.default\">\n\t\t\t\t<div class=\"elementor-widget-container\">\n\t\t\t\t\t\t\t<div class=\"elementor-spacer\">\n\t\t\t<div class=\"elementor-spacer-inner\"><\/div>\n\t\t<\/div>\n\t\t\t\t\t\t<\/div>\n\t\t\t\t<\/div>\n\t\t\t\t\t<\/div>\n\t\t<\/div>\n\t\t\t\t\t<\/div>\n\t\t<\/section>\n\t\t\t\t<\/div>\n\t\t","protected":false},"excerpt":{"rendered":"<p>Biz, fark yaratan ara\u015ft\u0131rmalar sunuyoruz. Bizler ba\u011f\u0131ms\u0131z ara\u015ft\u0131rmac\u0131lar olarak m\u00fc\u015fterilerimizin i\u00e7lerinde bulunduklar\u0131 ko\u015fullar\u0131 analiz edip, onlara i\u00e7 g\u00f6r\u00fc sunmak ve ba\u015far\u0131ya giden en g\u00fcvenilir yolu g\u00f6stermek ile sorumluyuzdur.\u00a0 M\u00fc\u015fterilerimizin i\u00e7inde bulunduklar\u0131 genellikle kaotik durumlardan anlam \u00e7\u0131karmak, kaoslar\u0131n\u0131n i\u00e7indeki d\u00fczeni g\u00f6rebilmeyi gerektiren bir i\u015ftir bizimkisi&#8230; Merakl\u0131, esnek, \u00e7al\u0131\u015fkan ve kararl\u0131 olmadan, bunu yapabilmek pek m\u00fcmk\u00fcn de\u011fildir. [&hellip;]<\/p>\n","protected":false},"author":1,"featured_media":8825,"parent":1845,"menu_order":1,"comment_status":"closed","ping_status":"closed","template":"","meta":{"_acf_changed":false,"footnotes":""},"sayfa-kategorisi":[],"class_list":["post-1887","page","type-page","status-publish","has-post-thumbnail","hentry"],"acf":[],"_links":{"self":[{"href":"https:\/\/www.xsights.co.uk\/tr\/wp-json\/wp\/v2\/pages\/1887","targetHints":{"allow":["GET"]}}],"collection":[{"href":"https:\/\/www.xsights.co.uk\/tr\/wp-json\/wp\/v2\/pages"}],"about":[{"href":"https:\/\/www.xsights.co.uk\/tr\/wp-json\/wp\/v2\/types\/page"}],"author":[{"embeddable":true,"href":"https:\/\/www.xsights.co.uk\/tr\/wp-json\/wp\/v2\/users\/1"}],"replies":[{"embeddable":true,"href":"https:\/\/www.xsights.co.uk\/tr\/wp-json\/wp\/v2\/comments?post=1887"}],"version-history":[{"count":0,"href":"https:\/\/www.xsights.co.uk\/tr\/wp-json\/wp\/v2\/pages\/1887\/revisions"}],"up":[{"embeddable":true,"href":"https:\/\/www.xsights.co.uk\/tr\/wp-json\/wp\/v2\/pages\/1845"}],"wp:featuredmedia":[{"embeddable":true,"href":"https:\/\/www.xsights.co.uk\/tr\/wp-json\/wp\/v2\/media\/8825"}],"wp:attachment":[{"href":"https:\/\/www.xsights.co.uk\/tr\/wp-json\/wp\/v2\/media?parent=1887"}],"wp:term":[{"taxonomy":"sayfa-kategorisi","embeddable":true,"href":"https:\/\/www.xsights.co.uk\/tr\/wp-json\/wp\/v2\/sayfa-kategorisi?post=1887"}],"curies":[{"name":"wp","href":"https:\/\/api.w.org\/{rel}","templated":true}]}}