{"id":1913,"date":"2023-01-28T17:29:03","date_gmt":"2023-01-28T14:29:03","guid":{"rendered":"https:\/\/www.resulozyurt.com\/xsights-model3\/?page_id=1913"},"modified":"2023-05-03T09:50:51","modified_gmt":"2023-05-03T06:50:51","slug":"adimizin-hikayesi","status":"publish","type":"page","link":"https:\/\/www.xsights.co.uk\/tr\/hakkimizda\/adimizin-hikayesi\/","title":{"rendered":"Ad\u0131m\u0131z\u0131n Hik\u00e2yesi"},"content":{"rendered":"\t\t<div data-elementor-type=\"wp-page\" data-elementor-id=\"1913\" class=\"elementor elementor-1913\" data-elementor-post-type=\"page\">\n\t\t\t\t\t\t<section class=\"elementor-section elementor-top-section elementor-element elementor-element-98afcee elementor-section-boxed elementor-section-height-default elementor-section-height-default\" data-id=\"98afcee\" data-element_type=\"section\">\n\t\t\t\t\t\t<div class=\"elementor-container elementor-column-gap-default\">\n\t\t\t\t\t<div class=\"elementor-column elementor-col-100 elementor-top-column elementor-element elementor-element-16f5506\" data-id=\"16f5506\" data-element_type=\"column\">\n\t\t\t<div class=\"elementor-widget-wrap elementor-element-populated\">\n\t\t\t\t\t\t<div class=\"elementor-element elementor-element-9bb3e64 elementor-widget elementor-widget-spacer\" data-id=\"9bb3e64\" data-element_type=\"widget\" data-widget_type=\"spacer.default\">\n\t\t\t\t<div class=\"elementor-widget-container\">\n\t\t\t\t\t\t\t<div class=\"elementor-spacer\">\n\t\t\t<div class=\"elementor-spacer-inner\"><\/div>\n\t\t<\/div>\n\t\t\t\t\t\t<\/div>\n\t\t\t\t<\/div>\n\t\t\t\t<section class=\"elementor-section elementor-inner-section elementor-element elementor-element-e76a56b elementor-section-boxed elementor-section-height-default elementor-section-height-default\" data-id=\"e76a56b\" data-element_type=\"section\">\n\t\t\t\t\t\t<div class=\"elementor-container elementor-column-gap-default\">\n\t\t\t\t\t<div class=\"elementor-column elementor-col-50 elementor-inner-column elementor-element elementor-element-4606b82\" data-id=\"4606b82\" data-element_type=\"column\">\n\t\t\t<div class=\"elementor-widget-wrap elementor-element-populated\">\n\t\t\t\t\t\t<div class=\"elementor-element elementor-element-42cdc09 elementor-widget elementor-widget-image\" data-id=\"42cdc09\" data-element_type=\"widget\" data-widget_type=\"image.default\">\n\t\t\t\t<div class=\"elementor-widget-container\">\n\t\t\t\t\t\t\t\t\t\t\t\t\t\t\t<img fetchpriority=\"high\" decoding=\"async\" width=\"300\" height=\"200\" src=\"https:\/\/www.xsights.co.uk\/wp-content\/uploads\/2023\/01\/icon_xsights_arastirma.jpg\" class=\"attachment-full size-full wp-image-2027\" alt=\"\" \/>\t\t\t\t\t\t\t\t\t\t\t\t\t\t\t<\/div>\n\t\t\t\t<\/div>\n\t\t\t\t\t<\/div>\n\t\t<\/div>\n\t\t\t\t<div class=\"elementor-column elementor-col-50 elementor-inner-column elementor-element elementor-element-aabf313\" data-id=\"aabf313\" data-element_type=\"column\">\n\t\t\t<div class=\"elementor-widget-wrap elementor-element-populated\">\n\t\t\t\t\t\t<div class=\"elementor-element elementor-element-c3d20fe elementor-widget elementor-widget-text-editor\" data-id=\"c3d20fe\" data-element_type=\"widget\" data-widget_type=\"text-editor.default\">\n\t\t\t\t<div class=\"elementor-widget-container\">\n\t\t\t\t\t\t\t\t\t<p>X harfinin \u201cbilinmeyeni\u201d ve SIGHTS&#8217;\u0131n \u201cg\u00f6recek her \u015fey\u201di temsil etti\u011fi bu birle\u015fimde XSIGHTS; \u201cbilinmeyeni g\u00f6rmek\u201d anlam\u0131na gelir. XSIGHTS tam olarak da ad\u0131n\u0131n hakk\u0131n\u0131 vermek i\u00e7in \u00e7al\u0131\u015f\u0131r ve m\u00fc\u015fterileri i\u00e7in \u201cbilinmeyeni g\u00f6r\u00fcr.\u201d<\/p>\t\t\t\t\t\t\t\t<\/div>\n\t\t\t\t<\/div>\n\t\t\t\t\t<\/div>\n\t\t<\/div>\n\t\t\t\t\t<\/div>\n\t\t<\/section>\n\t\t\t\t<div class=\"elementor-element elementor-element-c5176d3 elementor-widget elementor-widget-spacer\" data-id=\"c5176d3\" data-element_type=\"widget\" data-widget_type=\"spacer.default\">\n\t\t\t\t<div class=\"elementor-widget-container\">\n\t\t\t\t\t\t\t<div class=\"elementor-spacer\">\n\t\t\t<div class=\"elementor-spacer-inner\"><\/div>\n\t\t<\/div>\n\t\t\t\t\t\t<\/div>\n\t\t\t\t<\/div>\n\t\t\t\t\t<\/div>\n\t\t<\/div>\n\t\t\t\t\t<\/div>\n\t\t<\/section>\n\t\t\t\t<\/div>\n\t\t","protected":false},"excerpt":{"rendered":"<p>X harfinin \u201cbilinmeyeni\u201d ve SIGHTS&#8217;\u0131n \u201cg\u00f6recek her \u015fey\u201di temsil etti\u011fi bu birle\u015fimde XSIGHTS; \u201cbilinmeyeni g\u00f6rmek\u201d anlam\u0131na gelir. XSIGHTS tam olarak da ad\u0131n\u0131n hakk\u0131n\u0131 vermek i\u00e7in \u00e7al\u0131\u015f\u0131r ve m\u00fc\u015fterileri i\u00e7in \u201cbilinmeyeni g\u00f6r\u00fcr.\u201d<\/p>\n","protected":false},"author":1,"featured_media":8825,"parent":1845,"menu_order":3,"comment_status":"closed","ping_status":"closed","template":"","meta":{"_acf_changed":false,"footnotes":""},"sayfa-kategorisi":[],"class_list":["post-1913","page","type-page","status-publish","has-post-thumbnail","hentry"],"acf":[],"_links":{"self":[{"href":"https:\/\/www.xsights.co.uk\/tr\/wp-json\/wp\/v2\/pages\/1913","targetHints":{"allow":["GET"]}}],"collection":[{"href":"https:\/\/www.xsights.co.uk\/tr\/wp-json\/wp\/v2\/pages"}],"about":[{"href":"https:\/\/www.xsights.co.uk\/tr\/wp-json\/wp\/v2\/types\/page"}],"author":[{"embeddable":true,"href":"https:\/\/www.xsights.co.uk\/tr\/wp-json\/wp\/v2\/users\/1"}],"replies":[{"embeddable":true,"href":"https:\/\/www.xsights.co.uk\/tr\/wp-json\/wp\/v2\/comments?post=1913"}],"version-history":[{"count":0,"href":"https:\/\/www.xsights.co.uk\/tr\/wp-json\/wp\/v2\/pages\/1913\/revisions"}],"up":[{"embeddable":true,"href":"https:\/\/www.xsights.co.uk\/tr\/wp-json\/wp\/v2\/pages\/1845"}],"wp:featuredmedia":[{"embeddable":true,"href":"https:\/\/www.xsights.co.uk\/tr\/wp-json\/wp\/v2\/media\/8825"}],"wp:attachment":[{"href":"https:\/\/www.xsights.co.uk\/tr\/wp-json\/wp\/v2\/media?parent=1913"}],"wp:term":[{"taxonomy":"sayfa-kategorisi","embeddable":true,"href":"https:\/\/www.xsights.co.uk\/tr\/wp-json\/wp\/v2\/sayfa-kategorisi?post=1913"}],"curies":[{"name":"wp","href":"https:\/\/api.w.org\/{rel}","templated":true}]}}