{"id":1940,"date":"2023-01-28T17:41:39","date_gmt":"2023-01-28T14:41:39","guid":{"rendered":"https:\/\/www.resulozyurt.com\/xsights-model3\/?page_id=1940"},"modified":"2023-05-18T12:57:18","modified_gmt":"2023-05-18T09:57:18","slug":"bize-katilin","status":"publish","type":"page","link":"https:\/\/www.xsights.co.uk\/tr\/hakkimizda\/bize-katilin\/","title":{"rendered":"Bize Kat\u0131l\u0131n"},"content":{"rendered":"\t\t<div data-elementor-type=\"wp-page\" data-elementor-id=\"1940\" class=\"elementor elementor-1940\" data-elementor-post-type=\"page\">\n\t\t\t\t\t\t<section class=\"elementor-section elementor-top-section elementor-element elementor-element-b714374 elementor-section-boxed elementor-section-height-default elementor-section-height-default\" data-id=\"b714374\" data-element_type=\"section\">\n\t\t\t\t\t\t<div class=\"elementor-container elementor-column-gap-default\">\n\t\t\t\t\t<div class=\"elementor-column elementor-col-100 elementor-top-column elementor-element elementor-element-36c057d\" data-id=\"36c057d\" data-element_type=\"column\">\n\t\t\t<div class=\"elementor-widget-wrap elementor-element-populated\">\n\t\t\t\t\t\t<div class=\"elementor-element elementor-element-007a8f0 elementor-widget elementor-widget-spacer\" data-id=\"007a8f0\" data-element_type=\"widget\" data-widget_type=\"spacer.default\">\n\t\t\t\t<div class=\"elementor-widget-container\">\n\t\t\t\t\t\t\t<div class=\"elementor-spacer\">\n\t\t\t<div class=\"elementor-spacer-inner\"><\/div>\n\t\t<\/div>\n\t\t\t\t\t\t<\/div>\n\t\t\t\t<\/div>\n\t\t\t\t<div class=\"elementor-element elementor-element-a207ce0 elementor-widget elementor-widget-text-editor\" data-id=\"a207ce0\" data-element_type=\"widget\" data-widget_type=\"text-editor.default\">\n\t\t\t\t<div class=\"elementor-widget-container\">\n\t\t\t\t\t\t\t\t\t<p>Kendini ger\u00e7ekle\u015ftirmeni destekleyen, katma de\u011feri \u00f6d\u00fcllendiren, &#8220;\u00c7al\u0131\u015fan Mutlulu\u011funu\u201c \u00f6nemseyen XSIGHTS ekibine kat\u0131lmak i\u00e7in a\u015fa\u011f\u0131daki formdan ba\u015fvuru yapabilirsin.<\/p><p>A\u015fa\u011f\u0131daki formu eksiksiz bir \u015fekilde doldurulup, taraf\u0131m\u0131za iletildi\u011finde ilgili birimimiz taraf\u0131ndan incelenmeye al\u0131n\u0131r. Bilgiler do\u011frultusunda a\u00e7\u0131k pozisyon varsa ya da olu\u015ftu\u011funda sizinle irtibata ge\u00e7ilerek, \u00f6n g\u00f6r\u00fc\u015fme sa\u011flan\u0131r.<\/p>\t\t\t\t\t\t\t\t<\/div>\n\t\t\t\t<\/div>\n\t\t\t\t<div class=\"elementor-element elementor-element-f6ec7ce elementor-widget elementor-widget-heading\" data-id=\"f6ec7ce\" data-element_type=\"widget\" data-widget_type=\"heading.default\">\n\t\t\t\t<div class=\"elementor-widget-container\">\n\t\t\t\t\t<p class=\"elementor-heading-title elementor-size-default\">Ba\u015fvuru Formu<\/p>\t\t\t\t<\/div>\n\t\t\t\t<\/div>\n\t\t\t\t<div class=\"elementor-element elementor-element-4fba6b4 elementor-button-align-start elementor-widget elementor-widget-form\" data-id=\"4fba6b4\" data-element_type=\"widget\" data-settings=\"{&quot;step_next_label&quot;:&quot;Next&quot;,&quot;step_previous_label&quot;:&quot;Previous&quot;,&quot;button_width&quot;:&quot;100&quot;,&quot;step_type&quot;:&quot;number_text&quot;,&quot;step_icon_shape&quot;:&quot;circle&quot;}\" data-widget_type=\"form.default\">\n\t\t\t\t<div class=\"elementor-widget-container\">\n\t\t\t\t\t\t\t<form class=\"elementor-form\" method=\"post\" name=\"Join - Application Form \" aria-label=\"Join - Application Form \">\n\t\t\t<input type=\"hidden\" name=\"post_id\" value=\"1940\"\/>\n\t\t\t<input type=\"hidden\" name=\"form_id\" value=\"4fba6b4\"\/>\n\t\t\t<input type=\"hidden\" name=\"referer_title\" value=\"\" \/>\n\n\t\t\t\n\t\t\t<div class=\"elementor-form-fields-wrapper elementor-labels-above\">\n\t\t\t\t\t\t\t\t<div class=\"elementor-field-type-select elementor-field-group elementor-column elementor-field-group-ilgilendiginiz_bolum elementor-col-50 elementor-field-required elementor-mark-required\">\n\t\t\t\t\t\t\t\t\t\t\t\t<label for=\"form-field-ilgilendiginiz_bolum\" class=\"elementor-field-label\">\n\t\t\t\t\t\t\t\t\u0130lgilendi\u011finiz B\u00f6l\u00fcm\t\t\t\t\t\t\t<\/label>\n\t\t\t\t\t\t\t\t<div class=\"elementor-field elementor-select-wrapper remove-before \">\n\t\t\t<div class=\"select-caret-down-wrapper\">\n\t\t\t\t<i aria-hidden=\"true\" class=\"eicon-caret-down\"><\/i>\t\t\t<\/div>\n\t\t\t<select name=\"form_fields[ilgilendiginiz_bolum]\" id=\"form-field-ilgilendiginiz_bolum\" class=\"elementor-field-textual elementor-size-md\" required=\"required\">\n\t\t\t\t\t\t\t\t\t<option value=\"Se\u00e7iniz\" selected=\"selected\">Se\u00e7iniz<\/option>\n\t\t\t\t\t\t\t\t\t<option value=\"Pazar Ara\u015ft\u0131rmas\u0131-B2C\">Pazar Ara\u015ft\u0131rmas\u0131-B2C<\/option>\n\t\t\t\t\t\t\t\t\t<option value=\"Pazar Ara\u015ft\u0131rmas\u0131-B2B\">Pazar Ara\u015ft\u0131rmas\u0131-B2B<\/option>\n\t\t\t\t\t\t\t\t\t<option value=\"Pazar Ara\u015ft\u0131rmas\u0131 \u2013 M\u00fc\u015fteri Deneyimi ve Gizli M\u00fc\u015fteri\">Pazar Ara\u015ft\u0131rmas\u0131 \u2013 M\u00fc\u015fteri Deneyimi ve Gizli M\u00fc\u015fteri<\/option>\n\t\t\t\t\t\t\t\t\t<option value=\"Pazar Ara\u015ft\u0131rmas\u0131 - Sa\u011fl\u0131k Hizmeti G\u00f6r\u00fc\u015fleri\">Pazar Ara\u015ft\u0131rmas\u0131 - Sa\u011fl\u0131k Hizmeti G\u00f6r\u00fc\u015fleri<\/option>\n\t\t\t\t\t\t\t\t\t<option value=\"Sosyal Bilimler Enstit\u00fcs\u00fc\">Sosyal Bilimler Enstit\u00fcs\u00fc<\/option>\n\t\t\t\t\t\t\t\t\t<option value=\"Operasyon Departman\u0131\">Operasyon Departman\u0131<\/option>\n\t\t\t\t\t\t\t\t\t<option value=\"Pazarlama ve M\u00fc\u015fteri M\u00fckemmelli\u011fi Merkezi\">Pazarlama ve M\u00fc\u015fteri M\u00fckemmelli\u011fi Merkezi<\/option>\n\t\t\t\t\t\t\t\t\t<option value=\"Y\u00f6netim Departman\u0131\">Y\u00f6netim Departman\u0131<\/option>\n\t\t\t\t\t\t\t\t\t<option value=\"D\u0131\u015f Dan\u0131\u015fman\">D\u0131\u015f Dan\u0131\u015fman<\/option>\n\t\t\t\t\t\t\t\t\t<option value=\"G\u00f6r\u00fc\u015fmeci\">G\u00f6r\u00fc\u015fmeci<\/option>\n\t\t\t\t\t\t\t\t\t<option value=\"Odak Grup Kat\u0131l\u0131mc\u0131s\u0131\">Odak Grup Kat\u0131l\u0131mc\u0131s\u0131<\/option>\n\t\t\t\t\t\t\t\t\t<option value=\"Gizli m\u00fc\u015fteri\">Gizli m\u00fc\u015fteri<\/option>\n\t\t\t\t\t\t\t\t\t<option value=\"Di\u011fer\">Di\u011fer<\/option>\n\t\t\t\t\t\t\t<\/select>\n\t\t<\/div>\n\t\t\t\t\t\t<\/div>\n\t\t\t\t\t\t\t\t<div class=\"elementor-field-type-text elementor-field-group elementor-column elementor-field-group-adiniz_soyadiniz elementor-col-50 elementor-field-required elementor-mark-required\">\n\t\t\t\t\t\t\t\t\t\t\t\t<label for=\"form-field-adiniz_soyadiniz\" class=\"elementor-field-label\">\n\t\t\t\t\t\t\t\tAd\u0131n\u0131z ve Soyad\u0131n\u0131z\t\t\t\t\t\t\t<\/label>\n\t\t\t\t\t\t\t\t\t\t\t\t\t\t<input size=\"1\" type=\"text\" name=\"form_fields[adiniz_soyadiniz]\" id=\"form-field-adiniz_soyadiniz\" class=\"elementor-field elementor-size-md  elementor-field-textual\" required=\"required\">\n\t\t\t\t\t\t\t\t\t\t\t<\/div>\n\t\t\t\t\t\t\t\t<div class=\"elementor-field-type-email elementor-field-group elementor-column elementor-field-group-email_adresiniz elementor-col-50 elementor-field-required elementor-mark-required\">\n\t\t\t\t\t\t\t\t\t\t\t\t<label for=\"form-field-email_adresiniz\" class=\"elementor-field-label\">\n\t\t\t\t\t\t\t\tE-Mail Adresiniz\t\t\t\t\t\t\t<\/label>\n\t\t\t\t\t\t\t\t\t\t\t\t\t\t<input size=\"1\" type=\"email\" name=\"form_fields[email_adresiniz]\" id=\"form-field-email_adresiniz\" class=\"elementor-field elementor-size-md  elementor-field-textual\" required=\"required\">\n\t\t\t\t\t\t\t\t\t\t\t<\/div>\n\t\t\t\t\t\t\t\t<div class=\"elementor-field-type-tel elementor-field-group elementor-column elementor-field-group-telefon_numaranz elementor-col-50 elementor-field-required elementor-mark-required\">\n\t\t\t\t\t\t\t\t\t\t\t\t<label for=\"form-field-telefon_numaranz\" class=\"elementor-field-label\">\n\t\t\t\t\t\t\t\tTelefon Numaran\u0131z\t\t\t\t\t\t\t<\/label>\n\t\t\t\t\t\t\t\t<input size=\"1\" type=\"tel\" name=\"form_fields[telefon_numaranz]\" id=\"form-field-telefon_numaranz\" class=\"elementor-field elementor-size-md  elementor-field-textual\" required=\"required\" pattern=\"[0-9()#&amp;+*-=.]+\" title=\"Only numbers and phone characters (#, -, *, etc) are accepted.\">\n\n\t\t\t\t\t\t<\/div>\n\t\t\t\t\t\t\t\t<div class=\"elementor-field-type-textarea elementor-field-group elementor-column elementor-field-group-coverletter elementor-col-50 elementor-field-required elementor-mark-required\">\n\t\t\t\t\t\t\t\t\t\t\t\t<label for=\"form-field-coverletter\" class=\"elementor-field-label\">\n\t\t\t\t\t\t\t\t\u00d6n Yaz\u0131\t\t\t\t\t\t\t<\/label>\n\t\t\t\t\t\t<textarea class=\"elementor-field-textual elementor-field  elementor-size-md\" name=\"form_fields[coverletter]\" id=\"form-field-coverletter\" rows=\"4\" required=\"required\"><\/textarea>\t\t\t\t<\/div>\n\t\t\t\t\t\t\t\t<div class=\"elementor-field-type-upload elementor-field-group elementor-column elementor-field-group-cvupload elementor-col-50\">\n\t\t\t\t\t\t\t\t\t\t\t\t<label for=\"form-field-cvupload\" class=\"elementor-field-label\">\n\t\t\t\t\t\t\t\tCV'nizi Y\u00fckleyiniz\t\t\t\t\t\t\t<\/label>\n\t\t\t\t\t\t\t\t<input type=\"file\" name=\"form_fields[cvupload]\" id=\"form-field-cvupload\" class=\"elementor-field elementor-size-md  elementor-upload-field\" data-maxsize=\"20\" data-maxsize-message=\"This file exceeds the maximum allowed size.\">\n\n\t\t\t\t\t\t<\/div>\n\t\t\t\t\t\t\t\t<div class=\"elementor-field-type-recaptcha elementor-field-group elementor-column elementor-field-group-field_97e6322 elementor-col-100\">\n\t\t\t\t\t<div class=\"elementor-field\" id=\"form-field-field_97e6322\"><div class=\"elementor-g-recaptcha\" data-sitekey=\"6LeCN5kkAAAAAD2zFULIiehyPu4P_Dj32EWWONmZ\" data-type=\"v2_checkbox\" data-theme=\"light\" data-size=\"normal\"><\/div><\/div>\t\t\t\t<\/div>\n\t\t\t\t\t\t\t\t<div class=\"elementor-field-group elementor-column elementor-field-type-submit elementor-col-100 e-form__buttons\">\n\t\t\t\t\t<button class=\"elementor-button elementor-size-md\" type=\"submit\">\n\t\t\t\t\t\t<span class=\"elementor-button-content-wrapper\">\n\t\t\t\t\t\t\t\t\t\t\t\t\t\t\t<span class=\"elementor-button-icon\">\n\t\t\t\t\t\t\t\t\t<i aria-hidden=\"true\" class=\"far fa-paper-plane\"><\/i>\t\t\t\t\t\t\t\t\t\t\t\t\t\t\t\t\t<\/span>\n\t\t\t\t\t\t\t\t\t\t\t\t\t\t\t\t\t\t\t\t\t\t<span class=\"elementor-button-text\">Ba\u015fvuruyu G\u00f6nder<\/span>\n\t\t\t\t\t\t\t\t\t\t\t\t\t<\/span>\n\t\t\t\t\t<\/button>\n\t\t\t\t<\/div>\n\t\t\t<\/div>\n\t\t<\/form>\n\t\t\t\t\t\t<\/div>\n\t\t\t\t<\/div>\n\t\t\t\t<div class=\"elementor-element elementor-element-9803460 elementor-widget elementor-widget-spacer\" data-id=\"9803460\" data-element_type=\"widget\" data-widget_type=\"spacer.default\">\n\t\t\t\t<div class=\"elementor-widget-container\">\n\t\t\t\t\t\t\t<div class=\"elementor-spacer\">\n\t\t\t<div class=\"elementor-spacer-inner\"><\/div>\n\t\t<\/div>\n\t\t\t\t\t\t<\/div>\n\t\t\t\t<\/div>\n\t\t\t\t\t<\/div>\n\t\t<\/div>\n\t\t\t\t\t<\/div>\n\t\t<\/section>\n\t\t\t\t<\/div>\n\t\t","protected":false},"excerpt":{"rendered":"<p>Kendini ger\u00e7ekle\u015ftirmeni destekleyen, katma de\u011feri \u00f6d\u00fcllendiren, &#8220;\u00c7al\u0131\u015fan Mutlulu\u011funu\u201c \u00f6nemseyen XSIGHTS ekibine kat\u0131lmak i\u00e7in a\u015fa\u011f\u0131daki formdan ba\u015fvuru yapabilirsin. A\u015fa\u011f\u0131daki formu eksiksiz bir \u015fekilde doldurulup, taraf\u0131m\u0131za iletildi\u011finde ilgili birimimiz taraf\u0131ndan incelenmeye al\u0131n\u0131r. Bilgiler do\u011frultusunda a\u00e7\u0131k pozisyon varsa ya da olu\u015ftu\u011funda sizinle irtibata ge\u00e7ilerek, \u00f6n g\u00f6r\u00fc\u015fme sa\u011flan\u0131r. Ba\u015fvuru Formu<\/p>\n","protected":false},"author":1,"featured_media":8825,"parent":1845,"menu_order":5,"comment_status":"closed","ping_status":"closed","template":"","meta":{"_acf_changed":false,"footnotes":""},"sayfa-kategorisi":[],"class_list":["post-1940","page","type-page","status-publish","has-post-thumbnail","hentry"],"acf":[],"_links":{"self":[{"href":"https:\/\/www.xsights.co.uk\/tr\/wp-json\/wp\/v2\/pages\/1940","targetHints":{"allow":["GET"]}}],"collection":[{"href":"https:\/\/www.xsights.co.uk\/tr\/wp-json\/wp\/v2\/pages"}],"about":[{"href":"https:\/\/www.xsights.co.uk\/tr\/wp-json\/wp\/v2\/types\/page"}],"author":[{"embeddable":true,"href":"https:\/\/www.xsights.co.uk\/tr\/wp-json\/wp\/v2\/users\/1"}],"replies":[{"embeddable":true,"href":"https:\/\/www.xsights.co.uk\/tr\/wp-json\/wp\/v2\/comments?post=1940"}],"version-history":[{"count":0,"href":"https:\/\/www.xsights.co.uk\/tr\/wp-json\/wp\/v2\/pages\/1940\/revisions"}],"up":[{"embeddable":true,"href":"https:\/\/www.xsights.co.uk\/tr\/wp-json\/wp\/v2\/pages\/1845"}],"wp:featuredmedia":[{"embeddable":true,"href":"https:\/\/www.xsights.co.uk\/tr\/wp-json\/wp\/v2\/media\/8825"}],"wp:attachment":[{"href":"https:\/\/www.xsights.co.uk\/tr\/wp-json\/wp\/v2\/media?parent=1940"}],"wp:term":[{"taxonomy":"sayfa-kategorisi","embeddable":true,"href":"https:\/\/www.xsights.co.uk\/tr\/wp-json\/wp\/v2\/sayfa-kategorisi?post=1940"}],"curies":[{"name":"wp","href":"https:\/\/api.w.org\/{rel}","templated":true}]}}