{"id":2008,"date":"2023-01-28T18:25:05","date_gmt":"2023-01-28T15:25:05","guid":{"rendered":"https:\/\/www.resulozyurt.com\/xsights-model3\/?page_id=2008"},"modified":"2023-01-28T18:27:51","modified_gmt":"2023-01-28T15:27:51","slug":"kisisel-verilerin-korunmasi","status":"publish","type":"page","link":"https:\/\/www.xsights.co.uk\/tr\/hakkimizda\/kisisel-verilerin-korunmasi\/","title":{"rendered":"Ki\u015fisel Verilerin Korunmas\u0131"},"content":{"rendered":"\t\t<div data-elementor-type=\"wp-page\" data-elementor-id=\"2008\" class=\"elementor elementor-2008\" data-elementor-post-type=\"page\">\n\t\t\t\t\t\t<section class=\"elementor-section elementor-top-section elementor-element elementor-element-fe85ab5 elementor-section-boxed elementor-section-height-default elementor-section-height-default\" data-id=\"fe85ab5\" data-element_type=\"section\">\n\t\t\t\t\t\t<div class=\"elementor-container elementor-column-gap-default\">\n\t\t\t\t\t<div class=\"elementor-column elementor-col-100 elementor-top-column elementor-element elementor-element-7930505\" data-id=\"7930505\" data-element_type=\"column\" data-settings=\"{&quot;background_background&quot;:&quot;classic&quot;}\">\n\t\t\t<div class=\"elementor-widget-wrap elementor-element-populated\">\n\t\t\t\t\t\t<div class=\"elementor-element elementor-element-e03d013 elementor-widget elementor-widget-text-editor\" data-id=\"e03d013\" data-element_type=\"widget\" data-widget_type=\"text-editor.default\">\n\t\t\t\t<div class=\"elementor-widget-container\">\n\t\t\t\t\t\t\t\t\t<h2>K\u0130\u015e\u0130SEL VER\u0130LER\u0130N \u0130\u015eLENMES\u0130NE Y\u00d6NEL\u0130K AYDINLATMA METN\u0130<\/h2><p><strong>Veri Sorumlusu:<\/strong> Xsights Ara\u015ft\u0131rma ve Dan\u0131\u015fmanl\u0131k A.\u015e. Giz 2000 Plaza Maslak Mahallesi, Eski B\u00fcy\u00fckdere Caddesi No:7 \u0130\u00e7 Kap\u0131 No:7 Sar\u0131yer\/\u0130stanbul<\/p><p><strong>Mersis No:<\/strong> 0859062553500020<\/p><p><strong>Kep Adresi:<\/strong> xsightsarastirma@hs01.kep.tr<\/p><p><strong>E-Posta Adresi:<\/strong> info@xsights.co.uk<\/p><p>Pazar ara\u015ft\u0131rmas\u0131 \u015firketi olarak Xsights Ara\u015ft\u0131rma ve Dan\u0131\u015fmanl\u0131k A.\u015e. (Xsights veya \u201c\u015eirket\u201d), olarak y\u00fcr\u00fctt\u00fc\u011f\u00fcm\u00fcz pazar ara\u015ft\u0131rmalar\u0131 dahil t\u00fcm faaliyetlerimizde \u015eirketimiz ile ili\u015fkili t\u00fcm \u015fah\u0131slar\u0131n gizlili\u011fine ve ki\u015fisel verilerin korunmas\u0131na \u00f6nem vermekte ve ki\u015fisel verilerinizin g\u00fcvenli\u011fi konusunda hassasiyet g\u00f6stermekteyiz.<\/p><p>Bu kapsamda, i\u015fbu Ki\u015fisel Verilerin \u0130\u015flenmesine Y\u00f6nelik Ayd\u0131nlatma Metni (\u201cAyd\u0131nlatma Metni\u201d) ile Xsights olarak, 6698 say\u0131l\u0131 Ki\u015fisel Verilerin Korunmas\u0131 Kanunu (\u201cKVKK\u201d) uyar\u0131nca, Veri Sorumlusu s\u0131fat\u0131yla, sizleri KVKK kapsam\u0131ndaki ayd\u0131nlatma y\u00fck\u00fcml\u00fcl\u00fc\u011f\u00fcm\u00fcz \u00e7er\u00e7evesinde bilgilendirmek istiyoruz. \u0130\u015fbu Ayd\u0131nlatma Metni ile ilgili sorular\u0131n\u0131z bulunmas\u0131 durumunda, bizimle i\u015fbu Ayd\u0131nlatma Metni\u2019nde belirtilen ileti\u015fim adresleri \u00fczerinden her zaman ileti\u015fime ge\u00e7ebilirsiniz.<\/p><p>KVKK kapsam\u0131nda ki\u015fisel veri, kimli\u011fi belirli veya belirlenebilir ger\u00e7ek ki\u015fiye ili\u015fkin her t\u00fcrl\u00fc bilgiyi (\u201cKi\u015fisel Veri\u201d) ve bunun bir \u00f6zel t\u00fcr\u00fc olan \u00d6zel Nitelikli Ki\u015fisel Veri ise \u0131rk, etnik k\u00f6ken, siyasi d\u00fc\u015f\u00fcnce, felsefi inan\u00e7, din, mezhep veya di\u011fer inan\u00e7lar, k\u0131l\u0131k ve k\u0131yafet, dernek, vak\u0131f ya da sendika \u00fcyeli\u011fi, sa\u011fl\u0131k, cinsel hayat, ceza mahk\u00fbmiyeti ve g\u00fcvenlik tedbirleriyle ilgili veriler ile biyometrik ve genetik verileri (\u201c\u00d6zel Nitelikli Ki\u015fisel Veri\u201d) ifade eder. Bu kapsamda i\u015fbu Ayd\u0131nlatma Metni kapsam\u0131nda Ki\u015fisel Veri i\u00e7in yap\u0131lan a\u00e7\u0131klamalar \u00d6zel Nitelikli Ki\u015fisel Verilerinizi de kapsamaktad\u0131r.<\/p>\t\t\t\t\t\t\t\t<\/div>\n\t\t\t\t<\/div>\n\t\t\t\t<div class=\"elementor-element elementor-element-3ae94ce elementor-widget-divider--view-line elementor-widget elementor-widget-divider\" data-id=\"3ae94ce\" data-element_type=\"widget\" data-widget_type=\"divider.default\">\n\t\t\t\t<div class=\"elementor-widget-container\">\n\t\t\t\t\t\t\t<div class=\"elementor-divider\">\n\t\t\t<span class=\"elementor-divider-separator\">\n\t\t\t\t\t\t<\/span>\n\t\t<\/div>\n\t\t\t\t\t\t<\/div>\n\t\t\t\t<\/div>\n\t\t\t\t<div class=\"elementor-element elementor-element-f94636a elementor-widget elementor-widget-heading\" data-id=\"f94636a\" data-element_type=\"widget\" data-widget_type=\"heading.default\">\n\t\t\t\t<div class=\"elementor-widget-container\">\n\t\t\t\t\t<h2 class=\"elementor-heading-title elementor-size-default\">1. VER\u0130 TOPLAMA Y\u00d6NTEM\u0130 VE HUKUK\u0130 SEBEB\u0130<\/h2>\t\t\t\t<\/div>\n\t\t\t\t<\/div>\n\t\t\t\t<div class=\"elementor-element elementor-element-38f3acf elementor-widget elementor-widget-text-editor\" data-id=\"38f3acf\" data-element_type=\"widget\" data-widget_type=\"text-editor.default\">\n\t\t\t\t<div class=\"elementor-widget-container\">\n\t\t\t\t\t\t\t\t\t<p>Ki\u015fisel Verilerin Toplanmas\u0131, \u0130\u015flenmesi ve \u0130\u015fleme Ama\u00e7lar\u0131<\/p><p>Ki\u015fisel verileriniz, \u015eirketimiz taraf\u0131ndan sa\u011flanan hizmet ve \u015eirketimizin ticari faaliyetlerine ba\u011fl\u0131 olarak de\u011fi\u015fkenlik g\u00f6sterebilmekle birlikte; otomatik ya da otomatik olmayan y\u00f6ntemlerle, \u015eirketimiz birimleri ve ofisler, internet sitesi, sosyal medya mecralar\u0131, mobil uygulamalar ve benzeri vas\u0131talarla s\u00f6zl\u00fc, yaz\u0131l\u0131 ya da elektronik olarak toplanabilecektir. \u015eirketimizin sundu\u011fu \u00fcr\u00fcn ve hizmetlerden yararland\u0131\u011f\u0131n\u0131z m\u00fcddet\u00e7e, \u00e7a\u011fr\u0131 merkezlerimizi veya internet sayfam\u0131z\u0131 kulland\u0131\u011f\u0131n\u0131zda, ofisimizi veya internet sitemizi ziyaret etti\u011finizde, \u015eirketimizin d\u00fczenledi\u011fi e\u011fitim, seminer, ara\u015ft\u0131rma veya organizasyonlara kat\u0131ld\u0131\u011f\u0131n\u0131zda Ki\u015fisel Verileriniz i\u015flenebilecektir.\u00a0\u00a0<\/p><p>Ayr\u0131ca, Ki\u015fisel Verileriniz, a\u015fa\u011f\u0131da yer verilen ama\u00e7lar do\u011frultusunda \u015eirketimizin sundu\u011fu hizmetlerin belirlenen yasal \u00e7er\u00e7evede sunulabilmesi ve bu kapsamda s\u00f6zle\u015fme ile yasadan do\u011fan mesuliyetlerini eksiksiz ve do\u011fru bir \u015fekilde yerine getirebilmesi i\u00e7in i\u015flenebilecektir.<\/p><p>Xsights Ara\u015ft\u0131rma ve Dan\u0131\u015fmanl\u0131k&#8217;\u0131n Ki\u015fisel Veri i\u015fleme amac\u0131 ve dayana\u011f\u0131 kay\u0131tl\u0131 bulunduklar\u0131 sicillerde belirtilmi\u015f olan ama\u00e7lar\u0131n b\u00fct\u00fcn\u00fcd\u00fcr. Bu kapsamda \u015eirketimizin amac\u0131 ile ili\u015fkili olarak a\u015fa\u011f\u0131dakilerle s\u0131n\u0131rl\u0131 olmamak \u00fczere, Ki\u015fisel Verileri toplanabilmekte ve i\u015flenebilmektedir:\u00a0<\/p><ul><li>Pazar ara\u015ft\u0131rmas\u0131 ve sosyal ara\u015ft\u0131rma ger\u00e7ekle\u015ftirmek; bu kapsamda, sizin anket ara\u015ft\u0131rmas\u0131na kat\u0131lman\u0131za davet edilmeniz; sizinle anket ara\u015ft\u0131rma g\u00f6r\u00fc\u015fmesi yap\u0131lmas\u0131; yapt\u0131\u011f\u0131m\u0131z son ara\u015ft\u0131rmada verdi\u011finiz cevaplar\u0131 do\u011frulamas\u0131;<\/li><li>Ki\u015fisel Veri kay\u0131tlar\u0131m\u0131z\u0131n do\u011frulama ve g\u00fcncellenmesi;<\/li><li>\u0130stedi\u011finiz hizmetleri sa\u011flamamas\u0131 da dahil olmak \u00fczere, bize g\u00f6nderdi\u011finiz sorulara ve taleplerinize yan\u0131t verilmesi;\u00a0<\/li><li>\u00c7\u0131kan anket sonu\u00e7lar\u0131 ile m\u00fc\u015fterilerimizin \u00e7e\u015fitli \u00fcr\u00fcn ve hizmetlerle ilgili t\u00fcketicilerin fark\u0131ndal\u0131klar\u0131n\u0131, kullan\u0131mlar\u0131n\u0131 veya memnuniyetini anlamas\u0131n\u0131 sa\u011flamak; tutum ve kamuoyunu \u00f6l\u00e7mek i\u00e7in anketler ve odak gruplar\u0131 olu\u015fturmak, yeni \u00fcr\u00fcnleri tasarlamak veya test etmek ya da ileti\u015fim etkinli\u011fini test etmek;<\/li><li>\u015eirketimiz taraf\u0131ndan sunulan hizmetlere ili\u015fkin gerekli \u00e7al\u0131\u015fmalar\u0131n i\u015f birimlerimiz taraf\u0131ndan yap\u0131lmas\u0131;<\/li><li>KVK Kanunu\u2019nun 5. ve 6. maddelerinde belirtilen ki\u015fisel veri i\u015fleme \u015fartlar\u0131 ve ama\u00e7lar\u0131 d\u00e2hilinde i\u015flenebilecektir.<\/li><\/ul><p>Xsights Ara\u015ft\u0131rma ve Dan\u0131\u015fmanl\u0131k, Ki\u015fisel Verilerin i\u015flenmesi bak\u0131m\u0131ndan i\u015fbu ama\u00e7 ve dayana\u011f\u0131n d\u0131\u015f\u0131na \u00e7\u0131kmayacakt\u0131r.<\/p>\t\t\t\t\t\t\t\t<\/div>\n\t\t\t\t<\/div>\n\t\t\t\t<div class=\"elementor-element elementor-element-9a5c7ff elementor-widget-divider--view-line elementor-widget elementor-widget-divider\" data-id=\"9a5c7ff\" data-element_type=\"widget\" data-widget_type=\"divider.default\">\n\t\t\t\t<div class=\"elementor-widget-container\">\n\t\t\t\t\t\t\t<div class=\"elementor-divider\">\n\t\t\t<span class=\"elementor-divider-separator\">\n\t\t\t\t\t\t<\/span>\n\t\t<\/div>\n\t\t\t\t\t\t<\/div>\n\t\t\t\t<\/div>\n\t\t\t\t<div class=\"elementor-element elementor-element-e208d77 elementor-widget elementor-widget-heading\" data-id=\"e208d77\" data-element_type=\"widget\" data-widget_type=\"heading.default\">\n\t\t\t\t<div class=\"elementor-widget-container\">\n\t\t\t\t\t<h2 class=\"elementor-heading-title elementor-size-default\">2. \u0130\u015eLENEN K\u0130\u015e\u0130SEL VER\u0130LER\u0130N K\u0130MLERE VE HANG\u0130 AMA\u00c7LA AKTARILAB\u0130LECE\u011e\u0130<\/h2>\t\t\t\t<\/div>\n\t\t\t\t<\/div>\n\t\t\t\t<div class=\"elementor-element elementor-element-46b5dcb elementor-widget elementor-widget-text-editor\" data-id=\"46b5dcb\" data-element_type=\"widget\" data-widget_type=\"text-editor.default\">\n\t\t\t\t<div class=\"elementor-widget-container\">\n\t\t\t\t\t\t\t\t\t<p>Xsights Ara\u015ft\u0131rma ve Dana\u0131\u015fmanl\u0131k&#8217;ta toplanan Ki\u015fisel Verilerinizi \u00fc\u00e7\u00fcnc\u00fc \u015fah\u0131slara a\u015fa\u011f\u0131daki \u015fekillerde aktarabilmektedir;<\/p><ul><li>Xsights Ara\u015ft\u0131rma ve Dan\u0131\u015fmanl\u0131k ve ba\u011fl\u0131 \u015firketleri ile payla\u015f\u0131lmas\u0131;<\/li><li>\u015eirketimiz ve \u015eirketimizle i\u015f ili\u015fkisi i\u00e7erisinde olan t\u00fczel ve ger\u00e7ek ki\u015filer taraf\u0131ndan sunulan \u00fcr\u00fcn ve hizmetlerden sizleri faydaland\u0131rmak i\u00e7in gerekli \u00e7al\u0131\u015fmalar\u0131n i\u015f birimlerimiz taraf\u0131ndan yap\u0131lmas\u0131,<\/li><li>Xsights Ara\u015ft\u0131rma ve Dana\u0131\u015fmanl\u0131k i\u00e7in veya sundu\u011fu hizmetler ile ba\u011flant\u0131l\u0131 olarak tedarik\u00e7ileri ve dan\u0131\u015fmanlar\u0131 ile payla\u015f\u0131lmas\u0131 ve belirtilenler taraf\u0131ndan i\u015flenmesine. \u00d6rne\u011fin, anket sitelerini bar\u0131nd\u0131racak, veri toplamak veya i\u015fleme hizmetleri;<\/li><li>Y\u00fcr\u00fcrl\u00fckteki kanunlar uyar\u0131nca veya bir mahkeme celbine ya da bir resmi kurumun emrine cevaben;<\/li><li>Xsights Ara\u015ft\u0131rma ve Dana\u0131\u015fmanl\u0131k&#8217;\u0131n sizden ayr\u0131ca al\u0131nacak onay ile m\u00fc\u015fterileri ile payla\u015fmas\u0131 i\u00e7in,<\/li><li>S\u0131n\u0131rl\u0131 kalmamak kayd\u0131yla veri ekleme hizmetleri, veri do\u011frulama hizmetleri, veri taban\u0131 e\u015fleme hizmetleri, kodlama hizmetleri, veri segmentasyonu hizmetleri ve \u00f6d\u00fcl, te\u015fvik ve \u00e7ekili\u015fle ilgili hizmetler dahil olmak \u00fczere Xsights Ara\u015ft\u0131rma ve Dana\u0131\u015fmanl\u0131k&#8217;\u0131n hizmet sa\u011flayan yetkili temsilcileri ve\/veya tedarik\u00e7ileri ile payla\u015f\u0131lmas\u0131;<\/li><li>\u015eirketimizin ticari ve i\u015f stratejilerinin belirlenmesi ve uygulanmas\u0131;<\/li><li>S\u0131n\u0131rl\u0131 kalmamak kayd\u0131yla ilgili ki\u015fiyi tan\u0131mlay\u0131c\u0131 bilgileri alan veya elde eden taraf\u0131n, ki\u015fisel tan\u0131mlay\u0131c\u0131 bilgileri i\u015fbu Ayd\u0131nlatma Metnine uygun olarak kullanmay\u0131 ve i\u015fbu Ayd\u0131nlatma Metnine uygun olarak g\u00fcvenli\u011fini, b\u00fct\u00fcnl\u00fc\u011f\u00fcn\u00fc ve gizlili\u011fini korumay\u0131 ve s\u00fcrd\u00fcrmeyi kabul etmesi \u015fart\u0131yla, s\u0131n\u0131rl\u0131 kalmamak kayd\u0131yla Xsights Ara\u015ft\u0131rma ve Dana\u0131\u015fmanl\u0131k&#8217;\u0131n ticari varl\u0131klar\u0131ndan herhangi birinin veya tamam\u0131n\u0131n birle\u015fmesi veya sat\u0131n al\u0131nmas\u0131 dahil olmak \u00fczere bir m\u00fclkiyet veya kontrol de\u011fi\u015fikli\u011fiyle ba\u011flant\u0131l\u0131 olarak;<\/li><li>KVK Kanunu\u2019nun 8. ve 9. maddelerinde belirtilen ki\u015fisel veri i\u015fleme \u015fartlar\u0131 ve ama\u00e7lar\u0131 \u00e7er\u00e7evesinde.<\/li><\/ul><p>Xsights Ara\u015ft\u0131rma ve Dan\u0131\u015fmanl\u0131k, i\u015fledi\u011fi Ki\u015fisel Verileri ilgili mevzuat ve Kurul kararlar\u0131nda \u00f6ng\u00f6r\u00fclen y\u00f6ntemler d\u00e2hilinde do\u011fru ve g\u00fcncel olarak muhafaza etmektedir. Xsights Ara\u015ft\u0131rma ve Dan\u0131\u015fmanl\u0131k, i\u015flenmesini gerektiren sebeplerin ortadan kalkmas\u0131 h\u00e2linde Ki\u015fisel Verileri resen veya Veri Sahibin talebi \u00fczerine silecek veya yok edecektir.<\/p>\t\t\t\t\t\t\t\t<\/div>\n\t\t\t\t<\/div>\n\t\t\t\t<div class=\"elementor-element elementor-element-237bf32 elementor-widget-divider--view-line elementor-widget elementor-widget-divider\" data-id=\"237bf32\" data-element_type=\"widget\" data-widget_type=\"divider.default\">\n\t\t\t\t<div class=\"elementor-widget-container\">\n\t\t\t\t\t\t\t<div class=\"elementor-divider\">\n\t\t\t<span class=\"elementor-divider-separator\">\n\t\t\t\t\t\t<\/span>\n\t\t<\/div>\n\t\t\t\t\t\t<\/div>\n\t\t\t\t<\/div>\n\t\t\t\t<div class=\"elementor-element elementor-element-7a320a6 elementor-widget elementor-widget-heading\" data-id=\"7a320a6\" data-element_type=\"widget\" data-widget_type=\"heading.default\">\n\t\t\t\t<div class=\"elementor-widget-container\">\n\t\t\t\t\t<h2 class=\"elementor-heading-title elementor-size-default\">3. K\u0130\u015e\u0130SEL VER\u0130 SAH\u0130B\u0130N\u0130N KVK KANUNU\u2019NUN 11. MADDES\u0130NDE SAYILAN HAKLARI <\/h2>\t\t\t\t<\/div>\n\t\t\t\t<\/div>\n\t\t\t\t<div class=\"elementor-element elementor-element-bc1efbb elementor-widget elementor-widget-text-editor\" data-id=\"bc1efbb\" data-element_type=\"widget\" data-widget_type=\"text-editor.default\">\n\t\t\t\t<div class=\"elementor-widget-container\">\n\t\t\t\t\t\t\t\t\t<p>Ki\u015fisel veri sahipleri olarak, haklar\u0131n\u0131za ili\u015fkin taleplerinizi, i\u015fbu Ayd\u0131nlatma Metninde a\u015fa\u011f\u0131da d\u00fczenlenen y\u00f6ntemlerle \u015eirketimize iletmeniz durumunda \u015eirketimiz talebiniz niteli\u011fine g\u00f6re en ge\u00e7 otuz g\u00fcn i\u00e7inde \u00fccretsiz olarak sonu\u00e7land\u0131racakt\u0131r.\u00a0 Ba\u015fvuruya cevab\u0131n CD, flash bellek gibi bir kay\u0131t ortam\u0131nda verilmesi halinde Ki\u015fisel Verileri Koruma Kurumu taraf\u0131ndan talep edilebilecek \u00fccret kay\u0131t ortam\u0131n\u0131n maliyetini ge\u00e7meyecektir. Bu kapsam Veri Sahibi olarak;<\/p><ul><li>Ki\u015fisel verilerinizin i\u015flenip i\u015flenmedi\u011fini \u00f6\u011frenme,<\/li><li>Ki\u015fisel verileriniz i\u015flenmi\u015fse buna ili\u015fkin bilgi talep etme,<\/li><li>Ki\u015fisel verilerinizin i\u015flenme amac\u0131n\u0131 ve bunlar\u0131n amac\u0131na uygun kullan\u0131l\u0131p kullan\u0131lmad\u0131\u011f\u0131n\u0131 \u00f6\u011frenme,<\/li><li>Yurt i\u00e7inde veya yurt d\u0131\u015f\u0131nda ki\u015fisel verilerinizin aktar\u0131ld\u0131\u011f\u0131 \u00fc\u00e7\u00fcnc\u00fc ki\u015fileri bilme,<\/li><li>Ki\u015fisel verilerinizin eksik veya yanl\u0131\u015f i\u015flenmi\u015f olmas\u0131 h\u00e2linde bunlar\u0131n d\u00fczeltilmesini isteme ve bu kapsamda yap\u0131lan i\u015flemin ki\u015fisel verilerin aktar\u0131ld\u0131\u011f\u0131 \u00fc\u00e7\u00fcnc\u00fc ki\u015filere bildirilmesini isteme,<\/li><li>KVK Kanunu\u2019nun ve ilgili di\u011fer kanun h\u00fck\u00fcmlerine uygun olarak i\u015flenmi\u015f olmas\u0131na ra\u011fmen, i\u015flenmesini gerektiren sebeplerin ortadan kalkmas\u0131 h\u00e2linde ki\u015fisel verilerinizin silinmesini veya yok edilmesini isteme ve bu kapsamda yap\u0131lan i\u015flemin ki\u015fisel verilerinizin aktar\u0131ld\u0131\u011f\u0131 \u00fc\u00e7\u00fcnc\u00fc ki\u015filere bildirilmesini isteme,<\/li><li>\u0130\u015flenen verilerinizin m\u00fcnhas\u0131ran otomatik sistemler vas\u0131tas\u0131yla analiz edilmesi suretiyle kendiniz aleyhine bir sonucun ortaya \u00e7\u0131kmas\u0131na itiraz etme,<\/li><li>Ki\u015fisel verilerinizin kanuna ayk\u0131r\u0131 olarak i\u015flenmesi sebebiyle zarara u\u011framan\u0131z h\u00e2linde zarar\u0131n giderilmesini talep etme haklar\u0131na sahipsiniz.\u00a0<\/li><\/ul>\t\t\t\t\t\t\t\t<\/div>\n\t\t\t\t<\/div>\n\t\t\t\t<div class=\"elementor-element elementor-element-037ab6f elementor-widget-divider--view-line elementor-widget elementor-widget-divider\" data-id=\"037ab6f\" data-element_type=\"widget\" data-widget_type=\"divider.default\">\n\t\t\t\t<div class=\"elementor-widget-container\">\n\t\t\t\t\t\t\t<div class=\"elementor-divider\">\n\t\t\t<span class=\"elementor-divider-separator\">\n\t\t\t\t\t\t<\/span>\n\t\t<\/div>\n\t\t\t\t\t\t<\/div>\n\t\t\t\t<\/div>\n\t\t\t\t<div class=\"elementor-element elementor-element-20265d7 elementor-widget elementor-widget-heading\" data-id=\"20265d7\" data-element_type=\"widget\" data-widget_type=\"heading.default\">\n\t\t\t\t<div class=\"elementor-widget-container\">\n\t\t\t\t\t<h2 class=\"elementor-heading-title elementor-size-default\">4. VER\u0130 SORUMLUSUNA BA\u015eVURU USUL\u00dc <\/h2>\t\t\t\t<\/div>\n\t\t\t\t<\/div>\n\t\t\t\t<div class=\"elementor-element elementor-element-9a8c734 elementor-widget elementor-widget-text-editor\" data-id=\"9a8c734\" data-element_type=\"widget\" data-widget_type=\"text-editor.default\">\n\t\t\t\t<div class=\"elementor-widget-container\">\n\t\t\t\t\t\t\t\t\t<p>KVK Kanunu\u2019nun 13. maddesinin 1. f\u0131kras\u0131 ve Veri Sorumlusuna Ba\u015fvuru Usul ve Esaslar\u0131 Hakk\u0131nda Tebli\u011f uyar\u0131nca, yukar\u0131da belirtilen haklar\u0131n\u0131z\u0131 kullanmak i\u00e7in www.xsights.co.uk adresindeki bulunan Ki\u015fisel Verilerin Korunmas\u0131 Kanunu linkinin alt\u0131nda bulunan Ki\u015fisel Veri Sahibi Ba\u015fvuru Formu\u2019nu doldurarak bizzat elden veya noter kanal\u0131yla, iadeli taahh\u00fctl\u00fc posta yoluyla ilgili \u015eirket ad\u0131na, Giz 2000 Plaza Maslak Mahallesi, Eski B\u00fcy\u00fckdere Caddesi No:7 \u0130\u00e7 Kap\u0131 No:7 Sar\u0131yer\/\u0130stanbul adresine g\u00f6nderebilir veya ilgili formu taratarak info@xsights.co.uk adresine g\u00fcvenli elektronik imza, mobil imza ya da taraf\u0131n\u0131zca Xsights Ara\u015ft\u0131rma ve Dana\u0131\u015fmanl\u0131k\u2019a daha \u00f6nce bildirilen ve sistemlerimizde kay\u0131tl\u0131 olan elektronik posta adresinizi kullanmak suretiyle iletebilirsiniz. \u015eirketimiz ba\u015fvuruda yer alan taleplerinizi, talebin niteli\u011fine g\u00f6re en k\u0131sa s\u00fcrede ve en ge\u00e7 otuz g\u00fcn i\u00e7inde \u00fccretsiz olarak sonu\u00e7land\u0131r\u0131r. Ancak s\u00f6z konusu i\u015flemin ayr\u0131ca bir maliyeti gerektirmesi h\u00e2linde, kurulca belirlenen tarifedeki \u00fccret al\u0131nabilir.<\/p><p>\u015eirketimiz, talebi kabul edebilece\u011fi gibi gerek\u00e7esini a\u00e7\u0131klayarak reddedebilir; cevab\u0131n\u0131 ilgili ki\u015fiye yaz\u0131l\u0131 olarak veya elektronik ortamda bildirir. Ba\u015fvuruda yer alan talebin kabul edilmesi h\u00e2linde \u015eirketimiz gere\u011fini yerine getirir.<\/p><p>Ba\u015fvurunun reddedilmesi, verilen cevab\u0131n yetersiz bulunmas\u0131 veya s\u00fcresinde ba\u015fvuruya cevap verilmemesi h\u00e2llerinde; veri sahibi, cevab\u0131 \u00f6\u011frendi\u011fi tarihten itibaren otuz ve her h\u00e2lde ba\u015fvuru tarihinden itibaren altm\u0131\u015f g\u00fcn i\u00e7inde Kurula \u015fik\u00e2yette bulunma hakk\u0131na sahiptir.<\/p>\t\t\t\t\t\t\t\t<\/div>\n\t\t\t\t<\/div>\n\t\t\t\t<div class=\"elementor-element elementor-element-b7bdca0 elementor-widget-divider--view-line elementor-widget elementor-widget-divider\" data-id=\"b7bdca0\" data-element_type=\"widget\" data-widget_type=\"divider.default\">\n\t\t\t\t<div class=\"elementor-widget-container\">\n\t\t\t\t\t\t\t<div class=\"elementor-divider\">\n\t\t\t<span class=\"elementor-divider-separator\">\n\t\t\t\t\t\t<\/span>\n\t\t<\/div>\n\t\t\t\t\t\t<\/div>\n\t\t\t\t<\/div>\n\t\t\t\t<div class=\"elementor-element elementor-element-65af1da elementor-widget elementor-widget-heading\" data-id=\"65af1da\" data-element_type=\"widget\" data-widget_type=\"heading.default\">\n\t\t\t\t<div class=\"elementor-widget-container\">\n\t\t\t\t\t<h2 class=\"elementor-heading-title elementor-size-default\">5. KAPSAM<\/h2>\t\t\t\t<\/div>\n\t\t\t\t<\/div>\n\t\t\t\t<div class=\"elementor-element elementor-element-b7b6933 elementor-widget elementor-widget-text-editor\" data-id=\"b7b6933\" data-element_type=\"widget\" data-widget_type=\"text-editor.default\">\n\t\t\t\t<div class=\"elementor-widget-container\">\n\t\t\t\t\t\t\t\t\t<p>\u0130\u015fbu Ayd\u0131nlatma Metni, Xsights Ara\u015ft\u0131rma ve Dan\u0131\u015fmanl\u0131k taraf\u0131ndan internet sitesinde yay\u0131nlanm\u0131\u015f olan Ki\u015fisel Verilerin Korunmas\u0131 Politikas\u0131n\u0131n h\u00fck\u00fcm ve ko\u015fullar\u0131n\u0131 kapsamaktad\u0131r.<\/p>\t\t\t\t\t\t\t\t<\/div>\n\t\t\t\t<\/div>\n\t\t\t\t<div class=\"elementor-element elementor-element-18d3622 elementor-widget-divider--view-line elementor-widget elementor-widget-divider\" data-id=\"18d3622\" data-element_type=\"widget\" data-widget_type=\"divider.default\">\n\t\t\t\t<div class=\"elementor-widget-container\">\n\t\t\t\t\t\t\t<div class=\"elementor-divider\">\n\t\t\t<span class=\"elementor-divider-separator\">\n\t\t\t\t\t\t<\/span>\n\t\t<\/div>\n\t\t\t\t\t\t<\/div>\n\t\t\t\t<\/div>\n\t\t\t\t<div class=\"elementor-element elementor-element-73351b0 elementor-widget elementor-widget-heading\" data-id=\"73351b0\" data-element_type=\"widget\" data-widget_type=\"heading.default\">\n\t\t\t\t<div class=\"elementor-widget-container\">\n\t\t\t\t\t<h2 class=\"elementor-heading-title elementor-size-default\">6. SORULAR VE \u015e\u0130KAYETLER<\/h2>\t\t\t\t<\/div>\n\t\t\t\t<\/div>\n\t\t\t\t<div class=\"elementor-element elementor-element-a7d9437 elementor-widget elementor-widget-text-editor\" data-id=\"a7d9437\" data-element_type=\"widget\" data-widget_type=\"text-editor.default\">\n\t\t\t\t<div class=\"elementor-widget-container\">\n\t\t\t\t\t\t\t\t\t<p>\u0130\u015fbu Ayd\u0131nlatma Metnine, uygulamas\u0131 ile ilgili sorular\u0131n\u0131z veya endi\u015feleriniz bulunmas\u0131 durumunda info@xsights.co.uk e-mail adresi \u00fczerinden ileti\u015fime ge\u00e7ebilirsiniz.<\/p>\t\t\t\t\t\t\t\t<\/div>\n\t\t\t\t<\/div>\n\t\t\t\t\t<\/div>\n\t\t<\/div>\n\t\t\t\t\t<\/div>\n\t\t<\/section>\n\t\t\t\t<\/div>\n\t\t","protected":false},"excerpt":{"rendered":"<p>K\u0130\u015e\u0130SEL VER\u0130LER\u0130N \u0130\u015eLENMES\u0130NE Y\u00d6NEL\u0130K AYDINLATMA METN\u0130 Veri Sorumlusu: Xsights Ara\u015ft\u0131rma ve Dan\u0131\u015fmanl\u0131k A.\u015e. Giz 2000 Plaza Maslak Mahallesi, Eski B\u00fcy\u00fckdere Caddesi No:7 \u0130\u00e7 Kap\u0131 No:7 Sar\u0131yer\/\u0130stanbul Mersis No: 0859062553500020 Kep Adresi: xsightsarastirma@hs01.kep.tr E-Posta Adresi: info@xsights.co.uk Pazar ara\u015ft\u0131rmas\u0131 \u015firketi olarak Xsights Ara\u015ft\u0131rma ve Dan\u0131\u015fmanl\u0131k A.\u015e. (Xsights veya \u201c\u015eirket\u201d), olarak y\u00fcr\u00fctt\u00fc\u011f\u00fcm\u00fcz pazar ara\u015ft\u0131rmalar\u0131 dahil t\u00fcm faaliyetlerimizde \u015eirketimiz [&hellip;]<\/p>\n","protected":false},"author":1,"featured_media":2009,"parent":1845,"menu_order":8,"comment_status":"closed","ping_status":"closed","template":"","meta":{"_acf_changed":false,"footnotes":""},"sayfa-kategorisi":[],"class_list":["post-2008","page","type-page","status-publish","has-post-thumbnail","hentry"],"acf":[],"_links":{"self":[{"href":"https:\/\/www.xsights.co.uk\/tr\/wp-json\/wp\/v2\/pages\/2008","targetHints":{"allow":["GET"]}}],"collection":[{"href":"https:\/\/www.xsights.co.uk\/tr\/wp-json\/wp\/v2\/pages"}],"about":[{"href":"https:\/\/www.xsights.co.uk\/tr\/wp-json\/wp\/v2\/types\/page"}],"author":[{"embeddable":true,"href":"https:\/\/www.xsights.co.uk\/tr\/wp-json\/wp\/v2\/users\/1"}],"replies":[{"embeddable":true,"href":"https:\/\/www.xsights.co.uk\/tr\/wp-json\/wp\/v2\/comments?post=2008"}],"version-history":[{"count":0,"href":"https:\/\/www.xsights.co.uk\/tr\/wp-json\/wp\/v2\/pages\/2008\/revisions"}],"up":[{"embeddable":true,"href":"https:\/\/www.xsights.co.uk\/tr\/wp-json\/wp\/v2\/pages\/1845"}],"wp:featuredmedia":[{"embeddable":true,"href":"https:\/\/www.xsights.co.uk\/tr\/wp-json\/wp\/v2\/media\/2009"}],"wp:attachment":[{"href":"https:\/\/www.xsights.co.uk\/tr\/wp-json\/wp\/v2\/media?parent=2008"}],"wp:term":[{"taxonomy":"sayfa-kategorisi","embeddable":true,"href":"https:\/\/www.xsights.co.uk\/tr\/wp-json\/wp\/v2\/sayfa-kategorisi?post=2008"}],"curies":[{"name":"wp","href":"https:\/\/api.w.org\/{rel}","templated":true}]}}