{"id":2652,"date":"2023-01-29T19:28:19","date_gmt":"2023-01-29T16:28:19","guid":{"rendered":"https:\/\/www.resulozyurt.com\/xsights-model3\/?page_id=2652"},"modified":"2023-03-17T22:20:45","modified_gmt":"2023-03-17T19:20:45","slug":"xsights-arastirma","status":"publish","type":"page","link":"https:\/\/www.xsights.co.uk\/tr\/projelerimiz\/xsights-arastirma\/","title":{"rendered":"XSIGHTS Ara\u015ft\u0131rma"},"content":{"rendered":"\t\t<div data-elementor-type=\"wp-page\" data-elementor-id=\"2652\" class=\"elementor elementor-2652\" data-elementor-post-type=\"page\">\n\t\t\t\t\t\t<section class=\"elementor-section elementor-top-section elementor-element elementor-element-2ce1189 elementor-section-boxed elementor-section-height-default elementor-section-height-default\" data-id=\"2ce1189\" data-element_type=\"section\">\n\t\t\t\t\t\t<div class=\"elementor-container elementor-column-gap-default\">\n\t\t\t\t\t<div class=\"elementor-column elementor-col-100 elementor-top-column elementor-element elementor-element-d7ea2d9\" data-id=\"d7ea2d9\" data-element_type=\"column\">\n\t\t\t<div class=\"elementor-widget-wrap elementor-element-populated\">\n\t\t\t\t\t\t<div class=\"elementor-element elementor-element-f5a9ff7 elementor-widget elementor-widget-spacer\" data-id=\"f5a9ff7\" data-element_type=\"widget\" data-widget_type=\"spacer.default\">\n\t\t\t\t<div class=\"elementor-widget-container\">\n\t\t\t\t\t\t\t<div class=\"elementor-spacer\">\n\t\t\t<div class=\"elementor-spacer-inner\"><\/div>\n\t\t<\/div>\n\t\t\t\t\t\t<\/div>\n\t\t\t\t<\/div>\n\t\t\t\t<div class=\"elementor-element elementor-element-6db3b6c elementor-widget__width-auto elementor-widget elementor-widget-ucaddon_ue_select_post_filter\" data-id=\"6db3b6c\" data-element_type=\"widget\" data-widget_type=\"ucaddon_ue_select_post_filter.default\">\n\t\t\t\t<div class=\"elementor-widget-container\">\n\t\t\t\t\t\n<!-- start Select Dropdown Filter -->\n\t\t<link id='font-awesome-css' href='https:\/\/www.xsights.co.uk\/wp-content\/plugins\/unlimited-elements-for-elementor-premium\/assets_libraries\/font-awesome6\/fontawesome-all.min.css' type='text\/css' rel='stylesheet' >\n\t\t<link id='font-awesome-4-shim-css' href='https:\/\/www.xsights.co.uk\/wp-content\/plugins\/unlimited-elements-for-elementor-premium\/assets_libraries\/font-awesome6\/fontawesome-v4-shims.min.css' type='text\/css' rel='stylesheet' >\n\n<style>\/* widget: Select Dropdown Filter *\/\n\n#uc_ue_select_post_filter_elementor_6db3b6c.uc-filter-hidden,\n#uc_ue_select_post_filter_elementor_6db3b6c.uc-filter-initing.uc-initing-filter-hidden{\n  display:none !important;\n}\n\n#uc_ue_select_post_filter_elementor_6db3b6c .uc-filter-item-hidden{\n\tdisplay:none;\n}\n\n#uc_ue_select_post_filter_elementor_6db3b6c .uc-select-filter__loader{\n\tposition:absolute;\n  \ttop:0px;\n    width:100%;\n    height:100%;\n  \tbackground-color:lightgray;\n}\n\n#uc_ue_select_post_filter_elementor_6db3b6c.uc-filter-initing .uc-select-filter__loader{\n\t\n  display:block !important;\n}\n\n#uc_ue_select_post_filter_elementor_6db3b6c.uc-filter-initing{\n  opacity:1 !important;\n}\n\n#uc_ue_select_post_filter_elementor_6db3b6c label\n{\n  flex-shrink:1;\n  display:block;\n}\n\n#uc_ue_select_post_filter_elementor_6db3b6c \n{\n  align-items:center;\n}\n\n<\/style>\n\n\n<div id=\"uc_ue_select_post_filter_elementor_6db3b6c\" class=\"uc-select-filter  uc-grid-filter\" data-filtertype=\"select\"  style=\"\" >\n\n  \n<select class=\"uc-select-filter__select select-uc_ue_select_post_filter_elementor_6db3b6c\">\n    \n    \n<\/select>\n\n    \n    \n \n<div class=\"uc-select-filter__loader\" style=\"display:none\"><\/div>\n\n<\/div>\n<!-- end Select Dropdown Filter -->\t\t\t\t<\/div>\n\t\t\t\t<\/div>\n\t\t\t\t<div class=\"elementor-element elementor-element-d4efc20 elementor-widget__width-auto elementor-widget elementor-widget-ucaddon_posts_search_filter\" data-id=\"d4efc20\" data-element_type=\"widget\" data-widget_type=\"ucaddon_posts_search_filter.default\">\n\t\t\t\t<div class=\"elementor-widget-container\">\n\t\t\t\t\t\n<!-- start Search Filter -->\n\n<style>\/* widget: Search Filter *\/\n\n#uc_posts_search_filter_elementor_d4efc20-wrapper\n{\n  display:flex;\n}\n\n#uc_posts_search_filter_elementor_d4efc20\n{\n  width:100%;\n}\n#uc_posts_search_filter_elementor_d4efc20 .uc-search-filter__input\n{\n  width:100%;\n  flex-grow:1;\n}\n\n#uc_posts_search_filter_elementor_d4efc20 .uc-search-filter-btn\n{\n  display:flex;\n  align-items:center;\n  flex-grow:0;\n  flex-shrink:0;\n}\n\n#uc_posts_search_filter_elementor_d4efc20 .uc-search-filter-input-wrapper\n{\n  display:flex;\n  align-items:center;\n}\n\n\n#uc_posts_search_filter_elementor_d4efc20 .uc-search-filter-btn .ue-btn-icon\n{\n  line-height:1em;\n}\n\n\n\n#uc_posts_search_filter_elementor_d4efc20 .uc-search-filter-btn .ue-btn-icon svg\n{\n  height:1em;\n  width:1em;\n}\n\n#uc_posts_search_filter_elementor_d4efc20 ::-webkit-input-placeholder { \/* Edge *\/\n  color: #004E9F;\n}\n\n#uc_posts_search_filter_elementor_d4efc20 :-ms-input-placeholder { \/* Internet Explorer 10-11 *\/\n  color: #004E9F;\n}\n\n#uc_posts_search_filter_elementor_d4efc20 ::placeholder {\n  color: #004E9F;\n}\n\n<\/style>\n\n<div class=\"uc-search-filter-wrapper\" id=\"uc_posts_search_filter_elementor_d4efc20-wrapper\" >\n<div id=\"uc_posts_search_filter_elementor_d4efc20\" class=\"uc-search-filter uc-grid-filter\" data-filtertype=\"search\"> \n  \n \t  \n  \t<div class=\"uc-search-filter-input-wrapper\">\n  \n    <input type=\"text\" class=\"uc-search-filter__input\" placeholder=\"Kelime Giriniz...\">\n  \t      \n    \t\n      \n    <\/div>\n  \n<\/div>\n<\/div>\n<!-- end Search Filter -->\t\t\t\t<\/div>\n\t\t\t\t<\/div>\n\t\t\t\t<div class=\"elementor-element elementor-element-b31daeb elementor-widget elementor-widget-spacer\" data-id=\"b31daeb\" data-element_type=\"widget\" data-widget_type=\"spacer.default\">\n\t\t\t\t<div class=\"elementor-widget-container\">\n\t\t\t\t\t\t\t<div class=\"elementor-spacer\">\n\t\t\t<div class=\"elementor-spacer-inner\"><\/div>\n\t\t<\/div>\n\t\t\t\t\t\t<\/div>\n\t\t\t\t<\/div>\n\t\t\t\t<div class=\"elementor-element elementor-element-6f00514 elementor-widget elementor-widget-ucaddon_post_blocks\" data-id=\"6f00514\" data-element_type=\"widget\" data-widget_type=\"ucaddon_post_blocks.default\">\n\t\t\t\t<div class=\"elementor-widget-container\">\n\t\t\t\t\t\n<!-- start Post Blocks -->\n\n<style>\/* widget: Post Blocks *\/\n\n#uc_post_blocks_elementor_6f00514 {\n    display:grid;\n}\n#uc_post_blocks_elementor_6f00514 .ue_post_blocks_box\n{\n  overflow:hidden;\n}\n\n#uc_post_blocks_elementor_6f00514 .ue_post_blocks_image\n{\n  overflow:hidden;\n}\n#uc_post_blocks_elementor_6f00514 .ue_post_blocks_image img\n{\n  object-fit: cover;\n  object-position:center center;\n  width:100%;\n  display:block;\n}\n#uc_post_blocks_elementor_6f00514 .ue_post_blocks_link a\n{\n  display:inline-block;\n  text-decoration:none;\n  text-align:center;\n}\n\n #uc_post_blocks_elementor_6f00514 .ue_post_blocks_box img\n{\n  transition:0.5s;\n}\n #uc_post_blocks_elementor_6f00514 .ue_post_blocks_box:hover img\n{\n  transform:scale(1.1,1.1);\n}\n\n\n\n\n#uc_post_blocks_elementor_6f00514 .ue-grid-item-meta-data\n{\n  display:inlin-flex;\n  flex-wrap: wrap;\n}\n\n.ue-grid-item-meta-data\n{\n  font-size:12px;\n}\n\n#uc_post_blocks_elementor_6f00514 .ue-grid-item-meta-data-icon\n{\n  line-height:1em;\n}\n\n#uc_post_blocks_elementor_6f00514 .ue-grid-item-meta-data-icon svg\n{\n  width:1em;\n  height:1em;\n}\n\n\n.ue-grid-item-category a\n{\n  display:inline-block;\n  font-size:10px;\n  text-transform:uppercase;\n}\n\n<\/style>\n\n<div id=\"uc_post_blocks_elementor_6f00514\" class=\"ue_post_blocks uc-items-wrapper uc-filterable-grid\"  data-ajax='true'  data-filterbehave='ajax'  querydata='{&quot;count_posts&quot;:0,&quot;total_posts&quot;:0,&quot;page&quot;:1,&quot;num_pages&quot;:1}'>\n    \n<\/div>\n<!-- end Post Blocks -->\t\t\t\t<\/div>\n\t\t\t\t<\/div>\n\t\t\t\t<div class=\"elementor-element elementor-element-7f1905a elementor-widget elementor-widget-spacer\" data-id=\"7f1905a\" data-element_type=\"widget\" data-widget_type=\"spacer.default\">\n\t\t\t\t<div class=\"elementor-widget-container\">\n\t\t\t\t\t\t\t<div class=\"elementor-spacer\">\n\t\t\t<div class=\"elementor-spacer-inner\"><\/div>\n\t\t<\/div>\n\t\t\t\t\t\t<\/div>\n\t\t\t\t<\/div>\n\t\t\t\t\t<\/div>\n\t\t<\/div>\n\t\t\t\t\t<\/div>\n\t\t<\/section>\n\t\t\t\t<\/div>\n\t\t","protected":false},"excerpt":{"rendered":"<p>T\u00fcm Projeler Pharma Premium Services Sosyal Ara\u015ft\u0131rmalar E\u011fitim Sekt\u00f6r\u00fc Ara\u015ft\u0131rmalar\u0131 Ula\u015f\u0131m ve Ula\u015ft\u0131rma Finans Telekom\u00fcnikasyon ve Medya Gayrimenkul ve \u0130n\u015faat FMCG Perakende Elektrik ve Elektronik Enerji Moda ve Aksesuar Uluslararas\u0131 Ara\u015ft\u0131rmalar Di\u011fer \/ Adhoc Washington Elmalar\u0131 ve Arap Ev Han\u0131mlar\u0131: Ba\u011fda\u015fmayan Bir \u0130kili midir? M\u00fc\u015fterilerimiz g\u0131da konusunda bir\u00e7ok markan\u0131n m\u00fcmessilli\u011fini elinde tutan \u0130ngiliz bir pazarlama [&hellip;]<\/p>\n","protected":false},"author":1,"featured_media":2037,"parent":2343,"menu_order":2,"comment_status":"closed","ping_status":"closed","template":"","meta":{"_acf_changed":false,"footnotes":""},"sayfa-kategorisi":[],"class_list":["post-2652","page","type-page","status-publish","has-post-thumbnail","hentry"],"acf":[],"_links":{"self":[{"href":"https:\/\/www.xsights.co.uk\/tr\/wp-json\/wp\/v2\/pages\/2652","targetHints":{"allow":["GET"]}}],"collection":[{"href":"https:\/\/www.xsights.co.uk\/tr\/wp-json\/wp\/v2\/pages"}],"about":[{"href":"https:\/\/www.xsights.co.uk\/tr\/wp-json\/wp\/v2\/types\/page"}],"author":[{"embeddable":true,"href":"https:\/\/www.xsights.co.uk\/tr\/wp-json\/wp\/v2\/users\/1"}],"replies":[{"embeddable":true,"href":"https:\/\/www.xsights.co.uk\/tr\/wp-json\/wp\/v2\/comments?post=2652"}],"version-history":[{"count":0,"href":"https:\/\/www.xsights.co.uk\/tr\/wp-json\/wp\/v2\/pages\/2652\/revisions"}],"up":[{"embeddable":true,"href":"https:\/\/www.xsights.co.uk\/tr\/wp-json\/wp\/v2\/pages\/2343"}],"wp:featuredmedia":[{"embeddable":true,"href":"https:\/\/www.xsights.co.uk\/tr\/wp-json\/wp\/v2\/media\/2037"}],"wp:attachment":[{"href":"https:\/\/www.xsights.co.uk\/tr\/wp-json\/wp\/v2\/media?parent=2652"}],"wp:term":[{"taxonomy":"sayfa-kategorisi","embeddable":true,"href":"https:\/\/www.xsights.co.uk\/tr\/wp-json\/wp\/v2\/sayfa-kategorisi?post=2652"}],"curies":[{"name":"wp","href":"https:\/\/api.w.org\/{rel}","templated":true}]}}