{"id":8057,"date":"2023-02-24T17:10:37","date_gmt":"2023-02-24T14:10:37","guid":{"rendered":"https:\/\/www.xsights.co.uk\/hakkimizda\/our-values\/"},"modified":"2023-04-11T22:41:42","modified_gmt":"2023-04-11T19:41:42","slug":"degerlerimiz","status":"publish","type":"page","link":"https:\/\/www.xsights.co.uk\/tr\/hakkimizda\/degerlerimiz\/","title":{"rendered":"De\u011ferlerimiz"},"content":{"rendered":"\t\t<div data-elementor-type=\"wp-page\" data-elementor-id=\"8057\" class=\"elementor elementor-8057 elementor-5883\" data-elementor-post-type=\"page\">\n\t\t\t\t\t\t<section class=\"elementor-section elementor-top-section elementor-element elementor-element-a0aa3de elementor-section-boxed elementor-section-height-default elementor-section-height-default\" data-id=\"a0aa3de\" data-element_type=\"section\">\n\t\t\t\t\t\t<div class=\"elementor-container elementor-column-gap-default\">\n\t\t\t\t\t<div class=\"elementor-column elementor-col-100 elementor-top-column elementor-element elementor-element-7c10ddd\" data-id=\"7c10ddd\" data-element_type=\"column\">\n\t\t\t<div class=\"elementor-widget-wrap elementor-element-populated\">\n\t\t\t\t\t\t<div class=\"elementor-element elementor-element-485b829 elementor-widget elementor-widget-spacer\" data-id=\"485b829\" data-element_type=\"widget\" data-widget_type=\"spacer.default\">\n\t\t\t\t<div class=\"elementor-widget-container\">\n\t\t\t\t\t\t\t<div class=\"elementor-spacer\">\n\t\t\t<div class=\"elementor-spacer-inner\"><\/div>\n\t\t<\/div>\n\t\t\t\t\t\t<\/div>\n\t\t\t\t<\/div>\n\t\t\t\t<div class=\"elementor-element elementor-element-3869b35 elementor-widget elementor-widget-text-editor\" data-id=\"3869b35\" data-element_type=\"widget\" data-widget_type=\"text-editor.default\">\n\t\t\t\t<div class=\"elementor-widget-container\">\n\t\t\t\t\t\t\t\t\t<p>Biz, XSIGHTS\u2019da de\u011ferlerimiz etraf\u0131nda birle\u015fir ve de\u011ferlerimizi g\u00fcnl\u00fck i\u015f yap\u0131\u015f \u015fekillerimize ta\u015f\u0131r\u0131z.<\/p>\t\t\t\t\t\t\t\t<\/div>\n\t\t\t\t<\/div>\n\t\t\t\t<div class=\"elementor-element elementor-element-55eb4f4 elementor-widget elementor-widget-text-editor\" data-id=\"55eb4f4\" data-element_type=\"widget\" data-widget_type=\"text-editor.default\">\n\t\t\t\t<div class=\"elementor-widget-container\">\n\t\t\t\t\t\t\t\t\t<h4><strong>Merak<\/strong><\/h4><p>Her konu hakk\u0131nda merak duyarak sorgulamaya inan\u0131r\u0131z. Soru sormay\u0131 ve cevaplar\u0131 sorgulamay\u0131 severiz.<\/p><h4><strong>Pozitiflik<\/strong><\/h4><p>\u0130\u015fimize pozitif bir tutumla yakla\u015f\u0131r\u0131z. Her \u015feyin \u00f6l\u00e7\u00fclebilece\u011fine inan\u0131r ve en zor durumlarda bile olumlu ve profesyonel bir tutum i\u00e7inde davran\u0131r\u0131z.<\/p><h4><strong>Kararl\u0131l\u0131k<\/strong><\/h4><p>Kaliteden asla \u00f6d\u00fcn vermemek i\u00e7in \u00e7al\u0131\u015fmalar\u0131m\u0131z\u0131 kararl\u0131l\u0131kla y\u00fcr\u00fct\u00fcr\u00fcz.<\/p><h4><strong>Takdir<\/strong><\/h4><p>Meslekta\u015flar\u0131m\u0131z\u0131, m\u00fc\u015fterilerimizi, tedarik\u00e7ilerimizi ve ara\u015ft\u0131rmalar\u0131m\u0131za kat\u0131lan herkesi \u00f6nemser ve katk\u0131lar\u0131 i\u00e7in te\u015fekk\u00fcr ederiz.<\/p>\t\t\t\t\t\t\t\t<\/div>\n\t\t\t\t<\/div>\n\t\t\t\t<div class=\"elementor-element elementor-element-711f2a1 elementor-widget elementor-widget-text-editor\" data-id=\"711f2a1\" data-element_type=\"widget\" data-widget_type=\"text-editor.default\">\n\t\t\t\t<div class=\"elementor-widget-container\">\n\t\t\t\t\t\t\t\t\t<p>Biz, XSIGHTS olarak bu de\u011ferlerin rehberli\u011finde global bir duru\u015f sergiler, ak\u0131ll\u0131 \u00e7al\u0131\u015fma ilkelerine inan\u0131r ve performans\u0131 y\u00fcksek dinamik ekipler olu\u015ftururuz.<\/p>\t\t\t\t\t\t\t\t<\/div>\n\t\t\t\t<\/div>\n\t\t\t\t<div class=\"elementor-element elementor-element-e254ef2 elementor-widget elementor-widget-spacer\" data-id=\"e254ef2\" data-element_type=\"widget\" data-widget_type=\"spacer.default\">\n\t\t\t\t<div class=\"elementor-widget-container\">\n\t\t\t\t\t\t\t<div class=\"elementor-spacer\">\n\t\t\t<div class=\"elementor-spacer-inner\"><\/div>\n\t\t<\/div>\n\t\t\t\t\t\t<\/div>\n\t\t\t\t<\/div>\n\t\t\t\t\t<\/div>\n\t\t<\/div>\n\t\t\t\t\t<\/div>\n\t\t<\/section>\n\t\t\t\t<\/div>\n\t\t","protected":false},"excerpt":{"rendered":"<p>Biz, XSIGHTS\u2019da de\u011ferlerimiz etraf\u0131nda birle\u015fir ve de\u011ferlerimizi g\u00fcnl\u00fck i\u015f yap\u0131\u015f \u015fekillerimize ta\u015f\u0131r\u0131z. Merak Her konu hakk\u0131nda merak duyarak sorgulamaya inan\u0131r\u0131z. Soru sormay\u0131 ve cevaplar\u0131 sorgulamay\u0131 severiz. Pozitiflik \u0130\u015fimize pozitif bir tutumla yakla\u015f\u0131r\u0131z. Her \u015feyin \u00f6l\u00e7\u00fclebilece\u011fine inan\u0131r ve en zor durumlarda bile olumlu ve profesyonel bir tutum i\u00e7inde davran\u0131r\u0131z. Kararl\u0131l\u0131k Kaliteden asla \u00f6d\u00fcn vermemek i\u00e7in \u00e7al\u0131\u015fmalar\u0131m\u0131z\u0131 [&hellip;]<\/p>\n","protected":false},"author":1,"featured_media":7539,"parent":1845,"menu_order":9,"comment_status":"closed","ping_status":"closed","template":"","meta":{"_acf_changed":false,"footnotes":""},"sayfa-kategorisi":[],"class_list":["post-8057","page","type-page","status-publish","has-post-thumbnail","hentry"],"acf":[],"_links":{"self":[{"href":"https:\/\/www.xsights.co.uk\/tr\/wp-json\/wp\/v2\/pages\/8057","targetHints":{"allow":["GET"]}}],"collection":[{"href":"https:\/\/www.xsights.co.uk\/tr\/wp-json\/wp\/v2\/pages"}],"about":[{"href":"https:\/\/www.xsights.co.uk\/tr\/wp-json\/wp\/v2\/types\/page"}],"author":[{"embeddable":true,"href":"https:\/\/www.xsights.co.uk\/tr\/wp-json\/wp\/v2\/users\/1"}],"replies":[{"embeddable":true,"href":"https:\/\/www.xsights.co.uk\/tr\/wp-json\/wp\/v2\/comments?post=8057"}],"version-history":[{"count":0,"href":"https:\/\/www.xsights.co.uk\/tr\/wp-json\/wp\/v2\/pages\/8057\/revisions"}],"up":[{"embeddable":true,"href":"https:\/\/www.xsights.co.uk\/tr\/wp-json\/wp\/v2\/pages\/1845"}],"wp:featuredmedia":[{"embeddable":true,"href":"https:\/\/www.xsights.co.uk\/tr\/wp-json\/wp\/v2\/media\/7539"}],"wp:attachment":[{"href":"https:\/\/www.xsights.co.uk\/tr\/wp-json\/wp\/v2\/media?parent=8057"}],"wp:term":[{"taxonomy":"sayfa-kategorisi","embeddable":true,"href":"https:\/\/www.xsights.co.uk\/tr\/wp-json\/wp\/v2\/sayfa-kategorisi?post=8057"}],"curies":[{"name":"wp","href":"https:\/\/api.w.org\/{rel}","templated":true}]}}