{"id":8299,"date":"2023-04-14T20:11:37","date_gmt":"2023-04-14T17:11:37","guid":{"rendered":"https:\/\/www.xsights.co.uk\/?page_id=8299"},"modified":"2025-05-21T18:45:20","modified_gmt":"2025-05-21T15:45:20","slug":"marka-ve-iletisim-yatirimlari-performansi","status":"publish","type":"page","link":"https:\/\/www.xsights.co.uk\/tr\/uzmanlik-alanlarimiz\/marka-ve-iletisim-yatirimlari-performansi\/","title":{"rendered":"Marka ve \u0130leti\u015fim Yat\u0131r\u0131mlar\u0131 Performans\u0131"},"content":{"rendered":"\t\t<div data-elementor-type=\"wp-page\" data-elementor-id=\"8299\" class=\"elementor elementor-8299\" data-elementor-post-type=\"page\">\n\t\t\t\t\t\t<section class=\"elementor-section elementor-top-section elementor-element elementor-element-0dbb5c5 elementor-section-boxed elementor-section-height-default elementor-section-height-default\" data-id=\"0dbb5c5\" data-element_type=\"section\" data-settings=\"{&quot;background_background&quot;:&quot;classic&quot;}\">\n\t\t\t\t\t\t<div class=\"elementor-container elementor-column-gap-default\">\n\t\t\t\t\t<div class=\"elementor-column elementor-col-100 elementor-top-column elementor-element elementor-element-c0c787c\" data-id=\"c0c787c\" data-element_type=\"column\">\n\t\t\t<div class=\"elementor-widget-wrap elementor-element-populated\">\n\t\t\t\t\t\t<div class=\"elementor-element elementor-element-33a123f elementor-widget__width-initial elementor-align-justify elementor-widget elementor-widget-button\" data-id=\"33a123f\" data-element_type=\"widget\" data-widget_type=\"button.default\">\n\t\t\t\t<div class=\"elementor-widget-container\">\n\t\t\t\t\t\t\t\t\t<div class=\"elementor-button-wrapper\">\n\t\t\t\t\t<a class=\"elementor-button elementor-button-link elementor-size-xs\" href=\"https:\/\/www.xsights.co.uk\/tr\/teklif-iste\/\">\n\t\t\t\t\t\t<span class=\"elementor-button-content-wrapper\">\n\t\t\t\t\t\t\t\t\t<span class=\"elementor-button-text\">Teklif \u0130ste<\/span>\n\t\t\t\t\t<\/span>\n\t\t\t\t\t<\/a>\n\t\t\t\t<\/div>\n\t\t\t\t\t\t\t\t<\/div>\n\t\t\t\t<\/div>\n\t\t\t\t<div class=\"elementor-element elementor-element-8ed21cf elementor-widget__width-initial elementor-align-justify elementor-widget elementor-widget-button\" data-id=\"8ed21cf\" data-element_type=\"widget\" data-widget_type=\"button.default\">\n\t\t\t\t<div class=\"elementor-widget-container\">\n\t\t\t\t\t\t\t\t\t<div class=\"elementor-button-wrapper\">\n\t\t\t\t\t<a class=\"elementor-button elementor-button-link elementor-size-xs\" href=\"https:\/\/www.xsights.co.uk\/tr\/iletisim\/\">\n\t\t\t\t\t\t<span class=\"elementor-button-content-wrapper\">\n\t\t\t\t\t\t\t\t\t<span class=\"elementor-button-text\">\u0130leti\u015fim<\/span>\n\t\t\t\t\t<\/span>\n\t\t\t\t\t<\/a>\n\t\t\t\t<\/div>\n\t\t\t\t\t\t\t\t<\/div>\n\t\t\t\t<\/div>\n\t\t\t\t\t<\/div>\n\t\t<\/div>\n\t\t\t\t\t<\/div>\n\t\t<\/section>\n\t\t\t\t<section class=\"elementor-section elementor-top-section elementor-element elementor-element-ab2322d elementor-section-boxed elementor-section-height-default elementor-section-height-default\" data-id=\"ab2322d\" data-element_type=\"section\">\n\t\t\t\t\t\t<div class=\"elementor-container elementor-column-gap-default\">\n\t\t\t\t\t<div class=\"elementor-column elementor-col-100 elementor-top-column elementor-element elementor-element-9442247\" data-id=\"9442247\" data-element_type=\"column\">\n\t\t\t<div class=\"elementor-widget-wrap elementor-element-populated\">\n\t\t\t\t\t\t<div class=\"elementor-element elementor-element-abdfe7b elementor-widget elementor-widget-spacer\" data-id=\"abdfe7b\" data-element_type=\"widget\" data-widget_type=\"spacer.default\">\n\t\t\t\t<div class=\"elementor-widget-container\">\n\t\t\t\t\t\t\t<div class=\"elementor-spacer\">\n\t\t\t<div class=\"elementor-spacer-inner\"><\/div>\n\t\t<\/div>\n\t\t\t\t\t\t<\/div>\n\t\t\t\t<\/div>\n\t\t\t\t<div class=\"elementor-element elementor-element-185c198 elementor-widget elementor-widget-text-editor\" data-id=\"185c198\" data-element_type=\"widget\" data-widget_type=\"text-editor.default\">\n\t\t\t\t<div class=\"elementor-widget-container\">\n\t\t\t\t\t\t\t\t\t<h3><strong>Marka Sa\u011fl\u0131\u011f\u0131 Ara\u015ft\u0131rmas\u0131<\/strong><\/h3>\n<p>G\u00fcn\u00fcm\u00fcz\u00fcn rekabet\u00e7i pazar\u0131nda, marka beklentileri s\u00fcrekli olarak artmaktad\u0131r. Markalar m\u00fc\u015fterilerini her zamankinden daha fazla anlamal\u0131, onlara meydan okumal\u0131 ve onlar\u0131 \u015fa\u015f\u0131rtmal\u0131d\u0131r. Bu yolculukta marka sa\u011fl\u0131\u011f\u0131n\u0131z\u0131 \u00f6l\u00e7mek \u00f6nemlidir. XSIGHTS Marka Sa\u011fl\u0131\u011f\u0131 Modeli, rakiplere k\u0131yasla performans\u0131n ayr\u0131nt\u0131l\u0131 bir \u015fekilde anla\u015f\u0131lmas\u0131n\u0131 sa\u011flarken, marka bilinirli\u011fi (ilk akla gelen, yard\u0131ms\u0131z, yard\u0131ml\u0131 ve toplam fark\u0131ndal\u0131k) gibi temel marka metriklerini \u00f6l\u00e7er. Daha fazla bilgi i\u00e7in <a href=\"https:\/\/www.xsights.co.uk\/tr\/teklif-iste\/\"><strong>l\u00fctfen bizimle ileti\u015fime ge\u00e7in.<\/strong><\/a><\/p>\n<h3><strong>Turquality Ara\u015ft\u0131rmalar\u0131<\/strong><\/h3>\n<p>Turquality kapsam\u0131ndaki Marka Y\u00f6netimi ve Marka Performans\u0131 b\u00f6l\u00fcmleri i\u00e7in pazar ara\u015ft\u0131rmas\u0131 yap\u0131lmas\u0131 ve verilerin raporda yer almas\u0131 gereklidir.&nbsp; XSIGHTS bug\u00fcne kadar Turquality s\u00fcre\u00e7leri i\u00e7in farkl\u0131 sekt\u00f6rlerdeki m\u00fc\u015fterileri i\u00e7in \u00fclkemizde ve di\u011fer \u00fclkelerde ara\u015ft\u0131rmalar\u0131 yapmakta ve sonu\u00e7lar\u0131 analiz etmekte deneyimli bir ara\u015ft\u0131rma \u015firketidir. Daha fazla bilgi i\u00e7in <a href=\"https:\/\/www.xsights.co.uk\/wp-content\/uploads\/2023\/06\/XSIGHTS-Turquality-arastirmalar.pdf\"><b>l\u00fctfen t\u0131klay\u0131n\u0131z.<\/b><\/a><\/p>\n<h3><strong>Reklam Testi<\/strong><\/h3>\n<p>\u00d6n test anketleri, mesaj\u0131n do\u011fru alg\u0131lan\u0131p alg\u0131lanmad\u0131\u011f\u0131n\u0131 ve hedef kitlelerde istendi\u011fi gibi yank\u0131lan\u0131p yank\u0131lanmad\u0131\u011f\u0131n\u0131 ke\u015ffederek, reklamlar\u0131n etkinli\u011fini daha yay\u0131nlanmadan belirlememizi sa\u011flar. Bu, lansmandan \u00f6nce reklamlarda gerekli revizyonlar\u0131n yap\u0131lmas\u0131n\u0131 sa\u011flar. Son test anketleri, hedef kitle ile \u00f6nceden payla\u015f\u0131lm\u0131\u015f olan reklamlar\u0131n etkililik ve ba\u015far\u0131 d\u00fczeyini \u00f6l\u00e7er. Ayn\u0131 zamanda reklam\u0131n sat\u0131n alma \u00fczerindeki etkisiyle birlikte marka imaj\u0131 ve bilinirli\u011fi \u00fczerindeki etkisi de g\u00f6zlemlenmektedir.<\/p>\n<p>XSIGHTS, \u00f6n ve son testler i\u00e7in kendi reklam modeli olan X-AD Modeli\u2019ni kullan\u0131r ve sekizden fazla farkl\u0131 sekt\u00f6r i\u00e7in k\u0131yaslama de\u011ferleri sunar. Daha fazla bilgi i\u00e7in <a href=\"https:\/\/www.xsights.co.uk\/tr\/teklif-iste\/\"><strong>l\u00fctfen bizimle ileti\u015fime ge\u00e7in. <\/strong><\/a><\/p>\n<h3><strong>Kurumsal \u0130tibar ve Alg\u0131 Ara\u015ft\u0131rmalar\u0131<\/strong><\/h3>\n<p>XSIGHTS, itibar ve alg\u0131 y\u00f6netimi konusunda b\u00fcy\u00fck bir deneyim sunar. XSIGHTS, alg\u0131y\u0131 \u00fc\u00e7 farkl\u0131 boyutta (ekonomik, duygusal ve sosyal) \u00f6l\u00e7erken yedi farkl\u0131 parametreyi (fark\u0131ndal\u0131k, uygunluk, g\u00fcven, etkile\u015fim, memnuniyet, sadakat ve savunuculuk) kullan\u0131r. Sa\u011flam ara\u015ft\u0131rmalar\u0131 ve kapsaml\u0131 deneyimi, XSIGHTS&#8217;\u0131n kurumsal itibar i\u00e7in ula\u015f\u0131labilir sonu\u00e7lar vermesini sa\u011flamaktad\u0131r. Daha fazla bilgi i\u00e7in<a href=\"https:\/\/www.xsights.co.uk\/tr\/teklif-iste\/\"><strong> l\u00fctfen bizimle ileti\u015fime ge\u00e7in.<\/strong><\/a><\/p>\n<h3><strong>G\u00fcndem Ara\u015ft\u0131rmalar\u0131<\/strong><\/h3>\n<p>XSIGHTS, \u00fcr\u00fcn veya hizmet etraf\u0131nda fark\u0131ndal\u0131k yaratacak ara\u015ft\u0131rmalar tasarlamak i\u00e7in halkla ili\u015fkiler ajanslar\u0131 ve lobi firmalar\u0131yla birlikte \u00e7al\u0131\u015f\u0131r. Bu anketler genellikle fark\u0131ndal\u0131k yaratmak i\u00e7in kullan\u0131l\u0131r ve medyada geni\u015f yer al\u0131r. Daha fazla bilgi i\u00e7in <a href=\"https:\/\/www.xsights.co.uk\/tr\/teklif-iste\/\"><strong>l\u00fctfen bizimle ileti\u015fime ge\u00e7in.<\/strong><\/a><\/p>\n<p>Marka ve \u0130leti\u015fim Yat\u0131r\u0131mlar\u0131 Performans\u0131 hakk\u0131nda daha fazla bilgi i\u00e7in <a href=\"https:\/\/www.xsights.co.uk\/tr\/teklif-iste\/\"><strong>l\u00fctfen bizimle ileti\u015fime ge\u00e7in.<\/strong><\/a><\/p>\t\t\t\t\t\t\t\t<\/div>\n\t\t\t\t<\/div>\n\t\t\t\t<div class=\"elementor-element elementor-element-8e265d6 elementor-widget elementor-widget-spacer\" data-id=\"8e265d6\" data-element_type=\"widget\" data-widget_type=\"spacer.default\">\n\t\t\t\t<div class=\"elementor-widget-container\">\n\t\t\t\t\t\t\t<div class=\"elementor-spacer\">\n\t\t\t<div class=\"elementor-spacer-inner\"><\/div>\n\t\t<\/div>\n\t\t\t\t\t\t<\/div>\n\t\t\t\t<\/div>\n\t\t\t\t<section class=\"elementor-section elementor-inner-section elementor-element elementor-element-a6862c4 elementor-section-boxed elementor-section-height-default elementor-section-height-default\" data-id=\"a6862c4\" data-element_type=\"section\">\n\t\t\t\t\t\t<div class=\"elementor-container elementor-column-gap-default\">\n\t\t\t\t\t<div class=\"elementor-column elementor-col-100 elementor-inner-column elementor-element elementor-element-6a5668d\" data-id=\"6a5668d\" data-element_type=\"column\" data-settings=\"{&quot;background_background&quot;:&quot;classic&quot;}\">\n\t\t\t<div class=\"elementor-widget-wrap elementor-element-populated\">\n\t\t\t\t\t\t<div class=\"elementor-element elementor-element-f5ea307 elementor-widget elementor-widget-heading\" data-id=\"f5ea307\" data-element_type=\"widget\" data-widget_type=\"heading.default\">\n\t\t\t\t<div class=\"elementor-widget-container\">\n\t\t\t\t\t<h2 class=\"elementor-heading-title elementor-size-default\">Sizi Arayal\u0131m<\/h2>\t\t\t\t<\/div>\n\t\t\t\t<\/div>\n\t\t\t\t<div class=\"elementor-element elementor-element-ddb1908 elementor-widget elementor-widget-shortcode\" data-id=\"ddb1908\" data-element_type=\"widget\" data-widget_type=\"shortcode.default\">\n\t\t\t\t<div class=\"elementor-widget-container\">\n\t\t\t\t\t\t\t<div class=\"elementor-shortcode\"><div class='fluentform ff-default fluentform_wrapper_9 ffs_modern_l_wrap'><form data-form_id=\"9\" id=\"fluentform_9\" class=\"frm-fluent-form fluent_form_9 ff-el-form-top ff_form_instance_9_1 ff-form-loading ffs_modern_l\" data-form_instance=\"ff_form_instance_9_1\" method=\"POST\" ><fieldset  style=\"border: none!important;margin: 0!important;padding: 0!important;background-color: transparent!important;box-shadow: none!important;outline: none!important; min-inline-size: 100%;\">\n                    <legend class=\"ff_screen_reader_title\" style=\"display: block; margin: 0!important;padding: 0!important;height: 0!important;text-indent: -999999px;width: 0!important;overflow:hidden;\">M\u00fc\u015fteri Deneyimi Sayfas\u0131 Formu (TR)<\/legend><input type='hidden' name='__fluent_form_embded_post_id' value='8299' \/><input type=\"hidden\" id=\"_fluentform_9_fluentformnonce\" name=\"_fluentform_9_fluentformnonce\" value=\"3281c935b6\" \/><input type=\"hidden\" name=\"_wp_http_referer\" value=\"\/tr\/wp-json\/wp\/v2\/pages\/8299\" \/><div data-name=\"ff_cn_id_1\"  class='ff-t-container ff-column-container ff_columns_total_2  '><div class='ff-t-cell ff-t-column-1' style='flex-basis: 50%;'><div data-type=\"name-element\" data-name=\"ad_ve_soyad\" class=\" ff-field_container ff-name-field-wrapper\" ><div class='ff-t-container'><div class='ff-t-cell '><div class='ff-el-group ff-el-form-top'><div class=\"ff-el-input--label ff-el-is-required asterisk-right\"><label for='ff_9_ad_ve_soyad_first_name_' >Ad\u0131n\u0131z ve Soyad\u0131n\u0131z<\/label><\/div><div class='ff-el-input--content'><input type=\"text\" name=\"ad_ve_soyad[first_name]\" id=\"ff_9_ad_ve_soyad_first_name_\" class=\"ff-el-form-control\" aria-invalid=\"false\" aria-required=true><\/div><\/div><\/div><\/div><\/div><\/div><div class='ff-t-cell ff-t-column-2' style='flex-basis: 50%;'><div class='ff-el-group'><div class=\"ff-el-input--label ff-el-is-required asterisk-right\"><label for='ff_9_kurumunuzun_unvani' aria-label=\"Firma\">Firma<\/label><\/div><div class='ff-el-input--content'><input type=\"text\" name=\"kurumunuzun_unvani\" class=\"ff-el-form-control\" data-name=\"kurumunuzun_unvani\" id=\"ff_9_kurumunuzun_unvani\"  aria-invalid=\"false\" aria-required=true><\/div><\/div><\/div><\/div><div data-name=\"ff_cn_id_2\"  class='ff-t-container ff-column-container ff_columns_total_2  '><div class='ff-t-cell ff-t-column-1' style='flex-basis: 50%;'><div class='ff-el-group'><div class=\"ff-el-input--label ff-el-is-required asterisk-right\"><label for='ff_9_telefon_numaraniz_1' aria-label=\"Telefon Numaran\u0131z\">Telefon Numaran\u0131z<\/label><\/div><div class='ff-el-input--content'><input name=\"telefon_numaraniz_1\" class=\"ff-el-form-control ff-el-phone ff_el_with_extended_validation\" type=\"tel\" data-name=\"telefon_numaraniz_1\" id=\"ff_9_telefon_numaraniz_1\" inputmode=\"tel\"  aria-invalid='false' aria-required=true><\/div><\/div><\/div><div class='ff-t-cell ff-t-column-2' style='flex-basis: 50%;'><div class='ff-el-group'><div class=\"ff-el-input--label ff-el-is-required asterisk-right\"><label for='ff_9_email' aria-label=\"Email Adresiniz\">Email Adresiniz<\/label><\/div><div class='ff-el-input--content'><input type=\"email\" name=\"email\" id=\"ff_9_email\" class=\"ff-el-form-control\" data-name=\"email\"  aria-invalid=\"false\" aria-required=true><\/div><\/div><\/div><\/div><div class='ff-el-group ' ><div class='ff-el-input--content'><div data-fluent_id='9' name='g-recaptcha-response'><div\n\t\tdata-sitekey='6LeCN5kkAAAAAD2zFULIiehyPu4P_Dj32EWWONmZ'\n\t\tid='fluentform-recaptcha-9-1'\n\t\tclass='ff-el-recaptcha g-recaptcha'\n\t\tdata-callback='fluentFormrecaptchaSuccessCallback'><\/div><\/div><\/div><\/div><div class='ff-el-group  ff-custom_html ff-hidden loader-wrapper' tabindex='-1' data-name=\"custom_html-9_1\" ><div class=\"lds-ripple\"><div><\/div><div><\/div><div><\/div><div><\/div><\/div><\/div><div class='ff-el-group ff-text-left ff_submit_btn_wrapper'><button type=\"submit\" class=\"ff-btn ff-btn-submit ff-btn-lg ff_btn_style wpf_has_custom_css\" >Formu G\u00f6nder<\/button><\/div><\/fieldset><\/form><div id='fluentform_9_errors' class='ff-errors-in-stack ff_form_instance_9_1 ff-form-loading_errors ff_form_instance_9_1_errors'><\/div><\/div>        <script type=\"text\/javascript\">\n            window.fluent_form_ff_form_instance_9_1 = {\"id\":\"9\",\"settings\":{\"layout\":{\"labelPlacement\":\"top\",\"helpMessagePlacement\":\"with_label\",\"errorMessagePlacement\":\"inline\",\"cssClassName\":\"\",\"asteriskPlacement\":\"asterisk-right\"},\"restrictions\":{\"denyEmptySubmission\":{\"enabled\":false}}},\"form_instance\":\"ff_form_instance_9_1\",\"form_id_selector\":\"fluentform_9\",\"rules\":{\"ad_ve_soyad[first_name]\":{\"required\":{\"value\":true,\"message\":\"Bu alan\\u0131n doldurulmas\\u0131 zorunludur.\",\"global_message\":\"This field is required\",\"global\":false}},\"ad_ve_soyad[middle_name]\":{\"required\":{\"value\":false,\"message\":\"This field is required\",\"global_message\":\"This field is required\",\"global\":true}},\"ad_ve_soyad[last_name]\":{\"required\":{\"value\":true,\"message\":\"Bu alan\\u0131n doldurulmas\\u0131 zorunludur.\",\"global_message\":\"This field is required\",\"global\":false}},\"kurumunuzun_unvani\":{\"required\":{\"value\":true,\"message\":\"Teklif iletilebilmesi i\\u00e7in bu alan\\u0131 doldurman\\u0131z gerekmektedir.\",\"global_message\":\"This field is required\",\"global\":false}},\"telefon_numaraniz_1\":{\"required\":{\"value\":true,\"global\":false,\"message\":\"Teklif detaylar\\u0131 ile ilgili ileti\\u015fime kurabilmemiz i\\u00e7in bu alan\\u0131 doldurman\\u0131z gerekmektedir.\",\"global_message\":\"This field is required\"},\"valid_phone_number\":{\"value\":true,\"global\":true,\"message\":\"Phone number is not valid\",\"global_message\":\"Phone number is not valid\"}},\"email\":{\"required\":{\"value\":true,\"message\":\"This field is required\",\"global_message\":\"This field is required\",\"global\":true},\"email\":{\"value\":true,\"message\":\"This field must contain a valid email\",\"global_message\":\"This field must contain a valid email\",\"global\":true}},\"g-recaptcha-response\":[]},\"debounce_time\":300};\n                    <\/script>\n        <\/div>\n\t\t\t\t\t\t<\/div>\n\t\t\t\t<\/div>\n\t\t\t\t\t<\/div>\n\t\t<\/div>\n\t\t\t\t\t<\/div>\n\t\t<\/section>\n\t\t\t\t<div class=\"elementor-element elementor-element-4735aff elementor-widget elementor-widget-spacer\" data-id=\"4735aff\" data-element_type=\"widget\" data-widget_type=\"spacer.default\">\n\t\t\t\t<div class=\"elementor-widget-container\">\n\t\t\t\t\t\t\t<div class=\"elementor-spacer\">\n\t\t\t<div class=\"elementor-spacer-inner\"><\/div>\n\t\t<\/div>\n\t\t\t\t\t\t<\/div>\n\t\t\t\t<\/div>\n\t\t\t\t\t<\/div>\n\t\t<\/div>\n\t\t\t\t\t<\/div>\n\t\t<\/section>\n\t\t\t\t<section class=\"elementor-section elementor-top-section elementor-element elementor-element-f57b6f8 elementor-section-boxed elementor-section-height-default elementor-section-height-default\" data-id=\"f57b6f8\" data-element_type=\"section\">\n\t\t\t\t\t\t<div class=\"elementor-container elementor-column-gap-default\">\n\t\t\t\t\t<div class=\"elementor-column elementor-col-100 elementor-top-column elementor-element elementor-element-99c6047\" data-id=\"99c6047\" data-element_type=\"column\">\n\t\t\t<div class=\"elementor-widget-wrap elementor-element-populated\">\n\t\t\t\t\t\t<div class=\"elementor-element elementor-element-47864c6 elementor-widget elementor-widget-html\" data-id=\"47864c6\" data-element_type=\"widget\" data-widget_type=\"html.default\">\n\t\t\t\t<div class=\"elementor-widget-container\">\n\t\t\t\t\t<script src=\"https:\/\/js.hsforms.net\/forms\/embed\/49517809.js\" defer><\/script>\r\n<div class=\"hs-form-frame\" data-region=\"na1\" data-form-id=\"937881e2-bd6c-447c-a620-3a7e01bf514d\" data-portal-id=\"49517809\"><\/div>\r\n\t\t\t\t<\/div>\n\t\t\t\t<\/div>\n\t\t\t\t\t<\/div>\n\t\t<\/div>\n\t\t\t\t\t<\/div>\n\t\t<\/section>\n\t\t\t\t<\/div>\n\t\t","protected":false},"excerpt":{"rendered":"<p>Teklif \u0130ste \u0130leti\u015fim Marka Sa\u011fl\u0131\u011f\u0131 Ara\u015ft\u0131rmas\u0131 G\u00fcn\u00fcm\u00fcz\u00fcn rekabet\u00e7i pazar\u0131nda, marka beklentileri s\u00fcrekli olarak artmaktad\u0131r. Markalar m\u00fc\u015fterilerini her zamankinden daha fazla anlamal\u0131, onlara meydan okumal\u0131 ve onlar\u0131 \u015fa\u015f\u0131rtmal\u0131d\u0131r. Bu yolculukta marka sa\u011fl\u0131\u011f\u0131n\u0131z\u0131 \u00f6l\u00e7mek \u00f6nemlidir. XSIGHTS Marka Sa\u011fl\u0131\u011f\u0131 Modeli, rakiplere k\u0131yasla performans\u0131n ayr\u0131nt\u0131l\u0131 bir \u015fekilde anla\u015f\u0131lmas\u0131n\u0131 sa\u011flarken, marka bilinirli\u011fi (ilk akla gelen, yard\u0131ms\u0131z, yard\u0131ml\u0131 ve toplam fark\u0131ndal\u0131k) [&hellip;]<\/p>\n","protected":false},"author":1,"featured_media":7552,"parent":8277,"menu_order":3,"comment_status":"closed","ping_status":"closed","template":"","meta":{"_acf_changed":false,"footnotes":""},"sayfa-kategorisi":[],"class_list":["post-8299","page","type-page","status-publish","has-post-thumbnail","hentry"],"acf":[],"_links":{"self":[{"href":"https:\/\/www.xsights.co.uk\/tr\/wp-json\/wp\/v2\/pages\/8299","targetHints":{"allow":["GET"]}}],"collection":[{"href":"https:\/\/www.xsights.co.uk\/tr\/wp-json\/wp\/v2\/pages"}],"about":[{"href":"https:\/\/www.xsights.co.uk\/tr\/wp-json\/wp\/v2\/types\/page"}],"author":[{"embeddable":true,"href":"https:\/\/www.xsights.co.uk\/tr\/wp-json\/wp\/v2\/users\/1"}],"replies":[{"embeddable":true,"href":"https:\/\/www.xsights.co.uk\/tr\/wp-json\/wp\/v2\/comments?post=8299"}],"version-history":[{"count":10,"href":"https:\/\/www.xsights.co.uk\/tr\/wp-json\/wp\/v2\/pages\/8299\/revisions"}],"predecessor-version":[{"id":12294,"href":"https:\/\/www.xsights.co.uk\/tr\/wp-json\/wp\/v2\/pages\/8299\/revisions\/12294"}],"up":[{"embeddable":true,"href":"https:\/\/www.xsights.co.uk\/tr\/wp-json\/wp\/v2\/pages\/8277"}],"wp:featuredmedia":[{"embeddable":true,"href":"https:\/\/www.xsights.co.uk\/tr\/wp-json\/wp\/v2\/media\/7552"}],"wp:attachment":[{"href":"https:\/\/www.xsights.co.uk\/tr\/wp-json\/wp\/v2\/media?parent=8299"}],"wp:term":[{"taxonomy":"sayfa-kategorisi","embeddable":true,"href":"https:\/\/www.xsights.co.uk\/tr\/wp-json\/wp\/v2\/sayfa-kategorisi?post=8299"}],"curies":[{"name":"wp","href":"https:\/\/api.w.org\/{rel}","templated":true}]}}