{"id":8319,"date":"2023-04-14T21:15:16","date_gmt":"2023-04-14T18:15:16","guid":{"rendered":"https:\/\/www.xsights.co.uk\/?page_id=8319"},"modified":"2025-05-21T18:42:16","modified_gmt":"2025-05-21T15:42:16","slug":"izleme-degerlendirme-ve-ogrenme","status":"publish","type":"page","link":"https:\/\/www.xsights.co.uk\/tr\/uzmanlik-alanlarimiz\/izleme-degerlendirme-ve-ogrenme\/","title":{"rendered":"\u0130zleme De\u011ferlendirme ve \u00d6\u011frenme"},"content":{"rendered":"\t\t<div data-elementor-type=\"wp-page\" data-elementor-id=\"8319\" class=\"elementor elementor-8319\" data-elementor-post-type=\"page\">\n\t\t\t\t\t\t<section class=\"elementor-section elementor-top-section elementor-element elementor-element-75f4f49 elementor-section-boxed elementor-section-height-default elementor-section-height-default\" data-id=\"75f4f49\" data-element_type=\"section\" data-settings=\"{&quot;background_background&quot;:&quot;classic&quot;}\">\n\t\t\t\t\t\t<div class=\"elementor-container elementor-column-gap-default\">\n\t\t\t\t\t<div class=\"elementor-column elementor-col-100 elementor-top-column elementor-element elementor-element-1646472\" data-id=\"1646472\" data-element_type=\"column\">\n\t\t\t<div class=\"elementor-widget-wrap elementor-element-populated\">\n\t\t\t\t\t\t<div class=\"elementor-element elementor-element-ffc6793 elementor-widget__width-initial elementor-align-justify elementor-widget elementor-widget-button\" data-id=\"ffc6793\" data-element_type=\"widget\" data-widget_type=\"button.default\">\n\t\t\t\t<div class=\"elementor-widget-container\">\n\t\t\t\t\t\t\t\t\t<div class=\"elementor-button-wrapper\">\n\t\t\t\t\t<a class=\"elementor-button elementor-button-link elementor-size-xs\" href=\"https:\/\/www.xsights.co.uk\/tr\/teklif-iste\/\">\n\t\t\t\t\t\t<span class=\"elementor-button-content-wrapper\">\n\t\t\t\t\t\t\t\t\t<span class=\"elementor-button-text\">Teklif \u0130ste<\/span>\n\t\t\t\t\t<\/span>\n\t\t\t\t\t<\/a>\n\t\t\t\t<\/div>\n\t\t\t\t\t\t\t\t<\/div>\n\t\t\t\t<\/div>\n\t\t\t\t<div class=\"elementor-element elementor-element-d5c3fe7 elementor-widget__width-initial elementor-align-justify elementor-widget elementor-widget-button\" data-id=\"d5c3fe7\" data-element_type=\"widget\" data-widget_type=\"button.default\">\n\t\t\t\t<div class=\"elementor-widget-container\">\n\t\t\t\t\t\t\t\t\t<div class=\"elementor-button-wrapper\">\n\t\t\t\t\t<a class=\"elementor-button elementor-button-link elementor-size-xs\" href=\"https:\/\/www.xsights.co.uk\/tr\/iletisim\/\">\n\t\t\t\t\t\t<span class=\"elementor-button-content-wrapper\">\n\t\t\t\t\t\t\t\t\t<span class=\"elementor-button-text\">\u0130leti\u015fim<\/span>\n\t\t\t\t\t<\/span>\n\t\t\t\t\t<\/a>\n\t\t\t\t<\/div>\n\t\t\t\t\t\t\t\t<\/div>\n\t\t\t\t<\/div>\n\t\t\t\t\t<\/div>\n\t\t<\/div>\n\t\t\t\t\t<\/div>\n\t\t<\/section>\n\t\t\t\t<section class=\"elementor-section elementor-top-section elementor-element elementor-element-7b7d0d3 elementor-section-boxed elementor-section-height-default elementor-section-height-default\" data-id=\"7b7d0d3\" data-element_type=\"section\">\n\t\t\t\t\t\t<div class=\"elementor-container elementor-column-gap-default\">\n\t\t\t\t\t<div class=\"elementor-column elementor-col-100 elementor-top-column elementor-element elementor-element-913ed09\" data-id=\"913ed09\" data-element_type=\"column\">\n\t\t\t<div class=\"elementor-widget-wrap elementor-element-populated\">\n\t\t\t\t\t\t<div class=\"elementor-element elementor-element-cb9e4f3 elementor-widget elementor-widget-spacer\" data-id=\"cb9e4f3\" data-element_type=\"widget\" data-widget_type=\"spacer.default\">\n\t\t\t\t<div class=\"elementor-widget-container\">\n\t\t\t\t\t\t\t<div class=\"elementor-spacer\">\n\t\t\t<div class=\"elementor-spacer-inner\"><\/div>\n\t\t<\/div>\n\t\t\t\t\t\t<\/div>\n\t\t\t\t<\/div>\n\t\t\t\t<div class=\"elementor-element elementor-element-81c1255 elementor-widget elementor-widget-text-editor\" data-id=\"81c1255\" data-element_type=\"widget\" data-widget_type=\"text-editor.default\">\n\t\t\t\t<div class=\"elementor-widget-container\">\n\t\t\t\t\t\t\t\t\t<h3><strong>Bilgi, Tutum ve Uygulama (KAP) Anketleri<\/strong><\/h3><p>Ba\u011f\u0131ms\u0131z bir ara\u015ft\u0131rma \u015firketi olan XSIGHTS, \u00e7e\u015fitli sosyal konularda d\u00fczenli olarak KAP anketleri y\u00fcr\u00fctmektedir. Bu anketler, sosyal belle\u011fin \u00e7ekirde\u011fini olu\u015fturur ve davran\u0131\u015f de\u011fi\u015fikli\u011fi ileti\u015fimleri i\u00e7in de\u011ferli bilgiler sunar. Daha fazla bilgi i\u00e7in <strong><a href=\"https:\/\/www.xsights.co.uk\/tr\/teklif-iste\/\">l\u00fctfen bizimle ileti\u015fime ge\u00e7in.<\/a><\/strong><\/p><h3><strong>\u0130htiya\u00e7 Analizleri<\/strong><\/h3><p>XSIGHTS, insani veya siyasi krizlerde h\u0131zl\u0131 \u0130htiya\u00e7 Analizi y\u00fcr\u00fctme konusunda tecr\u00fcbelidir. Alandaki ba\u011f\u0131ms\u0131z ara\u015ft\u0131rmac\u0131lardan olu\u015fan bir a\u011f arac\u0131l\u0131\u011f\u0131yla XSIGHTS, h\u0131zl\u0131 yard\u0131m\u0131 desteklemek i\u00e7in veri toplayabilmektedir. Daha fazla bilgi i\u00e7in <a href=\"https:\/\/www.xsights.co.uk\/tr\/teklif-iste\/\"><strong>l\u00fctfen bizimle ileti\u015fime ge\u00e7in.<\/strong><\/a><\/p><h3><strong>Kamu Memnuniyeti Anketleri<\/strong><\/h3><p>XSIGHTS, yerel ve merkezi h\u00fck\u00fcmet organlar\u0131ndan memnuniyet d\u00fczeyinin ba\u011f\u0131ms\u0131z ve sa\u011flam bir \u015fekilde \u00f6l\u00e7\u00fclmesini sa\u011flar. T\u00fcrkiye&#8217;de Ge\u00e7ici Koruma Alt\u0131ndaki Suriyelilerle yap\u0131lan en b\u00fcy\u00fck anketlerden biri XSIGHTS taraf\u0131ndan 10 farkl\u0131 ilde 12.800 ki\u015finin sa\u011fl\u0131k hizmetlerinden memnuniyet d\u00fczeyleriyle ilgili g\u00f6r\u00fc\u015fmeyle ger\u00e7ekle\u015ftirilmi\u015ftir. Daha fazla bilgi i\u00e7in <strong><a href=\"https:\/\/www.xsights.co.uk\/tr\/teklif-iste\/\">l\u00fctfen bizimle ileti\u015fime ge\u00e7in.<\/a><\/strong><\/p><h3><strong>Etki De\u011ferlendirmesi<\/strong><\/h3><p>Etki De\u011ferlendirmeleri hem temel hem de nihai ara\u015ft\u0131rmalar\u0131 gerektirir. XSIGHTS, m\u00fcdahale programlar\u0131 i\u00e7in fark\u0131 kar\u015f\u0131la\u015ft\u0131rmak ve spesifik hipotezi test etmek i\u00e7in ba\u015flang\u0131\u00e7 ve biti\u015f anketleri y\u00fcr\u00fctm\u00fc\u015ft\u00fcr. De\u011fi\u015fim Teorisi\u2019ne (ToC) g\u00fc\u00e7l\u00fc bir \u015fekilde dayanan Etki De\u011ferlendirmeleri, programlar taraf\u0131ndan sunulmas\u0131 umulan sonu\u00e7lar\u0131n ve genel etkinin \u015feffaf bir \u015fekilde de\u011ferlendirilmesine olanak tan\u0131maktad\u0131r. Daha fazla bilgi i\u00e7in<a href=\"https:\/\/www.xsights.co.uk\/tr\/teklif-iste\/\"><strong> l\u00fctfen bizimle ileti\u015fime ge\u00e7in.<\/strong><\/a><\/p><h3><strong>Performans De\u011ferlendirmeleri<\/strong><\/h3><p>XSIGHTS, ba\u011f\u0131ms\u0131z d\u0131\u015f performans de\u011ferlendirmeleri y\u00fcr\u00fctmektedir. Bu de\u011ferlendirmeler OECD Kalk\u0131nma Yard\u0131m\u0131 Komitesi (OECD\/ DAC) kriterlerine dayal\u0131 yap\u0131labildi\u011fi gibi XSIGHTS taraf\u0131ndan da tasarlanabilir. D\u0131\u015f de\u011ferlendirmelerin amac\u0131, iyile\u015ftirme alanlar\u0131n\u0131, en iyi uygulamalar\u0131 ve varsa daha fazla finansman ihtiyac\u0131n\u0131 belirlemektir. Tipik olarak, her Performans De\u011ferlendirmesi\u2019ne, alan\u0131ndaki bir kilit uzman ve proje ilerlemesi, veri toplama ve analizi \u00fczerinde birlikte \u00e7al\u0131\u015fan deneyimli ara\u015ft\u0131rmac\u0131lardan olu\u015fan bir ekip rehberlik etmektedir. Daha fazla bilgi i\u00e7in <a href=\"https:\/\/www.xsights.co.uk\/tr\/teklif-iste\/\"><strong>l\u00fctfen bizimle ileti\u015fime ge\u00e7in.<\/strong><\/a><\/p><h3><strong>Cinsiyet ve Kapsay\u0131c\u0131l\u0131k De\u011ferlendirmesi<\/strong><\/h3><p>XSIGHTS, dezavantajl\u0131 gruplar i\u00e7in ara\u015ft\u0131rma y\u00fcr\u00fctme konusunda tecr\u00fcbelidir. Bu anketler, fiziksel ya\u015fam ko\u015fullar\u0131n\u0131, kamu hizmetlerine eri\u015fimi, dijitalle\u015fme d\u00fczeyini, siyasi kat\u0131l\u0131m\u0131 ve toplumun di\u011fer \u00fcyeleriyle olan sosyal mesafelerini detayland\u0131rmaktad\u0131r. Daha fazla bilgi i\u00e7in<a href=\"https:\/\/www.xsights.co.uk\/tr\/teklif-iste\/\"><strong> l\u00fctfen bizimle ileti\u015fime ge\u00e7in.<\/strong><\/a><\/p><h3><strong>\u0130zleme ve De\u011ferlendirme Sistemi Tasar\u0131m\u0131<\/strong><\/h3><p>XSIGHTS, geli\u015ftirme projeleri i\u00e7in \u0130zleme ve De\u011ferlendirme Sistemleri tasarlama konusunda geni\u015f deneyime sahiptir. XSIGHTS, geli\u015ftirme projeleri i\u00e7in g\u00f6stergeler belirlemek ve spesifik, \u00f6l\u00e7\u00fclebilir, ula\u015f\u0131labilir, ilgili ve zamana ba\u011fl\u0131 izleme ve de\u011ferlendirme \u00e7er\u00e7eveleri geli\u015ftirmek i\u00e7in m\u00fc\u015fterilerle birlikte \u00e7al\u0131\u015fm\u0131\u015ft\u0131r. Daha fazla bilgi i\u00e7in <a href=\"https:\/\/www.xsights.co.uk\/tr\/teklif-iste\/\"><strong>l\u00fctfen bizimle ileti\u015fime ge\u00e7in.<\/strong><\/a><\/p><p>\u0130zleme, De\u011ferlendirme ve \u00d6\u011frenme hakk\u0131nda daha fazla bilgi i\u00e7in <a href=\"https:\/\/www.xsights.co.uk\/tr\/teklif-iste\/\"><strong>l\u00fctfen bizimle ileti\u015fime ge\u00e7in.<\/strong><\/a><\/p>\t\t\t\t\t\t\t\t<\/div>\n\t\t\t\t<\/div>\n\t\t\t\t<div class=\"elementor-element elementor-element-886a1b1 elementor-widget elementor-widget-spacer\" data-id=\"886a1b1\" data-element_type=\"widget\" data-widget_type=\"spacer.default\">\n\t\t\t\t<div class=\"elementor-widget-container\">\n\t\t\t\t\t\t\t<div class=\"elementor-spacer\">\n\t\t\t<div class=\"elementor-spacer-inner\"><\/div>\n\t\t<\/div>\n\t\t\t\t\t\t<\/div>\n\t\t\t\t<\/div>\n\t\t\t\t<section class=\"elementor-section elementor-inner-section elementor-element elementor-element-dafc6e3 elementor-section-boxed elementor-section-height-default elementor-section-height-default\" data-id=\"dafc6e3\" data-element_type=\"section\">\n\t\t\t\t\t\t<div class=\"elementor-container elementor-column-gap-default\">\n\t\t\t\t\t<div class=\"elementor-column elementor-col-100 elementor-inner-column elementor-element elementor-element-72267db\" data-id=\"72267db\" data-element_type=\"column\" data-settings=\"{&quot;background_background&quot;:&quot;classic&quot;}\">\n\t\t\t<div class=\"elementor-widget-wrap elementor-element-populated\">\n\t\t\t\t\t\t<div class=\"elementor-element elementor-element-ece5fa8 elementor-widget elementor-widget-heading\" data-id=\"ece5fa8\" data-element_type=\"widget\" data-widget_type=\"heading.default\">\n\t\t\t\t<div class=\"elementor-widget-container\">\n\t\t\t\t\t<h2 class=\"elementor-heading-title elementor-size-default\">Sizi Arayal\u0131m<\/h2>\t\t\t\t<\/div>\n\t\t\t\t<\/div>\n\t\t\t\t<div class=\"elementor-element elementor-element-8f802c2 elementor-widget elementor-widget-shortcode\" data-id=\"8f802c2\" data-element_type=\"widget\" data-widget_type=\"shortcode.default\">\n\t\t\t\t<div class=\"elementor-widget-container\">\n\t\t\t\t\t\t\t<div class=\"elementor-shortcode\"><div class='fluentform ff-default fluentform_wrapper_9 ffs_modern_l_wrap'><form data-form_id=\"9\" id=\"fluentform_9\" class=\"frm-fluent-form fluent_form_9 ff-el-form-top ff_form_instance_9_1 ff-form-loading ffs_modern_l\" data-form_instance=\"ff_form_instance_9_1\" method=\"POST\" ><fieldset  style=\"border: none!important;margin: 0!important;padding: 0!important;background-color: transparent!important;box-shadow: none!important;outline: none!important; min-inline-size: 100%;\">\n                    <legend class=\"ff_screen_reader_title\" style=\"display: block; margin: 0!important;padding: 0!important;height: 0!important;text-indent: -999999px;width: 0!important;overflow:hidden;\">M\u00fc\u015fteri Deneyimi Sayfas\u0131 Formu (TR)<\/legend><input type='hidden' name='__fluent_form_embded_post_id' value='8319' \/><input type=\"hidden\" id=\"_fluentform_9_fluentformnonce\" name=\"_fluentform_9_fluentformnonce\" value=\"9fa37e2488\" \/><input type=\"hidden\" name=\"_wp_http_referer\" value=\"\/tr\/wp-json\/wp\/v2\/pages\/8319\" \/><div data-name=\"ff_cn_id_1\"  class='ff-t-container ff-column-container ff_columns_total_2  '><div class='ff-t-cell ff-t-column-1' style='flex-basis: 50%;'><div data-type=\"name-element\" data-name=\"ad_ve_soyad\" class=\" ff-field_container ff-name-field-wrapper\" ><div class='ff-t-container'><div class='ff-t-cell '><div class='ff-el-group ff-el-form-top'><div class=\"ff-el-input--label ff-el-is-required asterisk-right\"><label for='ff_9_ad_ve_soyad_first_name_' >Ad\u0131n\u0131z ve Soyad\u0131n\u0131z<\/label><\/div><div class='ff-el-input--content'><input type=\"text\" name=\"ad_ve_soyad[first_name]\" id=\"ff_9_ad_ve_soyad_first_name_\" class=\"ff-el-form-control\" aria-invalid=\"false\" aria-required=true><\/div><\/div><\/div><\/div><\/div><\/div><div class='ff-t-cell ff-t-column-2' style='flex-basis: 50%;'><div class='ff-el-group'><div class=\"ff-el-input--label ff-el-is-required asterisk-right\"><label for='ff_9_kurumunuzun_unvani' aria-label=\"Firma\">Firma<\/label><\/div><div class='ff-el-input--content'><input type=\"text\" name=\"kurumunuzun_unvani\" class=\"ff-el-form-control\" data-name=\"kurumunuzun_unvani\" id=\"ff_9_kurumunuzun_unvani\"  aria-invalid=\"false\" aria-required=true><\/div><\/div><\/div><\/div><div data-name=\"ff_cn_id_2\"  class='ff-t-container ff-column-container ff_columns_total_2  '><div class='ff-t-cell ff-t-column-1' style='flex-basis: 50%;'><div class='ff-el-group'><div class=\"ff-el-input--label ff-el-is-required asterisk-right\"><label for='ff_9_telefon_numaraniz_1' aria-label=\"Telefon Numaran\u0131z\">Telefon Numaran\u0131z<\/label><\/div><div class='ff-el-input--content'><input name=\"telefon_numaraniz_1\" class=\"ff-el-form-control ff-el-phone ff_el_with_extended_validation\" type=\"tel\" data-name=\"telefon_numaraniz_1\" id=\"ff_9_telefon_numaraniz_1\" inputmode=\"tel\"  aria-invalid='false' aria-required=true><\/div><\/div><\/div><div class='ff-t-cell ff-t-column-2' style='flex-basis: 50%;'><div class='ff-el-group'><div class=\"ff-el-input--label ff-el-is-required asterisk-right\"><label for='ff_9_email' aria-label=\"Email Adresiniz\">Email Adresiniz<\/label><\/div><div class='ff-el-input--content'><input type=\"email\" name=\"email\" id=\"ff_9_email\" class=\"ff-el-form-control\" data-name=\"email\"  aria-invalid=\"false\" aria-required=true><\/div><\/div><\/div><\/div><div class='ff-el-group ' ><div class='ff-el-input--content'><div data-fluent_id='9' name='g-recaptcha-response'><div\n\t\tdata-sitekey='6LeCN5kkAAAAAD2zFULIiehyPu4P_Dj32EWWONmZ'\n\t\tid='fluentform-recaptcha-9-1'\n\t\tclass='ff-el-recaptcha g-recaptcha'\n\t\tdata-callback='fluentFormrecaptchaSuccessCallback'><\/div><\/div><\/div><\/div><div class='ff-el-group  ff-custom_html ff-hidden loader-wrapper' tabindex='-1' data-name=\"custom_html-9_1\" ><div class=\"lds-ripple\"><div><\/div><div><\/div><div><\/div><div><\/div><\/div><\/div><div class='ff-el-group ff-text-left ff_submit_btn_wrapper'><button type=\"submit\" class=\"ff-btn ff-btn-submit ff-btn-lg ff_btn_style wpf_has_custom_css\" >Formu G\u00f6nder<\/button><\/div><\/fieldset><\/form><div id='fluentform_9_errors' class='ff-errors-in-stack ff_form_instance_9_1 ff-form-loading_errors ff_form_instance_9_1_errors'><\/div><\/div>        <script type=\"text\/javascript\">\n            window.fluent_form_ff_form_instance_9_1 = {\"id\":\"9\",\"settings\":{\"layout\":{\"labelPlacement\":\"top\",\"helpMessagePlacement\":\"with_label\",\"errorMessagePlacement\":\"inline\",\"cssClassName\":\"\",\"asteriskPlacement\":\"asterisk-right\"},\"restrictions\":{\"denyEmptySubmission\":{\"enabled\":false}}},\"form_instance\":\"ff_form_instance_9_1\",\"form_id_selector\":\"fluentform_9\",\"rules\":{\"ad_ve_soyad[first_name]\":{\"required\":{\"value\":true,\"message\":\"Bu alan\\u0131n doldurulmas\\u0131 zorunludur.\",\"global_message\":\"This field is required\",\"global\":false}},\"ad_ve_soyad[middle_name]\":{\"required\":{\"value\":false,\"message\":\"This field is required\",\"global_message\":\"This field is required\",\"global\":true}},\"ad_ve_soyad[last_name]\":{\"required\":{\"value\":true,\"message\":\"Bu alan\\u0131n doldurulmas\\u0131 zorunludur.\",\"global_message\":\"This field is required\",\"global\":false}},\"kurumunuzun_unvani\":{\"required\":{\"value\":true,\"message\":\"Teklif iletilebilmesi i\\u00e7in bu alan\\u0131 doldurman\\u0131z gerekmektedir.\",\"global_message\":\"This field is required\",\"global\":false}},\"telefon_numaraniz_1\":{\"required\":{\"value\":true,\"global\":false,\"message\":\"Teklif detaylar\\u0131 ile ilgili ileti\\u015fime kurabilmemiz i\\u00e7in bu alan\\u0131 doldurman\\u0131z gerekmektedir.\",\"global_message\":\"This field is required\"},\"valid_phone_number\":{\"value\":true,\"global\":true,\"message\":\"Phone number is not valid\",\"global_message\":\"Phone number is not valid\"}},\"email\":{\"required\":{\"value\":true,\"message\":\"This field is required\",\"global_message\":\"This field is required\",\"global\":true},\"email\":{\"value\":true,\"message\":\"This field must contain a valid email\",\"global_message\":\"This field must contain a valid email\",\"global\":true}},\"g-recaptcha-response\":[]},\"debounce_time\":300};\n                    <\/script>\n        <\/div>\n\t\t\t\t\t\t<\/div>\n\t\t\t\t<\/div>\n\t\t\t\t\t<\/div>\n\t\t<\/div>\n\t\t\t\t\t<\/div>\n\t\t<\/section>\n\t\t\t\t<div class=\"elementor-element elementor-element-b2a9c75 elementor-widget elementor-widget-spacer\" data-id=\"b2a9c75\" data-element_type=\"widget\" data-widget_type=\"spacer.default\">\n\t\t\t\t<div class=\"elementor-widget-container\">\n\t\t\t\t\t\t\t<div class=\"elementor-spacer\">\n\t\t\t<div class=\"elementor-spacer-inner\"><\/div>\n\t\t<\/div>\n\t\t\t\t\t\t<\/div>\n\t\t\t\t<\/div>\n\t\t\t\t\t<\/div>\n\t\t<\/div>\n\t\t\t\t\t<\/div>\n\t\t<\/section>\n\t\t\t\t<section class=\"elementor-section elementor-top-section elementor-element elementor-element-fba391b elementor-section-boxed elementor-section-height-default elementor-section-height-default\" data-id=\"fba391b\" data-element_type=\"section\">\n\t\t\t\t\t\t<div class=\"elementor-container elementor-column-gap-default\">\n\t\t\t\t\t<div class=\"elementor-column elementor-col-100 elementor-top-column elementor-element elementor-element-71481ce\" data-id=\"71481ce\" data-element_type=\"column\">\n\t\t\t<div class=\"elementor-widget-wrap elementor-element-populated\">\n\t\t\t\t\t\t<div class=\"elementor-element elementor-element-796a65e elementor-widget elementor-widget-html\" data-id=\"796a65e\" data-element_type=\"widget\" data-widget_type=\"html.default\">\n\t\t\t\t<div class=\"elementor-widget-container\">\n\t\t\t\t\t<script src=\"https:\/\/js.hsforms.net\/forms\/embed\/49517809.js\" defer><\/script>\r\n<div class=\"hs-form-frame\" data-region=\"na1\" data-form-id=\"937881e2-bd6c-447c-a620-3a7e01bf514d\" data-portal-id=\"49517809\"><\/div>\t\t\t\t<\/div>\n\t\t\t\t<\/div>\n\t\t\t\t\t<\/div>\n\t\t<\/div>\n\t\t\t\t\t<\/div>\n\t\t<\/section>\n\t\t\t\t<\/div>\n\t\t","protected":false},"excerpt":{"rendered":"<p>Teklif \u0130ste \u0130leti\u015fim Bilgi, Tutum ve Uygulama (KAP) Anketleri Ba\u011f\u0131ms\u0131z bir ara\u015ft\u0131rma \u015firketi olan XSIGHTS, \u00e7e\u015fitli sosyal konularda d\u00fczenli olarak KAP anketleri y\u00fcr\u00fctmektedir. Bu anketler, sosyal belle\u011fin \u00e7ekirde\u011fini olu\u015fturur ve davran\u0131\u015f de\u011fi\u015fikli\u011fi ileti\u015fimleri i\u00e7in de\u011ferli bilgiler sunar. Daha fazla bilgi i\u00e7in l\u00fctfen bizimle ileti\u015fime ge\u00e7in. \u0130htiya\u00e7 Analizleri XSIGHTS, insani veya siyasi krizlerde h\u0131zl\u0131 \u0130htiya\u00e7 Analizi [&hellip;]<\/p>\n","protected":false},"author":1,"featured_media":7552,"parent":8277,"menu_order":6,"comment_status":"closed","ping_status":"closed","template":"","meta":{"_acf_changed":false,"footnotes":""},"sayfa-kategorisi":[],"class_list":["post-8319","page","type-page","status-publish","has-post-thumbnail","hentry"],"acf":[],"_links":{"self":[{"href":"https:\/\/www.xsights.co.uk\/tr\/wp-json\/wp\/v2\/pages\/8319","targetHints":{"allow":["GET"]}}],"collection":[{"href":"https:\/\/www.xsights.co.uk\/tr\/wp-json\/wp\/v2\/pages"}],"about":[{"href":"https:\/\/www.xsights.co.uk\/tr\/wp-json\/wp\/v2\/types\/page"}],"author":[{"embeddable":true,"href":"https:\/\/www.xsights.co.uk\/tr\/wp-json\/wp\/v2\/users\/1"}],"replies":[{"embeddable":true,"href":"https:\/\/www.xsights.co.uk\/tr\/wp-json\/wp\/v2\/comments?post=8319"}],"version-history":[{"count":7,"href":"https:\/\/www.xsights.co.uk\/tr\/wp-json\/wp\/v2\/pages\/8319\/revisions"}],"predecessor-version":[{"id":12278,"href":"https:\/\/www.xsights.co.uk\/tr\/wp-json\/wp\/v2\/pages\/8319\/revisions\/12278"}],"up":[{"embeddable":true,"href":"https:\/\/www.xsights.co.uk\/tr\/wp-json\/wp\/v2\/pages\/8277"}],"wp:featuredmedia":[{"embeddable":true,"href":"https:\/\/www.xsights.co.uk\/tr\/wp-json\/wp\/v2\/media\/7552"}],"wp:attachment":[{"href":"https:\/\/www.xsights.co.uk\/tr\/wp-json\/wp\/v2\/media?parent=8319"}],"wp:term":[{"taxonomy":"sayfa-kategorisi","embeddable":true,"href":"https:\/\/www.xsights.co.uk\/tr\/wp-json\/wp\/v2\/sayfa-kategorisi?post=8319"}],"curies":[{"name":"wp","href":"https:\/\/api.w.org\/{rel}","templated":true}]}}