{"id":9024,"date":"2023-05-02T20:59:08","date_gmt":"2023-05-02T17:59:08","guid":{"rendered":"https:\/\/www.xsights.co.uk\/?page_id=9024"},"modified":"2023-11-23T09:22:01","modified_gmt":"2023-11-23T06:22:01","slug":"kamu-ve-kar-amaci-gutmeyen-kuruluslar","status":"publish","type":"page","link":"https:\/\/www.xsights.co.uk\/tr\/islerimiz\/kamu-ve-kar-amaci-gutmeyen-kuruluslar\/","title":{"rendered":"Kamu ve Kar Amac\u0131 G\u00fctmeyen Kurulu\u015flar"},"content":{"rendered":"\t\t<div data-elementor-type=\"wp-page\" data-elementor-id=\"9024\" class=\"elementor elementor-9024\" data-elementor-post-type=\"page\">\n\t\t\t\t\t\t<section class=\"elementor-section elementor-top-section elementor-element elementor-element-0ec828a elementor-section-height-min-height elementor-section-items-bottom elementor-section-boxed elementor-section-height-default\" data-id=\"0ec828a\" data-element_type=\"section\" data-settings=\"{&quot;background_background&quot;:&quot;classic&quot;}\">\n\t\t\t\t\t\t<div class=\"elementor-container elementor-column-gap-default\">\n\t\t\t\t\t<div class=\"elementor-column elementor-col-100 elementor-top-column elementor-element elementor-element-923957f\" data-id=\"923957f\" data-element_type=\"column\">\n\t\t\t<div class=\"elementor-widget-wrap elementor-element-populated\">\n\t\t\t\t\t\t\t<\/div>\n\t\t<\/div>\n\t\t\t\t\t<\/div>\n\t\t<\/section>\n\t\t\t\t<section class=\"elementor-section elementor-top-section elementor-element elementor-element-23b132a elementor-section-boxed elementor-section-height-default elementor-section-height-default\" data-id=\"23b132a\" data-element_type=\"section\">\n\t\t\t\t\t\t<div class=\"elementor-container elementor-column-gap-default\">\n\t\t\t\t\t<div class=\"elementor-column elementor-col-100 elementor-top-column elementor-element elementor-element-29d2b49\" data-id=\"29d2b49\" data-element_type=\"column\">\n\t\t\t<div class=\"elementor-widget-wrap elementor-element-populated\">\n\t\t\t\t\t\t<div class=\"elementor-element elementor-element-31dc73f elementor-widget elementor-widget-spacer\" data-id=\"31dc73f\" data-element_type=\"widget\" data-widget_type=\"spacer.default\">\n\t\t\t\t<div class=\"elementor-widget-container\">\n\t\t\t\t\t\t\t<div class=\"elementor-spacer\">\n\t\t\t<div class=\"elementor-spacer-inner\"><\/div>\n\t\t<\/div>\n\t\t\t\t\t\t<\/div>\n\t\t\t\t<\/div>\n\t\t\t\t<div class=\"elementor-element elementor-element-d3adc83 elementor-widget elementor-widget-ucaddon_posts_search_filter\" data-id=\"d3adc83\" data-element_type=\"widget\" data-widget_type=\"ucaddon_posts_search_filter.default\">\n\t\t\t\t<div class=\"elementor-widget-container\">\n\t\t\t\t\t\n<!-- start Search Filter -->\n\t\t<link id='font-awesome-css' href='https:\/\/www.xsights.co.uk\/wp-content\/plugins\/unlimited-elements-for-elementor-premium\/assets_libraries\/font-awesome6\/fontawesome-all.min.css' type='text\/css' rel='stylesheet' >\n\t\t<link id='font-awesome-4-shim-css' href='https:\/\/www.xsights.co.uk\/wp-content\/plugins\/unlimited-elements-for-elementor-premium\/assets_libraries\/font-awesome6\/fontawesome-v4-shims.min.css' type='text\/css' rel='stylesheet' >\n\n<style>\/* widget: Search Filter *\/\n\n#uc_posts_search_filter_elementor_d3adc83-wrapper\n{\n  display:flex;\n}\n\n#uc_posts_search_filter_elementor_d3adc83\n{\n  width:100%;\n}\n#uc_posts_search_filter_elementor_d3adc83 .uc-search-filter__input\n{\n  width:100%;\n  flex-grow:1;\n}\n\n#uc_posts_search_filter_elementor_d3adc83 .uc-search-filter-btn\n{\n  display:flex;\n  align-items:center;\n  flex-grow:0;\n  flex-shrink:0;\n}\n\n#uc_posts_search_filter_elementor_d3adc83 .uc-search-filter-input-wrapper\n{\n  display:flex;\n  align-items:center;\n}\n\n\n#uc_posts_search_filter_elementor_d3adc83 .uc-search-filter-btn .ue-btn-icon\n{\n  line-height:1em;\n}\n\n\n\n#uc_posts_search_filter_elementor_d3adc83 .uc-search-filter-btn .ue-btn-icon svg\n{\n  height:1em;\n  width:1em;\n}\n\n#uc_posts_search_filter_elementor_d3adc83 ::-webkit-input-placeholder { \/* Edge *\/\n  color: #7D7D7D;\n}\n\n#uc_posts_search_filter_elementor_d3adc83 :-ms-input-placeholder { \/* Internet Explorer 10-11 *\/\n  color: #7D7D7D;\n}\n\n#uc_posts_search_filter_elementor_d3adc83 ::placeholder {\n  color: #7D7D7D;\n}\n\n<\/style>\n\n<div class=\"uc-search-filter-wrapper\" id=\"uc_posts_search_filter_elementor_d3adc83-wrapper\" >\n<div id=\"uc_posts_search_filter_elementor_d3adc83\" class=\"uc-search-filter uc-grid-filter\" data-filtertype=\"search\"> \n  \n \t  \n  \t<div class=\"uc-search-filter-input-wrapper\">\n  \n    <input type=\"text\" class=\"uc-search-filter__input\" placeholder=\"Ne Aram\u0131\u015ft\u0131n\u0131z?\">\n  \t      \n    \t\n      \n    <\/div>\n  \n<\/div>\n<\/div>\n<!-- end Search Filter -->\t\t\t\t<\/div>\n\t\t\t\t<\/div>\n\t\t\t\t<div class=\"elementor-element elementor-element-5e61086 elementor-widget elementor-widget-spacer\" data-id=\"5e61086\" data-element_type=\"widget\" data-widget_type=\"spacer.default\">\n\t\t\t\t<div class=\"elementor-widget-container\">\n\t\t\t\t\t\t\t<div class=\"elementor-spacer\">\n\t\t\t<div class=\"elementor-spacer-inner\"><\/div>\n\t\t<\/div>\n\t\t\t\t\t\t<\/div>\n\t\t\t\t<\/div>\n\t\t\t\t<div class=\"elementor-element elementor-element-90caa27 elementor-widget elementor-widget-ucaddon_post_blocks\" data-id=\"90caa27\" data-element_type=\"widget\" data-widget_type=\"ucaddon_post_blocks.default\">\n\t\t\t\t<div class=\"elementor-widget-container\">\n\t\t\t\t\t\n<!-- start Post Blocks -->\n\n<style>\/* widget: Post Blocks *\/\n\n#uc_post_blocks_elementor_90caa27 {\n    display:grid;\n}\n#uc_post_blocks_elementor_90caa27 .ue_post_blocks_box\n{\n  overflow:hidden;\n}\n\n#uc_post_blocks_elementor_90caa27 .ue_post_blocks_image\n{\n  overflow:hidden;\n}\n#uc_post_blocks_elementor_90caa27 .ue_post_blocks_image img\n{\n  object-fit: cover;\n  object-position:center center;\n  width:100%;\n  display:block;\n}\n#uc_post_blocks_elementor_90caa27 .ue_post_blocks_link a\n{\n  display:inline-block;\n  text-decoration:none;\n  text-align:center;\n}\n\n #uc_post_blocks_elementor_90caa27 .ue_post_blocks_box img\n{\n  transition:0.5s;\n}\n #uc_post_blocks_elementor_90caa27 .ue_post_blocks_box:hover img\n{\n  transform:scale(1.1,1.1);\n}\n\n\n\n\n#uc_post_blocks_elementor_90caa27 .ue-grid-item-meta-data\n{\n  display:inlin-flex;\n  flex-wrap: wrap;\n}\n\n.ue-grid-item-meta-data\n{\n  font-size:12px;\n}\n\n#uc_post_blocks_elementor_90caa27 .ue-grid-item-meta-data-icon\n{\n  line-height:1em;\n}\n\n#uc_post_blocks_elementor_90caa27 .ue-grid-item-meta-data-icon svg\n{\n  width:1em;\n  height:1em;\n}\n\n\n.ue-grid-item-category a\n{\n  display:inline-block;\n  font-size:10px;\n  text-transform:uppercase;\n}\n\n<\/style>\n\n<div id=\"uc_post_blocks_elementor_90caa27\" class=\"ue_post_blocks uc-items-wrapper uc-filterable-grid\"  data-ajax='true'  data-filterbehave='ajax'  querydata='{&quot;count_posts&quot;:10,&quot;total_posts&quot;:10,&quot;page&quot;:1,&quot;num_pages&quot;:1,&quot;orderby&quot;:&quot;title&quot;,&quot;orderdir&quot;:&quot;asc&quot;}'>\n    <div class=\"ue_post_blocks_box\">\n    <div class=\"ue_post_blocks_image\">\n    <a href=\"https:\/\/www.xsights.co.uk\/tr\/works\/cevre-dogal-kaynak-yonetimi-ve-tarim\/\" style=\"display:block;\"><img fetchpriority=\"high\" decoding=\"async\" src=\"https:\/\/www.xsights.co.uk\/wp-content\/uploads\/2023\/05\/cevre-dogalkaynak-yonetim.jpg\"  src=\"https:\/\/www.xsights.co.uk\/wp-content\/uploads\/2023\/05\/cevre-dogalkaynak-yonetim.jpg\" alt=\"cevre-dogalkaynak-yonetim\" width=\"454\" height=\"314\"><\/a>\n  <\/div>\n    <div class=\"ue_post_blocks_content\">\n      \n     \n         \n    <div class=\"ue_post_blocks_title\"><a href=\"https:\/\/www.xsights.co.uk\/tr\/works\/cevre-dogal-kaynak-yonetimi-ve-tarim\/\">\u00c7evre, Do\u011fal Kaynak Y\u00f6netimi ve Tar\u0131m<\/a><\/div>    \n        \n    \n    <div class=\"ue_post_blocks_text\">Kakule Vaadi\/De\u011fer Zincirinin De\u011ferlendirilmesi Projesi Kakule, Do\u011fu Nepal&#8217;de bir nakit ekinidir....<\/div>    <div class=\"ue_post_blocks_link\"><a href=\"https:\/\/www.xsights.co.uk\/tr\/works\/cevre-dogal-kaynak-yonetimi-ve-tarim\/\" class=\"\">Devam\u0131n\u0131 \u0130ncele<\/a><\/div>  <\/div>\n<\/div>\n<div class=\"ue_post_blocks_box\">\n    <div class=\"ue_post_blocks_image\">\n    <a href=\"https:\/\/www.xsights.co.uk\/tr\/works\/cinsiyet-esitligi-ve-kapsayicilik\/\" style=\"display:block;\"><img decoding=\"async\" src=\"https:\/\/www.xsights.co.uk\/wp-content\/uploads\/2023\/05\/Kadinlar-Grubu-27.10.2022-Saat-15_00.jpeg\"  src=\"https:\/\/www.xsights.co.uk\/wp-content\/uploads\/2023\/05\/Kadinlar-Grubu-27.10.2022-Saat-15_00.jpeg\" alt=\"Kad\u0131nlar Grubu 27.10\" width=\"2048\" height=\"1537\"><\/a>\n  <\/div>\n    <div class=\"ue_post_blocks_content\">\n      \n     \n         \n    <div class=\"ue_post_blocks_title\"><a href=\"https:\/\/www.xsights.co.uk\/tr\/works\/cinsiyet-esitligi-ve-kapsayicilik\/\">Cinsiyet E\u015fitli\u011fi ve Kapsay\u0131c\u0131l\u0131k<\/a><\/div>    \n        \n    \n    <div class=\"ue_post_blocks_text\">Kad\u0131n ve \u0130stihdam Ara\u015ft\u0131rmas\u0131, 2017&#8217;den G\u00fcn\u00fcm\u00fcze 2017&#8217;den beri XSIGHTS, TED \u00dcniversitesi...<\/div>    <div class=\"ue_post_blocks_link\"><a href=\"https:\/\/www.xsights.co.uk\/tr\/works\/cinsiyet-esitligi-ve-kapsayicilik\/\" class=\"\">Devam\u0131n\u0131 \u0130ncele<\/a><\/div>  <\/div>\n<\/div>\n<div class=\"ue_post_blocks_box\">\n    <div class=\"ue_post_blocks_image\">\n    <a href=\"https:\/\/www.xsights.co.uk\/tr\/works\/cocuklar-ve-cocuk-koruma\/\" style=\"display:block;\"><img decoding=\"async\" src=\"https:\/\/www.xsights.co.uk\/wp-content\/uploads\/2023\/05\/cocuklar-ve-cocuk-koruma.jpg\"  src=\"https:\/\/www.xsights.co.uk\/wp-content\/uploads\/2023\/05\/cocuklar-ve-cocuk-koruma.jpg\" alt=\"cocuklar-ve-cocuk-koruma\" width=\"300\" height=\"651\"><\/a>\n  <\/div>\n    <div class=\"ue_post_blocks_content\">\n      \n     \n         \n    <div class=\"ue_post_blocks_title\"><a href=\"https:\/\/www.xsights.co.uk\/tr\/works\/cocuklar-ve-cocuk-koruma\/\">\u00c7ocuklar ve \u00c7ocuk Koruma<\/a><\/div>    \n        \n    \n    <div class=\"ue_post_blocks_text\">XSIGHTS hem \u00f6zel sekt\u00f6r hem de kamu sekt\u00f6r\u00fc m\u00fc\u015fterileri i\u00e7in \u00e7ocuklar\u0131 kapsayan ara\u015ft\u0131rmalar y\u00fcr\u00fctme...<\/div>    <div class=\"ue_post_blocks_link\"><a href=\"https:\/\/www.xsights.co.uk\/tr\/works\/cocuklar-ve-cocuk-koruma\/\" class=\"\">Devam\u0131n\u0131 \u0130ncele<\/a><\/div>  <\/div>\n<\/div>\n<div class=\"ue_post_blocks_box\">\n    <div class=\"ue_post_blocks_image\">\n    <a href=\"https:\/\/www.xsights.co.uk\/tr\/works\/demokrasi-yonetisim-ve-etik\/\" style=\"display:block;\"><img loading=\"lazy\" decoding=\"async\" src=\"https:\/\/www.xsights.co.uk\/wp-content\/uploads\/2023\/05\/demokrasi-ve-etik.jpg\"  src=\"https:\/\/www.xsights.co.uk\/wp-content\/uploads\/2023\/05\/demokrasi-ve-etik.jpg\" alt=\"demokrasi-ve-etik\" width=\"525\" height=\"934\"><\/a>\n  <\/div>\n    <div class=\"ue_post_blocks_content\">\n      \n     \n         \n    <div class=\"ue_post_blocks_title\"><a href=\"https:\/\/www.xsights.co.uk\/tr\/works\/demokrasi-yonetisim-ve-etik\/\">Demokrasi, Y\u00f6neti\u015fim ve Etik<\/a><\/div>    \n        \n    \n    <div class=\"ue_post_blocks_text\">Demokrasi, Y\u00f6neti\u015fim ve Etik konular\u0131 hem \u00f6zel sekt\u00f6r hem de kamu sekt\u00f6r\u00fc \u00e7al\u0131\u015fmalar\u0131m\u0131z\u0131n merkezinde...<\/div>    <div class=\"ue_post_blocks_link\"><a href=\"https:\/\/www.xsights.co.uk\/tr\/works\/demokrasi-yonetisim-ve-etik\/\" class=\"\">Devam\u0131n\u0131 \u0130ncele<\/a><\/div>  <\/div>\n<\/div>\n<div class=\"ue_post_blocks_box\">\n    <div class=\"ue_post_blocks_image\">\n    <a href=\"https:\/\/www.xsights.co.uk\/tr\/works\/ekonomik-buyume\/\" style=\"display:block;\"><img loading=\"lazy\" decoding=\"async\" src=\"https:\/\/www.xsights.co.uk\/wp-content\/uploads\/2023\/05\/ekonomik-buyume.png\"  src=\"https:\/\/www.xsights.co.uk\/wp-content\/uploads\/2023\/05\/ekonomik-buyume.png\" alt=\"ekonomik-b\u00fcy\u00fcme\" width=\"605\" height=\"388\"><\/a>\n  <\/div>\n    <div class=\"ue_post_blocks_content\">\n      \n     \n         \n    <div class=\"ue_post_blocks_title\"><a href=\"https:\/\/www.xsights.co.uk\/tr\/works\/ekonomik-buyume\/\">Ekonomik B\u00fcy\u00fcme<\/a><\/div>    \n        \n    \n    <div class=\"ue_post_blocks_text\">Herkes i\u00e7in S\u00fcrd\u00fcr\u00fclebilir Enerji (SE4A) Projesi XSIGHTS, T\u00fcrkiye&#8217;de SE4A giri\u015fimi i\u00e7in bir temel...<\/div>    <div class=\"ue_post_blocks_link\"><a href=\"https:\/\/www.xsights.co.uk\/tr\/works\/ekonomik-buyume\/\" class=\"\">Devam\u0131n\u0131 \u0130ncele<\/a><\/div>  <\/div>\n<\/div>\n<div class=\"ue_post_blocks_box\">\n    <div class=\"ue_post_blocks_image\">\n    <a href=\"https:\/\/www.xsights.co.uk\/tr\/works\/genclik-ve-egitim\/\" style=\"display:block;\"><img loading=\"lazy\" decoding=\"async\" src=\"https:\/\/www.xsights.co.uk\/wp-content\/uploads\/2023\/05\/genclik-ve-egitim.jpg\"  src=\"https:\/\/www.xsights.co.uk\/wp-content\/uploads\/2023\/05\/genclik-ve-egitim.jpg\" alt=\"genclik-ve-egitim\" width=\"605\" height=\"804\"><\/a>\n  <\/div>\n    <div class=\"ue_post_blocks_content\">\n      \n     \n         \n    <div class=\"ue_post_blocks_title\"><a href=\"https:\/\/www.xsights.co.uk\/tr\/works\/genclik-ve-egitim\/\">Gen\u00e7lik ve E\u011fitim<\/a><\/div>    \n        \n    \n    <div class=\"ue_post_blocks_text\">Gen\u00e7lere Pazarlama Planlar\u0131n\u0131n Haz\u0131rlanmas\u0131 Deste\u011fi XSIGHTS, gen\u00e7lerin T\u00fcrkiye&#8217;nin 5 farkl\u0131 k\u00f6y\u00fcndeki...<\/div>    <div class=\"ue_post_blocks_link\"><a href=\"https:\/\/www.xsights.co.uk\/tr\/works\/genclik-ve-egitim\/\" class=\"\">Devam\u0131n\u0131 \u0130ncele<\/a><\/div>  <\/div>\n<\/div>\n<div class=\"ue_post_blocks_box\">\n    <div class=\"ue_post_blocks_image\">\n    <a href=\"https:\/\/www.xsights.co.uk\/tr\/works\/insani-yardim-ve-gocmenler\/\" style=\"display:block;\"><img loading=\"lazy\" decoding=\"async\" src=\"https:\/\/www.xsights.co.uk\/wp-content\/uploads\/2023\/05\/pexels-ahmed-akacha-3313934-10629417.jpg\"  src=\"https:\/\/www.xsights.co.uk\/wp-content\/uploads\/2023\/05\/pexels-ahmed-akacha-3313934-10629417.jpg\" alt=\"pexels-ahmed-akacha-3313934-10629417\" width=\"5472\" height=\"3648\"><\/a>\n  <\/div>\n    <div class=\"ue_post_blocks_content\">\n      \n     \n         \n    <div class=\"ue_post_blocks_title\"><a href=\"https:\/\/www.xsights.co.uk\/tr\/works\/insani-yardim-ve-gocmenler\/\">\u0130nsani Yard\u0131m ve G\u00f6\u00e7menler<\/a><\/div>    \n        \n    \n    <div class=\"ue_post_blocks_text\">Ge\u00e7ici Koruma Alt\u0131ndaki Suriyeliler (GKaS\u2019ler) Aras\u0131nda Sa\u011fl\u0131k Hizmetlerinden Memnuniyet XSIGHTS, ek...<\/div>    <div class=\"ue_post_blocks_link\"><a href=\"https:\/\/www.xsights.co.uk\/tr\/works\/insani-yardim-ve-gocmenler\/\" class=\"\">Devam\u0131n\u0131 \u0130ncele<\/a><\/div>  <\/div>\n<\/div>\n<div class=\"ue_post_blocks_box\">\n    <div class=\"ue_post_blocks_image\">\n    <a href=\"https:\/\/www.xsights.co.uk\/tr\/works\/is-gucu-ve-girisimcilik\/\" style=\"display:block;\"><img loading=\"lazy\" decoding=\"async\" src=\"https:\/\/www.xsights.co.uk\/wp-content\/uploads\/2023\/05\/isgucu-ve-girisimcilik.png\"  src=\"https:\/\/www.xsights.co.uk\/wp-content\/uploads\/2023\/05\/isgucu-ve-girisimcilik.png\" alt=\"isgucu-ve-girisimcilik\" width=\"605\" height=\"382\"><\/a>\n  <\/div>\n    <div class=\"ue_post_blocks_content\">\n      \n     \n         \n    <div class=\"ue_post_blocks_title\"><a href=\"https:\/\/www.xsights.co.uk\/tr\/works\/is-gucu-ve-girisimcilik\/\">\u0130\u015f G\u00fcc\u00fc ve Giri\u015fimcilik<\/a><\/div>    \n        \n    \n    <div class=\"ue_post_blocks_text\">T\u00fcrkiye\u2019de Sorumlu \u0130\u015fletme Davran\u0131\u015flar\u0131 Ara\u015ft\u0131rma Raporu XSIGHTS, RHB T\u00fcrkiye (Sorumlu \u0130\u015fletmeler Destek...<\/div>    <div class=\"ue_post_blocks_link\"><a href=\"https:\/\/www.xsights.co.uk\/tr\/works\/is-gucu-ve-girisimcilik\/\" class=\"\">Devam\u0131n\u0131 \u0130ncele<\/a><\/div>  <\/div>\n<\/div>\n<div class=\"ue_post_blocks_box\">\n    <div class=\"ue_post_blocks_image\">\n    <a href=\"https:\/\/www.xsights.co.uk\/tr\/works\/saglik-ve-ruh-sagligi\/\" style=\"display:block;\"><img loading=\"lazy\" decoding=\"async\" src=\"https:\/\/www.xsights.co.uk\/wp-content\/uploads\/2023\/05\/saglik-ve-ruh-sagligi.jpg\"  src=\"https:\/\/www.xsights.co.uk\/wp-content\/uploads\/2023\/05\/saglik-ve-ruh-sagligi.jpg\" alt=\"saglik-ve-ruh-sagligi\" width=\"454\" height=\"255\"><\/a>\n  <\/div>\n    <div class=\"ue_post_blocks_content\">\n      \n     \n         \n    <div class=\"ue_post_blocks_title\"><a href=\"https:\/\/www.xsights.co.uk\/tr\/works\/saglik-ve-ruh-sagligi\/\">Sa\u011fl\u0131k ve Ruh Sa\u011fl\u0131\u011f\u0131<\/a><\/div>    \n        \n    \n    <div class=\"ue_post_blocks_text\">Ge\u00e7ici Koruma Alt\u0131ndaki Suriyeliler (GKaS&#8217;ler) Aras\u0131nda Sa\u011fl\u0131k Hizmetlerinden Memnuniyet XSIGHTS,...<\/div>    <div class=\"ue_post_blocks_link\"><a href=\"https:\/\/www.xsights.co.uk\/tr\/works\/saglik-ve-ruh-sagligi\/\" class=\"\">Devam\u0131n\u0131 \u0130ncele<\/a><\/div>  <\/div>\n<\/div>\n<div class=\"ue_post_blocks_box\">\n    <div class=\"ue_post_blocks_image\">\n    <a href=\"https:\/\/www.xsights.co.uk\/tr\/works\/teknik-destek\/\" style=\"display:block;\"><img loading=\"lazy\" decoding=\"async\" src=\"https:\/\/www.xsights.co.uk\/wp-content\/uploads\/2023\/05\/teknik-destek.jpg\"  src=\"https:\/\/www.xsights.co.uk\/wp-content\/uploads\/2023\/05\/teknik-destek.jpg\" alt=\"teknik-destek\" width=\"454\" height=\"391\"><\/a>\n  <\/div>\n    <div class=\"ue_post_blocks_content\">\n      \n     \n         \n    <div class=\"ue_post_blocks_title\"><a href=\"https:\/\/www.xsights.co.uk\/tr\/works\/teknik-destek\/\">Teknik Destek<\/a><\/div>    \n        \n    \n    <div class=\"ue_post_blocks_text\">\u0130nsan Ticaretine Maruz Kalan \u00c7ocuklar \u0130\u00e7in Rehabilitasyon Merkezlerine MEL Sistem Dizayn\u0131 ECPAT International,...<\/div>    <div class=\"ue_post_blocks_link\"><a href=\"https:\/\/www.xsights.co.uk\/tr\/works\/teknik-destek\/\" class=\"\">Devam\u0131n\u0131 \u0130ncele<\/a><\/div>  <\/div>\n<\/div>\n\n<\/div>\n<!-- end Post Blocks -->\t\t\t\t<\/div>\n\t\t\t\t<\/div>\n\t\t\t\t<div class=\"elementor-element elementor-element-932ea74 elementor-widget elementor-widget-spacer\" data-id=\"932ea74\" data-element_type=\"widget\" data-widget_type=\"spacer.default\">\n\t\t\t\t<div class=\"elementor-widget-container\">\n\t\t\t\t\t\t\t<div class=\"elementor-spacer\">\n\t\t\t<div class=\"elementor-spacer-inner\"><\/div>\n\t\t<\/div>\n\t\t\t\t\t\t<\/div>\n\t\t\t\t<\/div>\n\t\t\t\t\t<\/div>\n\t\t<\/div>\n\t\t\t\t\t<\/div>\n\t\t<\/section>\n\t\t\t\t<\/div>\n\t\t","protected":false},"excerpt":{"rendered":"<p>\u00c7evre, Do\u011fal Kaynak Y\u00f6netimi ve Tar\u0131m Kakule Vaadi\/De\u011fer Zincirinin De\u011ferlendirilmesi Projesi Kakule, Do\u011fu Nepal&#8217;de bir nakit ekinidir&#8230;. Devam\u0131n\u0131 \u0130ncele Cinsiyet E\u015fitli\u011fi ve Kapsay\u0131c\u0131l\u0131k Kad\u0131n ve \u0130stihdam Ara\u015ft\u0131rmas\u0131, 2017&#8217;den G\u00fcn\u00fcm\u00fcze 2017&#8217;den beri XSIGHTS, TED \u00dcniversitesi&#8230; Devam\u0131n\u0131 \u0130ncele \u00c7ocuklar ve \u00c7ocuk Koruma XSIGHTS hem \u00f6zel sekt\u00f6r hem de kamu sekt\u00f6r\u00fc m\u00fc\u015fterileri i\u00e7in \u00e7ocuklar\u0131 kapsayan ara\u015ft\u0131rmalar y\u00fcr\u00fctme&#8230; Devam\u0131n\u0131 [&hellip;]<\/p>\n","protected":false},"author":1,"featured_media":9986,"parent":8350,"menu_order":1,"comment_status":"closed","ping_status":"closed","template":"","meta":{"_acf_changed":false,"footnotes":""},"sayfa-kategorisi":[],"class_list":["post-9024","page","type-page","status-publish","has-post-thumbnail","hentry"],"acf":[],"_links":{"self":[{"href":"https:\/\/www.xsights.co.uk\/tr\/wp-json\/wp\/v2\/pages\/9024","targetHints":{"allow":["GET"]}}],"collection":[{"href":"https:\/\/www.xsights.co.uk\/tr\/wp-json\/wp\/v2\/pages"}],"about":[{"href":"https:\/\/www.xsights.co.uk\/tr\/wp-json\/wp\/v2\/types\/page"}],"author":[{"embeddable":true,"href":"https:\/\/www.xsights.co.uk\/tr\/wp-json\/wp\/v2\/users\/1"}],"replies":[{"embeddable":true,"href":"https:\/\/www.xsights.co.uk\/tr\/wp-json\/wp\/v2\/comments?post=9024"}],"version-history":[{"count":0,"href":"https:\/\/www.xsights.co.uk\/tr\/wp-json\/wp\/v2\/pages\/9024\/revisions"}],"up":[{"embeddable":true,"href":"https:\/\/www.xsights.co.uk\/tr\/wp-json\/wp\/v2\/pages\/8350"}],"wp:featuredmedia":[{"embeddable":true,"href":"https:\/\/www.xsights.co.uk\/tr\/wp-json\/wp\/v2\/media\/9986"}],"wp:attachment":[{"href":"https:\/\/www.xsights.co.uk\/tr\/wp-json\/wp\/v2\/media?parent=9024"}],"wp:term":[{"taxonomy":"sayfa-kategorisi","embeddable":true,"href":"https:\/\/www.xsights.co.uk\/tr\/wp-json\/wp\/v2\/sayfa-kategorisi?post=9024"}],"curies":[{"name":"wp","href":"https:\/\/api.w.org\/{rel}","templated":true}]}}