{"id":9401,"date":"2023-05-19T22:08:57","date_gmt":"2023-05-19T19:08:57","guid":{"rendered":"https:\/\/www.xsights.co.uk\/?page_id=9401"},"modified":"2023-05-19T22:09:49","modified_gmt":"2023-05-19T19:09:49","slug":"insani-yardim-ve-gocmenler","status":"publish","type":"page","link":"https:\/\/www.xsights.co.uk\/tr\/islerimiz\/insani-yardim-ve-gocmenler\/","title":{"rendered":"\u0130nsani Yard\u0131m ve G\u00f6\u00e7menler"},"content":{"rendered":"\t\t<div data-elementor-type=\"wp-page\" data-elementor-id=\"9401\" class=\"elementor elementor-9401\" data-elementor-post-type=\"page\">\n\t\t\t\t\t\t<section class=\"elementor-section elementor-top-section elementor-element elementor-element-4a1d0e3 elementor-section-boxed elementor-section-height-default elementor-section-height-default\" data-id=\"4a1d0e3\" data-element_type=\"section\">\n\t\t\t\t\t\t<div class=\"elementor-container elementor-column-gap-default\">\n\t\t\t\t\t<div class=\"elementor-column elementor-col-100 elementor-top-column elementor-element elementor-element-f65e52f\" data-id=\"f65e52f\" data-element_type=\"column\">\n\t\t\t<div class=\"elementor-widget-wrap elementor-element-populated\">\n\t\t\t\t\t\t<div class=\"elementor-element elementor-element-c8c8c2e elementor-widget elementor-widget-spacer\" data-id=\"c8c8c2e\" data-element_type=\"widget\" data-widget_type=\"spacer.default\">\n\t\t\t\t<div class=\"elementor-widget-container\">\n\t\t\t\t\t\t\t<div class=\"elementor-spacer\">\n\t\t\t<div class=\"elementor-spacer-inner\"><\/div>\n\t\t<\/div>\n\t\t\t\t\t\t<\/div>\n\t\t\t\t<\/div>\n\t\t\t\t<div class=\"elementor-element elementor-element-92040b5 elementor-widget elementor-widget-ucaddon_posts_search_filter\" data-id=\"92040b5\" data-element_type=\"widget\" data-widget_type=\"ucaddon_posts_search_filter.default\">\n\t\t\t\t<div class=\"elementor-widget-container\">\n\t\t\t\t\t\n<!-- start Search Filter -->\n\t\t<link id='font-awesome-css' href='https:\/\/www.xsights.co.uk\/wp-content\/plugins\/unlimited-elements-for-elementor-premium\/assets_libraries\/font-awesome6\/fontawesome-all.min.css' type='text\/css' rel='stylesheet' >\n\t\t<link id='font-awesome-4-shim-css' href='https:\/\/www.xsights.co.uk\/wp-content\/plugins\/unlimited-elements-for-elementor-premium\/assets_libraries\/font-awesome6\/fontawesome-v4-shims.min.css' type='text\/css' rel='stylesheet' >\n\n<style>\/* widget: Search Filter *\/\n\n#uc_posts_search_filter_elementor_92040b5-wrapper\n{\n  display:flex;\n}\n\n#uc_posts_search_filter_elementor_92040b5\n{\n  width:100%;\n}\n#uc_posts_search_filter_elementor_92040b5 .uc-search-filter__input\n{\n  width:100%;\n  flex-grow:1;\n}\n\n#uc_posts_search_filter_elementor_92040b5 .uc-search-filter-btn\n{\n  display:flex;\n  align-items:center;\n  flex-grow:0;\n  flex-shrink:0;\n}\n\n#uc_posts_search_filter_elementor_92040b5 .uc-search-filter-input-wrapper\n{\n  display:flex;\n  align-items:center;\n}\n\n\n#uc_posts_search_filter_elementor_92040b5 .uc-search-filter-btn .ue-btn-icon\n{\n  line-height:1em;\n}\n\n\n\n#uc_posts_search_filter_elementor_92040b5 .uc-search-filter-btn .ue-btn-icon svg\n{\n  height:1em;\n  width:1em;\n}\n\n#uc_posts_search_filter_elementor_92040b5 ::-webkit-input-placeholder { \/* Edge *\/\n  color: #7D7D7D;\n}\n\n#uc_posts_search_filter_elementor_92040b5 :-ms-input-placeholder { \/* Internet Explorer 10-11 *\/\n  color: #7D7D7D;\n}\n\n#uc_posts_search_filter_elementor_92040b5 ::placeholder {\n  color: #7D7D7D;\n}\n\n<\/style>\n\n<div class=\"uc-search-filter-wrapper\" id=\"uc_posts_search_filter_elementor_92040b5-wrapper\" >\n<div id=\"uc_posts_search_filter_elementor_92040b5\" class=\"uc-search-filter uc-grid-filter\" data-filtertype=\"search\"> \n  \n \t  \n  \t<div class=\"uc-search-filter-input-wrapper\">\n  \n    <input type=\"text\" class=\"uc-search-filter__input\" placeholder=\"Ne Aram\u0131\u015ft\u0131n\u0131z?\">\n  \t      \n    \t\n      \n    <\/div>\n  \n<\/div>\n<\/div>\n<!-- end Search Filter -->\t\t\t\t<\/div>\n\t\t\t\t<\/div>\n\t\t\t\t<div class=\"elementor-element elementor-element-ca10dd2 elementor-widget elementor-widget-spacer\" data-id=\"ca10dd2\" data-element_type=\"widget\" data-widget_type=\"spacer.default\">\n\t\t\t\t<div class=\"elementor-widget-container\">\n\t\t\t\t\t\t\t<div class=\"elementor-spacer\">\n\t\t\t<div class=\"elementor-spacer-inner\"><\/div>\n\t\t<\/div>\n\t\t\t\t\t\t<\/div>\n\t\t\t\t<\/div>\n\t\t\t\t<div class=\"elementor-element elementor-element-5747cc1 elementor-widget elementor-widget-ucaddon_post_blocks\" data-id=\"5747cc1\" data-element_type=\"widget\" data-widget_type=\"ucaddon_post_blocks.default\">\n\t\t\t\t<div class=\"elementor-widget-container\">\n\t\t\t\t\t\n<!-- start Post Blocks -->\n\n<style>\/* widget: Post Blocks *\/\n\n#uc_post_blocks_elementor_5747cc1 {\n    display:grid;\n}\n#uc_post_blocks_elementor_5747cc1 .ue_post_blocks_box\n{\n  overflow:hidden;\n}\n\n#uc_post_blocks_elementor_5747cc1 .ue_post_blocks_image\n{\n  overflow:hidden;\n}\n#uc_post_blocks_elementor_5747cc1 .ue_post_blocks_image img\n{\n  object-fit: cover;\n  object-position:center center;\n  width:100%;\n  display:block;\n}\n#uc_post_blocks_elementor_5747cc1 .ue_post_blocks_link a\n{\n  display:inline-block;\n  text-decoration:none;\n  text-align:center;\n}\n\n #uc_post_blocks_elementor_5747cc1 .ue_post_blocks_box img\n{\n  transition:0.5s;\n}\n #uc_post_blocks_elementor_5747cc1 .ue_post_blocks_box:hover img\n{\n  transform:scale(1.1,1.1);\n}\n\n\n\n\n#uc_post_blocks_elementor_5747cc1 .ue-grid-item-meta-data\n{\n  display:inlin-flex;\n  flex-wrap: wrap;\n}\n\n.ue-grid-item-meta-data\n{\n  font-size:12px;\n}\n\n#uc_post_blocks_elementor_5747cc1 .ue-grid-item-meta-data-icon\n{\n  line-height:1em;\n}\n\n#uc_post_blocks_elementor_5747cc1 .ue-grid-item-meta-data-icon svg\n{\n  width:1em;\n  height:1em;\n}\n\n\n.ue-grid-item-category a\n{\n  display:inline-block;\n  font-size:10px;\n  text-transform:uppercase;\n}\n\n<\/style>\n\n<div id=\"uc_post_blocks_elementor_5747cc1\" class=\"ue_post_blocks uc-items-wrapper uc-filterable-grid\"  data-ajax='true'  data-filterbehave='ajax'  querydata='{&quot;count_posts&quot;:0,&quot;total_posts&quot;:0,&quot;page&quot;:1,&quot;num_pages&quot;:1,&quot;orderby&quot;:&quot;title&quot;,&quot;orderdir&quot;:&quot;asc&quot;}'>\n    \n<\/div>\n<!-- end Post Blocks -->\t\t\t\t<\/div>\n\t\t\t\t<\/div>\n\t\t\t\t<div class=\"elementor-element elementor-element-76d549d elementor-widget elementor-widget-spacer\" data-id=\"76d549d\" data-element_type=\"widget\" data-widget_type=\"spacer.default\">\n\t\t\t\t<div class=\"elementor-widget-container\">\n\t\t\t\t\t\t\t<div class=\"elementor-spacer\">\n\t\t\t<div class=\"elementor-spacer-inner\"><\/div>\n\t\t<\/div>\n\t\t\t\t\t\t<\/div>\n\t\t\t\t<\/div>\n\t\t\t\t\t<\/div>\n\t\t<\/div>\n\t\t\t\t\t<\/div>\n\t\t<\/section>\n\t\t\t\t<\/div>\n\t\t","protected":false},"excerpt":{"rendered":"<p>Etnik Az\u0131nl\u0131k \u00c7ocuklar\u0131n \u00c7evreye Kar\u015f\u0131 Tutumlar\u0131 Londra\u2019da bir milyon T\u00fcrk\u2019\u00fcn ya\u015fad\u0131\u011f\u0131 tahmin edilmektedir. Bu n\u00fcfusun yakla\u015f\u0131k y\u00fczde 60\u2019\u0131 Kuzey Londra\u2019da&#8230; Devam\u0131n\u0131 \u0130ncele Ge\u00e7ici Koruma Alt\u0131ndaki Suriyeliler (GKaS\u2019ler) Aras\u0131nda Sa\u011fl\u0131k Hizmetlerinden Memnuniyet XSIGHTS, ek sa\u011fl\u0131k hizmetlerinin GKaS\u2019ler \u00fczerindeki etkisini de\u011ferlendirmek i\u00e7in 24 ay boyunca iki dalga&#8230; Devam\u0131n\u0131 \u0130ncele Ki\u015fisel Hikayelerle G\u00f6\u00e7 Yolculu\u011fu XSIGHTS taraf\u0131ndan y\u00fcr\u00fct\u00fclen bu [&hellip;]<\/p>\n","protected":false},"author":1,"featured_media":8872,"parent":8350,"menu_order":4,"comment_status":"closed","ping_status":"closed","template":"","meta":{"_acf_changed":false,"footnotes":""},"sayfa-kategorisi":[],"class_list":["post-9401","page","type-page","status-publish","has-post-thumbnail","hentry"],"acf":[],"_links":{"self":[{"href":"https:\/\/www.xsights.co.uk\/tr\/wp-json\/wp\/v2\/pages\/9401","targetHints":{"allow":["GET"]}}],"collection":[{"href":"https:\/\/www.xsights.co.uk\/tr\/wp-json\/wp\/v2\/pages"}],"about":[{"href":"https:\/\/www.xsights.co.uk\/tr\/wp-json\/wp\/v2\/types\/page"}],"author":[{"embeddable":true,"href":"https:\/\/www.xsights.co.uk\/tr\/wp-json\/wp\/v2\/users\/1"}],"replies":[{"embeddable":true,"href":"https:\/\/www.xsights.co.uk\/tr\/wp-json\/wp\/v2\/comments?post=9401"}],"version-history":[{"count":0,"href":"https:\/\/www.xsights.co.uk\/tr\/wp-json\/wp\/v2\/pages\/9401\/revisions"}],"up":[{"embeddable":true,"href":"https:\/\/www.xsights.co.uk\/tr\/wp-json\/wp\/v2\/pages\/8350"}],"wp:featuredmedia":[{"embeddable":true,"href":"https:\/\/www.xsights.co.uk\/tr\/wp-json\/wp\/v2\/media\/8872"}],"wp:attachment":[{"href":"https:\/\/www.xsights.co.uk\/tr\/wp-json\/wp\/v2\/media?parent=9401"}],"wp:term":[{"taxonomy":"sayfa-kategorisi","embeddable":true,"href":"https:\/\/www.xsights.co.uk\/tr\/wp-json\/wp\/v2\/sayfa-kategorisi?post=9401"}],"curies":[{"name":"wp","href":"https:\/\/api.w.org\/{rel}","templated":true}]}}